{"id":8285,"date":"2025-05-16T13:48:56","date_gmt":"2025-05-16T06:48:56","guid":{"rendered":"https:\/\/hibucenter.com\/index.php\/sonax-dung-dich-khu-mui-trong-noi-that-smoke-ex-292241-500-ml-hibucenter\/"},"modified":"2025-05-23T11:11:02","modified_gmt":"2025-05-23T04:11:02","slug":"sonax-dung-dich-khu-mui-trong-noi-that-smoke-ex-292241-500-ml-hibucenter","status":"publish","type":"product","link":"https:\/\/hibucenter.com\/index.php\/sonax-dung-dich-khu-mui-trong-noi-that-smoke-ex-292241-500-ml-hibucenter\/","title":{"rendered":"SONAX Dung D\u1ecbch Kh\u1eed M\u00f9i Trong N\u1ed9i Th\u1ea5t Smoke-Ex 292241 500 ml &#8211; Hibucenter"},"content":{"rendered":"<p>Dung D\u1ecbch Kh\u1eed M\u00f9i Trong N\u1ed9i Th\u1ea5t SONAX Car Breeze Smoke-Ex 500 ml 292241<\/p>\n<p>HB Center xin gi\u1edbi thi\u1ec7u Dung D\u1ecbch Kh\u1eed M\u00f9i Trong N\u1ed9i Th\u1ea5t SONAX Car Breeze Smoke-Ex 500 ml 292241 l\u00e0m trung h\u00f2a, lo\u1ea1i b\u1ecf c\u00e1c m\u00f9i kh\u00f3i thu\u1ed1c, m\u00f9i v\u1eadt nu\u00f4i, v\u00e0 c\u00e1c m\u00f9i kh\u00f3 ch\u1ecbu kh\u00e1c, mang l\u1ea1i m\u00f9i th\u01a1m m\u00e1t d\u1ec5 d\u1ecbu l\u00e2u d\u00e0i. D\u00f9ng kh\u1eed m\u00f9i trong xe \u00f4 t\u00f4, c\u00e1c v\u0103n ph\u00f2ng l\u00e0m vi\u1ec7c, v\u00e0 ph\u00f2ng \u1edf,&#8230;<\/p>\n<p>< > Th\u00f4ng s\u1ed1 k\u1ef9 thu\u1eadt:<br \/>\nTh\u01b0\u01a1ng hi\u1ec7u: SONAX Ch\u00ednh H\u00e3ng<br \/>\nXu\u1ea5t x\u1ee9: \u0110\u1ee9c<br \/>\nS\u1ea3n xu\u1ea5t t\u1ea1i: \u0110\u1ee9c<br \/>\nM\u00e3 s\u1ea3n ph\u1ea9m: 292241<br \/>\nDung t\u00edch: 500ml<\/p>\n<p>https:\/\/cf.shopee.vn\/file\/vn-11134208-7ras8-m1dw4wncc9js98<\/p>\n<p>< > M\u00f4 t\u1ea3 s\u1ea3n ph\u1ea9m:<br \/>\nDung D\u1ecbch Kh\u1eed M\u00f9i Trong N\u1ed9i Th\u1ea5t SONAX Car Breeze Smoke-Ex 500 ml 292241<br \/>\nL\u00e0m trung h\u00f2a, lo\u1ea1i b\u1ecf c\u00e1c m\u00f9i kh\u00f3i thu\u1ed1c, m\u00f9i v\u1eadt nu\u00f4i, v\u00e0 c\u00e1c m\u00f9i kh\u00f3 ch\u1ecbu kh\u00e1c, mang l\u1ea1i m\u00f9i th\u01a1m m\u00e1t d\u1ec5 d\u1ecbu l\u00e2u d\u00e0i. D\u00f9ng kh\u1eed m\u00f9i trong xe \u00f4 t\u00f4, c\u00e1c v\u0103n ph\u00f2ng l\u00e0m vi\u1ec7c, v\u00e0 ph\u00f2ng \u1edf,&#8230;<br \/>\n+ Hi\u1ec7u qu\u1ea3 duy tr\u00ec l\u00e2u d\u00e0i, mang l\u1ea1i kh\u00f4ng gian th\u01a1m m\u00e1t d\u1ec5 d\u1ecbu.<br \/>\n+ S\u1eed d\u1ee5ng an to\u00e0n, th\u00e2n thi\u1ec7n v\u1edbi m\u00f4i tr\u01b0\u1eddng.<br \/>\n(+) S\u1eec D\u1ee4NG:<br \/>\n&#8211; C\u1ea7n l\u00e0m s\u1ea1ch kh\u00f4ng gian c\u1ea7n kh\u1eed m\u00f9i tr\u01b0\u1edbc khi s\u1eed d\u1ee5ng<br \/>\n&#8211; L\u1eafc \u0111\u1ec1u chai tr\u01b0\u1edbc khi s\u1eed d\u1ee5ng<br \/>\n&#8211; B\u00f3p &#038; Xoay \u0111\u1ea7u phun 180\u00b0 \u0111\u1ec3 m\u1edf kh\u00f3a \u0111\u1ea7u phun.<br \/>\n&#8211; Phun tr\u1ef1c ti\u1ebfp v\u00e0o khu v\u1ef1c c\u1ea7n kh\u1eed m\u00f9i.<\/p>\n<p> (*)HB Center xin cam k\u1ebft chuy\u00ean ph\u00e2n ph\u1ed1i c\u00e1c s\u1ea3n ph\u1ea9m Sonax Ch\u00ednh H\u00e3ng &#8211; Uy T\u00edn &#8211; Ch\u1ea5t L\u01b0\u1ee3ng.<\/p>\n<p>#Sonax#KhuMuiNoiThat#Sonax222100#ChamSocXeHoi#VeSinhOto#DungDichKhuMuiTrongNoiThatSonaxCarBreezeSmokeEx292241<br \/>\n#HBCenter<\/p>\n","protected":false},"excerpt":{"rendered":"<p>Dung D\u1ecbch Kh\u1eed M\u00f9i Trong N\u1ed9i Th\u1ea5t SONAX Car Breeze Smoke-Ex 500 ml 292241 HB Center xin gi\u1edbi thi\u1ec7u Dung D\u1ecbch Kh\u1eed M\u00f9i Trong N\u1ed9i Th\u1ea5t SONAX Car Breeze Smoke-Ex 500 ml 292241 l\u00e0m trung h\u00f2a, lo\u1ea1i b\u1ecf c\u00e1c m\u00f9i kh\u00f3i thu\u1ed1c, m\u00f9i v\u1eadt nu\u00f4i, v\u00e0 c\u00e1c m\u00f9i kh\u00f3 ch\u1ecbu kh\u00e1c, mang l\u1ea1i m\u00f9i th\u01a1m&hellip;<\/p>\n","protected":false},"featured_media":8288,"comment_status":"closed","ping_status":"open","template":"","meta":[],"product_cat":[118],"product_tag":[188],"class_list":{"0":"post-8285","1":"product","2":"type-product","3":"status-publish","4":"has-post-thumbnail","6":"product_brand-sonax","7":"product_cat-dung-dich-phu-gia-dau-nhon","8":"product_tag-sonax","10":"first","11":"instock","12":"purchasable","13":"product-type-simple","14":"col-xs-6 col-sm-4","15":"col-md-3 col-lg-3","16":"un-4-cols"},"_links":{"self":[{"href":"https:\/\/hibucenter.com\/index.php\/wp-json\/wp\/v2\/product\/8285","targetHints":{"allow":["GET"]}}],"collection":[{"href":"https:\/\/hibucenter.com\/index.php\/wp-json\/wp\/v2\/product"}],"about":[{"href":"https:\/\/hibucenter.com\/index.php\/wp-json\/wp\/v2\/types\/product"}],"replies":[{"embeddable":true,"href":"https:\/\/hibucenter.com\/index.php\/wp-json\/wp\/v2\/comments?post=8285"}],"version-history":[{"count":1,"href":"https:\/\/hibucenter.com\/index.php\/wp-json\/wp\/v2\/product\/8285\/revisions"}],"predecessor-version":[{"id":8287,"href":"https:\/\/hibucenter.com\/index.php\/wp-json\/wp\/v2\/product\/8285\/revisions\/8287"}],"wp:featuredmedia":[{"embeddable":true,"href":"https:\/\/hibucenter.com\/index.php\/wp-json\/wp\/v2\/media\/8288"}],"wp:attachment":[{"href":"https:\/\/hibucenter.com\/index.php\/wp-json\/wp\/v2\/media?parent=8285"}],"wp:term":[{"taxonomy":"product_cat","embeddable":true,"href":"https:\/\/hibucenter.com\/index.php\/wp-json\/wp\/v2\/product_cat?post=8285"},{"taxonomy":"product_tag","embeddable":true,"href":"https:\/\/hibucenter.com\/index.php\/wp-json\/wp\/v2\/product_tag?post=8285"}],"curies":[{"name":"wp","href":"https:\/\/api.w.org\/{rel}","templated":true}]}}