{"id":8277,"date":"2025-05-16T13:48:56","date_gmt":"2025-05-16T06:48:56","guid":{"rendered":"https:\/\/hibucenter.com\/index.php\/nuoc-rua-kinh-sonax-clear-view-1100-concentrate-371141-250ml-lam-trong-kinh-lai-khi-mua\/"},"modified":"2025-05-23T11:11:02","modified_gmt":"2025-05-23T04:11:02","slug":"nuoc-rua-kinh-sonax-clear-view-1100-concentrate-371141-250ml-lam-trong-kinh-lai-khi-mua","status":"publish","type":"product","link":"https:\/\/hibucenter.com\/index.php\/nuoc-rua-kinh-sonax-clear-view-1100-concentrate-371141-250ml-lam-trong-kinh-lai-khi-mua\/","title":{"rendered":"N\u01b0\u1edbc R\u1eeda K\u00ednh SONAX Clear View 1:100 Concentrate 371141 250ml &#8211;  L\u00e0m Trong K\u00ednh L\u00e1i Khi M\u01b0a"},"content":{"rendered":"<p>N\u01b0\u1edbc R\u1eeda K\u00ednh SONAX Clear View 1:100 Concentrate 371141 250ml &#8211;  L\u00e0m Trong K\u00ednh L\u00e1i Khi M\u01b0a<\/p>\n<p>TH\u00d4NG S\u1ed0 S\u1ea2N PH\u1ea8M:<br \/>\n&#8211; Th\u01b0\u01a1ng hi\u1ec7u: SONAX<br \/>\n&#8211; Xu\u1ea5t x\u1ee9: \u0110\u1ee9c<br \/>\n&#8211; S\u1ea3n xu\u1ea5t t\u1ea1i: \u0110\u1ee9c<br \/>\n&#8211; M\u00e3 s\u1ea3n ph\u1ea9m: 371141<br \/>\n&#8211; Dung t\u00edch: 250ml<\/p>\n<p>https:\/\/cf.shopee.vn\/file\/vn-11134208-7r98o-lyzybe0as7yl45<\/p>\n<p> M\u00d4 T\u1ea2 S\u1ea2N PH\u1ea8M:<br \/>\n&#8211; Clear View 1:100 Concentrate 371141 c\u00f3 ph\u1ee5 gia \u0111\u1eadm \u0111\u1eb7c r\u1eeda s\u1ea1ch k\u00ednh l\u00e1i khi m\u01b0a ho\u1eb7c b\u1ee5i b\u1ea9n m\u00f9a h\u00e8.<br \/>\n&#8211; Ch\u1ec9 25 ml dung d\u1ecbch nguy\u00ean ch\u1ea5t pha \u0111\u01b0\u1ee3c 2,5 L dung d\u1ecbch.<br \/>\n&#8211; Lo\u1ea1i b\u1ecf c\u00f4n tr\u00f9ng, d\u1ea7u m\u1ee1, x\u00fat, siliccon ho\u1eb7c v\u1ec7t m\u1edd nguy hi\u1ec3m tr\u00ean k\u00ednh.<br \/>\n&#8211; L\u00e0m trong k\u00ednh<br \/>\n&#8211; Kh\u00f4ng t\u1ea1o v\u1ec7t \u1edf \u0111\u00e8n pha ch\u1ed1ng lo\u00e1.<br \/>\n&#8211; L\u00fd t\u01b0\u1edfng cho vi\u1ec7c r\u1eeda \u0111\u00e8n pha XENON v\u00e0 \u0111\u00e8n pha nh\u1ef1a.<br \/>\n&#8211; H\u01b0\u01a1ng th\u01a1m t\u01b0\u01a1i m\u00e1t<br \/>\n&#8211; Chai c\u00f3 ph\u1ea7n \u0111\u1ecbnh l\u01b0\u1ee3ng d\u1ec5 d\u00e0ng s\u1eed d\u1ee5ng<br \/>\n&#8211; Kh\u00f4ng ch\u1ee9a phospatea.<\/p>\n<p> (*)Hibucenter xin cam k\u1ebft chuy\u00ean ph\u00e2n ph\u1ed1i c\u00e1c s\u1ea3n ph\u1ea9m Sonax Ch\u00ednh H\u00e3ng &#8211; Uy T\u00edn &#8211; Ch\u1ea5t L\u01b0\u1ee3ng.<\/p>\n<p>#Nuoc_rua_kinh_sonax#sonax_371141#Lam_trong_kinh_lai#SONAX_Clear_View<\/p>\n","protected":false},"excerpt":{"rendered":"<p>N\u01b0\u1edbc R\u1eeda K\u00ednh SONAX Clear View 1:100 Concentrate 371141 250ml &#8211; L\u00e0m Trong K\u00ednh L\u00e1i Khi M\u01b0a TH\u00d4NG S\u1ed0 S\u1ea2N PH\u1ea8M: &#8211; Th\u01b0\u01a1ng hi\u1ec7u: SONAX &#8211; Xu\u1ea5t x\u1ee9: \u0110\u1ee9c &#8211; S\u1ea3n xu\u1ea5t t\u1ea1i: \u0110\u1ee9c &#8211; M\u00e3 s\u1ea3n ph\u1ea9m: 371141 &#8211; Dung t\u00edch: 250ml https:\/\/cf.shopee.vn\/file\/vn-11134208-7r98o-lyzybe0as7yl45 M\u00d4 T\u1ea2 S\u1ea2N PH\u1ea8M: &#8211; Clear View 1:100 Concentrate 371141 c\u00f3&hellip;<\/p>\n","protected":false},"featured_media":8280,"comment_status":"closed","ping_status":"open","template":"","meta":[],"product_cat":[118],"product_tag":[188],"class_list":{"0":"post-8277","1":"product","2":"type-product","3":"status-publish","4":"has-post-thumbnail","6":"product_brand-sonax","7":"product_cat-dung-dich-phu-gia-dau-nhon","8":"product_tag-sonax","10":"first","11":"instock","12":"purchasable","13":"product-type-simple","14":"col-xs-6 col-sm-4","15":"col-md-3 col-lg-3","16":"un-4-cols"},"_links":{"self":[{"href":"https:\/\/hibucenter.com\/index.php\/wp-json\/wp\/v2\/product\/8277","targetHints":{"allow":["GET"]}}],"collection":[{"href":"https:\/\/hibucenter.com\/index.php\/wp-json\/wp\/v2\/product"}],"about":[{"href":"https:\/\/hibucenter.com\/index.php\/wp-json\/wp\/v2\/types\/product"}],"replies":[{"embeddable":true,"href":"https:\/\/hibucenter.com\/index.php\/wp-json\/wp\/v2\/comments?post=8277"}],"version-history":[{"count":1,"href":"https:\/\/hibucenter.com\/index.php\/wp-json\/wp\/v2\/product\/8277\/revisions"}],"predecessor-version":[{"id":8279,"href":"https:\/\/hibucenter.com\/index.php\/wp-json\/wp\/v2\/product\/8277\/revisions\/8279"}],"wp:featuredmedia":[{"embeddable":true,"href":"https:\/\/hibucenter.com\/index.php\/wp-json\/wp\/v2\/media\/8280"}],"wp:attachment":[{"href":"https:\/\/hibucenter.com\/index.php\/wp-json\/wp\/v2\/media?parent=8277"}],"wp:term":[{"taxonomy":"product_cat","embeddable":true,"href":"https:\/\/hibucenter.com\/index.php\/wp-json\/wp\/v2\/product_cat?post=8277"},{"taxonomy":"product_tag","embeddable":true,"href":"https:\/\/hibucenter.com\/index.php\/wp-json\/wp\/v2\/product_tag?post=8277"}],"curies":[{"name":"wp","href":"https:\/\/api.w.org\/{rel}","templated":true}]}}