{"id":8270,"date":"2025-05-16T13:48:56","date_gmt":"2025-05-16T06:48:56","guid":{"rendered":"https:\/\/hibucenter.com\/index.php\/sonax-nuoc-rua-kinh-lai-dam-dac-xtreme-clear-view-1100-250ml-271141-hibu-center\/"},"modified":"2025-05-23T11:11:02","modified_gmt":"2025-05-23T04:11:02","slug":"sonax-nuoc-rua-kinh-lai-dam-dac-xtreme-clear-view-1100-250ml-271141-hibu-center","status":"publish","type":"product","link":"https:\/\/hibucenter.com\/index.php\/sonax-nuoc-rua-kinh-lai-dam-dac-xtreme-clear-view-1100-250ml-271141-hibu-center\/","title":{"rendered":"SONAX N\u01b0\u1edbc R\u1eeda K\u00ednh L\u00e1i \u0110\u1eadm \u0110\u1eb7c XTREME CLEAR VIEW 1:100 250ml 271141 | HIBU CENTER"},"content":{"rendered":"<p>Dung M\u00f4i L\u00e0m S\u1ea1ch K\u00ednh SONAX XTREME CLEAR VIEW 1:100 250ml 271141 | HIBU CENTER<\/p>\n<p> \u200d Th\u00f4ng s\u1ed1 k\u1ef9 thu\u1eadt:<br \/>\n&#8211; Th\u01b0\u01a1ng hi\u1ec7u: SONAX Ch\u00ednh H\u00e3ng<br \/>\n&#8211; Xu\u1ea5t x\u1ee9: \u0110\u1ee9c<br \/>\n&#8211; S\u1ea3n xu\u1ea5t t\u1ea1i: \u0110\u1ee9c<br \/>\n&#8211; M\u00e3 s\u1ea3n ph\u1ea9m: 271141<br \/>\n&#8211; Dung t\u00edch: 250ml<\/p>\n<p> \u200d M\u00f4 t\u1ea3 s\u1ea3n ph\u1ea9m:<br \/>\nDung M\u00f4i L\u00e0m Trong K\u00ednh L\u00e1i Xtreme M\u1ed9t G\u1ea1t L\u00e0 Trong SONAX 271141<br \/>\n&#8211; Ti\u1ebft ki\u1ec7m t\u1ed1i \u0111a ti\u1ec1n b\u1ea1c khi ch\u1ec9 c\u1ea7n 25ml h\u00f2a v\u1edbi 2,5 l\u00edt n\u01b0\u1edbc l\u00e0 b\u1ea1n c\u00f3 th\u1ec3 c\u00f3 m\u1ed9t dung d\u1ecbch cho k\u00ednh l\u00e1i \u0111\u1ec3 v\u1ec7 sinh t\u1ea9y r\u1eeda k\u00ednh l\u00e1i ho\u00e0n h\u1ea3o. Kh\u00f4ng g\u00e2y n\u1ee9t, h\u1ecfng b\u1ec1 m\u1eb7t ch\u1ed1ng l\u00f3a c\u1ee7a k\u00ednh. Lo\u1ea1i b\u1ecf \u1ed1 m\u1ed1c k\u00ednh, b\u1ee5i b\u1ea9n, d\u1ecbch ti\u1ebft c\u00f4n tr\u00f9ng, d\u1ea7u m\u1ee1, silicon v\u00e0 n\u01b0\u1edbc \u0111\u1ecdng. Tr\u1ea3 l\u1ea1i \u0111\u1ed9 trong su\u1ed1t nguy\u00ean th\u1ee7y c\u1ee7a k\u00ednh m\u1ed9t c\u00e1ch tuy\u1ec7t \u0111\u1ed1i nh\u1ea5t m\u00e0 ch\u1ec9 c\u1ea7n v\u00e0i gi\u00e2y. M\u00f9i h\u01b0\u01a1ng th\u01a1m t\u01b0\u01a1i m\u00e1t. Thi\u1ebft k\u1ebf v\u1ecf chai \u0111\u1eb7c bi\u1ec7t d\u1ec5 d\u00e0ng s\u1eed d\u1ee5ng \u0111ong \u0111\u1ebfm li\u1ec1u l\u01b0\u1ee3ng pha ch\u1ebf ch\u00ednh x\u00e1c.<br \/>\n&#8211; Th\u00e0nh ph\u1ea7n: 15 \u2013 30% anionic surfactants, m\u00f9i th\u01a1m, coumarin, hexyl cinamal, limonene, methylisothiazolinone, benzisothiazolinone, sodium pyrithione.<br \/>\n&#8211; C\u00e1ch d\u00f9ng: V\u1eb7n n\u1eafp l\u1ea5y \u0111\u1ea7y ph\u1ea7n \u0111ong l\u1ea1i \u0111\u1ea7u chai, l\u1ea5y 25ml pha v\u1edbi 2,5 l\u00edt n\u01b0\u1edbc r\u1ed3i \u0111\u1ed5 v\u00e0o b\u00ecnh ch\u1ee9a n\u01b0\u1edbc r\u1eeda k\u00ednh, t\u00f9y theo dung t\u00edch c\u1ee7a b\u00ecnh ch\u1ee9a m\u00e0 vi\u1ec7c pha nhi\u1ec1u hay \u00edt cho ph\u00f9 h\u1ee3p.<br \/>\n&#8211; Tr\u00e1nh \u0111\u1ec3 \u0111\u00f4ng l\u1ea1nh.<br \/>\n&#8211; Th\u1eddi h\u1ea1n s\u1eed d\u1ee5ng 5 n\u0103m t\u00ednh t\u1eeb ng\u00e0y s\u1ea3n xu\u1ea5t.<\/p>\n<p>\u2728Gi\u1edbi thi\u1ec7u v\u1ec1 th\u01b0\u01a1ng hi\u1ec7u:<br \/>\nTh\u01b0\u01a1ng hi\u1ec7u Sonax l\u00e0 m\u1ed9t trong nh\u1eefng th\u01b0\u01a1ng hi\u1ec7u th\u00e0nh c\u00f4ng nh\u1ea5t v\u1ec1 c\u00e1c s\u1ea3n ph\u1ea9m ch\u0103m s\u00f3c xe h\u01a1i tr\u00ean to\u00e0n th\u1ebf gi\u1edbi \u0111\u01b0\u1ee3c ra \u0111\u1eddi v\u00e0o n\u0103m 1949 t\u1ea1i \u0110\u1ee9c.<br \/>\nSonax \u0111\u01b0\u1ee3c c\u00e1c t\u1ea1p ch\u00ed xe h\u01a1i n\u1ed5i ti\u1ebfng nh\u01b0 Auto Motor and Sport, 4WheelFun, Motorsport News b\u00ecnh ch\u1ecdn l\u00e0 th\u01b0\u01a1ng hi\u1ec7u t\u1ed1t h\u00e0ng \u0111\u1ea7u Th\u1ebf Gi\u1edbi.<\/p>\n<p> (*)HB Center xin cam k\u1ebft chuy\u00ean ph\u00e2n ph\u1ed1i c\u00e1c s\u1ea3n ph\u1ea9m Sonax Ch\u00ednh H\u00e3ng &#8211; Uy T\u00edn &#8211; Ch\u1ea5t L\u01b0\u1ee3ng.<\/p>\n<p>#HBCenter #Sonax #KhuMuiNoiThat #Sonax271141 #ChamSocXeHo i#VeSinhOto #DungMoiLamTrongKinhLaiXtremeMotGatLaTrongSONAX271141<\/p>\n","protected":false},"excerpt":{"rendered":"<p>Dung M\u00f4i L\u00e0m S\u1ea1ch K\u00ednh SONAX XTREME CLEAR VIEW 1:100 250ml 271141 | HIBU CENTER \u200d Th\u00f4ng s\u1ed1 k\u1ef9 thu\u1eadt: &#8211; Th\u01b0\u01a1ng hi\u1ec7u: SONAX Ch\u00ednh H\u00e3ng &#8211; Xu\u1ea5t x\u1ee9: \u0110\u1ee9c &#8211; S\u1ea3n xu\u1ea5t t\u1ea1i: \u0110\u1ee9c &#8211; M\u00e3 s\u1ea3n ph\u1ea9m: 271141 &#8211; Dung t\u00edch: 250ml \u200d M\u00f4 t\u1ea3 s\u1ea3n ph\u1ea9m: Dung M\u00f4i L\u00e0m Trong K\u00ednh L\u00e1i&hellip;<\/p>\n","protected":false},"featured_media":8272,"comment_status":"closed","ping_status":"open","template":"","meta":[],"product_cat":[118],"product_tag":[188],"class_list":{"0":"post-8270","1":"product","2":"type-product","3":"status-publish","4":"has-post-thumbnail","6":"product_brand-sonax","7":"product_cat-dung-dich-phu-gia-dau-nhon","8":"product_tag-sonax","10":"first","11":"instock","12":"purchasable","13":"product-type-simple","14":"col-xs-6 col-sm-4","15":"col-md-3 col-lg-3","16":"un-4-cols"},"_links":{"self":[{"href":"https:\/\/hibucenter.com\/index.php\/wp-json\/wp\/v2\/product\/8270","targetHints":{"allow":["GET"]}}],"collection":[{"href":"https:\/\/hibucenter.com\/index.php\/wp-json\/wp\/v2\/product"}],"about":[{"href":"https:\/\/hibucenter.com\/index.php\/wp-json\/wp\/v2\/types\/product"}],"replies":[{"embeddable":true,"href":"https:\/\/hibucenter.com\/index.php\/wp-json\/wp\/v2\/comments?post=8270"}],"version-history":[{"count":1,"href":"https:\/\/hibucenter.com\/index.php\/wp-json\/wp\/v2\/product\/8270\/revisions"}],"predecessor-version":[{"id":8271,"href":"https:\/\/hibucenter.com\/index.php\/wp-json\/wp\/v2\/product\/8270\/revisions\/8271"}],"wp:featuredmedia":[{"embeddable":true,"href":"https:\/\/hibucenter.com\/index.php\/wp-json\/wp\/v2\/media\/8272"}],"wp:attachment":[{"href":"https:\/\/hibucenter.com\/index.php\/wp-json\/wp\/v2\/media?parent=8270"}],"wp:term":[{"taxonomy":"product_cat","embeddable":true,"href":"https:\/\/hibucenter.com\/index.php\/wp-json\/wp\/v2\/product_cat?post=8270"},{"taxonomy":"product_tag","embeddable":true,"href":"https:\/\/hibucenter.com\/index.php\/wp-json\/wp\/v2\/product_tag?post=8270"}],"curies":[{"name":"wp","href":"https:\/\/api.w.org\/{rel}","templated":true}]}}