{"id":8263,"date":"2025-05-16T13:48:56","date_gmt":"2025-05-16T06:48:56","guid":{"rendered":"https:\/\/hibucenter.com\/index.php\/sonax-khan-sieu-soi-danh-bong-son-micro-fibre-cloth-exterior-416200\/"},"modified":"2025-05-23T11:11:02","modified_gmt":"2025-05-23T04:11:02","slug":"sonax-khan-sieu-soi-danh-bong-son-micro-fibre-cloth-exterior-416200","status":"publish","type":"product","link":"https:\/\/hibucenter.com\/index.php\/sonax-khan-sieu-soi-danh-bong-son-micro-fibre-cloth-exterior-416200\/","title":{"rendered":"SONAX Kh\u0103n Si\u00eau S\u1ee3i \u0110\u00e1nh B\u00f3ng S\u01a1n Micro Fibre Cloth exterior 416200"},"content":{"rendered":"<p>Kh\u0103n Si\u00eau S\u1ee3i \u0110\u00e1nh B\u00f3ng S\u01a1n SONAX Micro Fibre Cloth exterior 416200<\/p>\n<p>HB Center xin gi\u1edbi thi\u1ec7u Kh\u0103n Si\u00eau S\u1ee3i \u0110\u00e1nh B\u00f3ng S\u01a1n SONAX Micro Fibre Cloth exterior 416200 Ch\u1ea5t li\u1ec7u kh\u0103n si\u00eau s\u1ee3i Micro-fiber m\u1ec1m m\u1ecbn \u0111\u01b0\u1ee3c khuy\u00ean d\u00f9ng \u0111\u1ec3 lau s\u1ea1ch d\u01b0 l\u01b0\u1ee3ng, ch\u1ea5t \u0111\u00e1nh b\u00f3ng ho\u1eb7c s\u00e1p d\u01b0 th\u1eeba sau khi ch\u0103m s\u00f3c b\u1ec1 m\u1eb7t s\u01a1n. C\u00e1c s\u1ee3i Micro-fiber si\u00eau nh\u1ecf m\u1ec1m m\u1ecbn h\u1ea5p th\u1ee5 s\u00e1p v\u00e0 d\u01b0 l\u01b0\u1ee3ng v\u01b0\u1ee3t tr\u1ed9i, l\u00e0m cho b\u1ec1 m\u1eb7t s\u01a1n tr\u1edf l\u00ean s\u1ea1ch v\u00e0 s\u00e1ng b\u00f3ng.<\/p>\n<p>Th\u00f4ng s\u1ed1 k\u1ef9 thu\u1eadt:<br \/>\n&#8211; Th\u01b0\u01a1ng hi\u1ec7u: SONAX<br \/>\n&#8211; Xu\u1ea5t x\u1ee9: \u0110\u1ee9c<br \/>\n&#8211; S\u1ea3n xu\u1ea5t t\u1ea1i: \u0110\u1ee9c<br \/>\n&#8211; M\u00e3 s\u1ea3n ph\u1ea9m: 416200<br \/>\n&#8211; K\u00edch th\u01b0\u1edbc: 40cm x 40cm<\/p>\n<p>M\u00f4 t\u1ea3 s\u1ea3n ph\u1ea9m:<br \/>\n&#8211; Kh\u0103n Si\u00eau S\u1ee3i \u0110\u00e1nh B\u00f3ng S\u01a1n SONAX Micro Fibre Cloth exterior 416200<br \/>\n&#8211; Ch\u1ea5t li\u1ec7u v\u1ea3i Si\u00eau s\u1ee3i Micro-fiber cao c\u1ea5p m\u1ec1m m\u1ecbn, lau r\u1eeda an to\u00e0n v\u00e0 kh\u1ea3 n\u0103ng th\u1ea5m h\u00fat c\u1ef1c t\u1ed1t.<br \/>\n&#8211; D\u00f9ng \u0111\u1ec3 lau b\u1ee5i b\u1ea9n, khi \u0111\u00e1nh b\u00f3ng s\u01a1n, v\u1ec7 sinh trong ngo\u00e0i xe, lau g\u01b0\u01a1ng k\u00ednh ho\u1eb7c s\u1eed d\u1ee5ng trong gia \u0111\u00ecnh.<br \/>\n&#8211; L\u00fd t\u01b0\u1edfng \u0111\u1ec3 v\u1ec7 sinh b\u00ean trong c\u0169ng nh\u01b0 b\u00ean ngo\u00e0i xe, lau s\u1ea1ch s\u00e1p, ch\u1ea5t \u0111\u00e1nh b\u00f3ng th\u1eeba sau khi ch\u0103m s\u00f3c b\u1ec1 m\u1eb7t s\u01a1n.<br \/>\n&#8211; K\u1ebft qu\u1ea3 mang l\u1ea1i s\u1ebd t\u1ed1t h\u01a1n khi d\u00f9ng \u0111\u1ec3 lau kh\u00f4 ( s\u1eed d\u1ee5ng v\u1ea3i kh\u00f4 ).<br \/>\n&#8211; T\u00e1i s\u1eed d\u1ee5ng \u0111\u01b0\u1ee3c nhi\u1ec1u l\u1ea7n, ch\u1ec9 c\u1ea7n gi\u1eb7t s\u1ea1ch ph\u01a1i kh\u00f4 \u0111\u1ec3 s\u1eed d\u1ee5ng cho l\u1ea7n sau.<br \/>\n&#8211; Kh\u0103n \u0111\u01b0\u1ee3c nh\u1eadp kh\u1ea9u ch\u00ednh h\u00e3ng t\u1eeb \u0110\u1ee9c<br \/>\n&#8211; Kh\u0103n lau xe si\u00eau s\u1ee3i Sonax Microfibre cloth m\u1ec1m m\u1ecbn, lau r\u1eeda an to\u00e0n, kh\u00f4ng l\u00e0m tr\u1ea7y x\u01b0\u1edbc b\u1ec1 m\u1eb7t lau v\u00e0 kh\u1ea3 n\u0103ng th\u1ea5m h\u00fat c\u1ef1c t\u1ed1t..<\/p>\n<p>Gi\u1edbi thi\u1ec7u v\u1ec1 th\u01b0\u01a1ng hi\u1ec7u:<br \/>\nTh\u01b0\u01a1ng hi\u1ec7u Sonax l\u00e0 m\u1ed9t trong nh\u1eefng th\u01b0\u01a1ng hi\u1ec7u th\u00e0nh c\u00f4ng nh\u1ea5t v\u1ec1 c\u00e1c s\u1ea3n ph\u1ea9m ch\u0103m s\u00f3c xe h\u01a1i tr\u00ean to\u00e0n th\u1ebf gi\u1edbi \u0111\u01b0\u1ee3c ra \u0111\u1eddi v\u00e0o n\u0103m 1949 t\u1ea1i \u0110\u1ee9c.<br \/>\nSonax \u0111\u01b0\u1ee3c c\u00e1c t\u1ea1p ch\u00ed xe h\u01a1i n\u1ed5i ti\u1ebfng nh\u01b0 Auto Motor and Sport, 4WheelFun, Motorsport News b\u00ecnh ch\u1ecdn l\u00e0 th\u01b0\u01a1ng hi\u1ec7u t\u1ed1t h\u00e0ng \u0111\u1ea7u Th\u1ebf Gi\u1edbi.<\/p>\n<p> (*)HB Center xin cam k\u1ebft chuy\u00ean ph\u00e2n ph\u1ed1i c\u00e1c s\u1ea3n ph\u1ea9m Sonax Ch\u00ednh H\u00e3ng &#8211; Uy T\u00edn &#8211; Ch\u1ea5t L\u01b0\u1ee3ng.<br \/>\n#HBCenter<br \/>\n#Sonax#KhuMuiNoiThat#Sonax271141#ChamSocXeHoi#KhanSieuSoiDanhBongSonSONAXMicroFibreClothExterior416200<\/p>\n","protected":false},"excerpt":{"rendered":"<p>Kh\u0103n Si\u00eau S\u1ee3i \u0110\u00e1nh B\u00f3ng S\u01a1n SONAX Micro Fibre Cloth exterior 416200 HB Center xin gi\u1edbi thi\u1ec7u Kh\u0103n Si\u00eau S\u1ee3i \u0110\u00e1nh B\u00f3ng S\u01a1n SONAX Micro Fibre Cloth exterior 416200 Ch\u1ea5t li\u1ec7u kh\u0103n si\u00eau s\u1ee3i Micro-fiber m\u1ec1m m\u1ecbn \u0111\u01b0\u1ee3c khuy\u00ean d\u00f9ng \u0111\u1ec3 lau s\u1ea1ch d\u01b0 l\u01b0\u1ee3ng, ch\u1ea5t \u0111\u00e1nh b\u00f3ng ho\u1eb7c s\u00e1p d\u01b0 th\u1eeba sau khi ch\u0103m&hellip;<\/p>\n","protected":false},"featured_media":8265,"comment_status":"closed","ping_status":"open","template":"","meta":[],"product_cat":[118],"product_tag":[188],"class_list":{"0":"post-8263","1":"product","2":"type-product","3":"status-publish","4":"has-post-thumbnail","6":"product_brand-sonax","7":"product_cat-dung-dich-phu-gia-dau-nhon","8":"product_tag-sonax","10":"first","11":"instock","12":"purchasable","13":"product-type-simple","14":"col-xs-6 col-sm-4","15":"col-md-3 col-lg-3","16":"un-4-cols"},"_links":{"self":[{"href":"https:\/\/hibucenter.com\/index.php\/wp-json\/wp\/v2\/product\/8263","targetHints":{"allow":["GET"]}}],"collection":[{"href":"https:\/\/hibucenter.com\/index.php\/wp-json\/wp\/v2\/product"}],"about":[{"href":"https:\/\/hibucenter.com\/index.php\/wp-json\/wp\/v2\/types\/product"}],"replies":[{"embeddable":true,"href":"https:\/\/hibucenter.com\/index.php\/wp-json\/wp\/v2\/comments?post=8263"}],"version-history":[{"count":1,"href":"https:\/\/hibucenter.com\/index.php\/wp-json\/wp\/v2\/product\/8263\/revisions"}],"predecessor-version":[{"id":8264,"href":"https:\/\/hibucenter.com\/index.php\/wp-json\/wp\/v2\/product\/8263\/revisions\/8264"}],"wp:featuredmedia":[{"embeddable":true,"href":"https:\/\/hibucenter.com\/index.php\/wp-json\/wp\/v2\/media\/8265"}],"wp:attachment":[{"href":"https:\/\/hibucenter.com\/index.php\/wp-json\/wp\/v2\/media?parent=8263"}],"wp:term":[{"taxonomy":"product_cat","embeddable":true,"href":"https:\/\/hibucenter.com\/index.php\/wp-json\/wp\/v2\/product_cat?post=8263"},{"taxonomy":"product_tag","embeddable":true,"href":"https:\/\/hibucenter.com\/index.php\/wp-json\/wp\/v2\/product_tag?post=8263"}],"curies":[{"name":"wp","href":"https:\/\/api.w.org\/{rel}","templated":true}]}}