{"id":8214,"date":"2025-05-16T13:47:59","date_gmt":"2025-05-16T06:47:59","guid":{"rendered":"https:\/\/hibucenter.com\/index.php\/binh-xit-danh-bong-xoa-xuoc-lam-moi-son-xe-dang-bot-sonax-xtreme-spray-polish-241300-320ml\/"},"modified":"2025-05-23T11:11:03","modified_gmt":"2025-05-23T04:11:03","slug":"binh-xit-danh-bong-xoa-xuoc-lam-moi-son-xe-dang-bot-sonax-xtreme-spray-polish-241300-320ml","status":"publish","type":"product","link":"https:\/\/hibucenter.com\/index.php\/binh-xit-danh-bong-xoa-xuoc-lam-moi-son-xe-dang-bot-sonax-xtreme-spray-polish-241300-320ml\/","title":{"rendered":"B\u00ecnh x\u1ecbt \u0111\u00e1nh b\u00f3ng x\u00f3a x\u01b0\u1edbc l\u00e0m m\u1edbi s\u01a1n xe d\u1ea1ng b\u1ecdt Sonax Xtreme Spray Polish 241300-320ml"},"content":{"rendered":"<p>B\u00ecnh x\u1ecbt \u0111\u00e1nh b\u00f3ng x\u00f3a x\u01b0\u1edbc l\u00e0m m\u1edbi s\u01a1n xe d\u1ea1ng b\u1ecdt Sonax Xtreme Spray Polish 241300-320ml<\/p>\n<p>HB CENTER  Shop  chuy\u00ean ph\u00e2n ph\u1ed1i s\u1ea3n ph\u1ea9m B\u00ecnh x\u1ecbt \u0111\u00e1nh b\u00f3ng x\u00f3a x\u01b0\u1edbc l\u00e0m m\u1edbi s\u01a1n xe d\u1ea1ng b\u1ecdt Sonax Xtreme Spray Polish 241300-320ml<br \/>\nSonax Xtreme Spray Polish l\u00e0 ch\u1ea5t \u0111\u00e1nh b\u00f3ng s\u01a1n xe d\u1ea1ng b\u1ecdt m\u1edbi r\u1ea5t d\u1ec5 d\u00f9ng v\u00e0 nhanh: \u0110\u00e1nh B\u00f3ng \u2013Lau . M\u1ed9t th\u1ebf m\u1ea1nh n\u1eefa: kh\u1ea3 n\u0103ng \u1ee9ng d\u1ee5ng \u0111a n\u0103ng v\u00e0 \u0111a ch\u1ee9c n\u0103ng. Tr\u00ean c\u00e1c b\u1ec1 m\u1eb7t \u0111\u01b0\u1ee3c s\u01a1n (kim lo\u1ea1i ho\u1eb7c nh\u1ef1a), n\u00f3 lo\u1ea1i b\u1ecf s\u1ef1 k\u1ebft h\u1ee3p c\u1ee7a c\u00f4ng th\u1ee9c b\u1ecdt ho\u1ea1t t\u00ednh s\u1ea1ch v\u00e0 c\u00e1c ch\u1ea5t \u0111\u00e1nh b\u00f3ng hi\u1ec7u qu\u1ea3 cao ngay c\u1ea3 \u00f4 nhi\u1ec5m c\u00f2n s\u00f3t l\u1ea1i c\u1ee9ng \u0111\u1ea7u (v\u00ed d\u1ee5: c\u00f4n tr\u00f9ng). M\u00e0u m\u1edd \u0111\u01b0\u1ee3c s\u1ea1c l\u1ea1i, s\u1ebd c\u00f3 m\u1ed9t \u0111\u1ed9 b\u00f3ng s\u00e2u r\u1ef1c r\u1ee1. \u0110\u00e8n pha l\u00e0m b\u1eb1ng nh\u1ef1a ho\u1eb7c th\u1ee7y tinh \u0111\u01b0\u1ee3c l\u00e0m s\u1ea1ch ho\u00e0n to\u00e0n, nh\u1eefng v\u1ebft tr\u1ea7y x\u01b0\u1edbc nh\u1ecf v\u00e0 m\u1ed9t b\u1ed9 x\u1ec9n m\u00e0u bi\u1ebfn m\u1ea5t.V\u1eeba s\u1ea1ch s\u00e2u, v\u1eeba \u0111\u00e1nh b\u00f3ng m\u1eb7t s\u01a1n xe d\u1ea1ng b\u1ecdt ho\u1ea1t t\u00ednh m\u1ea1nh m\u1ebd. Lo\u1ea1i b\u1ecf ch\u1ea5t b\u1ea9n c\u1ee9ng \u0111\u1ea7u l\u00e0m m\u1ecbn b\u00f3ng m\u1eb7t s\u01a1n cho m\u1eb7t s\u01a1n s\u00e1ng ch\u00f3i s\u00e2u. L\u00fd t\u01b0\u1edfng cho b\u01b0\u1edbc chu\u1ea9n b\u1ecb ph\u1ee7 Polymer.<\/p>\n<p>H\u01b0\u1edbng d\u1eabn s\u1eed d\u1ee5ng:<br \/>\nR\u1eefa Xe (b\u1eb1ng tay ho\u1eb7c b\u1eb1ng m\u00e1y).<br \/>\nLau kh\u00f4 xe , l\u1eafc chai tr\u01b0\u1edbc khi s\u1eed d\u1ee5ng.<br \/>\nPhun l\u00ean b\u1ec1 m\u1eb7t s\u01a1n c\u1ea7n \u0111\u00e1nh b\u00f3ng , l\u00e0m s\u1ea1ch.<br \/>\nThoa \u0111\u1ec1u b\u1eb1ng Kh\u0103n ,v\u00e0 \u0111\u00e1nh s\u1ea1ch b\u00f3ng ngay v\u1edbi l\u1ef1c t\u00ec trung b\u00ecnh .<br \/>\nCh\u1ec9 \u0111\u00e1nh t\u1eebng ph\u1ea7n s\u01a1n , n\u1ebfu s\u01a1n qu\u00e1 c\u1ee7 l\u00e0m l\u1ea1i l\u1ea7n n\u1eefa.<\/p>\n<p>L\u01b0u \u00fd: Kh\u00f4ng d\u00f9ng d\u01b0\u1edbi \u00e1nh n\u1eafng m\u1eb7t tr\u1eddi tr\u1ef1c ti\u1ebfp ho\u1eb7c b\u1ec1 m\u1eb7t n\u00f3ng .Kh\u00f4ng d\u00f9ng tr\u00ean b\u1ec1 m\u1eb7t s\u01a1n m\u1edd&#8230;\u0111\u1ec3 gi\u1eef \u0111\u1ed9 b\u00f3ng s\u01a1n s\u00e2u \u0111\u00e1nh b\u00f3ng l\u00e2u d\u00e0i..<br \/>\nB\u1ea3o qu\u1ea3n tr\u00e1nh b\u1ecb \u0111\u00f4ng l\u1ea1nh. Tr\u00e1nh xa n\u01a1i c\u00f3 nhi\u1ec7t \u0111\u1ed9 cao. <\/p>\n<p>HB CENTER  Shop Xin cam k\u1ebft cung c\u1ea5p s\u1ea3n ph\u1ea9m ch\u00ednh h\u00e3ng-uy t\u00edn-ch\u1ea5t l\u01b0\u1ee3ng.<\/p>\n<p>#DanhBong #sonax #dungdichdanhbong #nuocruaxe #tayvetxuoc<\/p>\n","protected":false},"excerpt":{"rendered":"<p>B\u00ecnh x\u1ecbt \u0111\u00e1nh b\u00f3ng x\u00f3a x\u01b0\u1edbc l\u00e0m m\u1edbi s\u01a1n xe d\u1ea1ng b\u1ecdt Sonax Xtreme Spray Polish 241300-320ml HB CENTER Shop chuy\u00ean ph\u00e2n ph\u1ed1i s\u1ea3n ph\u1ea9m B\u00ecnh x\u1ecbt \u0111\u00e1nh b\u00f3ng x\u00f3a x\u01b0\u1edbc l\u00e0m m\u1edbi s\u01a1n xe d\u1ea1ng b\u1ecdt Sonax Xtreme Spray Polish 241300-320ml Sonax Xtreme Spray Polish l\u00e0 ch\u1ea5t \u0111\u00e1nh b\u00f3ng s\u01a1n xe d\u1ea1ng b\u1ecdt m\u1edbi&hellip;<\/p>\n","protected":false},"featured_media":8217,"comment_status":"closed","ping_status":"open","template":"","meta":[],"product_cat":[118],"product_tag":[188],"class_list":{"0":"post-8214","1":"product","2":"type-product","3":"status-publish","4":"has-post-thumbnail","6":"product_brand-sonax","7":"product_cat-dung-dich-phu-gia-dau-nhon","8":"product_tag-sonax","10":"first","11":"instock","12":"purchasable","13":"product-type-simple","14":"col-xs-6 col-sm-4","15":"col-md-3 col-lg-3","16":"un-4-cols"},"_links":{"self":[{"href":"https:\/\/hibucenter.com\/index.php\/wp-json\/wp\/v2\/product\/8214","targetHints":{"allow":["GET"]}}],"collection":[{"href":"https:\/\/hibucenter.com\/index.php\/wp-json\/wp\/v2\/product"}],"about":[{"href":"https:\/\/hibucenter.com\/index.php\/wp-json\/wp\/v2\/types\/product"}],"replies":[{"embeddable":true,"href":"https:\/\/hibucenter.com\/index.php\/wp-json\/wp\/v2\/comments?post=8214"}],"version-history":[{"count":1,"href":"https:\/\/hibucenter.com\/index.php\/wp-json\/wp\/v2\/product\/8214\/revisions"}],"predecessor-version":[{"id":8215,"href":"https:\/\/hibucenter.com\/index.php\/wp-json\/wp\/v2\/product\/8214\/revisions\/8215"}],"wp:featuredmedia":[{"embeddable":true,"href":"https:\/\/hibucenter.com\/index.php\/wp-json\/wp\/v2\/media\/8217"}],"wp:attachment":[{"href":"https:\/\/hibucenter.com\/index.php\/wp-json\/wp\/v2\/media?parent=8214"}],"wp:term":[{"taxonomy":"product_cat","embeddable":true,"href":"https:\/\/hibucenter.com\/index.php\/wp-json\/wp\/v2\/product_cat?post=8214"},{"taxonomy":"product_tag","embeddable":true,"href":"https:\/\/hibucenter.com\/index.php\/wp-json\/wp\/v2\/product_tag?post=8214"}],"curies":[{"name":"wp","href":"https:\/\/api.w.org\/{rel}","templated":true}]}}