{"id":8172,"date":"2025-05-16T13:47:59","date_gmt":"2025-05-16T06:47:59","guid":{"rendered":"https:\/\/hibucenter.com\/index.php\/dung-dich-bao-duong-tap-lo-sonax-500ml\/"},"modified":"2025-05-23T11:11:03","modified_gmt":"2025-05-23T04:11:03","slug":"dung-dich-bao-duong-tap-lo-sonax-500ml","status":"publish","type":"product","link":"https:\/\/hibucenter.com\/index.php\/dung-dich-bao-duong-tap-lo-sonax-500ml\/","title":{"rendered":"Dung d\u1ecbch b\u1ea3o d\u01b0\u1ee1ng t\u00e1p l\u00f4 SONAX 500ml"},"content":{"rendered":"<p>Dung d\u1ecbch b\u1ea3o d\u01b0\u1ee1ng t\u00e1p l\u00f4 SONAX Cockpit Pfleger Ocean Fresh 500ml<\/p>\n<p><> TH\u00d4NG TIN S\u1ea2N PH\u1ea8M:<br \/>\n&#8211; M\u00e3 s\u1ea3n ph\u1ea9m : 364241<br \/>\n&#8211; Dung t\u00edch: 500ml<br \/>\n&#8211; M\u00f9i: \u0110\u1ea1i d\u01b0\u01a1ng ban mai<br \/>\n&#8211; C\u00f4ng d\u1ee5ng: b\u1ea3o d\u01b0\u1ee1ng t\u00e1p l\u00f4 xe<br \/>\n&#8211; Th\u01b0\u01a1ng hi\u1ec7u: Sonax<br \/>\n&#8211; Xu\u1ea5t x\u1ee9: \u0110\u1ee9c<\/p>\n<p><> TH\u00d4NG TIN S\u1ea2N PH\u1ea8M:<br \/>\n&#8211; L\u00e0m s\u1ea1ch v\u00e0 b\u1ea3o d\u01b0\u1ee1ng t\u1ea5t c\u1ea3 c\u00e1c b\u1ec1 m\u1eb7t nh\u1ef1a, g\u1ed7 kh\u00f4ng b\u00f3ng trong xe.<br \/>\n&#8211; Duy Tr\u00ec, gi\u1eef l\u1ea1i b\u1ec1 m\u1eb7t m\u1edd v\u00e0 c\u1ea5u tr\u00fac c\u1ee7a t\u1ea5t c\u1ea3 nh\u1ef1a trong n\u1ed9i th\u1ea5t xe \u00f4 t\u00f4.<br \/>\n&#8211; C\u00f3 t\u00e1c d\u1ee5ng ch\u1ed1ng b\u1ee5i, ch\u1ed1ng t\u0129nh \u0111i\u1ec7n v\u00e0 ng\u0103n ch\u1eb7n ngay s\u1ef1 nhi\u1ec5m b\u1ea9n l\u1ea1i.<br \/>\n&#8211; Th\u00edch h\u1ee3p cho C\u00e1c ph\u1ee5 ki\u1ec7n b\u1ec1 m\u1eb7t b\u1eb1ng nh\u1ef1a, g\u1ed7 kh\u00f4ng b\u00f3ng.<br \/>\n&#8211; Ph\u1ee5c h\u1ed3i nh\u1ef1a, Kh\u1ea3 n\u0103ng th\u1ea9m th\u1ea5u t\u1ed1i \u01b0u.<br \/>\n&#8211; Tr\u00e1nh vi\u1ec7c b\u1ecb h\u1eaft b\u00f3ng kh\u00f3 ch\u1ecbu c\u1ee7a m\u1eb7t tap-l\u00f4 tr\u00ean k\u00ednh.<\/p>\n<p><> H\u01af\u1edaNG D\u1eaaN S\u1eec D\u1ee4NG:<br \/>\n&#8211; L\u1eafc chai k\u1ef9 tr\u01b0\u1edbc khi s\u1eed d\u1ee5ng.<br \/>\n&#8211; Phun l\u00ean mi\u1ebfng thoa chuy\u00ean d\u1ee5ng c\u1ee7a Sonax Multisponge ho\u1eb7c kh\u0103n si\u00eau s\u1ee3i c\u1ee7a Sonax<br \/>\n&#8211; Thoa \u0111\u1ec1u l\u00ean b\u1ec1 m\u1eb7t c\u1ea7n x\u1eed l\u00fd, sau \u0111\u00f3 \u0111\u1ec3 kh\u00f4.<\/p>\n<p><> L\u01afU \u00dd:<br \/>\n&#8211; Kh\u00f4ng d\u00f9ng l\u00ean b\u1ec1 m\u1eb7t \u0111ang n\u00f3ng, da, v\u00e0nh v\u00f4 l\u0103ng, p\u00ea-\u0111an, \u0111\u0129a, n\u00fam xoay, h\u1ec7 th\u1ed1ng d\u1eabn \u0111\u01b0\u1eddng.<br \/>\n&#8211; Tr\u00e1nh b\u1ecb \u0111\u00f4ng l\u1ea1nh.<br \/>\n&#8211; Tr\u00e1nh xa t\u1ea7m v\u1edbi c\u1ee7a tr\u1ebb em.<\/p>\n<p>HIBU CENTER chuy\u00ean ph\u00e2n ph\u1ed1i s\u1ea3n ph\u1ea9m SONAX Ch\u00ednh H\u00e3ng \u2013 Uy T\u00edn \u2013 Ch\u1ea5t L\u01b0\u1ee3ng!!!<\/p>\n<p>#HIBUCENTER#SONAX#hibucenter#sonax#sonaxbaoduongtaplo#baoduongtaplo#sonaxbaoduongxe#sonaxbaoduong#CockpitPflegerOceanFresh#sonaxCockpitPflegerOceanFresh#sonax364241#364241#<\/p>\n","protected":false},"excerpt":{"rendered":"<p>Dung d\u1ecbch b\u1ea3o d\u01b0\u1ee1ng t\u00e1p l\u00f4 SONAX Cockpit Pfleger Ocean Fresh 500ml TH\u00d4NG TIN S\u1ea2N PH\u1ea8M: &#8211; M\u00e3 s\u1ea3n ph\u1ea9m : 364241 &#8211; Dung t\u00edch: 500ml &#8211; M\u00f9i: \u0110\u1ea1i d\u01b0\u01a1ng ban mai &#8211; C\u00f4ng d\u1ee5ng: b\u1ea3o d\u01b0\u1ee1ng t\u00e1p l\u00f4 xe &#8211; Th\u01b0\u01a1ng hi\u1ec7u: Sonax &#8211; Xu\u1ea5t x\u1ee9: \u0110\u1ee9c TH\u00d4NG TIN S\u1ea2N PH\u1ea8M: &#8211; L\u00e0m s\u1ea1ch&hellip;<\/p>\n","protected":false},"featured_media":8176,"comment_status":"closed","ping_status":"open","template":"","meta":[],"product_cat":[118],"product_tag":[188],"class_list":{"0":"post-8172","1":"product","2":"type-product","3":"status-publish","4":"has-post-thumbnail","6":"product_brand-sonax","7":"product_cat-dung-dich-phu-gia-dau-nhon","8":"product_tag-sonax","10":"first","11":"instock","12":"purchasable","13":"product-type-simple","14":"col-xs-6 col-sm-4","15":"col-md-3 col-lg-3","16":"un-4-cols"},"_links":{"self":[{"href":"https:\/\/hibucenter.com\/index.php\/wp-json\/wp\/v2\/product\/8172","targetHints":{"allow":["GET"]}}],"collection":[{"href":"https:\/\/hibucenter.com\/index.php\/wp-json\/wp\/v2\/product"}],"about":[{"href":"https:\/\/hibucenter.com\/index.php\/wp-json\/wp\/v2\/types\/product"}],"replies":[{"embeddable":true,"href":"https:\/\/hibucenter.com\/index.php\/wp-json\/wp\/v2\/comments?post=8172"}],"version-history":[{"count":1,"href":"https:\/\/hibucenter.com\/index.php\/wp-json\/wp\/v2\/product\/8172\/revisions"}],"predecessor-version":[{"id":8174,"href":"https:\/\/hibucenter.com\/index.php\/wp-json\/wp\/v2\/product\/8172\/revisions\/8174"}],"wp:featuredmedia":[{"embeddable":true,"href":"https:\/\/hibucenter.com\/index.php\/wp-json\/wp\/v2\/media\/8176"}],"wp:attachment":[{"href":"https:\/\/hibucenter.com\/index.php\/wp-json\/wp\/v2\/media?parent=8172"}],"wp:term":[{"taxonomy":"product_cat","embeddable":true,"href":"https:\/\/hibucenter.com\/index.php\/wp-json\/wp\/v2\/product_cat?post=8172"},{"taxonomy":"product_tag","embeddable":true,"href":"https:\/\/hibucenter.com\/index.php\/wp-json\/wp\/v2\/product_tag?post=8172"}],"curies":[{"name":"wp","href":"https:\/\/api.w.org\/{rel}","templated":true}]}}