{"id":8164,"date":"2025-05-16T13:48:03","date_gmt":"2025-05-16T06:48:03","guid":{"rendered":"https:\/\/hibucenter.com\/index.php\/dung-dich-ve-sinh-mam-vanh-sonax-wheel-cleaner-429200-500ml\/"},"modified":"2025-05-23T11:11:03","modified_gmt":"2025-05-23T04:11:03","slug":"dung-dich-ve-sinh-mam-vanh-sonax-wheel-cleaner-429200-500ml","status":"publish","type":"product","link":"https:\/\/hibucenter.com\/index.php\/dung-dich-ve-sinh-mam-vanh-sonax-wheel-cleaner-429200-500ml\/","title":{"rendered":"Dung D\u1ecbch V\u1ec7 Sinh M\u00e2m V\u00e0nh SONAX Wheel Cleaner 429200 500ml"},"content":{"rendered":"<p>Dung d\u1ecbch v\u1ec7 sinh m\u00e2m v\u00e0nh SONAX 500ml<\/p>\n<p><> TH\u00d4NG TIN S\u1ea2N PH\u1ea8M:<br \/>\n&#8211; M\u00e3 s\u1ea3n ph\u1ea9m: 429200<br \/>\n&#8211; Dung t\u00edch: 500ml<br \/>\n&#8211; C\u00f4ng d\u1ee5ng: V\u1ec7 sinh lo\u1ea1i b\u1ecf r\u1ec9, ch\u1ea5t b\u1ea9n, ti\u1ebfng k\u00eau phanh d\u0129a.<br \/>\n&#8211; Th\u01b0\u01a1ng hi\u1ec7u: Sonax<br \/>\n&#8211; Xu\u1ea5t x\u1ee9: \u0110\u1ee9c<\/p>\n<p><> \u0110\u1eb6C \u0110I\u1ec2M S\u1ea2N PH\u1ea8M:<br \/>\n&#8211; L\u00e0m s\u1ea1ch b\u1ee5i b\u1ea9n, ng\u0103n ch\u1eb7n s\u1ef1 t\u00edch t\u1ee5 c\u1ee7a b\u1ee5i b\u1ea9n c\u1ee9ng \u0111\u1ea7u, \u0111\u1eb7c bi\u1ec7t l\u00e0 b\u1ee5i phanh.<br \/>\n&#8211; Lo\u1ea1i b\u1ecf ti\u1ebfng k\u00eau c\u1ee7a phanh \u0111\u0129a, lo\u1ea1i b\u1ecf r\u1ec9 v\u00e0 b\u1ed9t s\u1eaft b\u00e1m t\u1eeb m\u00e1 phanh, hay c\u00e1c ch\u1ea5t b\u1ea9n.<br \/>\n&#8211; L\u00e0m s\u1ea1ch t\u1ea5t c\u1ea3 c\u00e1c lo\u1ea1i v\u00e0nh xe b\u1eb1ng th\u00e9p v\u00e0 h\u1ee3p kim.<br \/>\n&#8211; Th\u00e0nh ph\u1ea7n kh\u00f4ng ch\u1ee9a axit \u2013 Kh\u00f4ng ch\u1ea5t \u0103n m\u00f2n.<br \/>\n&#8211; D\u00f9ng cho m\u1ecdi lo\u1ea1i h\u1ee3p kim xi b\u00f3ng v\u00e0 v\u00e0nh th\u00e9p m\u00e1 phanh.<\/p>\n<p><> H\u01af\u1edaNG D\u1eaaN S\u1eec D\u1ee4NG:<br \/>\n&#8211; L\u1eafc \u0111\u1ec1u chai tr\u01b0\u1edbc khi x\u1ecbt.<br \/>\n&#8211; B\u00f3p v\u00e0 xoay \u0111\u1ea7u phun 180\u00b0 \u0111\u1ec3 m\u1edf kh\u00f3a \u0111\u1ea7u phun.<br \/>\n&#8211; T\u1eeb kho\u1ea3ng c\u00e1ch g\u1ea7n, phun \u0111\u1ec1u l\u00ean v\u00e0nh (m\u00e2m xe) \u01b0\u1edbt ho\u1eb7c kh\u00f4.<br \/>\n&#8211; \u0110\u1ec3 trong 3-5 ph\u00fat. C\u00f3 th\u1ec3 d\u00f9ng c\u00e2y c\u1ecd v\u1ec7 sinh v\u00e0n m\u00e2m chuy\u00ean d\u1ee5ng \u0111\u1ec3 c\u1ecd (t\u00f9y ch\u1ecdn).<\/p>\n<p>HIBU CENTER chuy\u00ean ph\u00e2n ph\u1ed1i s\u1ea3n ph\u1ea9m SONAX Ch\u00ednh H\u00e3ng \u2013 Uy T\u00edn \u2013 Ch\u1ea5t L\u01b0\u1ee3ng!!!<\/p>\n<p>#HIBUCENTER#SONAX#hibucenter#sonax#sonaxphuvanh#phuvanh#chongbui#baovemam#sonax429200#429200#vesinhmamvanh#sonaxvesinhmamvanh#WheelCleaner#sonaxWheelCleaner#<\/p>\n","protected":false},"excerpt":{"rendered":"<p>Dung d\u1ecbch v\u1ec7 sinh m\u00e2m v\u00e0nh SONAX 500ml TH\u00d4NG TIN S\u1ea2N PH\u1ea8M: &#8211; M\u00e3 s\u1ea3n ph\u1ea9m: 429200 &#8211; Dung t\u00edch: 500ml &#8211; C\u00f4ng d\u1ee5ng: V\u1ec7 sinh lo\u1ea1i b\u1ecf r\u1ec9, ch\u1ea5t b\u1ea9n, ti\u1ebfng k\u00eau phanh d\u0129a. &#8211; Th\u01b0\u01a1ng hi\u1ec7u: Sonax &#8211; Xu\u1ea5t x\u1ee9: \u0110\u1ee9c \u0110\u1eb6C \u0110I\u1ec2M S\u1ea2N PH\u1ea8M: &#8211; L\u00e0m s\u1ea1ch b\u1ee5i b\u1ea9n, ng\u0103n ch\u1eb7n s\u1ef1&hellip;<\/p>\n","protected":false},"featured_media":8166,"comment_status":"closed","ping_status":"open","template":"","meta":[],"product_cat":[118],"product_tag":[188],"class_list":{"0":"post-8164","1":"product","2":"type-product","3":"status-publish","4":"has-post-thumbnail","6":"product_brand-sonax","7":"product_cat-dung-dich-phu-gia-dau-nhon","8":"product_tag-sonax","10":"first","11":"instock","12":"purchasable","13":"product-type-simple","14":"col-xs-6 col-sm-4","15":"col-md-3 col-lg-3","16":"un-4-cols"},"_links":{"self":[{"href":"https:\/\/hibucenter.com\/index.php\/wp-json\/wp\/v2\/product\/8164","targetHints":{"allow":["GET"]}}],"collection":[{"href":"https:\/\/hibucenter.com\/index.php\/wp-json\/wp\/v2\/product"}],"about":[{"href":"https:\/\/hibucenter.com\/index.php\/wp-json\/wp\/v2\/types\/product"}],"replies":[{"embeddable":true,"href":"https:\/\/hibucenter.com\/index.php\/wp-json\/wp\/v2\/comments?post=8164"}],"version-history":[{"count":1,"href":"https:\/\/hibucenter.com\/index.php\/wp-json\/wp\/v2\/product\/8164\/revisions"}],"predecessor-version":[{"id":8165,"href":"https:\/\/hibucenter.com\/index.php\/wp-json\/wp\/v2\/product\/8164\/revisions\/8165"}],"wp:featuredmedia":[{"embeddable":true,"href":"https:\/\/hibucenter.com\/index.php\/wp-json\/wp\/v2\/media\/8166"}],"wp:attachment":[{"href":"https:\/\/hibucenter.com\/index.php\/wp-json\/wp\/v2\/media?parent=8164"}],"wp:term":[{"taxonomy":"product_cat","embeddable":true,"href":"https:\/\/hibucenter.com\/index.php\/wp-json\/wp\/v2\/product_cat?post=8164"},{"taxonomy":"product_tag","embeddable":true,"href":"https:\/\/hibucenter.com\/index.php\/wp-json\/wp\/v2\/product_tag?post=8164"}],"curies":[{"name":"wp","href":"https:\/\/api.w.org\/{rel}","templated":true}]}}