{"id":8138,"date":"2025-05-16T13:47:34","date_gmt":"2025-05-16T06:47:34","guid":{"rendered":"https:\/\/hibucenter.com\/index.php\/dung-dich-ve-sinh-vai-ni-ghe-o-to-sonax-alcantara-206141-250ml\/"},"modified":"2025-05-23T11:11:03","modified_gmt":"2025-05-23T04:11:03","slug":"dung-dich-ve-sinh-vai-ni-ghe-o-to-sonax-alcantara-206141-250ml","status":"publish","type":"product","link":"https:\/\/hibucenter.com\/index.php\/dung-dich-ve-sinh-vai-ni-ghe-o-to-sonax-alcantara-206141-250ml\/","title":{"rendered":"Dung D\u1ecbch V\u1ec7 Sinh V\u1ea3i N\u1ec9 Gh\u1ebf \u00d4 T\u00f4 SONAX Alcantara 206141 250ml"},"content":{"rendered":"<p>Dung D\u1ecbch V\u1ec7 Sinh V\u1ea3i N\u1ec9 Gh\u1ebf \u00d4 T\u00f4 SONAX Alcantara 206141 250ml<\/p>\n<p><> TH\u00d4NG TIN S\u1ea2N PH\u1ea8M:<br \/>\n&#8211; M\u00e3 s\u1ea3n ph\u1ea9m: 206141<br \/>\n&#8211; Dung t\u00edch: 250ml<br \/>\n&#8211; C\u00f4ng d\u1ee5ng: L\u00e0m s\u1ea1ch v\u00e0 ph\u1ee5c h\u1ed3i Alcantara b\u1ecb b\u1ea9n v\u00e0 m\u1edd c\u00f3 tr\u00ean gh\u1ebf, b\u1ecdc, v\u1ea3i tr\u1edf l\u1ea1i m\u00e0u s\u1eafc r\u1ef1c r\u1ee1 ban \u0111\u1ea7u v\u00e0 c\u1ea3m gi\u00e1c m\u1ec1m m\u1ea1i, da l\u1ed9n<br \/>\n&#8211; Th\u01b0\u01a1ng hi\u1ec7u: Sonax<br \/>\n&#8211; Xu\u1ea5t x\u1ee9: \u0110\u1ee9c<\/p>\n<p><> \u0110\u1eb6C \u0110I\u1ec2M S\u1ea2N PH\u1ea8M:<br \/>\n&#8211; Chai x\u1ecbt v\u1ec7 sinh gh\u1ebf v\u1ea3i n\u1ec9 Sonax t\u00e1c d\u1ee5ng l\u00e0m s\u1ea1ch chuy\u00ean s\u00e2u tr\u00ean c\u00e1c b\u1ec1 m\u1eb7t v\u1ea3i\/n\u1ec9 b\u1ecdc nh\u01b0 gh\u1ebf n\u1ec9 xe \u00f4 t\u00f4, v\u1ea3i b\u1ecdc gh\u1ebf, th\u1ea3m nhung, t\u1ea5m ph\u1ee7, v\u1ea3i d\u1ec7t, th\u1ea3m l\u00f3t s\u00e0n, c\u00e1c t\u1ea5m ph\u1ee7 xe.<br \/>\n&#8211; Lo\u1ea1i b\u1ecf ngay c\u1ea3 nh\u1eefng v\u1ebft b\u1ea9n c\u1ee9ng \u0111\u1ea7u nh\u01b0 s\u00f4 c\u00f4 la, kem, cola, c\u00e0 ph\u00ea, n\u01b0\u1edbc s\u1ed1t c\u00e0 chua, vv v\u00e0 l\u00e0m m\u1edbi m\u00e0u s\u1eafc.<br \/>\n&#8211; Kh\u1eed m\u00f9i \u0111i k\u00e8m s\u1ebd lo\u1ea1i b\u1ecf nhanh ch\u00f3ng v\u00e0 v\u0129nh vi\u1ec5n c\u00e1c m\u00f9i kh\u00f3 ch\u1ecbu nh\u01b0 kh\u00f3i thu\u00f3c l\u00e1, m\u00f9i \u0111\u1ed9ng v\u1eadt, s\u1eefa \u0111\u1ed5,&#8230;<br \/>\n&#8211; L\u00e0m s\u1ea1ch k\u1ef9 l\u01b0\u1ee1ng v\u00e0 nh\u1eb9 nh\u00e0ng t\u1ea5t c\u1ea3 c\u00e1c v\u1eadt li\u1ec7u d\u1ec7t trong n\u1ed9i th\u1ea5t xe \u00f4 t\u00f4 ho\u1eb7c trong gia \u0111\u00ecnh.<br \/>\n&#8211; H\u01b0\u01a1ng th\u01a1m d\u1ec5 ch\u1ecbu, tinh t\u1ebf sau s\u1eed d\u1ee5ng.<\/p>\n<p>** L\u1ee2I \u00cdCH KHI MUA H\u00c0NG T\u1ea0I SHOP **<br \/>\n&#8211; H\u00e0ng C\u00f3 Ho\u00e1 \u0110\u01a1n VAT \u0110\u1ea7y \u0110\u1ee7<br \/>\n&#8211; C\u00f3 gi\u00e1 th\u01b0\u01a1ng m\u1ea1i khi \u0111\u1eb7t s\u1ed1 l\u01b0\u1ee3ng l\u1edbn<br \/>\n&#8211; H\u1ed7 tr\u1ee3 ph\u00ed v\u1eadn chuy\u1ec3n v\u00e0 t\u01b0 v\u1ea5n k\u0129 thu\u1eadt<\/p>\n<p>#hibucenter#sonax#vesinhvaini#sonaxvesinhvaini#sonaxAlcantara#Alcantara#sonax206141#206141#<\/p>\n","protected":false},"excerpt":{"rendered":"<p>Dung D\u1ecbch V\u1ec7 Sinh V\u1ea3i N\u1ec9 Gh\u1ebf \u00d4 T\u00f4 SONAX Alcantara 206141 250ml TH\u00d4NG TIN S\u1ea2N PH\u1ea8M: &#8211; M\u00e3 s\u1ea3n ph\u1ea9m: 206141 &#8211; Dung t\u00edch: 250ml &#8211; C\u00f4ng d\u1ee5ng: L\u00e0m s\u1ea1ch v\u00e0 ph\u1ee5c h\u1ed3i Alcantara b\u1ecb b\u1ea9n v\u00e0 m\u1edd c\u00f3 tr\u00ean gh\u1ebf, b\u1ecdc, v\u1ea3i tr\u1edf l\u1ea1i m\u00e0u s\u1eafc r\u1ef1c r\u1ee1 ban \u0111\u1ea7u v\u00e0 c\u1ea3m gi\u00e1c&hellip;<\/p>\n","protected":false},"featured_media":8140,"comment_status":"closed","ping_status":"open","template":"","meta":[],"product_cat":[118],"product_tag":[188],"class_list":{"0":"post-8138","1":"product","2":"type-product","3":"status-publish","4":"has-post-thumbnail","6":"product_brand-sonax","7":"product_cat-dung-dich-phu-gia-dau-nhon","8":"product_tag-sonax","10":"first","11":"instock","12":"purchasable","13":"product-type-simple","14":"col-xs-6 col-sm-4","15":"col-md-3 col-lg-3","16":"un-4-cols"},"_links":{"self":[{"href":"https:\/\/hibucenter.com\/index.php\/wp-json\/wp\/v2\/product\/8138","targetHints":{"allow":["GET"]}}],"collection":[{"href":"https:\/\/hibucenter.com\/index.php\/wp-json\/wp\/v2\/product"}],"about":[{"href":"https:\/\/hibucenter.com\/index.php\/wp-json\/wp\/v2\/types\/product"}],"replies":[{"embeddable":true,"href":"https:\/\/hibucenter.com\/index.php\/wp-json\/wp\/v2\/comments?post=8138"}],"version-history":[{"count":1,"href":"https:\/\/hibucenter.com\/index.php\/wp-json\/wp\/v2\/product\/8138\/revisions"}],"predecessor-version":[{"id":8139,"href":"https:\/\/hibucenter.com\/index.php\/wp-json\/wp\/v2\/product\/8138\/revisions\/8139"}],"wp:featuredmedia":[{"embeddable":true,"href":"https:\/\/hibucenter.com\/index.php\/wp-json\/wp\/v2\/media\/8140"}],"wp:attachment":[{"href":"https:\/\/hibucenter.com\/index.php\/wp-json\/wp\/v2\/media?parent=8138"}],"wp:term":[{"taxonomy":"product_cat","embeddable":true,"href":"https:\/\/hibucenter.com\/index.php\/wp-json\/wp\/v2\/product_cat?post=8138"},{"taxonomy":"product_tag","embeddable":true,"href":"https:\/\/hibucenter.com\/index.php\/wp-json\/wp\/v2\/product_tag?post=8138"}],"curies":[{"name":"wp","href":"https:\/\/api.w.org\/{rel}","templated":true}]}}