{"id":8096,"date":"2025-05-16T13:47:04","date_gmt":"2025-05-16T06:47:04","guid":{"rendered":"https:\/\/hibucenter.com\/index.php\/dung-dich-danh-bong-va-bao-ve-son-xe-den-sonax-polish-wax-color-black-296141-250ml\/"},"modified":"2025-05-23T11:11:04","modified_gmt":"2025-05-23T04:11:04","slug":"dung-dich-danh-bong-va-bao-ve-son-xe-den-sonax-polish-wax-color-black-296141-250ml","status":"publish","type":"product","link":"https:\/\/hibucenter.com\/index.php\/dung-dich-danh-bong-va-bao-ve-son-xe-den-sonax-polish-wax-color-black-296141-250ml\/","title":{"rendered":"Dung D\u1ecbch \u0110\u00e1nh B\u00f3ng V\u00e0 B\u1ea3o V\u1ec7 S\u01a1n Xe \u0110en SONAX Polish &#038; Wax Color Black 296141 250ml"},"content":{"rendered":"<p>Dung d\u1ecbch \u0111\u00e1nh b\u00f3ng v\u00e0 b\u1ea3o v\u1ec7 s\u01a1n xe \u0111en SONAX Polish &#038; Wax Color Black 250ml<\/p>\n<p><> TH\u00d4NG TIN S\u1ea2N PH\u1ea8M:<br \/>\n&#8211; M\u00e3 s\u1ea3n ph\u1ea9m: 296141<br \/>\n&#8211; Dung t\u00edch: 250ml<br \/>\n&#8211; C\u00f4ng d\u1ee5ng: \u0111\u00e1nh b\u00f3ng v\u00e0 b\u1ea3o v\u1ec7 s\u01a1n xe m\u00e0u \u0111en<br \/>\n&#8211; Th\u01b0\u01a1ng hi\u1ec7u: Sonax<br \/>\n&#8211; Xu\u1ea5t x\u1ee9: \u0110\u1ee9c<\/p>\n<p><> \u0110\u1eb6C \u0110I\u1ec2M S\u1ea2N PH\u1ea8M:<br \/>\n&#8211; \u0110\u00e1nh b\u00f3ng s\u01a1n xe m\u00e0u \u0111en.<br \/>\n&#8211; L\u00e0m b\u00f3ng lo\u00e1ng v\u00e0 \u0111en b\u00f3ng xe.<br \/>\n&#8211; Kh\u1eafc ph\u1ee5c nh\u1eefng v\u1ebft x\u01b0\u1edbc, \u0111\u1ed1m, phai m\u00e0u ho\u1eb7c m\u1edd m\u00e0u do nhi\u1ec1u nguy\u00ean nh\u00e2n .<br \/>\n&#8211; C\u00f4ng ngh\u1ec7 nano gi\u00fap th\u1ea5m s\u00e2u v\u00e0o b\u1ec1 m\u1eb7t v\u00e0 b\u1ea3o v\u1ec7 s\u01a1n xe t\u1ed1i \u0111a.<br \/>\n&#8211; C\u00f3 s\u00e1p Carnauba t\u1ef1 nhi\u00ean t\u1ea1o \u0111\u1ed9 b\u00f3ng v\u00e0 duy tr\u00ec trong nhi\u1ec1u th\u00e1ng.<br \/>\n&#8211; C\u00f3 kh\u1ea3 n\u0103ng b\u1ed5 sung v\u00e0 l\u00e0m m\u1edbi m\u00e0u s\u1eafc c\u1ee7a nh\u1eefng l\u1edbp s\u01a1n tr\u1eafng ti\u00eau chu\u1ea9n, s\u01a1n kim lo\u1ea1i. Kh\u1eafc ph\u1ee5c nh\u1eefng v\u1ebft x\u01b0\u1edbc, \u0111\u1ed1m, phai m\u00e0u ho\u1eb7c m\u1edd m\u00e0u do nhi\u1ec1u nguy\u00ean nh\u00e2n. C\u00f4ng ngh\u1ec7 nano gi\u00fap th\u1ea5m s\u00e2u v\u00e0o b\u1ec1 m\u1eb7t v\u00e0 b\u1ea3o v\u1ec7 s\u01a1n xe t\u1ed1i \u0111a.<br \/>\n&#8211; Ch\u1ea5t \u0111\u00e1nh b\u00f3ng ch\u1ee9a c\u00e1c vi h\u1ea1t m\u00e0u \u0111en l\u00e0m b\u00f3ng lo\u00e1ng v\u00e0 \u0111\u1ecf b\u00f3ng xe. C\u00f3 t\u00e1c d\u1ee5ng b\u1ea3o v\u1ec7 l\u00e2u d\u00e0i, n\u00ean d\u00f9ng k\u00e8m b\u00fat Sonax Color pen \u0111\u1ec3 d\u1ec5 d\u00e0ng kh\u1eafc ph\u1ee5c nhanh nh\u1eefng v\u1ebft x\u01b0\u1edbc tr\u00ean b\u1ec1 m\u1eb7t s\u01a1n v\u00e0 che ph\u1ee7 nh\u1eefng v\u1ebft x\u01b0\u1edbc nh\u1ecf.<\/p>\n<p><> H\u01af\u1edaNG D\u1eaaN S\u1eec D\u1ee4NG:<br \/>\n&#8211; L\u00e0m s\u1ea1ch b\u1ec1 m\u1eb7t c\u1ea7n x\u1eed l\u00fd tr\u01b0\u1edbc.<br \/>\n&#8211; Thoa m\u1ed9t l\u1edbp Sonax Trimprotection l\u00ean c\u00e1ch ph\u1ea7n plastic v\u00e0 cao su &#8211; \u0111\u1ec3 d\u1ec5 l\u00e0m s\u1ea1ch v\u1ebft Sonax Polish &#038; Wax Color b\u00e1m v\u00e0o.<br \/>\n&#8211; L\u1eafc chai tr\u01b0\u1edbc khi d\u00f9ng.<br \/>\n&#8211; B\u00f4i m\u1ed9t l\u1edbp m\u1ecfng l\u00ean b\u1ec1 m\u1eb7t s\u01a1n b\u1eb1ng kh\u0103n cotton Sonax ho\u1eb7c kh\u0103n m\u1ec1m, xoa \u0111\u1ec1u nh\u1eb9 nh\u00e0ng.<br \/>\n&#8211; \u0110\u1ec3 h\u01a1i kh\u00f4, \u0111\u00e1nh b\u00f3ng cho t\u1edbi khi b\u00f3ng lo\u00e1ng, ch\u1ec9 \u0111\u00e1nh b\u00f3ng t\u1eebng g\u00f3c m\u1ed9t.<br \/>\n&#8211; Kh\u00f4ng b\u00f4i l\u00ean plastic, r\u1eeda nh\u1eefng v\u1ec7t b\u00e1m v\u00e0o plastic b\u1eb1ng Sonax Windscreen foam. N\u1ebfu xe c\u00f3 v\u1ebft x\u01b0\u1edbc, d\u00f9ng b\u00fat Sonax color pen ph\u1ee7 m\u1ed9t l\u1edbp che v\u1ebft x\u01b0\u1edbc, sau \u0111\u00f3 \u0111\u00e1nh b\u00f3ng l\u1ea1i b\u1eb1ng Sonax Polish &#038; wax color.<\/p>\n<p>HIBU CENTER chuy\u00ean ph\u00e2n ph\u1ed1i s\u1ea3n ph\u1ea9m SONAX Ch\u00ednh H\u00e3ng \u2013 Uy T\u00edn \u2013 Ch\u1ea5t L\u01b0\u1ee3ng!!!<\/p>\n<p>#sonaxdanhbongsonxe#danhbongsonxe#danhbong#sonaxbaovesonxe#baovesonxe#sonax296141#296141#sonaxPolish&#038;WaxColor Black#Polish&#038;WaxColorBlack#<\/p>\n","protected":false},"excerpt":{"rendered":"<p>Dung d\u1ecbch \u0111\u00e1nh b\u00f3ng v\u00e0 b\u1ea3o v\u1ec7 s\u01a1n xe \u0111en SONAX Polish &#038; Wax Color Black 250ml TH\u00d4NG TIN S\u1ea2N PH\u1ea8M: &#8211; M\u00e3 s\u1ea3n ph\u1ea9m: 296141 &#8211; Dung t\u00edch: 250ml &#8211; C\u00f4ng d\u1ee5ng: \u0111\u00e1nh b\u00f3ng v\u00e0 b\u1ea3o v\u1ec7 s\u01a1n xe m\u00e0u \u0111en &#8211; Th\u01b0\u01a1ng hi\u1ec7u: Sonax &#8211; Xu\u1ea5t x\u1ee9: \u0110\u1ee9c \u0110\u1eb6C \u0110I\u1ec2M S\u1ea2N PH\u1ea8M: &#8211;&hellip;<\/p>\n","protected":false},"featured_media":8098,"comment_status":"closed","ping_status":"open","template":"","meta":[],"product_cat":[118],"product_tag":[188],"class_list":{"0":"post-8096","1":"product","2":"type-product","3":"status-publish","4":"has-post-thumbnail","6":"product_brand-sonax","7":"product_cat-dung-dich-phu-gia-dau-nhon","8":"product_tag-sonax","10":"first","11":"instock","12":"purchasable","13":"product-type-simple","14":"col-xs-6 col-sm-4","15":"col-md-3 col-lg-3","16":"un-4-cols"},"_links":{"self":[{"href":"https:\/\/hibucenter.com\/index.php\/wp-json\/wp\/v2\/product\/8096","targetHints":{"allow":["GET"]}}],"collection":[{"href":"https:\/\/hibucenter.com\/index.php\/wp-json\/wp\/v2\/product"}],"about":[{"href":"https:\/\/hibucenter.com\/index.php\/wp-json\/wp\/v2\/types\/product"}],"replies":[{"embeddable":true,"href":"https:\/\/hibucenter.com\/index.php\/wp-json\/wp\/v2\/comments?post=8096"}],"version-history":[{"count":1,"href":"https:\/\/hibucenter.com\/index.php\/wp-json\/wp\/v2\/product\/8096\/revisions"}],"predecessor-version":[{"id":8097,"href":"https:\/\/hibucenter.com\/index.php\/wp-json\/wp\/v2\/product\/8096\/revisions\/8097"}],"wp:featuredmedia":[{"embeddable":true,"href":"https:\/\/hibucenter.com\/index.php\/wp-json\/wp\/v2\/media\/8098"}],"wp:attachment":[{"href":"https:\/\/hibucenter.com\/index.php\/wp-json\/wp\/v2\/media?parent=8096"}],"wp:term":[{"taxonomy":"product_cat","embeddable":true,"href":"https:\/\/hibucenter.com\/index.php\/wp-json\/wp\/v2\/product_cat?post=8096"},{"taxonomy":"product_tag","embeddable":true,"href":"https:\/\/hibucenter.com\/index.php\/wp-json\/wp\/v2\/product_tag?post=8096"}],"curies":[{"name":"wp","href":"https:\/\/api.w.org\/{rel}","templated":true}]}}