{"id":8087,"date":"2025-05-16T13:46:50","date_gmt":"2025-05-16T06:46:50","guid":{"rendered":"https:\/\/hibucenter.com\/index.php\/gel-lam-sach-va-bao-duong-nhua-ben-ngoai-xe-sonax-xtreme-plastic-restore-gel-210141-250ml-nhua-khong-son\/"},"modified":"2025-05-23T11:11:04","modified_gmt":"2025-05-23T04:11:04","slug":"gel-lam-sach-va-bao-duong-nhua-ben-ngoai-xe-sonax-xtreme-plastic-restore-gel-210141-250ml-nhua-khong-son","status":"publish","type":"product","link":"https:\/\/hibucenter.com\/index.php\/gel-lam-sach-va-bao-duong-nhua-ben-ngoai-xe-sonax-xtreme-plastic-restore-gel-210141-250ml-nhua-khong-son\/","title":{"rendered":"Gel L\u00e0m S\u1ea1ch v\u00e0 B\u1ea3o D\u01b0\u1ee1ng Nh\u1ef1a B\u00ean Ngo\u00e0i Xe SONAX XTREME Plastic Restore Gel 210141 250ml (Nh\u1ef1a kh\u00f4ng s\u01a1n)"},"content":{"rendered":"<p>Gel L\u00e0m S\u1ea1ch v\u00e0 B\u1ea3o D\u01b0\u1ee1ng Nh\u1ef1a B\u00ean Ngo\u00e0i Xe SONAX XTREME Plastic Restore Gel 210141 250ml<\/p>\n<p><> TH\u00d4NG TIN S\u1ea2N PH\u1ea8M:<br \/>\n&#8211; M\u00e3 s\u1ea3n ph\u1ea9m: 210141<br \/>\n&#8211; Dung t\u00edch:  250ml<br \/>\n&#8211; C\u00f4ng d\u1ee5ng: d\u00f9ng \u0111\u1ec3 b\u1ea3o d\u01b0\u1ee1ng v\u00e0 ph\u1ee5c h\u1ed3i nh\u1ef1a kh\u00f4ng s\u01a1n cho xe \u00f4 t\u00f4<br \/>\n&#8211; Th\u01b0\u01a1ng hi\u1ec7u: Sonax<br \/>\n&#8211; Xu\u1ea5t x\u1ee9: \u0110\u1ee9c  <\/p>\n<p>https:\/\/cf.shopee.vn\/file\/vn-11134208-7r98o-lyzybe0b3gi520<br \/>\nhttps:\/\/cf.shopee.vn\/file\/vn-11134208-7r98o-lz0afh0x3fbh25<\/p>\n<p><> \u0110\u1eb6C \u0110I\u1ec2M S\u1ea2N PH\u1ea8M:<br \/>\n&#8211; Ph\u1ee5c h\u1ed3i v\u00e0 b\u1ea3o d\u01b0\u1ee1ng nh\u1ef1a nh\u00e1m, nh\u1ef1a \u0111en, nh\u1ef1a kh\u00f4ng s\u01a1n ngo\u00e0i xe \u00f4 t\u00f4 Sonax Xtreme.<br \/>\n&#8211; B\u1ea3o d\u01b0\u1ee1ng nh\u1ef1a kh\u00f4ng s\u01a1n v\u1edbi th\u00e0nh ph\u1ea7n l\u00e0 c\u00e1c h\u1ea1t Nano c\u1ef1c nh\u1ecf th\u1ea9m th\u1ea5u s\u00e2u, b\u1ea3o v\u1ec7 \u0111\u1ed9 m\u1ec1m m\u1ea1i v\u00e0 \u0111\u1ed9 s\u00e2u th\u1eadt m\u00e0u c\u1ee7a ch\u1ea5t li\u1ec7u \u0111\u01b0\u1ee3c b\u1ea3o v\u1ec7.<br \/>\n&#8211; L\u00e0m t\u01b0\u01a1i m\u1edbi m\u00e0u s\u1eafc v\u00e0 ph\u1ee5c h\u1ed3i l\u1ea1i m\u00e0u s\u1eafc s\u00e1ng \u0111\u1eb9p r\u1ef1c r\u1ee1 tr\u00ean b\u1ec1 m\u1eb7t \u0111\u01b0\u1ee3c x\u1eed l\u00fd.<br \/>\n&#8211; D\u00f9ng \u0111\u1ec3 b\u1ea3o d\u01b0\u1ee1ng nh\u1ef1a ngo\u00e0i xe. VD: c\u1ea3n tr\u01b0\u1edbc, c\u1ea3n sau, mi\u1ebfng ch\u1eafn v\u00e8,\u2026<br \/>\n&#8211; Gel trong su\u1ed1t s\u1eed d\u1ee5ng \u0111\u01b0\u1ee3c cho t\u1ea5t c\u1ea3 c\u00e1c m\u00e0u nh\u1ef1a.<br \/>\n&#8211; C\u0169ng l\u00fd t\u01b0\u1edfng cho l\u1ed1p xe v\u00e0 c\u00e1c th\u00e0nh ph\u1ea7n cao su.<\/p>\n<p><> H\u01af\u1edaNG D\u1eaaN S\u1eec D\u1ee4NG:<br \/>\n&#8211; R\u1eeda x\u1ea1ch v\u00e0 l\u00e0m kh\u00f4 b\u1ec1 m\u1eb7t tr\u01b0\u1edbc khi x\u1eed l\u00fd<br \/>\n&#8211; Xoa m\u1ed9t l\u1edbp gel m\u1ecfng l\u00ean b\u1ec1 m\u1eb7t c\u1ea7n b\u1ea3o d\u01b0\u1ee1ng b\u1eb1ng mi\u1ebfng b\u1ecdt bi\u1ec3n thoa h\u00f3a ch\u1ea5t ho\u1eb7c d\u00f9ng kh\u0103n m\u1ec1m.<br \/>\n&#8211; \u0110\u1ec3 b\u1ec1 m\u1eb7t kh\u00f4 m\u1ed9t l\u00fac r\u1ed3i lau s\u1ea1ch ph\u1ea7n ho\u00e1 ch\u1ea5t th\u1eeba cho b\u1ec1 m\u1eb7t b\u1ea3o v\u1ec7 \u0111\u1ec1u m\u00e0u.<\/p>\n<p>#Phuc_hoi_nhua_sonax#lam_sach_nhua_ngoai_sonax#sonax_210141#210141#sonaxphuchoinhuakhongson#phuchoinhuakhongson<\/p>\n","protected":false},"excerpt":{"rendered":"<p>Gel L\u00e0m S\u1ea1ch v\u00e0 B\u1ea3o D\u01b0\u1ee1ng Nh\u1ef1a B\u00ean Ngo\u00e0i Xe SONAX XTREME Plastic Restore Gel 210141 250ml TH\u00d4NG TIN S\u1ea2N PH\u1ea8M: &#8211; M\u00e3 s\u1ea3n ph\u1ea9m: 210141 &#8211; Dung t\u00edch: 250ml &#8211; C\u00f4ng d\u1ee5ng: d\u00f9ng \u0111\u1ec3 b\u1ea3o d\u01b0\u1ee1ng v\u00e0 ph\u1ee5c h\u1ed3i nh\u1ef1a kh\u00f4ng s\u01a1n cho xe \u00f4 t\u00f4 &#8211; Th\u01b0\u01a1ng hi\u1ec7u: Sonax &#8211; Xu\u1ea5t x\u1ee9: \u0110\u1ee9c&hellip;<\/p>\n","protected":false},"featured_media":8091,"comment_status":"closed","ping_status":"open","template":"","meta":[],"product_cat":[118],"product_tag":[188],"class_list":{"0":"post-8087","1":"product","2":"type-product","3":"status-publish","4":"has-post-thumbnail","6":"product_brand-sonax","7":"product_cat-dung-dich-phu-gia-dau-nhon","8":"product_tag-sonax","10":"first","11":"instock","12":"purchasable","13":"product-type-simple","14":"col-xs-6 col-sm-4","15":"col-md-3 col-lg-3","16":"un-4-cols"},"_links":{"self":[{"href":"https:\/\/hibucenter.com\/index.php\/wp-json\/wp\/v2\/product\/8087","targetHints":{"allow":["GET"]}}],"collection":[{"href":"https:\/\/hibucenter.com\/index.php\/wp-json\/wp\/v2\/product"}],"about":[{"href":"https:\/\/hibucenter.com\/index.php\/wp-json\/wp\/v2\/types\/product"}],"replies":[{"embeddable":true,"href":"https:\/\/hibucenter.com\/index.php\/wp-json\/wp\/v2\/comments?post=8087"}],"version-history":[{"count":1,"href":"https:\/\/hibucenter.com\/index.php\/wp-json\/wp\/v2\/product\/8087\/revisions"}],"predecessor-version":[{"id":8090,"href":"https:\/\/hibucenter.com\/index.php\/wp-json\/wp\/v2\/product\/8087\/revisions\/8090"}],"wp:featuredmedia":[{"embeddable":true,"href":"https:\/\/hibucenter.com\/index.php\/wp-json\/wp\/v2\/media\/8091"}],"wp:attachment":[{"href":"https:\/\/hibucenter.com\/index.php\/wp-json\/wp\/v2\/media?parent=8087"}],"wp:term":[{"taxonomy":"product_cat","embeddable":true,"href":"https:\/\/hibucenter.com\/index.php\/wp-json\/wp\/v2\/product_cat?post=8087"},{"taxonomy":"product_tag","embeddable":true,"href":"https:\/\/hibucenter.com\/index.php\/wp-json\/wp\/v2\/product_tag?post=8087"}],"curies":[{"name":"wp","href":"https:\/\/api.w.org\/{rel}","templated":true}]}}