{"id":8066,"date":"2025-05-16T11:37:17","date_gmt":"2025-05-16T04:37:17","guid":{"rendered":"https:\/\/hibucenter.com\/index.php\/dung-dich-phuc-hoi-xoa-xuoc-va-danh-bong-den-xe-sonax-276141-250ml\/"},"modified":"2025-05-23T11:11:04","modified_gmt":"2025-05-23T04:11:04","slug":"dung-dich-phuc-hoi-xoa-xuoc-va-danh-bong-den-xe-sonax-276141-250ml","status":"publish","type":"product","link":"https:\/\/hibucenter.com\/index.php\/dung-dich-phuc-hoi-xoa-xuoc-va-danh-bong-den-xe-sonax-276141-250ml\/","title":{"rendered":"Dung d\u1ecbch ph\u1ee5c h\u1ed3i x\u00f3a x\u01b0\u1edbc v\u00e0 \u0111\u00e1nh b\u00f3ng \u0111\u00e8n xe SONAX 276141 250ml"},"content":{"rendered":"<p>Dung d\u1ecbch ph\u1ee5c h\u1ed3i x\u00f3a x\u01b0\u1edbc v\u00e0 \u0111\u00e1nh b\u00f3ng \u0111\u00e8n xe SONAX Profiline Headlight Polish 250ml<\/p>\n<p><> TH\u00d4NG TIN S\u1ea2N PH\u1ea8M:<br \/>\n&#8211; M\u00e3 s\u1ea3n ph\u1ea9m: 276141<br \/>\n&#8211; Dung t\u00edch: 250ml<br \/>\n&#8211; C\u00f4ng d\u1ee5ng:  D\u00f9ng \u0111\u1ec3 ph\u1ee5c h\u1ed3i x\u00f3a x\u01b0\u1edbc v\u00e0 \u0111\u00e1nh b\u00f3ng \u0111\u00e8n xe<br \/>\n&#8211; Th\u01b0\u01a1ng hi\u1ec7u: Sonax<br \/>\n&#8211; Xu\u1ea5t x\u1ee9: \u0110\u1ee9c<\/p>\n<p><> \u0110\u1eb6C \u0110I\u1ec2M S\u1ea2N XU\u1ea4T:<br \/>\n&#8211; L\u00e0 m\u1ed9t gi\u1ea3i ph\u00e1p t\u1ed1i \u01b0u cho b\u1ea1n \u0111\u1ec3 tho\u00e1t kh\u1ecfi t\u00ecnh tr\u1ea1ng tr\u00ean.<br \/>\n&#8211; Ph\u1ee5c h\u1ed3i \u0111\u1ea3m b\u1ea3o hi\u1ec7u xu\u1ea5t chi\u1ebfu r\u1ecdi \u00e1nh s\u00e1ng cho \u0111\u00e8n pha.<br \/>\n&#8211; L\u00e0m m\u1edbi b\u1ec1 m\u1eb7t ch\u1ee5p nh\u1ef1a, mica c\u1ee7a \u0111\u00e8n pha \u00f4 t\u00f4 v\u00e0 ph\u1ee5c h\u1ed3i b\u1ec1 m\u1eb7t nh\u01b0a \u0111\u00e8n pha \u00f4 t\u00f4.<br \/>\n&#8211; D\u1ec5 d\u00e0ng s\u1eed d\u1ee5ng. C\u00f3 th\u1ec3 d\u00f9ng \u0111\u1ec3 b\u1ea3o v\u1ec7 \u0111\u00e8n pha ngay c\u1ea3 khi \u0111\u00e8n pha v\u00e2n c\u00f2n \u0111ang trong. Tr\u00e1nh hi\u1ec7n t\u01b0\u1ee3ng m\u1edd \u0111\u1ee5c c\u1ee7a pha \u0111\u00e8n.<br \/>\n&#8211; S\u1eed d\u1ee5ng cho c\u1ea3 \u0111\u00e1nh b\u1eb1ng tay v\u00e0 b\u1eb1ng m\u00e1y.<br \/>\n&#8211; Lo\u1ea1i b\u1ecf c\u00e1c v\u1ebft tr\u1ea7y x\u01b0\u1edbc nh\u1ecf.<br \/>\n&#8211; D\u00f9ng cho c\u1ea3 \u0111\u00e8n tr\u01b0\u1edbc v\u00e0 sau xe \u00f4 t\u00f4.<br \/>\n&#8211; \u0110\u1ec3 \u0111\u1ea1t hi\u1ec7u qu\u1ea3 cao nh\u1ea5t ->  S\u1eed d\u1ee5ng v\u1edbi m\u00e1y \u0111\u00e1nh b\u00f3ng.<\/p>\n<p><> H\u01af\u1edaNG D\u1eaaN S\u1eec D\u1ee4NG:<br \/>\n&#8211; D\u00f9ng b\u1eb1ng tay: L\u1eafc chai tr\u01b0\u1edbc khi d\u00f9ng. M\u1edf n\u1eafp chai l\u1ea5y dung d\u1ecbch cho l\u00ean kh\u0103n s\u1ea1ch Sonax 416500 r\u1ed3i thoa m\u1ed9t l\u1edbp m\u1ecfng l\u00ean b\u1ec1 m\u1eb7t ch\u1ee5p \u0111\u00e8n pha. \u0110\u1ee3i m\u1ed9t l\u00fac cho bay h\u01a1i ho\u00e0n to\u00e0n. Thoa ti\u1ebfp m\u1ed9t l\u1edbp n\u1eefa c\u0169ng cho bay h\u01a1i r\u1ed3i lau l\u1ea1i nhi\u1ec1u l\u1ea7n b\u1eb1ng kh\u0103n lau Sonax 416200 cho \u0111\u1ebfn khi ch\u1ee5p \u0111\u00e8n trong tr\u1edf l\u1ea1i. \u0110\u1ec3 kh\u00f4 kho\u1ea3ng 1h trong th\u1eddi \u0111i\u1ec3m \u0111\u1ec3 kh\u00f4 kh\u00f4ng \u0111\u01b0\u1ee3c \u0111\u1ec3 b\u1ec1 m\u1eb7t b\u1ecb \u01b0\u1edbt.<br \/>\n&#8211; D\u00f9ng \u0111\u00e1nh b\u1eb1ng m\u00e1y: Che c\u00e1c vi\u1ec1n nh\u1ef1a ti\u1ebfp x\u00fac xung quanh \u0111\u00e8n pha. \u0110i\u1ec1u ch\u1ec9nh m\u00e1y \u0111\u00e1nh \u1edf t\u1ed1c \u0111\u1ed9 th\u1ea5p nh\u1ea5t. M\u1edf n\u1eafp chai b\u00f3p chai \u0111\u1ec3 l\u1ea5y dung d\u1ecbch cho l\u00ean mi\u1ebfng \u0111\u00e1nh ho\u1eb7c \u0111\u1ed5 tr\u1ef1c ti\u1ebfp l\u00ean ch\u1ee5p \u0111\u00e8n pha. \u0110\u01b0a m\u00e1y l\u00ean ch\u1ee5p \u0111\u00e8n pha t\u1ef3 v\u00e0 \u0111\u00e1nh \u0111\u1ec1u tr\u00ean to\u00e0n b\u1ed9 b\u1ec1 m\u1eb7t ch\u1ee5p kho\u1ea3ng 1 ph\u00fat l\u1ea1i ngh\u1ec9 m\u1ed9t l\u1ea7n tr\u00e1nh \u0111\u1ec3 l\u00e2u l\u00e0m n\u00f3ng b\u1ec1 m\u1eb7t nh\u1ef1a, phun l\u1edbp m\u1ecfng n\u01b0\u1edbc l\u00ean tr\u00ean pha l\u1ea1i \u0111\u01b0a m\u00e1y v\u00e0o \u0111\u00e1nh ti\u1ebfp. L\u00e0m nh\u01b0 v\u1eady sau m\u1ed9t v\u00e0i l\u1ea7n cho \u0111\u1ebfn khi pha \u0111\u00e8n trong tr\u1edf l\u1ea1i. K\u1ebft th\u00fac d\u00f9ng kh\u0103n kh\u00f4 s\u1ea1ch \u0111\u1ec3 lau s\u1ea1ch h\u00f3a ch\u1ea5t tr\u00ean b\u1ec1 m\u1eb7t \u0111\u00e8n pha.<\/p>\n<p>HIBU CENTER chuy\u00ean ph\u00e2n ph\u1ed1i s\u1ea3n ph\u1ea9m SONAX Ch\u00ednh H\u00e3ng \u2013 Uy T\u00edn \u2013 Ch\u1ea5t L\u01b0\u1ee3ng!!!<\/p>\n<p>#HIBUCENTER#SONAX#hibucenter#sonax#sonaxphuchoixoaxuocden#sonaxdanhbongden#xoaxuoc#danhbong#sonax276141#276141#ProfilineHeadlightPolish#ProfilineHeadlightPolish#<\/p>\n","protected":false},"excerpt":{"rendered":"<p>Dung d\u1ecbch ph\u1ee5c h\u1ed3i x\u00f3a x\u01b0\u1edbc v\u00e0 \u0111\u00e1nh b\u00f3ng \u0111\u00e8n xe SONAX Profiline Headlight Polish 250ml TH\u00d4NG TIN S\u1ea2N PH\u1ea8M: &#8211; M\u00e3 s\u1ea3n ph\u1ea9m: 276141 &#8211; Dung t\u00edch: 250ml &#8211; C\u00f4ng d\u1ee5ng: D\u00f9ng \u0111\u1ec3 ph\u1ee5c h\u1ed3i x\u00f3a x\u01b0\u1edbc v\u00e0 \u0111\u00e1nh b\u00f3ng \u0111\u00e8n xe &#8211; Th\u01b0\u01a1ng hi\u1ec7u: Sonax &#8211; Xu\u1ea5t x\u1ee9: \u0110\u1ee9c \u0110\u1eb6C \u0110I\u1ec2M S\u1ea2N XU\u1ea4T:&hellip;<\/p>\n","protected":false},"featured_media":8068,"comment_status":"closed","ping_status":"open","template":"","meta":[],"product_cat":[118],"product_tag":[188],"class_list":{"0":"post-8066","1":"product","2":"type-product","3":"status-publish","4":"has-post-thumbnail","6":"product_brand-sonax","7":"product_cat-dung-dich-phu-gia-dau-nhon","8":"product_tag-sonax","10":"first","11":"instock","12":"purchasable","13":"product-type-simple","14":"col-xs-6 col-sm-4","15":"col-md-3 col-lg-3","16":"un-4-cols"},"_links":{"self":[{"href":"https:\/\/hibucenter.com\/index.php\/wp-json\/wp\/v2\/product\/8066","targetHints":{"allow":["GET"]}}],"collection":[{"href":"https:\/\/hibucenter.com\/index.php\/wp-json\/wp\/v2\/product"}],"about":[{"href":"https:\/\/hibucenter.com\/index.php\/wp-json\/wp\/v2\/types\/product"}],"replies":[{"embeddable":true,"href":"https:\/\/hibucenter.com\/index.php\/wp-json\/wp\/v2\/comments?post=8066"}],"version-history":[{"count":1,"href":"https:\/\/hibucenter.com\/index.php\/wp-json\/wp\/v2\/product\/8066\/revisions"}],"predecessor-version":[{"id":8067,"href":"https:\/\/hibucenter.com\/index.php\/wp-json\/wp\/v2\/product\/8066\/revisions\/8067"}],"wp:featuredmedia":[{"embeddable":true,"href":"https:\/\/hibucenter.com\/index.php\/wp-json\/wp\/v2\/media\/8068"}],"wp:attachment":[{"href":"https:\/\/hibucenter.com\/index.php\/wp-json\/wp\/v2\/media?parent=8066"}],"wp:term":[{"taxonomy":"product_cat","embeddable":true,"href":"https:\/\/hibucenter.com\/index.php\/wp-json\/wp\/v2\/product_cat?post=8066"},{"taxonomy":"product_tag","embeddable":true,"href":"https:\/\/hibucenter.com\/index.php\/wp-json\/wp\/v2\/product_tag?post=8066"}],"curies":[{"name":"wp","href":"https:\/\/api.w.org\/{rel}","templated":true}]}}