{"id":8052,"date":"2025-05-16T11:37:17","date_gmt":"2025-05-16T04:37:17","guid":{"rendered":"https:\/\/hibucenter.com\/index.php\/dung-dich-lam-sach-khoang-noi-that-xe-co-khu-mui-sonax-xtreme-interior-cleaner-221241-500ml\/"},"modified":"2025-05-23T11:11:04","modified_gmt":"2025-05-23T04:11:04","slug":"dung-dich-lam-sach-khoang-noi-that-xe-co-khu-mui-sonax-xtreme-interior-cleaner-221241-500ml","status":"publish","type":"product","link":"https:\/\/hibucenter.com\/index.php\/dung-dich-lam-sach-khoang-noi-that-xe-co-khu-mui-sonax-xtreme-interior-cleaner-221241-500ml\/","title":{"rendered":"Dung D\u1ecbch L\u00e0m S\u1ea1ch Khoang N\u1ed9i Th\u1ea5t Xe C\u00f3 Kh\u1eed M\u00f9i SONAX Xtreme Interior Cleaner 221241 500ml"},"content":{"rendered":"<p>Dung D\u1ecbch L\u00e0m S\u1ea1ch Khoang N\u1ed9i Th\u1ea5t Xe C\u00f3 Kh\u1eed M\u00f9i SONAX Xtreme Interior Cleaner 221241 500ml \u2013 HIBUCENTER <\/p>\n<p> TH\u00d4NG TIN S\u1ea2N PH\u1ea8M<br \/>\n&#8211; Th\u01b0\u01a1ng hi\u1ec7u: Sonax<br \/>\n&#8211; Xu\u1ea5t x\u1ee9 : \u0110\u1ee9c<br \/>\n&#8211; M\u00e3 s\u1ea3n ph\u1ea9m: 221241<br \/>\n&#8211; Dung t\u00edch: 500ml<br \/>\nhttps:\/\/cf.shopee.vn\/file\/vn-11134208-7r98o-lyzybe0apetp23<br \/>\n M\u00d4 T\u1ea2 S\u1ea2N PH\u1ea8M:<br \/>\n&#8211; SONAX Xtreme Interior Cleaner 221241 500ml l\u00e0 s\u1ef1 k\u1ebft h\u1ee3p l\u00e0m s\u1ea1ch n\u1ed9i th\u1ea5t v\u00e0 kh\u1eed m\u00f9i.<br \/>\n&#8211; T\u00e1c d\u1ee5ng nhanh ch\u00f3ng, hi\u1ec7u qu\u1ea3 &#8211;  kh\u1ea3 n\u0103ng th\u1ea5m s\u00e2u v\u00e0 \u0111\u00e1nh bay c\u00e1c v\u1ebft b\u1ea9n c\u1ee9ng \u0111\u1ea7u ra kh\u1ecfi b\u1ec1 m\u1eb7t n\u1ed9i th\u1ea5t xe, nh\u01b0 nh\u1ef1a n\u1ed9i th\u1ea5t, gh\u1ebf v\u1ea3i, n\u1ec9, gh\u1ebf ng\u1ed3i b\u1ecdc da, tr\u1ea7n n\u1ec9, m\u00e1i l\u00f3t xe, th\u1ea3m s\u00e0n xe, th\u1ea3m ch\u00e2n n\u1ed9i th\u1ea5t gia \u0111\u00ecnh.<br \/>\n&#8211; Kh\u1ea3 n\u0103ng kh\u1eed m\u00f9i c\u1ee7a Sonax Xtreme l\u00e0m trung h\u00f2a, lo\u1ea1i b\u1ecf c\u00e1c m\u00f9i thu\u1ed1c l\u00e1, m\u00f9i v\u1eadt nu\u00f4i, v\u00e0 c\u00e1c m\u00f9i kh\u00f3 ch\u1ecbu kh\u00e1c, m\u00f9i th\u01a1m m\u00e1t d\u1ec5 d\u1ecbu l\u00e2u d\u00e0i, d\u00f9ng cho xe \u00f4t\u00f4, c\u00e1c v\u0103n ph\u00f2ng l\u00e0m vi\u1ec7c, v\u00e0 ph\u00f2ng \u1edf, \u2026<br \/>\nhttps:\/\/cf.shopee.vn\/file\/vn-11134208-7r98o-lyzybe0aqte5f2<\/p>\n<p> H\u01af\u1edaNG D\u1eaaN S\u1eec D\u1ee4NG:<br \/>\n&#8211;  Xoay \u0111\u1ea7u phun 180\u00b0 \u0111\u1ec3 m\u1edf kh\u00f3a \u0111\u1ea7u phun.<br \/>\n&#8211;  X\u1ecbt tr\u1ef1c ti\u1ebfp v\u00e0o khu v\u1ef1c c\u1ea7n x\u1eeda l\u00fd, sau \u0111\u00f3 l\u00e0m s\u1ea1ch b\u1ec1 m\u1eb7t \u0111\u00e3 phun dung d\u1ecbch v\u1edbi kh\u0103n m\u1ec1m ho\u1eb7c b\u00e0n ch\u1ea3i l\u00f4ng.<br \/>\n&#8211;  Lau l\u1ea1i v\u1edbi kh\u0103n s\u1ea1ch, m\u1ec1m v\u00e0 l\u00e0m kh\u00f4 b\u1ec1 m\u1eb7t \u0111\u00e3 x\u1eed l\u00fd.<\/p>\n<p>>> L\u01b0u \u00fd: \u0110\u1ec3 b\u1ec1 m\u1eb7t \u0111\u1ec1u m\u00e0u g\u1eefa khu v\u1ef1c s\u1ea1ch v\u00e0 kh\u00f4ng s\u1ea1ch, lu\u00f4n phun h\u1ebft t\u1ea5t c\u1ea3 b\u1ec1 m\u1eb7t c\u1ea7n x\u1eed l\u00fd (v\u00ed d\u1ee5: phun \u0111\u1ec1u c\u1ea3 gh\u1ebf)<\/p>\n<p>HIBUCENTER cam k\u1ebft b\u00e1n t\u1ea5t c\u1ea3 c\u00e1c s\u1ea3n ph\u1ea9m c\u1ee7a SONAX Ch\u00ednh H\u00e3ng \u2013 Uy T\u00edn \u2013 Ch\u1ea5t L\u01b0\u1ee3ng!!!!<\/p>\n<p>#Ve_sinh_noi_that_sonax#khu_mui_sonax#sonax_221241#sonax_xtreme_Interior_cleaner<\/p>\n","protected":false},"excerpt":{"rendered":"<p>Dung D\u1ecbch L\u00e0m S\u1ea1ch Khoang N\u1ed9i Th\u1ea5t Xe C\u00f3 Kh\u1eed M\u00f9i SONAX Xtreme Interior Cleaner 221241 500ml \u2013 HIBUCENTER TH\u00d4NG TIN S\u1ea2N PH\u1ea8M &#8211; Th\u01b0\u01a1ng hi\u1ec7u: Sonax &#8211; Xu\u1ea5t x\u1ee9 : \u0110\u1ee9c &#8211; M\u00e3 s\u1ea3n ph\u1ea9m: 221241 &#8211; Dung t\u00edch: 500ml https:\/\/cf.shopee.vn\/file\/vn-11134208-7r98o-lyzybe0apetp23 M\u00d4 T\u1ea2 S\u1ea2N PH\u1ea8M: &#8211; SONAX Xtreme Interior Cleaner 221241 500ml l\u00e0 s\u1ef1&hellip;<\/p>\n","protected":false},"featured_media":8056,"comment_status":"closed","ping_status":"open","template":"","meta":[],"product_cat":[118],"product_tag":[188],"class_list":{"0":"post-8052","1":"product","2":"type-product","3":"status-publish","4":"has-post-thumbnail","6":"product_brand-sonax","7":"product_cat-dung-dich-phu-gia-dau-nhon","8":"product_tag-sonax","10":"first","11":"instock","12":"purchasable","13":"product-type-simple","14":"col-xs-6 col-sm-4","15":"col-md-3 col-lg-3","16":"un-4-cols"},"_links":{"self":[{"href":"https:\/\/hibucenter.com\/index.php\/wp-json\/wp\/v2\/product\/8052","targetHints":{"allow":["GET"]}}],"collection":[{"href":"https:\/\/hibucenter.com\/index.php\/wp-json\/wp\/v2\/product"}],"about":[{"href":"https:\/\/hibucenter.com\/index.php\/wp-json\/wp\/v2\/types\/product"}],"replies":[{"embeddable":true,"href":"https:\/\/hibucenter.com\/index.php\/wp-json\/wp\/v2\/comments?post=8052"}],"version-history":[{"count":1,"href":"https:\/\/hibucenter.com\/index.php\/wp-json\/wp\/v2\/product\/8052\/revisions"}],"predecessor-version":[{"id":8055,"href":"https:\/\/hibucenter.com\/index.php\/wp-json\/wp\/v2\/product\/8052\/revisions\/8055"}],"wp:featuredmedia":[{"embeddable":true,"href":"https:\/\/hibucenter.com\/index.php\/wp-json\/wp\/v2\/media\/8056"}],"wp:attachment":[{"href":"https:\/\/hibucenter.com\/index.php\/wp-json\/wp\/v2\/media?parent=8052"}],"wp:term":[{"taxonomy":"product_cat","embeddable":true,"href":"https:\/\/hibucenter.com\/index.php\/wp-json\/wp\/v2\/product_cat?post=8052"},{"taxonomy":"product_tag","embeddable":true,"href":"https:\/\/hibucenter.com\/index.php\/wp-json\/wp\/v2\/product_tag?post=8052"}],"curies":[{"name":"wp","href":"https:\/\/api.w.org\/{rel}","templated":true}]}}