{"id":8009,"date":"2025-05-16T10:50:05","date_gmt":"2025-05-16T03:50:05","guid":{"rendered":"https:\/\/hibucenter.com\/index.php\/gel-lam-bong-va-bao-ve-vo-lop-xe-sonax-xtreme-tyre-gloss-gel-500ml-235241-hibucenter\/"},"modified":"2025-05-23T11:11:04","modified_gmt":"2025-05-23T04:11:04","slug":"gel-lam-bong-va-bao-ve-vo-lop-xe-sonax-xtreme-tyre-gloss-gel-500ml-235241-hibucenter","status":"publish","type":"product","link":"https:\/\/hibucenter.com\/index.php\/gel-lam-bong-va-bao-ve-vo-lop-xe-sonax-xtreme-tyre-gloss-gel-500ml-235241-hibucenter\/","title":{"rendered":"Gel L\u00e0m B\u00f3ng V\u00e0 B\u1ea3o V\u1ec7 V\u1ecf L\u1ed1p Xe SONAX Xtreme Tyre Gloss Gel 500ml 235241 | HIBUCENTER"},"content":{"rendered":"<p>Gel L\u00e0m B\u00f3ng V\u00e0 B\u1ea3o V\u1ec7 V\u1ecf L\u1ed1p Xe SONAX Xtreme Tyre Gloss Gel 500ml 235241 | HIBUCENTER<\/p>\n<p><> TH\u00d4NG TIN S\u1ea2N PH\u1ea8M:<br \/>\n&#8211; Th\u01b0\u01a1ng hi\u1ec7u: Sonax<br \/>\n&#8211; Xu\u1ea5t x\u1ee9: \u0110\u1ee9c<br \/>\n&#8211; M\u00e3 s\u1ea3n ph\u1ea9m: 235241<br \/>\n&#8211; Dung t\u00edch: 500ml<br \/>\n&#8211; C\u00f4ng d\u1ee5ng:  D\u00f9ng \u0111\u1ec3 l\u00e0m b\u00f3ng v\u00e0 b\u1ea3o v\u1ec7 v\u1ecf l\u1ed1p xe<\/p>\n<p>https:\/\/cf.shopee.vn\/file\/vn-11134208-7r98o-lyzybe0axu8d69<\/p>\n<p><> \u0110\u1eb6C \u0110I\u1ec2M S\u1ea2N PH\u1ea8M:<br \/>\n&#8211; L\u00e0m b\u00f3ng b\u00e1nh xe v\u00e0 ch\u0103m s\u00f3c m\u1ed9t c\u00e1ch nh\u1eb9 nh\u00e0ng cho l\u1ed1p.<br \/>\n&#8211; L\u00e0m \u01b0\u1edbt b\u00f3ng l\u1ed1p m\u00e0u \u0111en th\u1ea9m th\u1ea5u s\u00e2u.<br \/>\n&#8211; C\u00f4ng th\u1ee9c \u0111\u1ed5i m\u1edbi gel gi\u1eef g\u00ecn v\u00e0 b\u1ea3o v\u1ec7 cao su ch\u1ed1ng n\u1ee9t v\u00e0 phai m\u00e0u.<br \/>\n&#8211; T\u1ea1o l\u00ean v\u1ebb \u0111en s\u00e2u b\u00f3ng m\u01b0\u1ee3t, s\u00e1ng b\u00f3ng tr\u00ean t\u1ea5t c\u1ea3 c\u00e1c lo\u1ea1i l\u1ed1p xe.<br \/>\n&#8211; B\u1ea3o v\u1ec7 ch\u1ed1ng l\u00e3o h\u00f3a cao su, ch\u1ed1ng b\u1ea1c m\u00e0u do th\u1eddi ti\u1ebft.<br \/>\n&#8211; D\u00f9ng k\u00e8m v\u1edbi mi\u1ebfng b\u1ecdt bi\u1ec3n \u0111\u1eb7c bi\u1ec7t s\u1ebd d\u1ec5 d\u00e0ng v\u00e0 th\u1eadm ch\u00ed d\u00f9ng cho c\u00e1c \u1ee9ng d\u1ee5ng kh\u00e1c m\u00e0 kh\u00f4ng g\u00e2y l\u00e3ng ph\u00ed s\u1ea3n ph\u1ea9m v\u00e0 g\u00e2y ra c\u00e1c v\u1ebft b\u1ea9n tr\u00ean v\u00e0nh b\u00e1nh xe, s\u01a1n v\u00e0 s\u00e0n.<br \/>\n&#8211; Ch\u1ed1ng r\u1ea1n n\u1ee9t, ch\u1ed1ng phai m\u1ea7u, tr\u00e1nh b\u1ea9n cho l\u1ed1p th\u1eddi gian gi\u1eef l\u00e2u k\u00e9o d\u00e0i \u0111\u1ebfn v\u00e0i tu\u1ea7n. S\u1ea3n ph\u1ea9m s\u1eed d\u1ee5ng cho \u00edt nh\u1ea5t 50 l\u1ed1p xe. C\u00f3 th\u1ec3 s\u1eed d\u1ee5ng ph\u1ee7 s\u01a1n v\u00e0nh xe v\u00e0 s\u00e0n.<br \/>\n&#8211; T\u00e1c d\u1ee5ng c\u1ee7a s\u1ea3n ph\u1ea9m c\u00f3 th\u1ec3 k\u00e9o d\u00e0i trong v\u00e0i tu\u1ea7n.<\/p>\n<p>https:\/\/cf.shopee.vn\/file\/vn-11134208-7r98o-lyzybe0av13ha9<\/p>\n<p><> H\u01af\u1edaNG D\u1eaaN S\u1eec D\u1ee4NG:<br \/>\n&#8211; R\u1eeda s\u1ea1ch l\u1ed1p xe<br \/>\n&#8211; Thoa m\u1ed9t l\u1edbp gel kho\u1ea3ng 5cm l\u00ean mousse<br \/>\n&#8211; D\u00f9ng mi\u1ebfng mousse m\u1ec1m xoa \u0111\u1ec1u theo \u0111\u01b0\u1eddng cong c\u1ee7a l\u1ed1p xe<br \/>\n&#8211; L\u00e0m \u0111\u1ec1u cho to\u00e0n b\u1ed9 l\u1ed1p xe.<\/p>\n<p>HIBU CENTER chuy\u00ean ph\u00e2n ph\u1ed1i s\u1ea3n ph\u1ea9m SONAX Ch\u00ednh H\u00e3ng \u2013 Uy T\u00edn \u2013 Ch\u1ea5t L\u01b0\u1ee3ng!!!<\/p>\n<p>#Duong_lop_sonax_235241#Bao_duong_lop_xe_sonax#lam_bong_lop_sonax#hibucenter<\/p>\n","protected":false},"excerpt":{"rendered":"<p>Gel L\u00e0m B\u00f3ng V\u00e0 B\u1ea3o V\u1ec7 V\u1ecf L\u1ed1p Xe SONAX Xtreme Tyre Gloss Gel 500ml 235241 | HIBUCENTER TH\u00d4NG TIN S\u1ea2N PH\u1ea8M: &#8211; Th\u01b0\u01a1ng hi\u1ec7u: Sonax &#8211; Xu\u1ea5t x\u1ee9: \u0110\u1ee9c &#8211; M\u00e3 s\u1ea3n ph\u1ea9m: 235241 &#8211; Dung t\u00edch: 500ml &#8211; C\u00f4ng d\u1ee5ng: D\u00f9ng \u0111\u1ec3 l\u00e0m b\u00f3ng v\u00e0 b\u1ea3o v\u1ec7 v\u1ecf l\u1ed1p xe https:\/\/cf.shopee.vn\/file\/vn-11134208-7r98o-lyzybe0axu8d69 \u0110\u1eb6C \u0110I\u1ec2M&hellip;<\/p>\n","protected":false},"featured_media":8013,"comment_status":"closed","ping_status":"open","template":"","meta":[],"product_cat":[118],"product_tag":[188],"class_list":{"0":"post-8009","1":"product","2":"type-product","3":"status-publish","4":"has-post-thumbnail","6":"product_brand-sonax","7":"product_cat-dung-dich-phu-gia-dau-nhon","8":"product_tag-sonax","10":"first","11":"instock","12":"purchasable","13":"product-type-simple","14":"col-xs-6 col-sm-4","15":"col-md-3 col-lg-3","16":"un-4-cols"},"_links":{"self":[{"href":"https:\/\/hibucenter.com\/index.php\/wp-json\/wp\/v2\/product\/8009","targetHints":{"allow":["GET"]}}],"collection":[{"href":"https:\/\/hibucenter.com\/index.php\/wp-json\/wp\/v2\/product"}],"about":[{"href":"https:\/\/hibucenter.com\/index.php\/wp-json\/wp\/v2\/types\/product"}],"replies":[{"embeddable":true,"href":"https:\/\/hibucenter.com\/index.php\/wp-json\/wp\/v2\/comments?post=8009"}],"version-history":[{"count":1,"href":"https:\/\/hibucenter.com\/index.php\/wp-json\/wp\/v2\/product\/8009\/revisions"}],"predecessor-version":[{"id":8012,"href":"https:\/\/hibucenter.com\/index.php\/wp-json\/wp\/v2\/product\/8009\/revisions\/8012"}],"wp:featuredmedia":[{"embeddable":true,"href":"https:\/\/hibucenter.com\/index.php\/wp-json\/wp\/v2\/media\/8013"}],"wp:attachment":[{"href":"https:\/\/hibucenter.com\/index.php\/wp-json\/wp\/v2\/media?parent=8009"}],"wp:term":[{"taxonomy":"product_cat","embeddable":true,"href":"https:\/\/hibucenter.com\/index.php\/wp-json\/wp\/v2\/product_cat?post=8009"},{"taxonomy":"product_tag","embeddable":true,"href":"https:\/\/hibucenter.com\/index.php\/wp-json\/wp\/v2\/product_tag?post=8009"}],"curies":[{"name":"wp","href":"https:\/\/api.w.org\/{rel}","templated":true}]}}