{"id":7980,"date":"2025-05-16T10:50:05","date_gmt":"2025-05-16T03:50:05","guid":{"rendered":"https:\/\/hibucenter.com\/index.php\/dung-dich-ve-sinh-lam-sach-mam-vanh-sonax-xtreme-wheel-cleaner-230200-500ml\/"},"modified":"2025-05-23T11:11:06","modified_gmt":"2025-05-23T04:11:06","slug":"dung-dich-ve-sinh-lam-sach-mam-vanh-sonax-xtreme-wheel-cleaner-230200-500ml","status":"publish","type":"product","link":"https:\/\/hibucenter.com\/index.php\/dung-dich-ve-sinh-lam-sach-mam-vanh-sonax-xtreme-wheel-cleaner-230200-500ml\/","title":{"rendered":"Dung D\u1ecbch V\u1ec7 Sinh L\u00e0m S\u1ea1ch M\u00e2m V\u00e0nh SONAX XTREME Wheel Cleaner 230200 500ml"},"content":{"rendered":"<p>Dung D\u1ecbch V\u1ec7 Sinh L\u00e0m S\u1ea1ch M\u00e2m V\u00e0nh SONAX XTREME Wheel Cleaner 230200 500ml<\/p>\n<p><> TH\u00d4NG TIN S\u1ea2N PH\u1ea8M:<br \/>\n&#8211; M\u00e3 s\u1ea3n ph\u1ea9m: 230200<br \/>\n&#8211; Dung t\u00edch: 500ml<br \/>\n&#8211; C\u00f4ng d\u1ee5ng: L\u00e0m s\u1ea1ch b\u1ee5i b\u1ea9n, ng\u0103n ch\u1eb7n s\u1ef1 t\u00edch t\u1ee5 c\u1ee7a b\u1ee5i b\u1ea9n c\u1ee9ng \u0111\u1ea7u, \u0111\u1eb7c bi\u1ec7t l\u00e0 b\u1ee5i phanh.<br \/>\n&#8211; Th\u01b0\u01a1ng hi\u1ec7u: Sonax<br \/>\n&#8211; Xu\u1ea5t x\u1ee9: \u0110\u1ee9c <\/p>\n<p><> \u0110\u1eb6C \u0110I\u1ec2M S\u1ea2N PH\u1ea8M:<br \/>\n&#8211; D\u1ec5 d\u00e0ng l\u00e0m s\u1ea1ch b\u1ee5i phanh, b\u1ee5i \u0111\u1ea5t, c\u00e1c v\u1ebft b\u1ea9n b\u00e1m tr\u00ean m\u00e2m xe<br \/>\n&#8211; L\u00e0m s\u1ea1ch b\u1ee5i b\u1ea9n, ng\u0103n ch\u1eb7n s\u1ef1 t\u00edch t\u1ee5 c\u1ee7a b\u1ee5i b\u1ea9n c\u1ee9ng \u0111\u1ea7u, l\u00e0m s\u1ea1ch b\u1ee5i phanh.<br \/>\n&#8211; \u0110\u1eb7c bi\u1ec7t: Kh\u00f4ng axit \u2013 Kh\u00f4ng \u0103n m\u00f2n \u2013 Kh\u00f4ng g\u00e2y h\u1ea1i cho v\u00e0nh m\u00e2m.<br \/>\n&#8211; Lo\u1ea1i b\u1ecf r\u1ec9 v\u00e0 b\u1ed9t s\u1eaft b\u00e1m t\u1eeb m\u00e1 phanh.<br \/>\n&#8211; Lo\u1ea1i b\u1ecf ti\u1ebfng k\u00eau c\u1ee7a phanh \u0111\u0129a<br \/>\n&#8211; S\u1eed d\u1ee5ng cho m\u1ecdi lo\u1ea1i h\u1ee3p kim \u0111\u00e3 xi b\u00f3ng v\u00e0 v\u00e0nh th\u00e9p m\u00e1 phanh.<\/p>\n<p><> H\u01af\u1edaNG D\u1eaaN S\u1eec D\u1ee4NG:<br \/>\n&#8211; Xoay \u0111\u1ea7u phun 180\u00b0 \u0111\u1ec3 m\u1edf kh\u00f3a \u0111\u1ea7u phun.<br \/>\n&#8211; T\u1eeb kho\u1ea3ng c\u00e1ch g\u1ea7n, phun \u0111\u1ec1u l\u00ean v\u00e0nh (m\u00e2m xe) \u01b0\u1edbt ho\u1eb7c kh\u00f4.<br \/>\n&#8211; \u0110\u1ec3 trong 3-5 ph\u00fat.<br \/>\n&#8211; Sau \u0111\u00f3 phun r\u1eeda l\u1ea1i b\u1eb1ng n\u01b0\u1edbc s\u1ea1ch.<\/p>\n<p>** L\u1ee2I \u00cdCH KHI MUA H\u00c0NG T\u1ea0I SHOP **<br \/>\n&#8211; H\u00e0ng C\u00f3 Ho\u00e1 \u0110\u01a1n VAT \u0110\u1ea7y \u0110\u1ee7<br \/>\n&#8211; C\u00f3 gi\u00e1 th\u01b0\u01a1ng m\u1ea1i khi \u0111\u1eb7t s\u1ed1 l\u01b0\u1ee3ng l\u1edbn<br \/>\n&#8211; H\u1ed7 tr\u1ee3 ph\u00ed v\u1eadn chuy\u1ec3n v\u00e0 t\u01b0 v\u1ea5n k\u0129 thu\u1eadt<\/p>\n<p>#hibucenter#sonax#manvanh#vesinhmamvanh#sonaxvesinhmamvanh#sonax230200#230200#sonaxFelgenReinigerPlus#<\/p>\n","protected":false},"excerpt":{"rendered":"<p>Dung D\u1ecbch V\u1ec7 Sinh L\u00e0m S\u1ea1ch M\u00e2m V\u00e0nh SONAX XTREME Wheel Cleaner 230200 500ml TH\u00d4NG TIN S\u1ea2N PH\u1ea8M: &#8211; M\u00e3 s\u1ea3n ph\u1ea9m: 230200 &#8211; Dung t\u00edch: 500ml &#8211; C\u00f4ng d\u1ee5ng: L\u00e0m s\u1ea1ch b\u1ee5i b\u1ea9n, ng\u0103n ch\u1eb7n s\u1ef1 t\u00edch t\u1ee5 c\u1ee7a b\u1ee5i b\u1ea9n c\u1ee9ng \u0111\u1ea7u, \u0111\u1eb7c bi\u1ec7t l\u00e0 b\u1ee5i phanh. &#8211; Th\u01b0\u01a1ng hi\u1ec7u: Sonax &#8211; Xu\u1ea5t&hellip;<\/p>\n","protected":false},"featured_media":7982,"comment_status":"closed","ping_status":"open","template":"","meta":[],"product_cat":[118],"product_tag":[188],"class_list":{"0":"post-7980","1":"product","2":"type-product","3":"status-publish","4":"has-post-thumbnail","6":"product_brand-sonax","7":"product_cat-dung-dich-phu-gia-dau-nhon","8":"product_tag-sonax","10":"first","11":"instock","12":"purchasable","13":"product-type-simple","14":"col-xs-6 col-sm-4","15":"col-md-3 col-lg-3","16":"un-4-cols"},"_links":{"self":[{"href":"https:\/\/hibucenter.com\/index.php\/wp-json\/wp\/v2\/product\/7980","targetHints":{"allow":["GET"]}}],"collection":[{"href":"https:\/\/hibucenter.com\/index.php\/wp-json\/wp\/v2\/product"}],"about":[{"href":"https:\/\/hibucenter.com\/index.php\/wp-json\/wp\/v2\/types\/product"}],"replies":[{"embeddable":true,"href":"https:\/\/hibucenter.com\/index.php\/wp-json\/wp\/v2\/comments?post=7980"}],"version-history":[{"count":1,"href":"https:\/\/hibucenter.com\/index.php\/wp-json\/wp\/v2\/product\/7980\/revisions"}],"predecessor-version":[{"id":7981,"href":"https:\/\/hibucenter.com\/index.php\/wp-json\/wp\/v2\/product\/7980\/revisions\/7981"}],"wp:featuredmedia":[{"embeddable":true,"href":"https:\/\/hibucenter.com\/index.php\/wp-json\/wp\/v2\/media\/7982"}],"wp:attachment":[{"href":"https:\/\/hibucenter.com\/index.php\/wp-json\/wp\/v2\/media?parent=7980"}],"wp:term":[{"taxonomy":"product_cat","embeddable":true,"href":"https:\/\/hibucenter.com\/index.php\/wp-json\/wp\/v2\/product_cat?post=7980"},{"taxonomy":"product_tag","embeddable":true,"href":"https:\/\/hibucenter.com\/index.php\/wp-json\/wp\/v2\/product_tag?post=7980"}],"curies":[{"name":"wp","href":"https:\/\/api.w.org\/{rel}","templated":true}]}}