{"id":7973,"date":"2025-05-16T10:50:05","date_gmt":"2025-05-16T03:50:05","guid":{"rendered":"https:\/\/hibucenter.com\/index.php\/goi-3-khan-lau-xe-sonax-450700-microfibre-cloth-ultrafine\/"},"modified":"2025-05-23T11:11:06","modified_gmt":"2025-05-23T04:11:06","slug":"goi-3-khan-lau-xe-sonax-450700-microfibre-cloth-ultrafine","status":"publish","type":"product","link":"https:\/\/hibucenter.com\/index.php\/goi-3-khan-lau-xe-sonax-450700-microfibre-cloth-ultrafine\/","title":{"rendered":"G\u00f3i 3 Kh\u0103n Lau Xe SONAX 450700 Microfibre Cloth Ultrafine"},"content":{"rendered":"<p>G\u00f3i 3 Kh\u0103n Lau Xe SONAX 450700 Microfibre Cloth Ultrafine<\/p>\n<p><> TH\u00d4NG TIN S\u1ea2N PH\u1ea8M:<br \/>\n&#8211; M\u00e3 s\u1ea3n ph\u1ea9m: 450700<br \/>\n&#8211; K\u00edch th\u01b0\u1edbc 40cm*40cm<br \/>\n&#8211; \u0110\u00f3ng g\u00f3i t\u00fai 3 chi\u1ebfc<br \/>\n&#8211; Ch\u1ea5t li\u1ec7u: S\u1ee3i microfibre si\u00eau m\u1ec1m<br \/>\n&#8211; C\u00f4ng d\u1ee5ng: chuy\u00ean d\u00f9ng lau xe \u00f4 t\u00f4 \u0111a n\u0103ng, s\u1eed d\u1ee5ng cho c\u1ea3 ngo\u1ea1i th\u1ea5t v\u00e0 n\u1ed9i th\u1ea5t c\u1ee7a xe.<br \/>\n&#8211; Th\u01b0\u01a1ng hi\u1ec7u: Sonax<br \/>\n&#8211; Xu\u1ea5t x\u1ee9: \u0110\u1ee9c<\/p>\n<p><> \u0110\u1eb6C \u0110I\u1ec2M S\u1ea2N PH\u1ea8M:<br \/>\n&#8211; \u0110\u01b0\u1ee3c s\u1eed d\u1ee5ng trong nh\u1eefng c\u00f4ng \u0111o\u1ea1n \u0111\u00f2i h\u1ecfi s\u1ef1 t\u1ec9 m\u1ec9 v\u00e0 hi\u1ec7u qu\u1ea3 cao nh\u01b0 lau d\u1ecdn th\u1ea5m h\u00fat dung d\u1ecbch, keo, s\u00e1p,\u2026<br \/>\n&#8211; K\u1ebft h\u1ee3p v\u1edbi h\u00f3a ch\u1ea5t d\u00f9ng \u0111\u00e1nh b\u00f3ng tr\u00ean b\u1ec1 m\u1eb7t s\u01a1n l\u00e0m cho b\u1ec1 m\u1eb7t s\u01a1n s\u00e1ng b\u00f3ng.<br \/>\n&#8211; Kh\u00f4ng \u0111\u1ec3 l\u1ea1i d\u01b0 l\u01b0\u1ee3ng h\u00f3a ch\u1ea5t, kh\u00f4ng l\u00e0m tr\u1ea7y x\u01b0\u1edbc s\u01a1n, \u0111\u1ed9 b\u1ec1n s\u1eed d\u1ee5ng l\u00e2u.<br \/>\n&#8211; An to\u00e0n khi d\u00f9ng lau kh\u00f4, lau s\u00e1p \u0111\u00e1nh b\u00f3ng kh\u00f4ng g\u00e2y h\u1ea1i cho b\u1ec1 s\u01a1n.<br \/>\n&#8211; Chuy\u00ean nghi\u1ec7p cho c\u00e1c y\u00eau c\u1ea7u cao nh\u1ea5t trong vi\u1ec7c ch\u0103m s\u00f3c s\u01a1n<br \/>\n&#8211; Kh\u0103n lau xe cao c\u1ea5p, c\u1ea3m gi\u00e1c lau r\u1ea5t m\u1ec1m m\u1ecbn tho\u1ea3i m\u00e1i.<br \/>\n&#8211; Kh\u0103n si\u00eau m\u1ec1m m\u1ea1i v\u00e0 th\u1ea5m n\u01b0\u1edbc t\u1ed1t.<\/p>\n<p>** L\u1ee2I \u00cdCH KHI MUA H\u00c0NG T\u1ea0I SHOP **<br \/>\n&#8211; H\u00e0ng C\u00f3 Ho\u00e1 \u0110\u01a1n VAT \u0110\u1ea7y \u0110\u1ee7<br \/>\n&#8211; C\u00f3 gi\u00e1 th\u01b0\u01a1ng m\u1ea1i khi \u0111\u1eb7t s\u1ed1 l\u01b0\u1ee3ng l\u1edbn<br \/>\n&#8211; H\u1ed7 tr\u1ee3 ph\u00ed v\u1eadn chuy\u1ec3n v\u00e0 t\u01b0 v\u1ea5n k\u0129 thu\u1eadt<\/p>\n<p>#hibucenter#sonax#khanlauxesonax#khanlauxe#MicrofibreClothUltrafine#sonaxMicrofibreClothUltrafine#sonax450700#450700#<\/p>\n","protected":false},"excerpt":{"rendered":"<p>G\u00f3i 3 Kh\u0103n Lau Xe SONAX 450700 Microfibre Cloth Ultrafine TH\u00d4NG TIN S\u1ea2N PH\u1ea8M: &#8211; M\u00e3 s\u1ea3n ph\u1ea9m: 450700 &#8211; K\u00edch th\u01b0\u1edbc 40cm*40cm &#8211; \u0110\u00f3ng g\u00f3i t\u00fai 3 chi\u1ebfc &#8211; Ch\u1ea5t li\u1ec7u: S\u1ee3i microfibre si\u00eau m\u1ec1m &#8211; C\u00f4ng d\u1ee5ng: chuy\u00ean d\u00f9ng lau xe \u00f4 t\u00f4 \u0111a n\u0103ng, s\u1eed d\u1ee5ng cho c\u1ea3 ngo\u1ea1i th\u1ea5t v\u00e0 n\u1ed9i&hellip;<\/p>\n","protected":false},"featured_media":7975,"comment_status":"closed","ping_status":"open","template":"","meta":[],"product_cat":[118],"product_tag":[188],"class_list":{"0":"post-7973","1":"product","2":"type-product","3":"status-publish","4":"has-post-thumbnail","6":"product_brand-sonax","7":"product_cat-dung-dich-phu-gia-dau-nhon","8":"product_tag-sonax","10":"first","11":"instock","12":"purchasable","13":"product-type-simple","14":"col-xs-6 col-sm-4","15":"col-md-3 col-lg-3","16":"un-4-cols"},"_links":{"self":[{"href":"https:\/\/hibucenter.com\/index.php\/wp-json\/wp\/v2\/product\/7973","targetHints":{"allow":["GET"]}}],"collection":[{"href":"https:\/\/hibucenter.com\/index.php\/wp-json\/wp\/v2\/product"}],"about":[{"href":"https:\/\/hibucenter.com\/index.php\/wp-json\/wp\/v2\/types\/product"}],"replies":[{"embeddable":true,"href":"https:\/\/hibucenter.com\/index.php\/wp-json\/wp\/v2\/comments?post=7973"}],"version-history":[{"count":1,"href":"https:\/\/hibucenter.com\/index.php\/wp-json\/wp\/v2\/product\/7973\/revisions"}],"predecessor-version":[{"id":7974,"href":"https:\/\/hibucenter.com\/index.php\/wp-json\/wp\/v2\/product\/7973\/revisions\/7974"}],"wp:featuredmedia":[{"embeddable":true,"href":"https:\/\/hibucenter.com\/index.php\/wp-json\/wp\/v2\/media\/7975"}],"wp:attachment":[{"href":"https:\/\/hibucenter.com\/index.php\/wp-json\/wp\/v2\/media?parent=7973"}],"wp:term":[{"taxonomy":"product_cat","embeddable":true,"href":"https:\/\/hibucenter.com\/index.php\/wp-json\/wp\/v2\/product_cat?post=7973"},{"taxonomy":"product_tag","embeddable":true,"href":"https:\/\/hibucenter.com\/index.php\/wp-json\/wp\/v2\/product_tag?post=7973"}],"curies":[{"name":"wp","href":"https:\/\/api.w.org\/{rel}","templated":true}]}}