{"id":7928,"date":"2025-05-16T10:50:05","date_gmt":"2025-05-16T03:50:05","guid":{"rendered":"https:\/\/hibucenter.com\/index.php\/ve-sinh-va-bao-duong-nhua-noi-that-o-to-sonax-xtreme-cockpit-cleaner-500ml-283241\/"},"modified":"2025-05-23T11:11:06","modified_gmt":"2025-05-23T04:11:06","slug":"ve-sinh-va-bao-duong-nhua-noi-that-o-to-sonax-xtreme-cockpit-cleaner-500ml-283241","status":"publish","type":"product","link":"https:\/\/hibucenter.com\/index.php\/ve-sinh-va-bao-duong-nhua-noi-that-o-to-sonax-xtreme-cockpit-cleaner-500ml-283241\/","title":{"rendered":"V\u1ec7 Sinh V\u00e0 B\u1ea3o D\u01b0\u1ee1ng Nh\u1ef1a N\u1ed9i Th\u1ea5t \u00d4 T\u00f4 SONAX Xtreme Cockpit Cleaner 500ml 283241"},"content":{"rendered":"<p>V\u1ec7 Sinh V\u00e0 B\u1ea3o D\u01b0\u1ee1ng Nh\u1ef1a N\u1ed9i Th\u1ea5t \u00d4 T\u00f4 SONAX Xtreme Cockpit Cleaner 500ml<\/p>\n<p>&#8211; L\u00e0m s\u1ea1ch v\u00e0 b\u1ea3o v\u1ec7 t\u1ea5t c\u1ea3 c\u00e1c th\u00e0nh ph\u1ea7n nh\u1ef1a trong n\u1ed9i th\u1ea5t xe \u00f4 t\u00f4<br \/>\n&#8211; Th\u1ea9m th\u1ea5u s\u00e2u v\u00e0 b\u1ea3o v\u1ec7 b\u1ec1 m\u1eb7t nh\u1ef1a t\u1eeb b\u00ean trong, l\u00e0m s\u1ea1ch nh\u1ef1a taplo, nh\u1ef1a c\u1eeda xe, gh\u1ebf xe,&#8230;<br \/>\n&#8211; B\u1ea3o d\u01b0\u1ee1ng ch\u1ed1ng l\u00e3o h\u00f3a cho b\u1ec1 m\u1eb7t nh\u1ef1a, l\u00e0m s\u1ea1ch v\u00e0 b\u00f3ng tr\u00ean t\u1ea5t c\u1ea3 c\u00e1c b\u1ec1 m\u1eb7t nh\u1ef1a.<br \/>\n&#8211; Hi\u1ec7u qu\u1ea3 ch\u1ed1ng t\u0129nh \u0111i\u1ec7n, h\u1ea1n ch\u1ebf b\u00e1m b\u1ee5i, l\u00e0m t\u01b0\u01a1i m\u1edbi m\u00e0u s\u1eafc<br \/>\n&#8211; \u0110\u1ec3 l\u1ea1i m\u1ed9t m\u00f9i h\u01b0\u01a1ng th\u01a1m m\u00e1t d\u1ec5 ch\u1ecbu sau s\u1eed d\u1ee5ng<br \/>\n&#8211; Kh\u00f4ng ch\u1ee9a silicone &#038; dung m\u00f4<br \/>\n&#8212;&#8212;&#8212;&#8212;&#8212;&#8212;&#8212;&#8212;&#8212;&#8212;-<br \/>\n(*) C\u00e1ch S\u1eed D\u1ee5ng:<\/p>\n<p>&#8211; L\u1eafc \u0111\u1ec1u chai &#8220;Sonax 283241&#8221; tr\u01b0\u1edbc khi d\u00f9ng<br \/>\n&#8211; X\u1ecbt dung d\u1ecbch l\u00ean mi\u1ebfng m\u00fat b\u1ecdt bi\u1ec3n ho\u1eb7c kh\u0103n m\u1ec1m.<br \/>\n&#8211; Lau \u0111\u1ec1u l\u00ean b\u1ec1 m\u1eb7t nh\u1ef1a c\u1ea7n l\u00e0m s\u1ea1ch v\u00e0 b\u1ea3o d\u01b0\u1ee1ng<br \/>\n&#8212;&#8212;&#8212;&#8212;&#8212;&#8212;&#8212;&#8212;&#8212;&#8212;-<br \/>\n(+) L\u01b0u \u00fd: Ch\u1ec9 ph\u00f9 h\u1ee3p \u0111\u1ec3 s\u1eed d\u1ee5ng tr\u00ean b\u1ec1 m\u1eb7t nh\u1ef1a.<\/p>\n<p>#hibucenter #sonax #vesinhnoithatxeoto #baoduognnhua<\/p>\n","protected":false},"excerpt":{"rendered":"<p>V\u1ec7 Sinh V\u00e0 B\u1ea3o D\u01b0\u1ee1ng Nh\u1ef1a N\u1ed9i Th\u1ea5t \u00d4 T\u00f4 SONAX Xtreme Cockpit Cleaner 500ml &#8211; L\u00e0m s\u1ea1ch v\u00e0 b\u1ea3o v\u1ec7 t\u1ea5t c\u1ea3 c\u00e1c th\u00e0nh ph\u1ea7n nh\u1ef1a trong n\u1ed9i th\u1ea5t xe \u00f4 t\u00f4 &#8211; Th\u1ea9m th\u1ea5u s\u00e2u v\u00e0 b\u1ea3o v\u1ec7 b\u1ec1 m\u1eb7t nh\u1ef1a t\u1eeb b\u00ean trong, l\u00e0m s\u1ea1ch nh\u1ef1a taplo, nh\u1ef1a c\u1eeda xe, gh\u1ebf xe,&#8230;&hellip;<\/p>\n","protected":false},"featured_media":7930,"comment_status":"closed","ping_status":"open","template":"","meta":[],"product_cat":[118],"product_tag":[188],"class_list":{"0":"post-7928","1":"product","2":"type-product","3":"status-publish","4":"has-post-thumbnail","6":"product_brand-sonax","7":"product_cat-dung-dich-phu-gia-dau-nhon","8":"product_tag-sonax","10":"first","11":"instock","12":"purchasable","13":"product-type-simple","14":"col-xs-6 col-sm-4","15":"col-md-3 col-lg-3","16":"un-4-cols"},"_links":{"self":[{"href":"https:\/\/hibucenter.com\/index.php\/wp-json\/wp\/v2\/product\/7928","targetHints":{"allow":["GET"]}}],"collection":[{"href":"https:\/\/hibucenter.com\/index.php\/wp-json\/wp\/v2\/product"}],"about":[{"href":"https:\/\/hibucenter.com\/index.php\/wp-json\/wp\/v2\/types\/product"}],"replies":[{"embeddable":true,"href":"https:\/\/hibucenter.com\/index.php\/wp-json\/wp\/v2\/comments?post=7928"}],"version-history":[{"count":1,"href":"https:\/\/hibucenter.com\/index.php\/wp-json\/wp\/v2\/product\/7928\/revisions"}],"predecessor-version":[{"id":7929,"href":"https:\/\/hibucenter.com\/index.php\/wp-json\/wp\/v2\/product\/7928\/revisions\/7929"}],"wp:featuredmedia":[{"embeddable":true,"href":"https:\/\/hibucenter.com\/index.php\/wp-json\/wp\/v2\/media\/7930"}],"wp:attachment":[{"href":"https:\/\/hibucenter.com\/index.php\/wp-json\/wp\/v2\/media?parent=7928"}],"wp:term":[{"taxonomy":"product_cat","embeddable":true,"href":"https:\/\/hibucenter.com\/index.php\/wp-json\/wp\/v2\/product_cat?post=7928"},{"taxonomy":"product_tag","embeddable":true,"href":"https:\/\/hibucenter.com\/index.php\/wp-json\/wp\/v2\/product_tag?post=7928"}],"curies":[{"name":"wp","href":"https:\/\/api.w.org\/{rel}","templated":true}]}}