{"id":7919,"date":"2025-05-16T10:50:05","date_gmt":"2025-05-16T03:50:05","guid":{"rendered":"https:\/\/hibucenter.com\/index.php\/khu-mui-dieu-hoa-oto-dang-hoi-sonax-car-a-c-cleaner-ocean-fresh-100ml-323600\/"},"modified":"2025-05-23T11:11:06","modified_gmt":"2025-05-23T04:11:06","slug":"khu-mui-dieu-hoa-oto-dang-hoi-sonax-car-a-c-cleaner-ocean-fresh-100ml-323600","status":"publish","type":"product","link":"https:\/\/hibucenter.com\/index.php\/khu-mui-dieu-hoa-oto-dang-hoi-sonax-car-a-c-cleaner-ocean-fresh-100ml-323600\/","title":{"rendered":"Kh\u1eed M\u00f9i \u0110i\u1ec1u H\u00f2a \u00d4t\u00f4 D\u1ea1ng H\u01a1i SONAX Car A\/C Cleaner Ocean-fresh 100ml 323600"},"content":{"rendered":"<p>Kh\u1eed M\u00f9i \u0110i\u1ec1u H\u00f2a \u00d4t\u00f4 D\u1ea1ng H\u01a1i SONAX Car A\/C Cleaner Ocean-fresh 100ml 323600<\/p>\n<p>D\u00f9ng kh\u1eed m\u00f9i di\u1ec7t khu\u1ea9n trong h\u1ec7 th\u1ed1ng \u0111i\u1ec1u h\u00f2a, h\u1ec7 th\u1ed1ng th\u00f4ng gi\u00f3 v\u00e0 trong n\u1ed9i th\u1ea5t c\u1ee7a xe. <\/p>\n<p>https:\/\/cf.shopee.vn\/file\/vn-11134208-7r98o-ltup6q6val8qb0<br \/>\nhttps:\/\/cf.shopee.vn\/file\/vn-11134208-7r98o-ltup6q6vbzt611<\/p>\n<p>< >  H\u01b0\u1edbng D\u1eabn S\u1eed D\u1ee5ng<br \/>\n&#8211; L\u1eafc chai tr\u01b0\u1edbc khi d\u00f9ng.<br \/>\n&#8211; Kh\u1edfi \u0111\u1ed9ng \u0111\u1ed9ng c\u01a1.<br \/>\n&#8211; \u0110\u00f3ng to\u00e0n b\u1ed9 c\u1eeda k\u00ednh.<br \/>\n&#8211; B\u1eadt \u0111i\u1ec1u h\u00f2a \u1edf m\u1ee9c l\u1ea1nh t\u1ed1i \u0111a, \u0111\u1ec3 kh\u00f4ng kh\u00ed l\u01b0u th\u00f4ng. M\u1edf t\u1ea5t c\u1ea3 c\u00e1c khe th\u00f4ng gi\u00f3.<br \/>\n&#8211; \u0110\u1ea9y gh\u1ebf l\u00e1i ra tr\u01b0\u1edbc h\u1ebft c\u1ee1  v\u00e0 g\u1eadp xu\u1ed1ng t\u1ef1a l\u01b0ng.<br \/>\n&#8211; Gi\u1eef chai c\u00e1ch xa c\u01a1 th\u1ec3, gi\u1eef chai th\u1eb3ng sau \u0111\u00f3 nh\u1ea5n n\u00fat \u0111\u1ec3 m\u1edf \u0111\u1ea7u phun.<br \/>\n&#8211; \u0110\u1eb7t chai d\u1ef1ng th\u1eb3ng tr\u00ean s\u00e0n tr\u1ed1ng c\u1ee7a xe sau l\u01b0ng gh\u1ebf l\u00e1i.<br \/>\n&#8211; Ra kh\u1ecfi xe v\u00e0 \u0110\u00f3ng ch\u1eb7t c\u00e1c c\u1eeda.<br \/>\n&#8211; Sau 15 ph\u00fat t\u1eaft \u0111\u1ed9ng c\u01a1, m\u1edf t\u1ea5t c\u1ea3 c\u00e1c c\u1eeda v\u00e0 \u0111\u1ec3 kh\u00f4ng kh\u00ed tho\u00e1ng trong \u00edt nh\u1ea5t 10 ph\u00fat.<\/p>\n<p>\u26a0\u26a0\u26a0N\u00ean s\u1eed d\u1ee5ng 1 \u2013 3 th\u00e1ng \/ l\u1ea7n.<\/p>\n<p>#hibucenter #xitkhumui #sonax #khumuioto #xitkhumuioto<\/p>\n","protected":false},"excerpt":{"rendered":"<p>Kh\u1eed M\u00f9i \u0110i\u1ec1u H\u00f2a \u00d4t\u00f4 D\u1ea1ng H\u01a1i SONAX Car A\/C Cleaner Ocean-fresh 100ml 323600 D\u00f9ng kh\u1eed m\u00f9i di\u1ec7t khu\u1ea9n trong h\u1ec7 th\u1ed1ng \u0111i\u1ec1u h\u00f2a, h\u1ec7 th\u1ed1ng th\u00f4ng gi\u00f3 v\u00e0 trong n\u1ed9i th\u1ea5t c\u1ee7a xe. https:\/\/cf.shopee.vn\/file\/vn-11134208-7r98o-ltup6q6val8qb0 https:\/\/cf.shopee.vn\/file\/vn-11134208-7r98o-ltup6q6vbzt611 < > H\u01b0\u1edbng D\u1eabn S\u1eed D\u1ee5ng &#8211; L\u1eafc chai tr\u01b0\u1edbc khi d\u00f9ng. &#8211; Kh\u1edfi \u0111\u1ed9ng \u0111\u1ed9ng c\u01a1. &#8211; \u0110\u00f3ng&hellip;<\/p>\n","protected":false},"featured_media":7923,"comment_status":"closed","ping_status":"open","template":"","meta":[],"product_cat":[118],"product_tag":[188],"class_list":{"0":"post-7919","1":"product","2":"type-product","3":"status-publish","4":"has-post-thumbnail","6":"product_brand-sonax","7":"product_cat-dung-dich-phu-gia-dau-nhon","8":"product_tag-sonax","10":"first","11":"instock","12":"purchasable","13":"product-type-simple","14":"col-xs-6 col-sm-4","15":"col-md-3 col-lg-3","16":"un-4-cols"},"_links":{"self":[{"href":"https:\/\/hibucenter.com\/index.php\/wp-json\/wp\/v2\/product\/7919","targetHints":{"allow":["GET"]}}],"collection":[{"href":"https:\/\/hibucenter.com\/index.php\/wp-json\/wp\/v2\/product"}],"about":[{"href":"https:\/\/hibucenter.com\/index.php\/wp-json\/wp\/v2\/types\/product"}],"replies":[{"embeddable":true,"href":"https:\/\/hibucenter.com\/index.php\/wp-json\/wp\/v2\/comments?post=7919"}],"version-history":[{"count":1,"href":"https:\/\/hibucenter.com\/index.php\/wp-json\/wp\/v2\/product\/7919\/revisions"}],"predecessor-version":[{"id":7922,"href":"https:\/\/hibucenter.com\/index.php\/wp-json\/wp\/v2\/product\/7919\/revisions\/7922"}],"wp:featuredmedia":[{"embeddable":true,"href":"https:\/\/hibucenter.com\/index.php\/wp-json\/wp\/v2\/media\/7923"}],"wp:attachment":[{"href":"https:\/\/hibucenter.com\/index.php\/wp-json\/wp\/v2\/media?parent=7919"}],"wp:term":[{"taxonomy":"product_cat","embeddable":true,"href":"https:\/\/hibucenter.com\/index.php\/wp-json\/wp\/v2\/product_cat?post=7919"},{"taxonomy":"product_tag","embeddable":true,"href":"https:\/\/hibucenter.com\/index.php\/wp-json\/wp\/v2\/product_tag?post=7919"}],"curies":[{"name":"wp","href":"https:\/\/api.w.org\/{rel}","templated":true}]}}