{"id":7895,"date":"2025-05-16T10:50:05","date_gmt":"2025-05-16T03:50:05","guid":{"rendered":"https:\/\/hibucenter.com\/index.php\/dung-dich-danh-bong-son-xe-1-buoc-sonax-os-247300-1-lit-250ml-hibucenter\/"},"modified":"2025-05-23T11:11:07","modified_gmt":"2025-05-23T04:11:07","slug":"dung-dich-danh-bong-son-xe-1-buoc-sonax-os-247300-1-lit-250ml-hibucenter","status":"publish","type":"product","link":"https:\/\/hibucenter.com\/index.php\/dung-dich-danh-bong-son-xe-1-buoc-sonax-os-247300-1-lit-250ml-hibucenter\/","title":{"rendered":"Dung D\u1ecbch \u0110\u00e1nh B\u00f3ng S\u01a1n Xe 1 B\u01b0\u1edbc Sonax OS 247300 1 L\u00edt , 250ml | Hibucenter"},"content":{"rendered":"<p>Dung D\u1ecbch \u0110\u00e1nh B\u00f3ng S\u01a1n Xe 1 B\u01b0\u1edbc Sonax OS 247300 1 l\u00edt , 250ml<\/p>\n<p>**TH\u00d4NG TIN S\u1ea2N PH\u1ea8M :<br \/>\n-M\u00e3 s\u1ea3n ph\u1ea9m : SN247300 ; SN247141<br \/>\n&#8211; Xu\u1ea5t x\u1ee9 : \u0110\u1ee9c<br \/>\n&#8211; Dung t\u00edch: 1 l\u00edt. 250ml<\/p>\n<p>https:\/\/cf.shopee.vn\/file\/vn-11134208-7r98o-lpais9q4y3pq1f<\/p>\n<p>&#8211; Xi \u0111\u00e1nh b\u00f3ng x\u00f3a x\u01b0\u1edbc 1 b\u01b0\u1edbc SONAX OS 02-06 lo\u1ea1i b\u1ecf c\u00e1c v\u1ebft x\u01b0\u1edbc nh\u1eb9, t\u1ea1o \u0111\u1ed9 s\u00e1ng b\u00f3ng cao cho b\u1ec1 m\u1eb7t s\u01a1n xe. Gi\u00fap l\u1edbp s\u01a1n c\u1ef1c k\u1ef3 m\u1ecbn m\u00e0ng, ch\u1ed1ng b\u1ee5i b\u1ea9n v\u00e0 n\u01b0\u1edbc.<br \/>\n&#8211; X\u00f3a x\u01b0\u1edbc nh\u00e1m P3000, P3000+.<br \/>\n&#8211; X\u00f3a qu\u1ea7ng x\u01b0\u1edbc nh\u1eb9 \u0111\u1ed3ng th\u1eddi cung c\u1ea5p l\u1edbp ph\u1ee7 b\u1ea3o v\u1ec7, l\u00e0m b\u00f3ng s\u01a1n xe.<br \/>\n&#8211; Ph\u00f9 h\u1ee3p cho c\u1ea3 d\u00f9ng tay v\u00e0 m\u00e1y \u0111\u00e1nh b\u00f3ng (\u0111\u1ed3ng t\u00e2m, l\u1ec7ch t\u00e2m).<br \/>\n&#8211; S\u1eed d\u1ee5ng ph\u1edbt b\u01b0\u1edbc 2 ho\u1eb7c 3 khi \u0111\u00e1nh b\u00f3ng.<br \/>\n&#8211; C\u00f4ng ngh\u1ec7 \u00edt b\u1ee5i, g\u1ed1c n\u01b0\u1edbc, ch\u1ee9a sili.con.<\/p>\n<p>#sonax#danhbongxeoto#sonaxSSN247300_SN247141#hibucenter<\/p>\n","protected":false},"excerpt":{"rendered":"<p>Dung D\u1ecbch \u0110\u00e1nh B\u00f3ng S\u01a1n Xe 1 B\u01b0\u1edbc Sonax OS 247300 1 l\u00edt , 250ml **TH\u00d4NG TIN S\u1ea2N PH\u1ea8M : -M\u00e3 s\u1ea3n ph\u1ea9m : SN247300 ; SN247141 &#8211; Xu\u1ea5t x\u1ee9 : \u0110\u1ee9c &#8211; Dung t\u00edch: 1 l\u00edt. 250ml https:\/\/cf.shopee.vn\/file\/vn-11134208-7r98o-lpais9q4y3pq1f &#8211; Xi \u0111\u00e1nh b\u00f3ng x\u00f3a x\u01b0\u1edbc 1 b\u01b0\u1edbc SONAX OS 02-06 lo\u1ea1i b\u1ecf c\u00e1c v\u1ebft x\u01b0\u1edbc&hellip;<\/p>\n","protected":false},"featured_media":7898,"comment_status":"closed","ping_status":"open","template":"","meta":[],"product_cat":[118],"product_tag":[188],"class_list":{"0":"post-7895","1":"product","2":"type-product","3":"status-publish","4":"has-post-thumbnail","6":"product_brand-sonax","7":"product_cat-dung-dich-phu-gia-dau-nhon","8":"product_tag-sonax","10":"first","11":"instock","12":"purchasable","13":"product-type-simple","14":"col-xs-6 col-sm-4","15":"col-md-3 col-lg-3","16":"un-4-cols"},"_links":{"self":[{"href":"https:\/\/hibucenter.com\/index.php\/wp-json\/wp\/v2\/product\/7895","targetHints":{"allow":["GET"]}}],"collection":[{"href":"https:\/\/hibucenter.com\/index.php\/wp-json\/wp\/v2\/product"}],"about":[{"href":"https:\/\/hibucenter.com\/index.php\/wp-json\/wp\/v2\/types\/product"}],"replies":[{"embeddable":true,"href":"https:\/\/hibucenter.com\/index.php\/wp-json\/wp\/v2\/comments?post=7895"}],"version-history":[{"count":1,"href":"https:\/\/hibucenter.com\/index.php\/wp-json\/wp\/v2\/product\/7895\/revisions"}],"predecessor-version":[{"id":7897,"href":"https:\/\/hibucenter.com\/index.php\/wp-json\/wp\/v2\/product\/7895\/revisions\/7897"}],"wp:featuredmedia":[{"embeddable":true,"href":"https:\/\/hibucenter.com\/index.php\/wp-json\/wp\/v2\/media\/7898"}],"wp:attachment":[{"href":"https:\/\/hibucenter.com\/index.php\/wp-json\/wp\/v2\/media?parent=7895"}],"wp:term":[{"taxonomy":"product_cat","embeddable":true,"href":"https:\/\/hibucenter.com\/index.php\/wp-json\/wp\/v2\/product_cat?post=7895"},{"taxonomy":"product_tag","embeddable":true,"href":"https:\/\/hibucenter.com\/index.php\/wp-json\/wp\/v2\/product_tag?post=7895"}],"curies":[{"name":"wp","href":"https:\/\/api.w.org\/{rel}","templated":true}]}}