{"id":7887,"date":"2025-05-16T10:50:05","date_gmt":"2025-05-16T03:50:05","guid":{"rendered":"https:\/\/hibucenter.com\/index.php\/dung-dich-tay-rua-da-nang-sonax-multistar-627505-5-lit-hibucenter\/"},"modified":"2025-05-23T11:11:07","modified_gmt":"2025-05-23T04:11:07","slug":"dung-dich-tay-rua-da-nang-sonax-multistar-627505-5-lit-hibucenter","status":"publish","type":"product","link":"https:\/\/hibucenter.com\/index.php\/dung-dich-tay-rua-da-nang-sonax-multistar-627505-5-lit-hibucenter\/","title":{"rendered":"Dung D\u1ecbch T\u1ea9y R\u1eeda \u0110a N\u0103ng SONAX MULTISTAR 627505  5 L\u00edt | Hibucenter"},"content":{"rendered":"<p>Dung D\u1ecbch T\u1ea9y R\u1eeda \u0110a N\u0103ng SONAX 627505 MULTISTAR 5L<\/p>\n<p> TH\u00d4NG TIN S\u1ea2N PH\u1ea8M :<br \/>\n&#8211; Th\u01b0\u01a1ng hi\u1ec7u: SONAX<br \/>\n&#8211; Xu\u1ea5t x\u1ee9: \u0110\u1ee9c<br \/>\n&#8211; Tr\u1ecdng l\u01b0\u1ee3ng : 6Kg<br \/>\n&#8211; M\u00e3 s\u1ea3n ph\u1ea9m : 627505<br \/>\n&#8211; Dung t\u00edch: 5 l\u00edt<\/p>\n<p> M\u00d4 T\u1ea2 S\u1ea2N PH\u1ea8M:<br \/>\n&#8211; Ch\u1ea5t t\u1ea9y r\u1eeda \u0111a n\u0103ng kh\u00f4ng ch\u1ee9a NTA, c\u00f3 th\u1ec3 \u00e1p d\u1ee5ng tr\u00ean to\u00e0n b\u1ed9 c\u00e1c ph\u1ea7n tr\u00ean xe \u00f4 t\u00f4. S\u1ef1 k\u1ebft h\u1ee3p ch\u1ea5t ho\u1ea1t \u0111\u1ed9ng b\u1ec1 m\u1eb7t vi m\u00f4 \u0111\u1ea3m b\u1ea3o kh\u1ea3 n\u0103ng l\u00e0m s\u1ea1ch t\u1ed1i \u0111a v\u1edbi kh\u1ea3 n\u0103ng t\u01b0\u01a1ng th\u00edch v\u1eadt li\u1ec7u cao. \u0110\u1ed1i v\u1edbi t\u1ea5t c\u1ea3 c\u00e1c c\u00f4ng vi\u1ec7c v\u1ec7 sinh b\u00ean trong v\u00e0 b\u00ean ngo\u00e0i xe.<br \/>\n&#8211; S\u1eed d\u1ee5ng Sonax 627 cho nhi\u1ec1u nhu c\u1ea7u kh\u00e1c nhau nh\u01b0: r\u1eeda xe s\u01a1 b\u1ed9, r\u1eeda khoang \u0111\u1ed9ng c\u01a1, r\u1eeda v\u00e0nh m\u00e2m, v\u1ec7 sinh n\u1ed9i th\u1ea5t.<br \/>\n&#8211; C\u0169ng l\u00fd t\u01b0\u1edfng khi s\u1eed d\u1ee5ng \u0111\u1ec3 v\u1ec7 sinh trong nh\u00e0 v\u00e0 ph\u00f2ng.<br \/>\n&#8211; Kh\u00f4ng s\u1eed d\u1ee5ng s\u1ea3n ph\u1ea9m nguy\u00ean ch\u1ea5t!<br \/>\n&#8211; \u0110\u1ed1i v\u1edbi c\u00e1c thi\u1ebft b\u1ecb phun tia n\u01b0\u1edbc, n\u01b0\u1edbc n\u00f3ng v\u00e0 \u00e1p su\u1ea5t cao c\u0169ng nh\u01b0 s\u1eed d\u1ee5ng b\u1eb1ng tay.<br \/>\n&#8211; T\u00f9y thu\u1ed9c v\u00e0o m\u1ee9c \u0111\u1ed9 b\u1ea9n, pha lo\u00e3ng v\u1edbi n\u01b0\u1edbc v\u00e0 phun l\u00ean.<br \/>\n&#8211; N\u1ed3ng \u0111\u1ed9 \u1ee9ng d\u1ee5ng khuy\u1ebfn ngh\u1ecb: Tr\u00ean b\u1ec1 m\u1eb7t ch\u1eafc ch\u1eafn: 1:5 \u0111\u1ebfn 1:30, tr\u00ean b\u1ec1 m\u1eb7t nh\u1ea1y c\u1ea3m: 1:10 \u0111\u1ebfn 1:50.<\/p>\n<p>https:\/\/cf.shopee.vn\/file\/vn-11134208-7r98o-lpbllgcsvjh7d9<\/p>\n<p> H\u01af\u1edaNG D\u1eaaN S\u1eec D\u1ee4NG :<br \/>\n&#8211; Pha lo\u00e3ng dung d\u1ecbch \u0111\u1ec3 l\u00e0m s\u1ea1ch theo m\u1ee9c \u0111\u1ed9 b\u1ea9n nhi\u1ec1u \u00edt v\u00e0 tr\u00ean c\u00e1c b\u1ec1 m\u1eb7t v\u1eadt li\u1ec7u kh\u00e1c nhau.<br \/>\n+ T\u1ec9 l\u1ec7 pha:<br \/>\n&#8211; Tr\u00ean b\u1ec1 m\u1eb7t c\u1ee9ng: 1:5 \u0111\u1ebfn 1:30 (vd: b\u1ec1 m\u1eb7t s\u01a1n, m\u00e2m lazang, khoang m\u00e1y).<br \/>\n&#8211; Tr\u00ean b\u1ec1 m\u1eb7t nh\u1ea1y c\u1ea3m: 1:10 \u0111\u1ebfn 1:50 (vd: v\u1ec7 sinh n\u1ed9i th\u1ea5t).<br \/>\n&#8211; X\u1ecbt dung d\u1ecbch \u0111\u00e3 pha l\u00ean b\u1ec1 m\u1eb7t c\u1ea7n l\u00e0m s\u1ea1ch.<br \/>\n&#8211; \u0110\u1ec3 trong t\u1ed1i \u0111a 3 ph\u00fat.<br \/>\n&#8211; X\u1eed l\u00fd b\u1ee5i b\u1ea9n c\u1ee9ng \u0111\u1ea7u b\u1eb1ng mi\u1ebfng b\u1ecdt bi\u1ec3n, b\u00e0n ch\u1ea3i ho\u1eb7c ph\u1ee5 ki\u1ec7n v\u1ec7 sinh chuy\u00ean d\u1ee5ng.<br \/>\n&#8211; R\u1eeda k\u1ef9 l\u1ea1i b\u1eb1ng n\u01b0\u1edbc, \u0111\u1ed1i v\u1edbi c\u00e1c v\u1ecb tr\u00ed b\u00ean trong d\u00f9ng kh\u0103n lau s\u1ea1ch.<\/p>\n<p>#sonax#hibucenter#dungdichtayruadanang#SonaxSN627505<\/p>\n","protected":false},"excerpt":{"rendered":"<p>Dung D\u1ecbch T\u1ea9y R\u1eeda \u0110a N\u0103ng SONAX 627505 MULTISTAR 5L TH\u00d4NG TIN S\u1ea2N PH\u1ea8M : &#8211; Th\u01b0\u01a1ng hi\u1ec7u: SONAX &#8211; Xu\u1ea5t x\u1ee9: \u0110\u1ee9c &#8211; Tr\u1ecdng l\u01b0\u1ee3ng : 6Kg &#8211; M\u00e3 s\u1ea3n ph\u1ea9m : 627505 &#8211; Dung t\u00edch: 5 l\u00edt M\u00d4 T\u1ea2 S\u1ea2N PH\u1ea8M: &#8211; Ch\u1ea5t t\u1ea9y r\u1eeda \u0111a n\u0103ng kh\u00f4ng ch\u1ee9a NTA, c\u00f3 th\u1ec3 \u00e1p&hellip;<\/p>\n","protected":false},"featured_media":7890,"comment_status":"closed","ping_status":"open","template":"","meta":[],"product_cat":[118],"product_tag":[188],"class_list":{"0":"post-7887","1":"product","2":"type-product","3":"status-publish","4":"has-post-thumbnail","6":"product_brand-sonax","7":"product_cat-dung-dich-phu-gia-dau-nhon","8":"product_tag-sonax","10":"first","11":"instock","12":"purchasable","13":"product-type-simple","14":"col-xs-6 col-sm-4","15":"col-md-3 col-lg-3","16":"un-4-cols"},"_links":{"self":[{"href":"https:\/\/hibucenter.com\/index.php\/wp-json\/wp\/v2\/product\/7887","targetHints":{"allow":["GET"]}}],"collection":[{"href":"https:\/\/hibucenter.com\/index.php\/wp-json\/wp\/v2\/product"}],"about":[{"href":"https:\/\/hibucenter.com\/index.php\/wp-json\/wp\/v2\/types\/product"}],"replies":[{"embeddable":true,"href":"https:\/\/hibucenter.com\/index.php\/wp-json\/wp\/v2\/comments?post=7887"}],"version-history":[{"count":1,"href":"https:\/\/hibucenter.com\/index.php\/wp-json\/wp\/v2\/product\/7887\/revisions"}],"predecessor-version":[{"id":7889,"href":"https:\/\/hibucenter.com\/index.php\/wp-json\/wp\/v2\/product\/7887\/revisions\/7889"}],"wp:featuredmedia":[{"embeddable":true,"href":"https:\/\/hibucenter.com\/index.php\/wp-json\/wp\/v2\/media\/7890"}],"wp:attachment":[{"href":"https:\/\/hibucenter.com\/index.php\/wp-json\/wp\/v2\/media?parent=7887"}],"wp:term":[{"taxonomy":"product_cat","embeddable":true,"href":"https:\/\/hibucenter.com\/index.php\/wp-json\/wp\/v2\/product_cat?post=7887"},{"taxonomy":"product_tag","embeddable":true,"href":"https:\/\/hibucenter.com\/index.php\/wp-json\/wp\/v2\/product_tag?post=7887"}],"curies":[{"name":"wp","href":"https:\/\/api.w.org\/{rel}","templated":true}]}}