{"id":7872,"date":"2025-05-16T10:50:05","date_gmt":"2025-05-16T03:50:05","guid":{"rendered":"https:\/\/hibucenter.com\/index.php\/sap-thom-sonax-364041-kep-cua-gio-dieu-hoa-xe-oto-hibucenter\/"},"modified":"2025-05-23T11:11:07","modified_gmt":"2025-05-23T04:11:07","slug":"sap-thom-sonax-364041-kep-cua-gio-dieu-hoa-xe-oto-hibucenter","status":"publish","type":"product","link":"https:\/\/hibucenter.com\/index.php\/sap-thom-sonax-364041-kep-cua-gio-dieu-hoa-xe-oto-hibucenter\/","title":{"rendered":"S\u00e1p Th\u01a1m Sonax 364041 K\u1eb9p C\u1eeda Gi\u00f3 \u0110i\u1ec1u H\u00f2a Xe \u00d4t\u00f4 | Hibucenter"},"content":{"rendered":"<p>N\u01b0\u1edbc Hoa SONAX K\u1eb9p C\u1eeda Gi\u00f3 \u0110i\u1ec1u H\u00f2a Xe \u00d4t\u00f4<br \/>\nTH\u00d4NG TIN S\u1ea2N PH\u1ea8M :<br \/>\n&#8211; M\u00e3 s\u1ea3n ph\u1ea9m : 364061<br \/>\n&#8211; Mang l\u1ea1i h\u01b0\u01a1ng th\u01a1m t\u01b0\u01a1i m\u00e1t cho n\u1ed9i th\u1ea5t xe.<br \/>\n&#8211; \u0110\u1ea3m b\u1ea3o tr\u1ea3i nghi\u1ec7m h\u01b0\u01a1ng th\u01a1m m\u00e3nh li\u1ec7t, l\u00e2u d\u00e0i th\u00f4ng qua vi\u1ec7c s\u1eed d\u1ee5ng d\u1ea7u n\u01b0\u1edbc hoa ch\u1ea5t l\u01b0\u1ee3ng cao.<br \/>\n&#8211; D\u1ec5 d\u00e0ng g\u1eafn v\u00e0o l\u1ed7 th\u00f4ng h\u01a1i.<br \/>\n&#8211; Sonax Air Freshener Ocean-fresh mang l\u1ea1i h\u01b0\u01a1ng th\u01a1m t\u01b0\u01a1i m\u00e1t cho n\u1ed9i th\u1ea5t xe. Mang \u0111\u1ebfn tr\u1ea3i nghi\u1ec7m h\u01b0\u01a1ng th\u01a1m m\u00e1t d\u1ec5 ch\u1ecbu th\u00f4ng qua vi\u1ec7c s\u1eed d\u1ee5ng c\u00e1c lo\u1ea1i tinh d\u1ea7u n\u01b0\u1edbc hoa ch\u1ea5t l\u01b0\u1ee3ng cao.<br \/>\n&#8211; D\u1ec5 s\u1eed d\u1ee5ng, ch\u1ec9 c\u1ea7n l\u1ea5y ra v\u00e0 k\u1eb9p v\u00e0o thanh nh\u1ef1a khe c\u1eeda gi\u00f3 \u0111i\u1ec1u h\u00f2a trong xe \u00f4 t\u00f4.<br \/>\n&#8211; Th\u1eddi gian l\u01b0u h\u01b0\u01a1ng kho\u1ea3ng 1 th\u00e1ng.<br \/>\nhttps:\/\/cf.shopee.vn\/file\/vn-11134208-7r98o-lpais9q4tw0eec<\/p>\n<p>** \u01afu \u0111i\u1ec3m s\u1ea3n ph\u1ea9m<br \/>\n&#8211; Mang l\u1ea1i h\u01b0\u01a1ng th\u01a1m t\u01b0\u01a1i m\u00e1t cho n\u1ed9i th\u1ea5t xe<br \/>\n&#8211; S\u1eed d\u1ee5ng tinh d\u1ea7u n\u01b0\u1edbc hoa ch\u1ea5t l\u01b0\u1ee3ng cao mang l\u1ea1i tr\u1ea3i nghi\u1ec7m h\u01b0\u01a1ng th\u01a1m m\u00e3nh li\u1ec7t, l\u00e2u d\u00e0i<br \/>\n&#8211; D\u1ec5 d\u00e0ng g\u1eafn v\u00e0o l\u01b0\u1edbi t\u1ea3n nhi\u1ec7t th\u00f4ng gi\u00f3<br \/>\n&#8211; V\u1ec9 nh\u1ef1a l\u00e0m t\u1eeb 70% v\u1eadt li\u1ec7u t\u00e1i ch\u1ebf<br \/>\n&#8211; M\u00f9i h\u01b0\u01a1ng d\u1ec5 ch\u1ecbu tr\u00ean xe tr\u00ean 30 ng\u00e0y<br \/>\n&#8211; Kh\u00f4ng ch\u1ee9a ch\u1ea5t l\u1ecfng t\u1ea1o m\u00f9i th\u01a1m cho nh\u1ef1a<br \/>\n** L\u0129nh v\u1ef1c \u1ee9ng d\u1ee5ng<br \/>\n&#8211; Ch\u00e8n k\u1eb9p bu\u1ed9c v\u00e0o m\u1eb7t sau c\u1ee7a m\u00e1y l\u00e0m m\u00e1t kh\u00f4ng kh\u00ed v\u00e0 g\u1eafn n\u00f3 v\u00e0o l\u01b0\u1edbi th\u00f4ng gi\u00f3.<\/p>\n<p>#sonaxnuochoaxe#sonaxSN364061#nuochoaxe#khumui#hibucenter<\/p>\n","protected":false},"excerpt":{"rendered":"<p>N\u01b0\u1edbc Hoa SONAX K\u1eb9p C\u1eeda Gi\u00f3 \u0110i\u1ec1u H\u00f2a Xe \u00d4t\u00f4 TH\u00d4NG TIN S\u1ea2N PH\u1ea8M : &#8211; M\u00e3 s\u1ea3n ph\u1ea9m : 364061 &#8211; Mang l\u1ea1i h\u01b0\u01a1ng th\u01a1m t\u01b0\u01a1i m\u00e1t cho n\u1ed9i th\u1ea5t xe. &#8211; \u0110\u1ea3m b\u1ea3o tr\u1ea3i nghi\u1ec7m h\u01b0\u01a1ng th\u01a1m m\u00e3nh li\u1ec7t, l\u00e2u d\u00e0i th\u00f4ng qua vi\u1ec7c s\u1eed d\u1ee5ng d\u1ea7u n\u01b0\u1edbc hoa ch\u1ea5t l\u01b0\u1ee3ng cao. &#8211;&hellip;<\/p>\n","protected":false},"featured_media":7875,"comment_status":"closed","ping_status":"open","template":"","meta":[],"product_cat":[118],"product_tag":[188],"class_list":{"0":"post-7872","1":"product","2":"type-product","3":"status-publish","4":"has-post-thumbnail","6":"product_brand-sonax","7":"product_cat-dung-dich-phu-gia-dau-nhon","8":"product_tag-sonax","10":"first","11":"instock","12":"purchasable","13":"product-type-simple","14":"col-xs-6 col-sm-4","15":"col-md-3 col-lg-3","16":"un-4-cols"},"_links":{"self":[{"href":"https:\/\/hibucenter.com\/index.php\/wp-json\/wp\/v2\/product\/7872","targetHints":{"allow":["GET"]}}],"collection":[{"href":"https:\/\/hibucenter.com\/index.php\/wp-json\/wp\/v2\/product"}],"about":[{"href":"https:\/\/hibucenter.com\/index.php\/wp-json\/wp\/v2\/types\/product"}],"replies":[{"embeddable":true,"href":"https:\/\/hibucenter.com\/index.php\/wp-json\/wp\/v2\/comments?post=7872"}],"version-history":[{"count":1,"href":"https:\/\/hibucenter.com\/index.php\/wp-json\/wp\/v2\/product\/7872\/revisions"}],"predecessor-version":[{"id":7874,"href":"https:\/\/hibucenter.com\/index.php\/wp-json\/wp\/v2\/product\/7872\/revisions\/7874"}],"wp:featuredmedia":[{"embeddable":true,"href":"https:\/\/hibucenter.com\/index.php\/wp-json\/wp\/v2\/media\/7875"}],"wp:attachment":[{"href":"https:\/\/hibucenter.com\/index.php\/wp-json\/wp\/v2\/media?parent=7872"}],"wp:term":[{"taxonomy":"product_cat","embeddable":true,"href":"https:\/\/hibucenter.com\/index.php\/wp-json\/wp\/v2\/product_cat?post=7872"},{"taxonomy":"product_tag","embeddable":true,"href":"https:\/\/hibucenter.com\/index.php\/wp-json\/wp\/v2\/product_tag?post=7872"}],"curies":[{"name":"wp","href":"https:\/\/api.w.org\/{rel}","templated":true}]}}