{"id":7621,"date":"2025-05-09T13:30:23","date_gmt":"2025-05-09T06:30:23","guid":{"rendered":"https:\/\/hibucenter.com\/index.php\/dung-cu-cam-tay-da-nang-leatherman-surge-21-tools\/"},"modified":"2025-05-09T14:28:29","modified_gmt":"2025-05-09T07:28:29","slug":"dung-cu-cam-tay-da-nang-leatherman-surge-21-tools","status":"publish","type":"product","link":"https:\/\/hibucenter.com\/index.php\/dung-cu-cam-tay-da-nang-leatherman-surge-21-tools\/","title":{"rendered":"D\u1ee5ng c\u1ee5 c\u1ea7m tay \u0111a n\u0103ng Leatherman Surge (21 tools)"},"content":{"rendered":"<p>D\u1ee5ng c\u1ee5 c\u1ea7m tay \u0111a n\u0103ng Leatherman Surge (21 tools)<\/p>\n<p>1. TH\u00d4NG TIN S\u1ea2N PH\u1ea8M:<br \/>\nD\u1ee5ng c\u1ee5 c\u1ea7m tay \u0111a n\u0103ng Leatherman Surge (21 tools) l\u00e0 m\u1ed9t trong nh\u1eefng c\u00e2y \u0111a n\u0103ng l\u1edbn nh\u1ea5t c\u1ee7a Leatherman; m\u1ed9t c\u00f4ng c\u1ee5 gia \u0111\u00ecnh c\u00f4ng n\u0103ng cao, \u0111\u01b0\u1ee3c thi\u1ebft k\u1ebf v\u1edbi m\u0169i k\u00ecm l\u1edbn, l\u01b0\u1edbi dao d\u00e0i v\u00e0 c\u00e1c ch\u1ed1t kh\u00f3a d\u1ec5 s\u1eed d\u1ee5ng. L\u01b0\u1ee1i thay \u0111\u1ed9c \u0111\u00e1o, \u0111\u1ea7u c\u1eafm v\u00edt thay th\u1ebf v\u00e0 4 l\u01b0\u1edbi m\u1edf b\u00ean th\u00e2n cho ph\u00e9p b\u1ea1n d\u1ec5 d\u00e0ng m\u1edf nhanh c\u00f4ng c\u1ee5 b\u1ea1n hay d\u00f9ng. C\u00e2y Surge \u0111\u01b0\u1ee3c thi\u1ebft k\u1ebf cho nh\u1eefng c\u00f4ng vi\u1ec7c kh\u00f3 kh\u0103n l\u00e0m b\u1eb1ng tay. <\/p>\n<p>D\u1ee5ng c\u1ee5 \u0111a n\u0103ng v\u1edbi 21 t\u00ednh n\u0103ng \u0111\u1ed9c \u0111\u00e1o<br \/>\nC\u00f3 kh\u00f3a an to\u00e0n v\u1edbi t\u1ea5t c\u1ea3 c\u00e1c d\u1ee5ng c\u1ee5<br \/>\nS\u1eed d\u1ee5ng 100% th\u00e9p kh\u00f4ng r\u1ec9<br \/>\nM\u00f3c c\u00e0i t\u00fai c\u00f3 th\u1ec3 th\u00e1o l\u1eafp d\u1ec5 d\u00e0ng<br \/>\nTh\u00edch h\u1ee3p s\u1eed d\u1ee5ng trong nh\u00e0 ho\u1eb7c du l\u1ecbch, d\u00e3 ngo\u1ea1i&#8230;<br \/>\n\u0110\u1ea7u v\u00edt k\u00e9p thay th\u1ebf (2): Phillips #1-2 v\u00e0 3\/16&#8243;; Phillips Eyeglass + Flat Tip<br \/>\nK\u00edch th\u01b0\u1edbc: N\u1eb7ng: 335 g; Chi\u1ec1u d\u00e0i khi g\u1ea5p: 11.5 cm; Chi\u1ec1u d\u00e0i l\u01b0\u1ee1i dao: 7.87 cm<br \/>\nS\u1ea3n ph\u1ea9m th\u01b0\u01a1ng hi\u1ec7u Leatherman (USA)<\/p>\n<p>21 TOOLS C\u1ee6A LEATHERMAN SURGE:<\/p>\n<p>01: K\u00ecm m\u0169i kim<br \/>\n02: K\u00ecm th\u00f4ng th\u01b0\u1eddng<br \/>\n03: M\u00e1y c\u1eaft d\u00e2y cao c\u1ea5p c\u00f3 th\u1ec3 thay th\u1ebf<br \/>\n04: M\u00e1y c\u1eaft d\u00e2y c\u1ee9ng c\u00f3 th\u1ec3 thay th\u1ebf cao c\u1ea5p<br \/>\n05: M\u00e1y c\u1eaft d\u00e2y b\u1ecb m\u1eafc k\u1eb9t<br \/>\n06: M\u00e1y u\u1ed1n \u0111i\u1ec7n<br \/>\n07: M\u00e1y r\u00fat d\u00e2y<br \/>\n08: Dao 420HC<br \/>\n09: Dao r\u0103ng c\u01b0a 420HC<br \/>\n10: C\u01b0a<br \/>\n11: K\u00e9o t\u00e1c d\u1ee5ng l\u00f2 xo<br \/>\n12: Awl w<br \/>\n13: Th\u01b0\u1edbc (8 in | 19 cm)<br \/>\n14: \u0110\u1ed3 khui h\u1ed9p<br \/>\n15: M\u1edf n\u1eafp chai<br \/>\n16: Gi\u0169a g\u1ed7\/kim lo\u1ea1i<br \/>\n17: Gi\u0169a ph\u1ee7 kim c\u01b0\u01a1ng<br \/>\n18: Dao<br \/>\n19: Tua v\u00edt<br \/>\n20: Tua v\u00edt l\u1edbn<br \/>\n21: Tua v\u00edt nh\u1ecf<\/p>\n","protected":false},"excerpt":{"rendered":"<p>M\u00e3 s\u1ed1 s\u1ea3n ph\u1ea9m:SP001650<br \/>\nTh\u01b0\u01a1ng hi\u1ec7u:Leatherman<br \/>\nXu\u1ea5t x\u1ee9:M\u1ef9<br \/>\nCh\u1ea5t li\u1ec7u:th\u00e9p kh\u00f4ng g\u1ec9<br \/>\nTr\u1ecdng l\u01b0\u1ee3ng:335 gram<\/p>\n","protected":false},"featured_media":7623,"comment_status":"closed","ping_status":"open","template":"","meta":[],"product_cat":[90],"product_tag":[94,92,93],"class_list":{"0":"post-7621","1":"product","2":"type-product","3":"status-publish","4":"has-post-thumbnail","6":"product_brand-leatherman","7":"product_cat-dung-cu-cam-tay-cao-cap","8":"product_tag-dung-cu-cam-tay-da-nang","9":"product_tag-dung-cu-da-nang-leatherman","10":"product_tag-leatherman","12":"first","13":"instock","14":"purchasable","15":"product-type-simple","16":"col-xs-6 col-sm-4","17":"col-md-3 col-lg-3","18":"un-4-cols"},"_links":{"self":[{"href":"https:\/\/hibucenter.com\/index.php\/wp-json\/wp\/v2\/product\/7621","targetHints":{"allow":["GET"]}}],"collection":[{"href":"https:\/\/hibucenter.com\/index.php\/wp-json\/wp\/v2\/product"}],"about":[{"href":"https:\/\/hibucenter.com\/index.php\/wp-json\/wp\/v2\/types\/product"}],"replies":[{"embeddable":true,"href":"https:\/\/hibucenter.com\/index.php\/wp-json\/wp\/v2\/comments?post=7621"}],"version-history":[{"count":2,"href":"https:\/\/hibucenter.com\/index.php\/wp-json\/wp\/v2\/product\/7621\/revisions"}],"predecessor-version":[{"id":7683,"href":"https:\/\/hibucenter.com\/index.php\/wp-json\/wp\/v2\/product\/7621\/revisions\/7683"}],"wp:featuredmedia":[{"embeddable":true,"href":"https:\/\/hibucenter.com\/index.php\/wp-json\/wp\/v2\/media\/7623"}],"wp:attachment":[{"href":"https:\/\/hibucenter.com\/index.php\/wp-json\/wp\/v2\/media?parent=7621"}],"wp:term":[{"taxonomy":"product_cat","embeddable":true,"href":"https:\/\/hibucenter.com\/index.php\/wp-json\/wp\/v2\/product_cat?post=7621"},{"taxonomy":"product_tag","embeddable":true,"href":"https:\/\/hibucenter.com\/index.php\/wp-json\/wp\/v2\/product_tag?post=7621"}],"curies":[{"name":"wp","href":"https:\/\/api.w.org\/{rel}","templated":true}]}}