{"id":7576,"date":"2025-05-09T13:30:23","date_gmt":"2025-05-09T06:30:23","guid":{"rendered":"https:\/\/hibucenter.com\/index.php\/dung-cu-cam-tay-da-nang-leatherman-bond\/"},"modified":"2025-05-09T14:28:30","modified_gmt":"2025-05-09T07:28:30","slug":"dung-cu-cam-tay-da-nang-leatherman-bond","status":"publish","type":"product","link":"https:\/\/hibucenter.com\/index.php\/dung-cu-cam-tay-da-nang-leatherman-bond\/","title":{"rendered":"D\u1ee5ng c\u1ee5 c\u1ea7m tay \u0111a n\u0103ng Leatherman Bond"},"content":{"rendered":"<p>L\u1ea5y c\u1ea3m h\u1ee9ng t\u1eeb multitool huy\u1ec1n tho\u1ea1i c\u1ee7a Tim Leatherman \u2013 Leatherman PST, Bond l\u00e0 s\u1ef1<br \/>\nk\u1ebft h\u1ee3p h\u00e0i ho\u00e0 gi\u1eefa thi\u1ebft k\u1ebf t\u1ed1i gi\u1ea3n v\u00e0 t\u00ednh c\u00f4ng n\u0103ng l\u00fd t\u01b0\u1edfng cho c\u00f4ng vi\u1ec7c c\u1ee7a b\u1ea1n. V\u1edbi<br \/>\nl\u1edbp v\u1ecf ch\u1ec9 n\u1eb7ng 5.8oz (165g), chi\u1ebfc multitool m\u1ea1nh m\u1ebd n\u00e0y cho b\u1ea1n t\u1edbi 14 d\u1ee5ng c\u1ee5 v\u00e0 t\u00ednh<br \/>\nn\u0103ng nh\u01b0 k\u1ec1m, l\u01b0\u1ee1i dao 420HC c\u1ef1c b\u1ec1n, v\u00e0 m\u1ed9t b\u1ed9 tu\u1ed1c-n\u01a1 v\u00edt c\u01a1 b\u1ea3n. Tay c\u1ea7m c\u1ee7a Bond<br \/>\n\u0111\u01b0\u1ee3c thi\u1ebft k\u1ebf \u0111\u1ec3 cho b\u1ea1n c\u1ea3m gi\u00e1c c\u1ea7m n\u1eafm tho\u1ea3i m\u00e1i v\u00e0 ti\u1ec7n l\u1ee3i nh\u1ea5t khi s\u1eed d\u1ee5ng. M\u1ed9t<br \/>\nmultitool l\u00fd t\u01b0\u1edfng cho nh\u1eefng ng\u01b0\u1eddi nh\u1eadp m\u00f4n, v\u00e0 m\u1ed9t gi\u1ea3i ph\u00e1p d\u1ef1 ph\u00f2ng tuy\u1ec7t v\u1eddi cho<br \/>\nnh\u1eefng ai \u0111\u00e3 s\u1eed d\u1ee5ng v\u00e0 y\u00eau th\u00edch Leatherman. S\u1ea3n ph\u1ea9m \u0111\u01b0\u1ee3c b\u00e1n k\u00e8m m\u1ed9t v\u1ecf b\u1ea3o v\u1ec7 b\u1eb1ng<br \/>\nnylon, v\u00e0 c\u00f3 th\u1ec3 \u0111\u01b0\u1ee3c g\u1eafn k\u1eb9p kim lo\u1ea1i (kh\u00f4ng \u0111i k\u00e8m) \u0111\u1ec3 cho tr\u1ea3i nghi\u1ec7m s\u1eed d\u1ee5ng ti\u1ec7n l\u1ee3i<br \/>\nh\u01a1n.<br \/>\nChi ti\u1ebft s\u1ea3n ph\u1ea9m<br \/>\n&#8211; D\u1ee5ng c\u1ee5 \u0111a n\u0103ng v\u1edbi 14 t\u00ednh n\u0103ng \u0111\u1ed9c \u0111\u00e1o<br \/>\n&#8211; C\u00f3 kh\u00f3a an to\u00e0n v\u1edbi t\u1ea5t c\u1ea3 c\u00e1c d\u1ee5ng c\u1ee5<br \/>\n&#8211; Th\u00e2n l\u00e0m b\u1eb1ng th\u00e9p kh\u00f4ng r\u1ec9<br \/>\n&#8211; Th\u00edch h\u1ee3p s\u1eed d\u1ee5ng trong nh\u00e0, lu\u00f4n mang b\u00ean ng\u01b0\u1eddi \u0111\u1ec3 s\u1eed d\u1ee5ng nhanh trong tr\u01b0\u1eddng h\u1ee3p kh\u1ea9n c\u1ea5p, d\u00f9ng \u0111i c\u1eafm tr\u1ea1i d\u00e3 ngo\u1ea1i<br \/>\n&#8211; 14 t\u00ednh n\u0103ng: K\u1ec1m m\u0169i nh\u1ecdn, K\u1ec1m, L\u01b0\u1ee1i c\u1eaft d\u00e2y, L\u01b0\u1ee1i c\u1eaft d\u00e2y c\u1ee9ng, Tu\u1ed1t v\u1ecf d\u00e2y, L\u01b0\u1ee1i dao b\u1eb1ng th\u00e9p cao c\u1ea5p 420HC, M\u0169i d\u00f9i c\u00f3 x\u1ecf d\u00e2y, Th\u01b0\u1edbc \u0111o (8 in \/ 19 cm), M\u1edf \u0111\u1ed3 h\u1ed9p, M\u1edf n\u1eafp chai, D\u0169a d\u00f9ng cho g\u1ed7 v\u00e0 kim lo\u1ea1i, \u0110\u1ea7u tu\u1ed1c-n\u01a1-v\u00edt 4 c\u1ea1nh, \u0110\u1ea7u tu\u1ed1c-n\u01a1-v\u00edt d\u1eb9p l\u1edbn, \u0110\u1ea7u tu\u1ed1c-n\u01a1-v\u00edt d\u1eb9p c\u1ee1 nh\u1ecf.<br \/>\n&#8211; K\u00edch th\u01b0\u1edbc: N\u1eb7ng: 176 gram; Chi\u1ec1u d\u00e0i khi g\u1ea5p g\u1ecdn: 10 cm; Chi\u1ec1u d\u00e0i khi m\u1edf: 15.87 cm<br \/>\n&#8211; S\u1ea3n ph\u1ea9m th\u01b0\u01a1ng hi\u1ec7u Leatherman (USA)<br \/>\n&#8211; B\u1ea3o h\u00e0nh ch\u00ednh h\u00e3ng 25 n\u0103m<\/p>\n","protected":false},"excerpt":{"rendered":"<p>M\u00e3 s\u1ed1 s\u1ea3n ph\u1ea9m:SP000846<br \/>\nTh\u01b0\u01a1ng hi\u1ec7u:Leatherman<br \/>\nXu\u1ea5t x\u1ee9:M\u1ef9<br \/>\nCh\u1ea5t li\u1ec7u:Th\u00e9p kh\u00f4ng g\u1ec9<br \/>\nTr\u1ecdng l\u01b0\u1ee3ng:176 gram<br \/>\nK\u00edch th\u01b0\u1edbc:Chi\u1ec1u d\u00e0i khi m\u1edf: 15.87 cm<\/p>\n","protected":false},"featured_media":7578,"comment_status":"closed","ping_status":"open","template":"","meta":[],"product_cat":[90],"product_tag":[94,92,93],"class_list":{"0":"post-7576","1":"product","2":"type-product","3":"status-publish","4":"has-post-thumbnail","6":"product_brand-leatherman","7":"product_cat-dung-cu-cam-tay-cao-cap","8":"product_tag-dung-cu-cam-tay-da-nang","9":"product_tag-dung-cu-da-nang-leatherman","10":"product_tag-leatherman","12":"first","13":"instock","14":"purchasable","15":"product-type-simple","16":"col-xs-6 col-sm-4","17":"col-md-3 col-lg-3","18":"un-4-cols"},"_links":{"self":[{"href":"https:\/\/hibucenter.com\/index.php\/wp-json\/wp\/v2\/product\/7576","targetHints":{"allow":["GET"]}}],"collection":[{"href":"https:\/\/hibucenter.com\/index.php\/wp-json\/wp\/v2\/product"}],"about":[{"href":"https:\/\/hibucenter.com\/index.php\/wp-json\/wp\/v2\/types\/product"}],"replies":[{"embeddable":true,"href":"https:\/\/hibucenter.com\/index.php\/wp-json\/wp\/v2\/comments?post=7576"}],"version-history":[{"count":2,"href":"https:\/\/hibucenter.com\/index.php\/wp-json\/wp\/v2\/product\/7576\/revisions"}],"predecessor-version":[{"id":7678,"href":"https:\/\/hibucenter.com\/index.php\/wp-json\/wp\/v2\/product\/7576\/revisions\/7678"}],"wp:featuredmedia":[{"embeddable":true,"href":"https:\/\/hibucenter.com\/index.php\/wp-json\/wp\/v2\/media\/7578"}],"wp:attachment":[{"href":"https:\/\/hibucenter.com\/index.php\/wp-json\/wp\/v2\/media?parent=7576"}],"wp:term":[{"taxonomy":"product_cat","embeddable":true,"href":"https:\/\/hibucenter.com\/index.php\/wp-json\/wp\/v2\/product_cat?post=7576"},{"taxonomy":"product_tag","embeddable":true,"href":"https:\/\/hibucenter.com\/index.php\/wp-json\/wp\/v2\/product_tag?post=7576"}],"curies":[{"name":"wp","href":"https:\/\/api.w.org\/{rel}","templated":true}]}}