{"id":7549,"date":"2025-05-09T13:30:23","date_gmt":"2025-05-09T06:30:23","guid":{"rendered":"https:\/\/hibucenter.com\/index.php\/dung-cu-cam-tay-da-nang-leatherman-wave-plus-18-tools\/"},"modified":"2025-05-09T14:28:30","modified_gmt":"2025-05-09T07:28:30","slug":"dung-cu-cam-tay-da-nang-leatherman-wave-plus-18-tools","status":"publish","type":"product","link":"https:\/\/hibucenter.com\/index.php\/dung-cu-cam-tay-da-nang-leatherman-wave-plus-18-tools\/","title":{"rendered":"D\u1ee5ng c\u1ee5 c\u1ea7m tay \u0111a n\u0103ng Leatherman Wave Plus (18 tools)"},"content":{"rendered":"<p>D\u1ee5ng c\u1ee5 c\u1ea7m tay \u0111a n\u0103ng Leatherman Wave Plus (18 tools)<\/p>\n<p>1. TH\u00d4NG TIN S\u1ea2N PH\u1ea8M:<\/p>\n<p>&#8211; Th\u01b0\u01a1ng hi\u1ec7u: Leatherman (th\u01b0\u01a1ng hi\u1ec7u M\u1ef9)<br \/>\n&#8211; T\u00ean s\u1ea3n ph\u1ea9m: WAVE\u00ae +<br \/>\n&#8211; Ch\u1ea5t li\u1ec7u: th\u00e9p kh\u00f4ng g\u1ec9 420<br \/>\n&#8211; K\u00edch th\u01b0\u1edbc:<br \/>\nChi\u1ec1u d\u00e0i l\u01b0\u1ee1i dao: 7.37 cm<br \/>\nK\u00edch th\u01b0\u1edbc x\u1ebfp g\u1ecdn: 10 cm<br \/>\n&#8211; Tr\u1ecdng l\u01b0\u1ee3ng: 241 g<\/p>\n<p>L\u00e0 s\u1ea3n ph\u1ea9m qu\u1ed1c t\u1ebf b\u00e1n ch\u1ea1y nh\u1ea5t, Wave+ c\u00f3 t\u1ea5t c\u1ea3 c\u00e1c c\u00f4ng c\u1ee5 thi\u1ebft y\u1ebfu c\u1ee7a k\u00ecm \u0111a n\u0103ng c\u00f9ng v\u1edbi vi\u1ec7c b\u1ed5 sung c\u00e1c d\u1ee5ng c\u1ee5 c\u1eaft d\u00e2y b\u1ec1n v\u00e0 c\u00f3 th\u1ec3 thay th\u1ebf. T\u1ea5t c\u1ea3 18 c\u00f4ng c\u1ee5 \u0111\u1ec1u c\u00f3 th\u1ec3 m\u1edf v\u00e0 kh\u00f3a nhanh ch\u00f3ng, thu\u1eadn ti\u1ec7n \u0111\u1ec3 gi\u1ea3i quy\u1ebft m\u1ecdi c\u00f4ng vi\u1ec7c. Nhi\u1ec1u c\u00f4ng c\u1ee5 trong s\u1ed1 n\u00e0y c\u00f3 th\u1ec3 s\u1eed d\u1ee5ng \u0111\u01b0\u1ee3c t\u1eeb b\u00ean ngo\u00e0i, v\u00ec v\u1eady b\u1ea1n c\u00f3 th\u1ec3 s\u1eed d\u1ee5ng ch\u00fang khi g\u1eadp v\u00e0 \u0111\u00f3ng \u0111a c\u00f4ng c\u1ee5. K\u1eb9p b\u1ecf t\u00fai t\u01b0\u01a1ng th\u00edch \u0111\u01b0\u1ee3c b\u00e1n ri\u00eang.<\/p>\n<p>18 tools c\u1ee7a Leatherman Wave +:<\/p>\n<p>1. K\u1ec1m m\u0169i nh\u1ecdn<\/p>\n<p>2. K\u1ec1m<\/p>\n<p>3. K\u1ec1m c\u1eaft d\u00e2y c\u1ee9ng<\/p>\n<p>4. K\u1ec1m c\u1eaft d\u00e2y<\/p>\n<p>5. B\u1ea5m Cos d\u00e2y \u0111i\u1ec7n<\/p>\n<p>6. Tu\u1ed1t v\u1ecf d\u00e2y<\/p>\n<p>7. L\u01b0\u1ee1i dao b\u1eb1ng th\u00e9p cao c\u1ea5p 420HC<\/p>\n<p>8. L\u01b0\u1ee1i dao r\u0103ng c\u01b0a b\u1eb1ng th\u00e9p cao c\u1ea5p 420HC<\/p>\n<p>9. L\u01b0\u1ee1i c\u01b0a<\/p>\n<p>10. Spring-action K\u00e9o<\/p>\n<p>11. Th\u01b0\u1edbc \u0111o (8 in \/ 19 cm)<\/p>\n<p>12. M\u1edf \u0111\u1ed3 h\u1ed9p<\/p>\n<p>13. M\u1edf n\u1eafp chai<\/p>\n<p>14. D\u0169a d\u00f9ng cho g\u1ed7 v\u00e0 kim lo\u1ea1i<\/p>\n<p>15. D\u0169a m\u1ecbn ph\u1ee7 b\u1ed9t kim c\u01b0\u01a1ng<\/p>\n<p>16. \u0110\u1ea7u g\u1eafn v\u00edt l\u1edbn<\/p>\n<p>17. \u0110\u1ea7u g\u1eafn v\u00edt nh\u1ecf<\/p>\n<p>18. \u0110\u1ea7u tu\u1ed1c-n\u01a1-v\u00edt d\u1eb9p c\u1ee1 v\u1eeba<\/p>\n","protected":false},"excerpt":{"rendered":"<p>M\u00e3 s\u1ed1 s\u1ea3n ph\u1ea9m:SP000041<br \/>\nTh\u01b0\u01a1ng hi\u1ec7u:Leatherman<br \/>\nXu\u1ea5t x\u1ee9:M\u1ef9<br \/>\nCh\u1ea5t li\u1ec7u:Th\u00e9p kh\u00f4ng g\u1ec9<br \/>\nTr\u1ecdng l\u01b0\u1ee3ng:241 gram<br \/>\nK\u00edch th\u01b0\u1edbc:Chi\u1ec1u d\u00e0i l\u01b0\u1ee1i dao: 7.37 cm<\/p>\n","protected":false},"featured_media":7551,"comment_status":"closed","ping_status":"open","template":"","meta":[],"product_cat":[90],"product_tag":[94,92,93],"class_list":{"0":"post-7549","1":"product","2":"type-product","3":"status-publish","4":"has-post-thumbnail","6":"product_brand-leatherman","7":"product_cat-dung-cu-cam-tay-cao-cap","8":"product_tag-dung-cu-cam-tay-da-nang","9":"product_tag-dung-cu-da-nang-leatherman","10":"product_tag-leatherman","12":"first","13":"instock","14":"purchasable","15":"product-type-simple","16":"col-xs-6 col-sm-4","17":"col-md-3 col-lg-3","18":"un-4-cols"},"_links":{"self":[{"href":"https:\/\/hibucenter.com\/index.php\/wp-json\/wp\/v2\/product\/7549","targetHints":{"allow":["GET"]}}],"collection":[{"href":"https:\/\/hibucenter.com\/index.php\/wp-json\/wp\/v2\/product"}],"about":[{"href":"https:\/\/hibucenter.com\/index.php\/wp-json\/wp\/v2\/types\/product"}],"replies":[{"embeddable":true,"href":"https:\/\/hibucenter.com\/index.php\/wp-json\/wp\/v2\/comments?post=7549"}],"version-history":[{"count":2,"href":"https:\/\/hibucenter.com\/index.php\/wp-json\/wp\/v2\/product\/7549\/revisions"}],"predecessor-version":[{"id":7675,"href":"https:\/\/hibucenter.com\/index.php\/wp-json\/wp\/v2\/product\/7549\/revisions\/7675"}],"wp:featuredmedia":[{"embeddable":true,"href":"https:\/\/hibucenter.com\/index.php\/wp-json\/wp\/v2\/media\/7551"}],"wp:attachment":[{"href":"https:\/\/hibucenter.com\/index.php\/wp-json\/wp\/v2\/media?parent=7549"}],"wp:term":[{"taxonomy":"product_cat","embeddable":true,"href":"https:\/\/hibucenter.com\/index.php\/wp-json\/wp\/v2\/product_cat?post=7549"},{"taxonomy":"product_tag","embeddable":true,"href":"https:\/\/hibucenter.com\/index.php\/wp-json\/wp\/v2\/product_tag?post=7549"}],"curies":[{"name":"wp","href":"https:\/\/api.w.org\/{rel}","templated":true}]}}