{"id":7409,"date":"2025-05-09T13:30:12","date_gmt":"2025-05-09T06:30:12","guid":{"rendered":"https:\/\/hibucenter.com\/index.php\/dung-cu-cam-tay-da-nang-leatherman-skeletool-rx-7-tools\/"},"modified":"2025-05-09T14:28:31","modified_gmt":"2025-05-09T07:28:31","slug":"dung-cu-cam-tay-da-nang-leatherman-skeletool-rx-7-tools","status":"publish","type":"product","link":"https:\/\/hibucenter.com\/index.php\/dung-cu-cam-tay-da-nang-leatherman-skeletool-rx-7-tools\/","title":{"rendered":"D\u1ee5ng c\u1ee5 c\u1ea7m tay \u0111a n\u0103ng Leatherman Skeletool RX (7 tools)"},"content":{"rendered":"<p>TH\u00d4NG TIN S\u1ea2N PH\u1ea8M:<br \/>\n&#8211; Th\u01b0\u01a1ng hi\u1ec7u: Leatherman<br \/>\n&#8211; K\u00edch th\u01b0\u1edbc \u0111\u00f3ng: 4 in | 10 cm<br \/>\n&#8211; K\u00edch th\u01b0\u1edbc m\u1edf: 6 in | 15.24 cm<br \/>\n&#8211; Chi\u1ec1u d\u00e0i l\u01b0\u1ee1i dao: 2.6 in | 6.6 cm<br \/>\n&#8211; Ki\u1ec3u l\u01b0\u1ee1i dao: Full r\u0103ng c\u01b0a s\u00e2u<br \/>\n&#8211; Tr\u1ecdng l\u01b0\u1ee3ng: 5 oz | 142 grams<br \/>\n&#8211; Chi\u1ec1u r\u1ed9ng: 1.24 in | 3.15 cm<br \/>\n&#8211; Ch\u1ea5t li\u1ec7u l\u01b0\u1ee1i dao: Th\u00e9p 15,4CM<br \/>\n&#8211; Ch\u1ea5t li\u1ec7u bit ph\u00e1 k\u00ednh: Carbide (cacbua)<br \/>\n&#8211; S\u01a1n ph\u1ee7 c\u00f4ng ngh\u1ec7 CerakoteTM<\/p>\n<p>D\u1ee5ng c\u1ee5 c\u1ea7m tay \u0111a n\u0103ng Leatherman Skeletool RX (7 tools) l\u00e0 ng\u01b0\u1eddi anh em c\u1ee7a d\u00f2ng Leatherman Skeletool, v\u1eabn mang cho m\u00ecnh thi\u1ebft k\u1ebf \u0111\u1eb7c tr\u01b0ng h\u1ea7m h\u1ed1 nh\u01b0ng nh\u1ecf g\u1ecdn c\u1ee7a d\u00f2ng Skeletool nh\u01b0ng \u0111\u00e3 \u0111\u01b0\u1ee3c h\u00e3ng c\u1ea3i ti\u1ebfn m\u1ed9t s\u1ed1 chi ti\u1ebft \u0111\u00e1ng k\u1ec3 \u0111\u1ec3 ph\u00f9 h\u1ee3p v\u1edbi nhu c\u1ea7u s\u1eed d\u1ee5ng c\u1ee7a m\u1ed9t l\u01b0\u1ee3ng l\u1edbn kh\u00e1ch h\u00e0ng th\u1eddi \u0111i\u1ec3m hi\u1ec7n t\u1ea1i\u2026<br \/>\nV\u1ec1 c\u01a1 b\u1ea3n d\u00f2ng Skeletool RX v\u1eabn s\u1ebd \u0111\u01b0\u1ee3c trang b\u1ecb nh\u1eefng ch\u1ee9c n\u0103ng ch\u00ednh c\u1ee7a d\u00f2ng Skeletool nh\u01b0ng \u0111i\u1ec3m kh\u00e1c bi\u1ec7t \u1edf \u0111\u00e2y l\u00e0 \u1edf RX \u0111\u00e3 \u0111\u01b0\u1ee3c c\u1ea3i ti\u1ebfn ph\u1ea7n ch\u1ea5t th\u00e9p c\u1ee7a l\u01b0\u1ee1i dao ch\u00ednh th\u00e0nh 154CM full l\u01b0\u1ee1i r\u0103ng c\u01b0a s\u00e2u thay v\u00ec th\u00e9p 420HC \u1edf d\u00f2ng Skeletool v\u1edbi l\u01b0\u1ee1i dao n\u1eeda th\u1eb3ng n\u1eeda r\u0103ng c\u01b0a. L\u01b0\u1ee1i dao full r\u0103ng c\u01b0a n\u00e0y s\u1ebd gi\u00fap b\u1ea1n thu\u1eadn ti\u1ec7n h\u01a1n trong nh\u1eefng t\u00ecnh hu\u1ed1ng c\u1ea7n thao t\u00e1c c\u1eaft d\u00e2y nhanh cho d\u00f9 \u0111\u00f3 c\u00f3 l\u00e0 1 b\u00f3 d\u00e2y. Ch\u1ea5t th\u00e9p t\u1ed1t m\u1ed9t ph\u1ea7n c\u0169ng s\u1ebd gi\u00fap s\u1ea3n ph\u1ea9m h\u1ea1n ch\u1ebf \u0111\u01b0\u1ee3c t\u00ecnh tr\u1ea1ng hoen g\u1ec9 v\u00e0 gi\u1eef \u0111\u1ed9 b\u00e9n t\u1ed1t sau th\u1eddi gian d\u00e0i s\u1eed d\u1ee5ng. K\u1ec1m c\u00f2n \u0111i k\u00e8m v\u1edbi 1 \u0111\u1ea7u bit carbide ph\u00e1 k\u00ednh r\u1ea5t c\u1ea7n thi\u1ebft cho nh\u1eefng t\u00ecnh hu\u1ed1ng kh\u1ea9n c\u1ea5p, c\u1ee9u h\u1ed9 c\u1ee9u n\u1ea1n\u2026<\/p>\n<p>C\u00e1c ch\u1ee9c n\u0103ng SKELETOOL\u00ae RX <\/p>\n<p>1) Ki\u1ec1m m\u0169i nh\u1ecdn<\/p>\n<p>2) Ki\u1ec1m th\u00f4ng d\u1ee5ng<\/p>\n<p>3) L\u01b0\u1ee1i c\u1eaft c\u1ee9ng<\/p>\n<p>4) L\u01b0\u1ee1i c\u1eaft m\u1ec1m<\/p>\n<p>5) L\u01b0\u1ee1i dao r\u0103ng c\u01b0a 15,4CM<\/p>\n<p>6) M\u00f3c <\/p>\n<p>7) Ph\u00e1 k\u00ednh<\/p>\n","protected":false},"excerpt":{"rendered":"<p>M\u00e3 s\u1ed1 s\u1ea3n ph\u1ea9m:SP001602<br \/>\nTh\u01b0\u01a1ng hi\u1ec7u:Leatherman<br \/>\nXu\u1ea5t x\u1ee9:M\u1ef9<br \/>\nCh\u1ea5t li\u1ec7u:Th\u00e9p kh\u00f4ng g\u1ec9<br \/>\nTr\u1ecdng l\u01b0\u1ee3ng:142g<br \/>\nK\u00edch th\u01b0\u1edbc:6 in | 15.24 cm<\/p>\n","protected":false},"featured_media":7411,"comment_status":"closed","ping_status":"open","template":"","meta":[],"product_cat":[90],"product_tag":[94,92,93],"class_list":{"0":"post-7409","1":"product","2":"type-product","3":"status-publish","4":"has-post-thumbnail","6":"product_brand-leatherman","7":"product_cat-dung-cu-cam-tay-cao-cap","8":"product_tag-dung-cu-cam-tay-da-nang","9":"product_tag-dung-cu-da-nang-leatherman","10":"product_tag-leatherman","12":"first","13":"instock","14":"purchasable","15":"product-type-simple","16":"col-xs-6 col-sm-4","17":"col-md-3 col-lg-3","18":"un-4-cols"},"_links":{"self":[{"href":"https:\/\/hibucenter.com\/index.php\/wp-json\/wp\/v2\/product\/7409","targetHints":{"allow":["GET"]}}],"collection":[{"href":"https:\/\/hibucenter.com\/index.php\/wp-json\/wp\/v2\/product"}],"about":[{"href":"https:\/\/hibucenter.com\/index.php\/wp-json\/wp\/v2\/types\/product"}],"replies":[{"embeddable":true,"href":"https:\/\/hibucenter.com\/index.php\/wp-json\/wp\/v2\/comments?post=7409"}],"version-history":[{"count":2,"href":"https:\/\/hibucenter.com\/index.php\/wp-json\/wp\/v2\/product\/7409\/revisions"}],"predecessor-version":[{"id":7658,"href":"https:\/\/hibucenter.com\/index.php\/wp-json\/wp\/v2\/product\/7409\/revisions\/7658"}],"wp:featuredmedia":[{"embeddable":true,"href":"https:\/\/hibucenter.com\/index.php\/wp-json\/wp\/v2\/media\/7411"}],"wp:attachment":[{"href":"https:\/\/hibucenter.com\/index.php\/wp-json\/wp\/v2\/media?parent=7409"}],"wp:term":[{"taxonomy":"product_cat","embeddable":true,"href":"https:\/\/hibucenter.com\/index.php\/wp-json\/wp\/v2\/product_cat?post=7409"},{"taxonomy":"product_tag","embeddable":true,"href":"https:\/\/hibucenter.com\/index.php\/wp-json\/wp\/v2\/product_tag?post=7409"}],"curies":[{"name":"wp","href":"https:\/\/api.w.org\/{rel}","templated":true}]}}