{"id":7229,"date":"2025-04-29T09:45:35","date_gmt":"2025-04-29T02:45:35","guid":{"rendered":"https:\/\/hibucenter.com\/index.php\/product\/loc-gio-dieu-hoa-than-hoat-tinh-bosch-c5094-danh-cho-camry-altis-fortuner-hilux-innova-es250\/"},"modified":"2025-07-21T10:35:51","modified_gmt":"2025-07-21T03:35:51","slug":"loc-gio-dieu-hoa-than-hoat-tinh-bosch-c5094-danh-cho-camry-altis-fortuner-hilux-innova-es250","status":"publish","type":"product","link":"https:\/\/hibucenter.com\/index.php\/loc-gio-dieu-hoa-than-hoat-tinh-bosch-c5094-danh-cho-camry-altis-fortuner-hilux-innova-es250\/","title":{"rendered":"L\u1ecdc Gi\u00f3 \u0110i\u1ec1u H\u00f2a Than Ho\u1ea1t T\u00ednh BOSCH C5094 D\u00e0nh Cho Camry, Altis, Fortuner, Hilux, Innova..ES250.."},"content":{"rendered":"<p>L\u1ecdc Gi\u00f3 \u0110i\u1ec1u H\u00f2a Cao C\u1ea5p Than Ho\u1ea1t T\u00ednh BOSCH C5094 D\u00e0nh cho xe Camry (06 -14), Altis (08 -14), Fortuner (05 -15), Hilux (04-16), Innova..   <\/p>\n<p> L\u01b0u \u00fd quan tr\u1ecdng  :<br \/>\n1. QU\u00dd KH\u00c1CH VUI L\u00d2NG \u0110O L\u1ea0I K\u00cdCH TH\u01af\u1edaC TR\u01af\u1edaC KHI \u0110\u1eb6T H\u00c0NG<br \/>\n2. HO\u1eb6C QU\u00dd KH\u00c1CH CUNG C\u1ea4P TH\u00d4NG TIN CHI TI\u1ebeT V\u1ec0 XE (NH\u00c3N HI\u1ec6U\/ MODEL \/ N\u0102M S\u1ea2N XU\u1ea4T) ho\u1eb7c CH\u1ee4P \u1ea2NH \u0110\u0102NG KI\u1ec2M G\u1eecI CHO SHOP \u0110\u1ec2 NH\u00c2N VI\u00caN KI\u1ec2M TRA K\u00cdCH TH\u01af\u1edaC CH\u00cdNH X\u00c1C NH\u1ea4T<\/p>\n<p>  TH\u00d4NG TIN S\u1ea2N PH\u1ea8M : <\/p>\n<p>> C\u00f4ng ngh\u1ec7 s\u1ea3n xu\u1ea5t:\u00a0Bosch &#8211; Germany<br \/>\n> M\u00e3 ph\u1ee5 t\u00f9ng:\u00a0\u00a0\u00a0<br \/>\n\u2248\u00a0M\u00e3 OE:\u00a0\u00a0\u00a0\u00a0\u00a0\u00a0\u00a08713930020 ; 8713930040 ; 871393004079; 8713930070 ; 8713952020; 87139B1020<br \/>\n\u2248\u00a0M\u00e3 Bosch:\u00a0\u00a0\u00a00986AF5094<br \/>\n> Xu\u1ea5t x\u1ee9:\u00a0Bosch &#8211; China \/ THAILAND (t\u00f9y \u0111\u1ee3t nh\u1eadp h\u00e0ng)<br \/>\n> K\u00edch th\u01b0\u1edbc (D\u00e0i x R\u1ed9ng x Cao) :\u00a0\u00a0215 (mm) x 194 (mm) x 29 (mm)<\/p>\n<p>  \u1ee8NG D\u1ee4NG:<br \/>\n\u00a0\u00a0\u00a0\u2022\u00a0\u00a0TOYOTA Camry (06 &#8211; 14), Altis (08 &#8211; 14), Fortuner (05 &#8211; 15), Hilux (04 &#8211; 16), Innova (06 &#8211; 16), Land Cruiser (07 &#8211; 15), Vios (13 -); <\/p>\n<p>\u2022\u00a0\u00a0LEXUS ES200 (15 &#8211; 18), ES250 (15 &#8211; 18), GS250 (11 &#8211; 15), GS350 (05 &#8211; 11), GX460 (09 -), LX570 (07 &#8211; ), NX200t (14 &#8211; ),&#8230;.<br \/>\n\u00a0<\/p>\n<p>< > \u0110\u1eb6C T\u00cdNH K\u1ef8 THU\u1eacT S\u1ea2N PH\u1ea8M:<\/p>\n<p>\u00a0\u00a0\u00a0\u00a0\u00a0\u2666\u00a0B\u1ea3o v\u1ec7 h\u00e0nh kh\u00e1ch trong xe kh\u1ecfi c\u00e1c ch\u1ea5t b\u1ee5i b\u1ea9n trong kh\u00f4ng kh\u00ed.<br \/>\n\u00a0\u00a0\u00a0\u00a0\u00a0\u2666\u00a0Ng\u0103n ch\u1eb7n kh\u00ed \u0111\u1ed9c, m\u00f9i kh\u00f3 ch\u1ecbu, hi\u1ec7n t\u01b0\u1ee3ng d\u1ecb \u1ee9ng nh\u1edd c\u1ea5u t\u1ea1o b\u1eb1ng than ho\u1ea1t t\u00ednh.<br \/>\n\u00a0\u00a0\u00a0\u00a0\u00a0\u2666\u00a0B\u1ea3o v\u1ec7 h\u1ec7 th\u1ed1ng \u0111i\u1ec1u h\u00f2a nhi\u1ec7t \u0111\u1ed9.<br \/>\n\u00a0\u00a0\u00a0\u00a0\u00a0\u25ba\u00a0Thay m\u1edbi l\u1ecdc gi\u00f3 \u0111i\u1ec1u h\u00f2a m\u1ed7i 15.000 km ho\u1eb7c m\u1ed7i n\u0103m.<\/p>\n<p>https:\/\/cf.shopee.vn\/file\/vn-11134208-7ras8-m31ssophf66e4a<br \/>\nhttps:\/\/cf.shopee.vn\/file\/vn-11134208-7ras8-m31ssophgkquc5<\/p>\n<p>https:\/\/cf.shopee.vn\/file\/vn-11134208-7ras8-m31ssophhzbaa1<\/p>\n<p>(*) HB Center xin cam k\u1ebft b\u00e1n t\u1ea5t c\u1ea3 s\u1ea3n ph\u1ea9m BOSCH Ch\u00ednh H\u00e3ng &#8211; Uy T\u00edn &#8211; Ch\u1ea5t L\u01b0\u1ee3ng.<\/p>\n<p>#Loc_Dieu_Hoa_than_hoat_tinh_Bosch_C5094 #Loc_Dieu-Hoa_Bosch #Loc_Dieu_Hoa_Bosch_Xe_Oto #LocDieuHoaBoschXeHoi<br \/>\n#Loc_dieu_hoa_innova#loc_gio_dieu_hoa_Fortuner#loc_may_lanh_Camry#loc_gio_Vios#<\/p>\n","protected":false},"excerpt":{"rendered":"<p>L\u1ecdc Gi\u00f3 \u0110i\u1ec1u H\u00f2a Cao C\u1ea5p Than Ho\u1ea1t T\u00ednh BOSCH C5094 D\u00e0nh cho xe Camry (06 -14), Altis (08 -14), Fortuner (05 -15), Hilux (04-16), Innova.. L\u01b0u \u00fd quan tr\u1ecdng : 1. QU\u00dd KH\u00c1CH VUI L\u00d2NG \u0110O L\u1ea0I K\u00cdCH TH\u01af\u1edaC TR\u01af\u1edaC KHI \u0110\u1eb6T H\u00c0NG 2. HO\u1eb6C QU\u00dd KH\u00c1CH CUNG C\u1ea4P TH\u00d4NG TIN CHI TI\u1ebeT V\u1ec0&hellip;<\/p>\n","protected":false},"featured_media":7233,"comment_status":"closed","ping_status":"open","template":"","meta":[],"product_cat":[117],"product_tag":[],"class_list":{"0":"post-7229","1":"product","2":"type-product","3":"status-publish","4":"has-post-thumbnail","6":"product_brand-bosch-car-service","7":"product_cat-cham-soc-o-to-xe-hoi","9":"first","10":"instock","11":"product-type-simple","12":"col-xs-6 col-sm-4","13":"col-md-3 col-lg-3","14":"un-4-cols"},"_links":{"self":[{"href":"https:\/\/hibucenter.com\/index.php\/wp-json\/wp\/v2\/product\/7229","targetHints":{"allow":["GET"]}}],"collection":[{"href":"https:\/\/hibucenter.com\/index.php\/wp-json\/wp\/v2\/product"}],"about":[{"href":"https:\/\/hibucenter.com\/index.php\/wp-json\/wp\/v2\/types\/product"}],"replies":[{"embeddable":true,"href":"https:\/\/hibucenter.com\/index.php\/wp-json\/wp\/v2\/comments?post=7229"}],"version-history":[{"count":0,"href":"https:\/\/hibucenter.com\/index.php\/wp-json\/wp\/v2\/product\/7229\/revisions"}],"wp:featuredmedia":[{"embeddable":true,"href":"https:\/\/hibucenter.com\/index.php\/wp-json\/wp\/v2\/media\/7233"}],"wp:attachment":[{"href":"https:\/\/hibucenter.com\/index.php\/wp-json\/wp\/v2\/media?parent=7229"}],"wp:term":[{"taxonomy":"product_cat","embeddable":true,"href":"https:\/\/hibucenter.com\/index.php\/wp-json\/wp\/v2\/product_cat?post=7229"},{"taxonomy":"product_tag","embeddable":true,"href":"https:\/\/hibucenter.com\/index.php\/wp-json\/wp\/v2\/product_tag?post=7229"}],"curies":[{"name":"wp","href":"https:\/\/api.w.org\/{rel}","templated":true}]}}