{"id":7193,"date":"2025-04-29T09:45:35","date_gmt":"2025-04-29T02:45:35","guid":{"rendered":"https:\/\/hibucenter.com\/index.php\/product\/vi-6-bugi-con-chan-dai-bosch-hgr8mqi-4-chau-bach-kim-cho-xe-ford-mazda\/"},"modified":"2025-07-21T10:35:51","modified_gmt":"2025-07-21T03:35:51","slug":"vi-6-bugi-con-chan-dai-bosch-hgr8mqi-4-chau-bach-kim-cho-xe-ford-mazda","status":"publish","type":"product","link":"https:\/\/hibucenter.com\/index.php\/vi-6-bugi-con-chan-dai-bosch-hgr8mqi-4-chau-bach-kim-cho-xe-ford-mazda\/","title":{"rendered":"V\u1ec9 6 Bugi C\u00f4n Ch\u00e2n D\u00e0i BOSCH HGR8MQI 4 Ch\u00e2u B\u1ea1ch Kim Cho Xe Ford Mazda"},"content":{"rendered":"<p>V\u1ec9 6 Bugi C\u00f4n Ch\u00e2n D\u00e0i BOSCH HGR8MQI 4 Ch\u00e2u B\u1ea1ch Kim Cho Xe Ford Mazda<\/p>\n<p><> TH\u00d4NG TIN S\u1ea2N PH\u1ea8M:<br \/>\n&#8211; Th\u01b0\u01a1ng hi\u1ec7u: Bosch<br \/>\n&#8211; M\u00e3 s\u1ea3n ph\u1ea9m: HGR8MQI<br \/>\n&#8211; T\u00edp l\u1ee5c gi\u00e1c:   16mm<br \/>\n&#8211; \u0110\u01b0\u1eddng k\u00ednh ren (R\u0103ng):  14mm<br \/>\n&#8211; V\u1eadt li\u1ec7u \u0111i\u1ec7n c\u1ef1c d\u01b0\u01a1ng: Iridium<br \/>\n&#8211; S\u1ed1 \u0111i\u1ec7n c\u1ef1c \u00e2m: 4<\/p>\n<p>&#8211; Ch\u1ee7ng lo\u1ea1i:  Bugi c\u00f4n 4 ch\u1ea5u, ch\u00e2n d\u00e0i, \u0111i\u1ec7n c\u1ef1c Iridium<br \/>\n&#8211; Quy c\u00e1ch: 1 v\u1ef7 6 con<br \/>\n&#8211; M\u00e3 ph\u1ee5 t\u00f9ng:  0242229906  |  Bosch<br \/>\n&#8211; Xu\u1ea5t x\u1ee9: Made in GERMANY<\/p>\n<p>&#8211; T\u00ednh n\u0103ng:  \u0110\u00e1nh l\u1eeda, kh\u1edfi \u0111\u1ed9ng xe<br \/>\n&#8211; D\u00e0nh cho xe FORD &#038; MAZDA<\/p>\n<p><> \u0110\u1eb6C \u0110I\u1ec2M S\u1ea2N PH\u1ea8M:<br \/>\n&#8211; Bugi Bosch HGR 8 MQI l\u00e0 s\u1ea3n ph\u1ea9m v\u01b0\u1ee3t tr\u00ean y\u00eau c\u1ea7u c\u1ee7a c\u00e1c h\u00e3ng s\u1ea3n xu\u1ea5t \u00f4 t\u00f4 (OEM) \u0111\u1ec3 \u0111\u1ea1t m\u1ee9c hi\u1ec7u n\u0103ng v\u1eadn h\u00e0nh v\u01b0\u1ee3t tr\u1ed9i trong m\u1ecdi \u0111i\u1ec1u ki\u1ec7n ho\u1ea1t \u0111\u1ed9ng c\u1ee7a xe.<br \/>\n&#8211; Mang l\u1ea1i hi\u1ec7u n\u0103ng \u0111\u00e1nh l\u1eeda si\u00eau m\u1ea1nh cho \u0111\u1ed9ng c\u01a1 kh\u00f4ng c\u1ea7n ph\u1ea3i t\u0103ng \u0111i\u1ec7n th\u1ebf bobbin<br \/>\n&#8211; S\u1ef1 thi\u00eau k\u1ebft c\u0169ng cho ph\u00e9p tu\u1ed5i th\u1ecd bugi r\u1ea5t cao (100.000km), b\u1ea3o v\u1ec7 ho\u00e0n h\u1ea3o cho \u0111\u1ed9ng c\u01a1<br \/>\n&#8211; C\u00f4ng ngh\u1ec7 \u0111\u00e1nh l\u1eeda khe h\u1edf b\u1ec1 m\u1eb7t mang t\u00ednh \u0111\u1ed9t ph\u00e1 cho ph\u00e9p \u0111\u00e1nh l\u1eeda \u0111a tuy\u1ebfn \u0111em l\u1ea1i hi\u1ec7u su\u1ea5t \u0111\u1ed1t ch\u00e1y cao<br \/>\n&#8211; B\u1ed1n ch\u1ea5u \u0111i\u1ec7n c\u1ef1c gia c\u01b0\u1eddng b\u1eb1ng yttrium cho c\u00f4ng su\u1ea5t t\u1ed1i \u0111a<br \/>\n&#8211; Bugi c\u1ea3i thi\u1ec7n r\u00f5 r\u1ec7t kh\u1ea3 n\u0103ng kh\u1edfi \u0111\u1ed9ng l\u1ea1nh, gi\u1ea3m thi\u1ec3u s\u1ef1 ng\u01b0ng t\u1ee5 nhi\u00ean li\u1ec7u<br \/>\n&#8211; \u0110i\u1ec7n tr\u1edf kh\u1eed giao thoa, b\u1ea3o v\u1ec7 c\u00e1c thi\u1ebft b\u1ecb thu radio kh\u00f4ng b\u1ecb nhi\u1ec5u s\u00f3ng<\/p>\n","protected":false},"excerpt":{"rendered":"<p>V\u1ec9 6 Bugi C\u00f4n Ch\u00e2n D\u00e0i BOSCH HGR8MQI 4 Ch\u00e2u B\u1ea1ch Kim Cho Xe Ford Mazda TH\u00d4NG TIN S\u1ea2N PH\u1ea8M: &#8211; Th\u01b0\u01a1ng hi\u1ec7u: Bosch &#8211; M\u00e3 s\u1ea3n ph\u1ea9m: HGR8MQI &#8211; T\u00edp l\u1ee5c gi\u00e1c: 16mm &#8211; \u0110\u01b0\u1eddng k\u00ednh ren (R\u0103ng): 14mm &#8211; V\u1eadt li\u1ec7u \u0111i\u1ec7n c\u1ef1c d\u01b0\u01a1ng: Iridium &#8211; S\u1ed1 \u0111i\u1ec7n c\u1ef1c \u00e2m: 4 &#8211; Ch\u1ee7ng&hellip;<\/p>\n","protected":false},"featured_media":7194,"comment_status":"closed","ping_status":"open","template":"","meta":[],"product_cat":[117],"product_tag":[],"class_list":{"0":"post-7193","1":"product","2":"type-product","3":"status-publish","4":"has-post-thumbnail","6":"product_brand-bosch-car-service","7":"product_cat-cham-soc-o-to-xe-hoi","9":"first","10":"instock","11":"product-type-simple","12":"col-xs-6 col-sm-4","13":"col-md-3 col-lg-3","14":"un-4-cols"},"_links":{"self":[{"href":"https:\/\/hibucenter.com\/index.php\/wp-json\/wp\/v2\/product\/7193","targetHints":{"allow":["GET"]}}],"collection":[{"href":"https:\/\/hibucenter.com\/index.php\/wp-json\/wp\/v2\/product"}],"about":[{"href":"https:\/\/hibucenter.com\/index.php\/wp-json\/wp\/v2\/types\/product"}],"replies":[{"embeddable":true,"href":"https:\/\/hibucenter.com\/index.php\/wp-json\/wp\/v2\/comments?post=7193"}],"version-history":[{"count":0,"href":"https:\/\/hibucenter.com\/index.php\/wp-json\/wp\/v2\/product\/7193\/revisions"}],"wp:featuredmedia":[{"embeddable":true,"href":"https:\/\/hibucenter.com\/index.php\/wp-json\/wp\/v2\/media\/7194"}],"wp:attachment":[{"href":"https:\/\/hibucenter.com\/index.php\/wp-json\/wp\/v2\/media?parent=7193"}],"wp:term":[{"taxonomy":"product_cat","embeddable":true,"href":"https:\/\/hibucenter.com\/index.php\/wp-json\/wp\/v2\/product_cat?post=7193"},{"taxonomy":"product_tag","embeddable":true,"href":"https:\/\/hibucenter.com\/index.php\/wp-json\/wp\/v2\/product_tag?post=7193"}],"curies":[{"name":"wp","href":"https:\/\/api.w.org\/{rel}","templated":true}]}}