{"id":7187,"date":"2025-04-29T09:45:35","date_gmt":"2025-04-29T02:45:35","guid":{"rendered":"https:\/\/hibucenter.com\/index.php\/product\/cap-2-coi-bosch-coi-dia-fc2-12v-coi-so-evo-12v-danh-cho-o-to\/"},"modified":"2025-07-21T10:35:51","modified_gmt":"2025-07-21T03:35:51","slug":"cap-2-coi-bosch-coi-dia-fc2-12v-coi-so-evo-12v-danh-cho-o-to","status":"publish","type":"product","link":"https:\/\/hibucenter.com\/index.php\/cap-2-coi-bosch-coi-dia-fc2-12v-coi-so-evo-12v-danh-cho-o-to\/","title":{"rendered":"C\u1eb7p 2 C\u00f2i Bosch C\u00f2i D\u0129a FC2 12V C\u00f2i S\u00f2 EVO 12V D\u00e0nh Cho \u00d4 T\u00f4"},"content":{"rendered":"<p>C\u1eb7p 2 C\u00f2i Bosch C\u00f2i D\u0129a FC2 12V  C\u00f2i S\u00f2 EVO 12V D\u00e0nh Cho \u00d4 T\u00f4<\/p>\n<p><> TH\u00d4NG TIN S\u1ea2N PH\u1ea8M:<br \/>\n&#8211; Th\u01b0\u01a1ng hi\u1ec7u: Bosch<br \/>\n&#8211; Ki\u1ec3u d\u00e1ng: h\u00ecnh d\u0129a tr\u00f2n, S\u00f2 nh\u1ecf<br \/>\n&#8211; M\u00e0u: \u0111en<br \/>\n&#8211; Hi\u1ec7u \u1ee9ng \u00e2m thanh cao &#8211; an to\u00e0n d\u1ec5 nghe:<br \/>\n&#8211; Th\u00f4ng s\u1ed1 k\u1ef9 thu\u1eadt:<br \/>\n+ C\u00f2i D\u0129a FC2 12V: 12V FC2 &#8211; 2W, 4W (PC)<br \/>\n+ C\u00f2i S\u00f2 EVO 12V: 12V 4A, 105 &#8211; 118 dB(A), 410\/510hz<br \/>\n&#8211; Quy c\u00e1ch: 1 h\u1ed9p 2 c\u00f2i<\/p>\n<p><> \u0110\u1eb6C \u0110I\u1ec2M S\u1ea2N PH\u1ea8M:<br \/>\n&#8211; \u00c2m thanh lu\u00f4n lu\u00f4n l\u1edbn v\u00e0 r\u00f5 r\u00e0ng trong b\u1ea5t k\u00ec \u0111i\u1ec1u ki\u1ec7n ho\u1eb7c th\u1eddi ti\u1ebft n\u00e0o, v\u1edbi \u0111\u1ed9 truy\u1ec1n \u00e2m g\u00f3c r\u1ed9ng.<br \/>\n&#8211; D\u1ec5 l\u1eafp \u0111\u1eb7t, kh\u00f4ng t\u1ed1n di\u1ec7n t\u00edch.<br \/>\n&#8211; Th\u1eddi gian s\u1eed d\u1ee5ng l\u00e2u b\u1ec1n v\u00e0 \u0111\u00e1ng tin c\u1eady.<br \/>\n&#8211; C\u00f4ng ngh\u1ec7 l\u1ecdc m\u00e0ng gi\u00fap n\u00e2ng cao hi\u1ec7u n\u0103ng, b\u1ea3o v\u1ec7 ch\u1ed1ng \u0103n m\u00f2n,ch\u1ed1ng b\u1ee5i v\u00e0 \u0111\u1ed9 \u1ea9m.<br \/>\n&#8211; C\u00f2i S\u00f2 EVO c\u00f3 kh\u1ea3 n\u0103ng ch\u1ed1ng n\u01b0\u1edbc cao.<br \/>\n&#8211; Ch\u1ea5t l\u01b0\u1ee3ng ph\u1ee5 t\u00f9ng ch\u00ednh h\u00e3ng c\u1ee7a Bosch.<br \/>\n&#8211; S\u1ea3n ph\u1ea9m c\u00f3 th\u1ec3 check h\u00e0ng th\u1eadt b\u1eb1ng m\u00e3 QR.<br \/>\n&#8211; \u0110\u01b0\u1ee3c thi\u1ebft k\u1ebf theo ti\u00eau chu\u1ea9n ph\u1ee5 t\u00f9ng ch\u00ednh h\u00e3ng v\u00e0 \u0111\u01b0\u1ee3c c\u00f4ng nh\u1eadn ch\u1ea5t l\u01b0\u1ee3ng theo ti\u00eau chu\u1ea9n.<br \/>\n&#8211; Cung c\u1ea5p ch\u1ea5t l\u01b0\u1ee3ng \u00e2m thanh tuy\u1ec7t v\u1eddi v\u00e0 hi\u1ec7u su\u1ea5t cao.<br \/>\n&#8211; K\u1ebft c\u1ea5u v\u1eefng ch\u1eafc.<\/p>\n","protected":false},"excerpt":{"rendered":"<p>C\u1eb7p 2 C\u00f2i Bosch C\u00f2i D\u0129a FC2 12V C\u00f2i S\u00f2 EVO 12V D\u00e0nh Cho \u00d4 T\u00f4 TH\u00d4NG TIN S\u1ea2N PH\u1ea8M: &#8211; Th\u01b0\u01a1ng hi\u1ec7u: Bosch &#8211; Ki\u1ec3u d\u00e1ng: h\u00ecnh d\u0129a tr\u00f2n, S\u00f2 nh\u1ecf &#8211; M\u00e0u: \u0111en &#8211; Hi\u1ec7u \u1ee9ng \u00e2m thanh cao &#8211; an to\u00e0n d\u1ec5 nghe: &#8211; Th\u00f4ng s\u1ed1 k\u1ef9 thu\u1eadt: + C\u00f2i D\u0129a FC2&hellip;<\/p>\n","protected":false},"featured_media":7188,"comment_status":"closed","ping_status":"open","template":"","meta":[],"product_cat":[117],"product_tag":[],"class_list":{"0":"post-7187","1":"product","2":"type-product","3":"status-publish","4":"has-post-thumbnail","6":"product_brand-bosch-car-service","7":"product_cat-cham-soc-o-to-xe-hoi","9":"first","10":"instock","11":"product-type-simple","12":"col-xs-6 col-sm-4","13":"col-md-3 col-lg-3","14":"un-4-cols"},"_links":{"self":[{"href":"https:\/\/hibucenter.com\/index.php\/wp-json\/wp\/v2\/product\/7187","targetHints":{"allow":["GET"]}}],"collection":[{"href":"https:\/\/hibucenter.com\/index.php\/wp-json\/wp\/v2\/product"}],"about":[{"href":"https:\/\/hibucenter.com\/index.php\/wp-json\/wp\/v2\/types\/product"}],"replies":[{"embeddable":true,"href":"https:\/\/hibucenter.com\/index.php\/wp-json\/wp\/v2\/comments?post=7187"}],"version-history":[{"count":0,"href":"https:\/\/hibucenter.com\/index.php\/wp-json\/wp\/v2\/product\/7187\/revisions"}],"wp:featuredmedia":[{"embeddable":true,"href":"https:\/\/hibucenter.com\/index.php\/wp-json\/wp\/v2\/media\/7188"}],"wp:attachment":[{"href":"https:\/\/hibucenter.com\/index.php\/wp-json\/wp\/v2\/media?parent=7187"}],"wp:term":[{"taxonomy":"product_cat","embeddable":true,"href":"https:\/\/hibucenter.com\/index.php\/wp-json\/wp\/v2\/product_cat?post=7187"},{"taxonomy":"product_tag","embeddable":true,"href":"https:\/\/hibucenter.com\/index.php\/wp-json\/wp\/v2\/product_tag?post=7187"}],"curies":[{"name":"wp","href":"https:\/\/api.w.org\/{rel}","templated":true}]}}