{"id":7182,"date":"2025-04-29T09:45:35","date_gmt":"2025-04-29T02:45:35","guid":{"rendered":"https:\/\/hibucenter.com\/index.php\/product\/bo-4-bugi-chan-ngan-bach-kim-bosch-fr7dpx-cho-nhieu-loai-xe\/"},"modified":"2025-07-21T10:35:51","modified_gmt":"2025-07-21T03:35:51","slug":"bo-4-bugi-chan-ngan-bach-kim-bosch-fr7dpx-cho-nhieu-loai-xe","status":"publish","type":"product","link":"https:\/\/hibucenter.com\/index.php\/bo-4-bugi-chan-ngan-bach-kim-bosch-fr7dpx-cho-nhieu-loai-xe\/","title":{"rendered":"B\u1ed9 4 Bugi Ch\u00e2n Ng\u1eafn B\u1ea1ch Kim BOSCH FR7DPX Cho Nhi\u1ec1u Lo\u1ea1i Xe"},"content":{"rendered":"<p>B\u1ed9 4 Bugi Ch\u00e2n Ng\u1eafn B\u1ea1ch Kim BOSCH FR7DPX Cho Nhi\u1ec1u Lo\u1ea1i Xe<\/p>\n<p><> TH\u00d4NG TIN S\u1ea2N PH\u1ea8M:<br \/>\n&#8211; M\u00e3 s\u1ea3n ph\u1ea9m: FR7DPX<br \/>\n&#8211; T\u00ednh n\u0103ng:  \u0110\u00e1nh l\u1eeda, kh\u1edfi \u0111\u1ed9ng xe<br \/>\n&#8211; D\u00e0nh cho xe Mazda Premacy &#8211; Chevrolet Aveo, Cruze, Captiva, Lacetti Max &#8211; Hyundai Getz, i10, i30, Tucson &#8211; Toyota Vios, Altis, Avanza &#8211; Kia Morning, Forte, Rio,..<br \/>\n&#8211; Qui c\u00e1ch: b\u1ed9 4 con<br \/>\n&#8211; Th\u01b0\u01a1ng hi\u1ec7u: Bosch<\/p>\n<p><> \u0110\u1eb6C \u0110I\u1ec2M S\u1ea2N PH\u1ea8M:<br \/>\n&#8211; Gi\u1ea3m \u00f4 nhi\u1ec5m, gi\u1ea3m hi\u1ec7n t\u01b0\u1ee3ng b\u1ecf k\u1ef3 \u0111\u1ed1t, t\u1ed1i \u01b0u h\u00f3a ti\u1ebft ki\u1ec7m nhi\u00ean li\u1ec7u v\u00e0 t\u0103ng t\u1ed1c \u0111\u1ed9ng c\u01a1<br \/>\n&#8211; \u0110\u1ed1t ch\u00e1y t\u1ed1t h\u01a1n, kh\u1edfi \u0111\u1ed9ng nhanh h\u01a1n, qu\u00e1 tr\u00ecnh gia t\u1ed1c \u00eam h\u01a1n<br \/>\n&#8211; T\u0103ng hi\u1ec7u qu\u1ea3 s\u1eed d\u1ee5ng nhi\u00ean li\u1ec7u, tu\u1ed5i th\u1ecd cao h\u01a1n 25% so v\u1edbi bugi \u0111\u00e1nh l\u1eeda ti\u00eau chu\u1ea9n c\u00f4ng ngh\u1ec7 platinum<br \/>\n&#8211; Kh\u1edfi \u0111\u1ed9ng tin c\u1eady, kh\u00f4ng b\u1ecf k\u1ef3 \u0111\u1ed1t, b\u1ea3o v\u1ec7 \u0111\u1ed9ng c\u01a1 \u0111\u01b0\u1ee3c c\u1ea3i thi\u1ec7n<br \/>\n&#8211; T\u0103ng t\u1ed1c \u00eam, \u0111i\u1ec1u khi\u1ec3n xe d\u1ec5 d\u00e0ng, tho\u1ea3i m\u00e1i<br \/>\n&#8211; \u0110i\u1ec7n th\u1ebf \u0111\u00e1nh l\u1eeda th\u1ea5p nh\u1edd c\u00f4ng ngh\u1ec7 khe h\u1edf b\u1ec1 m\u1eb7t gi\u00fap kh\u1edf \u0111\u1ed9ng nhanh v\u00e0 \u0111\u1ed9ng c\u01a1 v\u1eadn h\u00e0nh t\u1ed1i \u01b0u.<\/p>\n","protected":false},"excerpt":{"rendered":"<p>B\u1ed9 4 Bugi Ch\u00e2n Ng\u1eafn B\u1ea1ch Kim BOSCH FR7DPX Cho Nhi\u1ec1u Lo\u1ea1i Xe TH\u00d4NG TIN S\u1ea2N PH\u1ea8M: &#8211; M\u00e3 s\u1ea3n ph\u1ea9m: FR7DPX &#8211; T\u00ednh n\u0103ng: \u0110\u00e1nh l\u1eeda, kh\u1edfi \u0111\u1ed9ng xe &#8211; D\u00e0nh cho xe Mazda Premacy &#8211; Chevrolet Aveo, Cruze, Captiva, Lacetti Max &#8211; Hyundai Getz, i10, i30, Tucson &#8211; Toyota Vios, Altis, Avanza &#8211;&hellip;<\/p>\n","protected":false},"featured_media":7183,"comment_status":"closed","ping_status":"open","template":"","meta":[],"product_cat":[117],"product_tag":[],"class_list":{"0":"post-7182","1":"product","2":"type-product","3":"status-publish","4":"has-post-thumbnail","6":"product_brand-bosch-car-service","7":"product_cat-cham-soc-o-to-xe-hoi","9":"first","10":"instock","11":"product-type-simple","12":"col-xs-6 col-sm-4","13":"col-md-3 col-lg-3","14":"un-4-cols"},"_links":{"self":[{"href":"https:\/\/hibucenter.com\/index.php\/wp-json\/wp\/v2\/product\/7182","targetHints":{"allow":["GET"]}}],"collection":[{"href":"https:\/\/hibucenter.com\/index.php\/wp-json\/wp\/v2\/product"}],"about":[{"href":"https:\/\/hibucenter.com\/index.php\/wp-json\/wp\/v2\/types\/product"}],"replies":[{"embeddable":true,"href":"https:\/\/hibucenter.com\/index.php\/wp-json\/wp\/v2\/comments?post=7182"}],"version-history":[{"count":0,"href":"https:\/\/hibucenter.com\/index.php\/wp-json\/wp\/v2\/product\/7182\/revisions"}],"wp:featuredmedia":[{"embeddable":true,"href":"https:\/\/hibucenter.com\/index.php\/wp-json\/wp\/v2\/media\/7183"}],"wp:attachment":[{"href":"https:\/\/hibucenter.com\/index.php\/wp-json\/wp\/v2\/media?parent=7182"}],"wp:term":[{"taxonomy":"product_cat","embeddable":true,"href":"https:\/\/hibucenter.com\/index.php\/wp-json\/wp\/v2\/product_cat?post=7182"},{"taxonomy":"product_tag","embeddable":true,"href":"https:\/\/hibucenter.com\/index.php\/wp-json\/wp\/v2\/product_tag?post=7182"}],"curies":[{"name":"wp","href":"https:\/\/api.w.org\/{rel}","templated":true}]}}