{"id":7176,"date":"2025-04-29T09:45:35","date_gmt":"2025-04-29T02:45:35","guid":{"rendered":"https:\/\/hibucenter.com\/index.php\/product\/hop-10-bong-den-xi-nhan-phanh-hau-bosch-chinh-hang\/"},"modified":"2025-07-21T10:35:51","modified_gmt":"2025-07-21T03:35:51","slug":"hop-10-bong-den-xi-nhan-phanh-hau-bosch-chinh-hang","status":"publish","type":"product","link":"https:\/\/hibucenter.com\/index.php\/hop-10-bong-den-xi-nhan-phanh-hau-bosch-chinh-hang\/","title":{"rendered":"H\u1ed9p 10 B\u00f3ng \u0110\u00e8n Xi Nhan Phanh H\u1eadu BOSCH Ch\u00ednh H\u00e3ng"},"content":{"rendered":"<p>H\u1ed9p 10 B\u00f3ng \u0110\u00e8n Xi Nhan Phanh H\u1eadu BOSCH Ch\u00ednh H\u00e3ng<\/p>\n<p>< > TH\u00d4NG TIN S\u1ea2N PH\u1ea8M :<br \/>\n&#8211; Th\u01b0\u01a1ng hi\u1ec7u: Bosch<br \/>\n&#8211; Xu\u1ea5t x\u1ee9: Hungary<br \/>\n&#8211; Ch\u1ea5t li\u1ec7u: Th\u1ee7y tinh<br \/>\n&#8211; Ngu\u1ed3n \u0111i\u1ec7n: 12V<br \/>\n&#8211; T\u00ednh n\u0103ng: Chi\u1ebfu s\u00e1ng<br \/>\n&#8211; Lo\u1ea1i \u0111\u00e8n:<br \/>\n+ 382: P21W (1Tim) 12V<br \/>\n+ 380: P21\/5W (2Tim) 12V<br \/>\n&#8211; Qui c\u00e1ch: h\u1ed9p 10 b\u00f3ng<\/p>\n<p>< > \u0110\u1eb6C \u0110I\u1ec2M S\u1ea2N PH\u1ea8M:<br \/>\n&#8211; \u0110\u01b0\u1ee3c l\u00e0m t\u1eeb th\u1ee7y tinh c\u01b0\u1eddng l\u1ef1c, c\u00f3 kh\u1ea3 n\u0103ng ch\u1ecbu nhi\u1ec7t t\u1ed1t<br \/>\n&#8211; \u0110\u1ea3m b\u1ea3o c\u01b0\u1eddng \u0111\u1ed9 chi\u1ebfu s\u00e1ng v\u00e0 s\u1ef1 ph\u00e2n b\u1ed1 \u00e1nh s\u00e1ng t\u1ed1t nh\u1ea5t<br \/>\n&#8211; \u0110\u00e1p \u1ee9ng c\u00e1c ti\u00eau chu\u1ea9n k\u1ef9 thu\u1eadt nghi\u00eam ng\u1eb7t<br \/>\n&#8211; Gi\u00fap ng\u01b0\u1eddi l\u00e1i xe tho\u1ea3i m\u00e1i v\u00e0 ch\u1ee7 \u0111\u1ed9ng h\u01a1n trong vi\u1ec7c quan s\u00e1t h\u01b0\u1edbng \u0111i.<br \/>\n&#8211; Ch\u1ebf t\u1ea1o t\u1eeb th\u1ee7y tinh c\u01b0\u1eddng l\u1ef1c l\u00e0m gi\u1ea3m s\u1ef1 ph\u00e1t t\u00e1n tia c\u1ef1c t\u00edm v\u00e0 cho \u00e1nh s\u00e1ng s\u00e1ng h\u01a1n<br \/>\n&#8211; \u0110\u01b0\u1ee3c thi\u1ebft k\u1ebf trong su\u1ed1t v\u00e0 ch\u1ecbu nhi\u1ec7t t\u1ed1t, kh\u00f4ng b\u1ecb \u1ea3nh h\u01b0\u1edfng b\u1edfi m\u00f4i tr\u01b0\u1eddng b\u00ean ngo\u00e0i<br \/>\n&#8211; C\u00f3 hi\u1ec7u qu\u1ea3 chi\u1ebfu s\u00e1ng cao, ti\u1ec7n l\u1ee3i v\u00e0 an to\u00e0n h\u01a1n cho ng\u01b0\u1eddi s\u1eed d\u1ee5ng<br \/>\n&#8211; Lu\u00f4n \u0111\u1ea1t \u0111\u01b0\u1ee3c \u0111\u1ed9 s\u00e1ng tuy\u1ec7t \u0111\u1ed1i<br \/>\n&#8211; Kh\u00f4ng b\u1ecb n\u00f3ng trong qu\u00e1 tr\u00ecnh ho\u1ea1t \u0111\u1ed9ng<br \/>\n&#8211; C\u00f3 tu\u1ed5i th\u1ecd cao gi\u00fap ti\u1ebft ki\u1ec7m chi ph\u00ed thay th\u1ebf, l\u1eafp \u0111\u1eb7t m\u1edbi<\/p>\n","protected":false},"excerpt":{"rendered":"<p>H\u1ed9p 10 B\u00f3ng \u0110\u00e8n Xi Nhan Phanh H\u1eadu BOSCH Ch\u00ednh H\u00e3ng < > TH\u00d4NG TIN S\u1ea2N PH\u1ea8M : &#8211; Th\u01b0\u01a1ng hi\u1ec7u: Bosch &#8211; Xu\u1ea5t x\u1ee9: Hungary &#8211; Ch\u1ea5t li\u1ec7u: Th\u1ee7y tinh &#8211; Ngu\u1ed3n \u0111i\u1ec7n: 12V &#8211; T\u00ednh n\u0103ng: Chi\u1ebfu s\u00e1ng &#8211; Lo\u1ea1i \u0111\u00e8n: + 382: P21W (1Tim) 12V + 380: P21\/5W (2Tim) 12V &#8211; Qui&hellip;<\/p>\n","protected":false},"featured_media":7177,"comment_status":"closed","ping_status":"open","template":"","meta":[],"product_cat":[117],"product_tag":[],"class_list":{"0":"post-7176","1":"product","2":"type-product","3":"status-publish","4":"has-post-thumbnail","6":"product_brand-bosch-car-service","7":"product_cat-cham-soc-o-to-xe-hoi","9":"first","10":"instock","11":"product-type-simple","12":"col-xs-6 col-sm-4","13":"col-md-3 col-lg-3","14":"un-4-cols"},"_links":{"self":[{"href":"https:\/\/hibucenter.com\/index.php\/wp-json\/wp\/v2\/product\/7176","targetHints":{"allow":["GET"]}}],"collection":[{"href":"https:\/\/hibucenter.com\/index.php\/wp-json\/wp\/v2\/product"}],"about":[{"href":"https:\/\/hibucenter.com\/index.php\/wp-json\/wp\/v2\/types\/product"}],"replies":[{"embeddable":true,"href":"https:\/\/hibucenter.com\/index.php\/wp-json\/wp\/v2\/comments?post=7176"}],"version-history":[{"count":0,"href":"https:\/\/hibucenter.com\/index.php\/wp-json\/wp\/v2\/product\/7176\/revisions"}],"wp:featuredmedia":[{"embeddable":true,"href":"https:\/\/hibucenter.com\/index.php\/wp-json\/wp\/v2\/media\/7177"}],"wp:attachment":[{"href":"https:\/\/hibucenter.com\/index.php\/wp-json\/wp\/v2\/media?parent=7176"}],"wp:term":[{"taxonomy":"product_cat","embeddable":true,"href":"https:\/\/hibucenter.com\/index.php\/wp-json\/wp\/v2\/product_cat?post=7176"},{"taxonomy":"product_tag","embeddable":true,"href":"https:\/\/hibucenter.com\/index.php\/wp-json\/wp\/v2\/product_tag?post=7176"}],"curies":[{"name":"wp","href":"https:\/\/api.w.org\/{rel}","templated":true}]}}