{"id":7156,"date":"2025-04-29T09:44:47","date_gmt":"2025-04-29T02:44:47","guid":{"rendered":"https:\/\/hibucenter.com\/index.php\/product\/bugi-chan-ngan-double-iridium-bosch-fr7dii33x-danh-cho-xe-toyota-kia-mazda-hyundai\/"},"modified":"2025-07-21T10:35:52","modified_gmt":"2025-07-21T03:35:52","slug":"bugi-chan-ngan-double-iridium-bosch-fr7dii33x-danh-cho-xe-toyota-kia-mazda-hyundai","status":"publish","type":"product","link":"https:\/\/hibucenter.com\/index.php\/bugi-chan-ngan-double-iridium-bosch-fr7dii33x-danh-cho-xe-toyota-kia-mazda-hyundai\/","title":{"rendered":"Bugi Ch\u00e2n Ng\u1eafn Double Iridium BOSCH FR7DII33X | D\u00e0nh Cho Xe Toyota, Kia, Mazda, Hyundai .."},"content":{"rendered":"<p>Bugi Ch\u00e2n Ng\u1eafn Double Iridium BOSCH FR7DII33X | D\u00e0nh Cho Xe Toyota, Kia, Mazda, Hyundai ..<\/p>\n<p>TH\u00d4NG TIN S\u1ea2N PH\u1ea8M:<br \/>\n&#8211; Ch\u1ee7ng lo\u1ea1i:  Bugi ch\u00e2n ng\u1eafn, \u0111i\u1ec7n c\u1ef1c Iridium k\u00e9p (Double Iridium)<br \/>\n&#8211; M\u00e3 ph\u1ee5 t\u00f9ng:   0242236596  |  Bosch<br \/>\n&#8211; Xu\u1ea5t x\u1ee9: Made in Germany<br \/>\n&#8211; T\u00edp l\u1ee5c gi\u00e1c:   16mm<br \/>\n&#8211; \u0110\u01b0\u1eddng k\u00ednh ren (R\u0103ng):  14mm<br \/>\n&#8211; V\u1eadt li\u1ec7u \u0111i\u1ec7n c\u1ef1c d\u01b0\u01a1ng: Iridium<br \/>\n&#8211; S\u1ed1 \u0111i\u1ec7n c\u1ef1c \u00e2m: 1<br \/>\nhttps:\/\/cf.shopee.vn\/file\/dcc2a17c2adaba82b36a1902709fddd9<br \/>\n\u1ee8NG D\u1ee4NG:<\/p>\n<p>TOYOTA Vios;<br \/>\nTOYOTA Altis \u0111\u1eddi 2005-2014;<br \/>\nTOYOTA Yaris;<br \/>\nTOYOTA Camry.<\/p>\n<p>KIA Carens \u0111\u1eddi 2008-sau;<br \/>\nKIA Rio \u0111\u1eddi 2008-sau;<br \/>\nKIA Forte;<br \/>\nKIA Cerato;<\/p>\n<p>MAZDA 626<br \/>\nMAZDA 323; <\/p>\n<p>NISSAN Sunny; <\/p>\n<p>HYUNDAI Tucson 2.0i JM 4&#215;4 [G4GC] \/ (04-10) <\/p>\n<p>MITSUBISHI Outlander \u0111\u1eddi 2017-sau<\/p>\n<p>\u0110\u1eb7c t\u00ednh k\u1ef9 thu\u1eadt s\u1ea3n ph\u1ea9m: <\/p>\n<p>* B\u1ec1n h\u01a1n 4 l\u1ea7n so v\u1edbi d\u00f2ng bugi ti\u00eau chu\u1ea9n (l\u00f5i \u0111\u1ed3ng);<br \/>\n* Hi\u1ec7u qu\u1ea3 ho\u1ea1t \u0111\u1ed9ng cao;<br \/>\n* T\u0103ng c\u01b0\u1eddng kh\u1ea3 n\u0103ng \u0111\u00e1nh l\u1eeda;<br \/>\n* Y\u00eau c\u1ea7u \u0111i\u1ec7n \u00e1p th\u1ea5p;<br \/>\n* Kh\u1ea3 n\u0103ng ch\u1ed1ng m\u00f2n cho \u0111\u1ed9 b\u1ec1n cao;<br \/>\n* C\u00f4ng ngh\u1ec7 ch\u00ednh h\u00e3ng cho hi\u1ec7u su\u1ea5t t\u1ed1i \u01b0u.<\/p>\n","protected":false},"excerpt":{"rendered":"<p>Bugi Ch\u00e2n Ng\u1eafn Double Iridium BOSCH FR7DII33X | D\u00e0nh Cho Xe Toyota, Kia, Mazda, Hyundai .. TH\u00d4NG TIN S\u1ea2N PH\u1ea8M: &#8211; Ch\u1ee7ng lo\u1ea1i: Bugi ch\u00e2n ng\u1eafn, \u0111i\u1ec7n c\u1ef1c Iridium k\u00e9p (Double Iridium) &#8211; M\u00e3 ph\u1ee5 t\u00f9ng: 0242236596 | Bosch &#8211; Xu\u1ea5t x\u1ee9: Made in Germany &#8211; T\u00edp l\u1ee5c gi\u00e1c: 16mm &#8211; \u0110\u01b0\u1eddng k\u00ednh ren (R\u0103ng):&hellip;<\/p>\n","protected":false},"featured_media":7158,"comment_status":"closed","ping_status":"open","template":"","meta":[],"product_cat":[117],"product_tag":[],"class_list":{"0":"post-7156","1":"product","2":"type-product","3":"status-publish","4":"has-post-thumbnail","6":"product_brand-bosch-car-service","7":"product_cat-cham-soc-o-to-xe-hoi","9":"first","10":"instock","11":"product-type-simple","12":"col-xs-6 col-sm-4","13":"col-md-3 col-lg-3","14":"un-4-cols"},"_links":{"self":[{"href":"https:\/\/hibucenter.com\/index.php\/wp-json\/wp\/v2\/product\/7156","targetHints":{"allow":["GET"]}}],"collection":[{"href":"https:\/\/hibucenter.com\/index.php\/wp-json\/wp\/v2\/product"}],"about":[{"href":"https:\/\/hibucenter.com\/index.php\/wp-json\/wp\/v2\/types\/product"}],"replies":[{"embeddable":true,"href":"https:\/\/hibucenter.com\/index.php\/wp-json\/wp\/v2\/comments?post=7156"}],"version-history":[{"count":0,"href":"https:\/\/hibucenter.com\/index.php\/wp-json\/wp\/v2\/product\/7156\/revisions"}],"wp:featuredmedia":[{"embeddable":true,"href":"https:\/\/hibucenter.com\/index.php\/wp-json\/wp\/v2\/media\/7158"}],"wp:attachment":[{"href":"https:\/\/hibucenter.com\/index.php\/wp-json\/wp\/v2\/media?parent=7156"}],"wp:term":[{"taxonomy":"product_cat","embeddable":true,"href":"https:\/\/hibucenter.com\/index.php\/wp-json\/wp\/v2\/product_cat?post=7156"},{"taxonomy":"product_tag","embeddable":true,"href":"https:\/\/hibucenter.com\/index.php\/wp-json\/wp\/v2\/product_tag?post=7156"}],"curies":[{"name":"wp","href":"https:\/\/api.w.org\/{rel}","templated":true}]}}