{"id":7086,"date":"2025-04-29T09:44:00","date_gmt":"2025-04-29T02:44:00","guid":{"rendered":"https:\/\/hibucenter.com\/index.php\/product\/gat-mua-pho-thong-co-xuong-bosch-advantage-12-28-hang-chinh-hang\/"},"modified":"2025-07-21T10:35:52","modified_gmt":"2025-07-21T03:35:52","slug":"gat-mua-pho-thong-co-xuong-bosch-advantage-12-28-hang-chinh-hang","status":"publish","type":"product","link":"https:\/\/hibucenter.com\/index.php\/gat-mua-pho-thong-co-xuong-bosch-advantage-12-28-hang-chinh-hang\/","title":{"rendered":"G\u1ea1t M\u01b0a Ph\u1ed5 Th\u00f4ng C\u00f3 X\u01b0\u01a1ng BOSCH Advantage 12&#8243; -> 28&#8243; H\u00e0ng ch\u00ednh h\u00e3ng"},"content":{"rendered":"<p>L\u01afU \u00dd : Qu\u00fd kh\u00e1ch h\u00e0ng vui l\u00f2ng nh\u1eafn tin cho shop qua c\u00f4ng c\u1ee5 chat c\u1ee7a shopee tr\u01b0\u1edbc khi mua h\u00e0ng \u0111\u1ec3 \u0111\u01b0\u1ee3c nh\u00e2n vi\u00ean k\u1ef9 thu\u1eadt t\u01b0 v\u1ea5n h\u1ed7 tr\u1ee3 nh\u00e9. Tr\u00e1nh tr\u01b0\u1eddng h\u1ee3p \u0111\u1eb7t sai m\u00e3 sai k\u00edch th\u01b0\u1edbc \u1ea1 . Xin c\u1ea3m \u01a1n !!<\/p>\n<p>G\u1ea1t M\u01b0a Ph\u1ed5 Th\u00f4ng C\u00f3 X\u01b0\u01a1ng BOSCH Advantage 12&#8243; -> 28&#8243; H\u00e0ng ch\u00ednh h\u00e3ng<\/p>\n<p>&#8211; CAM K\u1ebeT CH\u00cdNH H\u00c3NG 100%<br \/>\n&#8211; H\u1ed6 TR\u1ee2 \u0110\u1ed4I TR\u1ea2 S\u1ea2N PH\u1ea8M TRONG V\u00d2NG 1 TU\u1ea6N N\u1ebeU S\u1ea2N PH\u1ea8M C\u00d3 V\u1ea4N \u0110\u1ec0<br \/>\n&#8211; GI\u00c1 B\u00c1N L\u00c0 GI\u00c1 C\u1ee6A 1 C\u00c2Y G\u1ea0T, KH\u00d4NG PH\u1ea2I L\u00c0 1 C\u1eb6P<br \/>\n&#8211;<br \/>\n<> TH\u00d4NG TIN S\u1ea2N PH\u1ea8M:<br \/>\n&#8211; Th\u01b0\u01a1ng hi\u1ec7u: Bosch<br \/>\n&#8211; Xu\u1ea5t x\u1ee9 : \u0110\u1ee9c<br \/>\n&#8211; S\u1ea3n xu\u1ea5t t\u1ea1i Trung Qu\u1ed1c<br \/>\n&#8211; Ch\u1ea5t li\u1ec7u: H\u1ee3p kim s\u1eaft v\u00e0 Cao su<br \/>\n&#8211; K\u00edch th\u01b0\u1edbc g\u1ea1t m\u01b0a Bosch Advantage:<br \/>\n+ 12&#8243; : 300mm<br \/>\n+ 14&#8243; : 350mm<br \/>\n+ 16&#8243; : 400mm<br \/>\n+ 17&#8243; : 425mm<br \/>\n+ 18&#8243; : 450mm<br \/>\n+ 19&#8243; : 475mm<br \/>\n+ 20&#8243; : 500mm<br \/>\n+ 21&#8243; : 530mm<br \/>\n+ 22&#8243; : 550mm<br \/>\n+ 24&#8243; : 600mm<br \/>\n+ 26&#8243; : 650mm<br \/>\n+ 28&#8243; : 700mm<br \/>\nhttps:\/\/cf.shopee.vn\/file\/vn-11134208-7r98o-lm43iq1y6tpb6b<\/p>\n<p>< > \u0110\u1eb6C \u0110I\u1ec2M S\u1ea2N PH\u1ea8M:<br \/>\n&#8211; G\u1ea1t m\u01b0a Bosch \u0111\u01b0\u1ee3c s\u1ea3n xu\u1ea5t tr\u00ean d\u00e2y chuy\u1ec1n c\u00f4ng ngh\u1ec7 hi\u1ec7n \u0111\u1ea1i, cho \u0111\u1ed9 b\u1ec1n l\u00e2u d\u00e0i theo th\u1eddi gian. S\u1ea3n ph\u1ea9m c\u00f3 t\u00ednh n\u0103ng ti\u1ec7n l\u1ee3i, gi\u00fap g\u1ea1t n\u01b0\u1edbc, l\u1ea5y l\u1ea1i t\u1ea7m nh\u00ecn r\u00f5 r\u00e0ng cho ng\u01b0\u1eddi l\u00e1i xe trong \u0111i\u1ec1u ki\u1ec7n m\u01b0a, s\u01b0\u01a1ng m\u00f9, mang \u0111\u1ebfn s\u1ef1 an to\u00e0n cho b\u1ea1n khi l\u01b0u th\u00f4ng.<br \/>\n&#8211; Thi\u1ebft k\u1ebf th\u00f4ng minh, b\u1ec1n b\u1ec9.<br \/>\n&#8211; Ho\u1ea1t \u0111\u1ed9ng \u00eam \u00e1i, ph\u1ea7n l\u01b0\u1ee1i c\u1ee7a thanh g\u1ea1t \u0111\u01b0\u1ee3c l\u00e0m b\u1eb1ng cao su t\u1ef1 nhi\u00ean, c\u00f3 kh\u1ea3 n\u0103ng ch\u1ed1ng \u0103n m\u00f2n cao, gi\u00fap l\u00e0m s\u1ea1ch b\u1ec1 m\u1eb7t k\u00ednh \u00f4 t\u00f4 m\u1ed9t c\u00e1ch \u00eam \u00e1i.<br \/>\n&#8211; Ch\u1ea5t li\u1ec7u b\u1ec1n b\u1ec9, thanh g\u1ea1t m\u01b0a \u00f4 t\u00f4 Bosch Advantage v\u1edbi ph\u1ea7n l\u00f5i \u0111\u01b0\u1ee3c c\u1ea5u t\u1ea1o t\u1eeb ch\u1ea5t li\u1ec7u th\u00e9p s\u01a1n t\u0129nh \u0111i\u1ec7n b\u1ec1n b\u1ec9, c\u1ee9ng c\u00e1p. Thi\u1ebft k\u1ebf th\u00f4ng minh theo l\u00fd thuy\u1ebft \u0111\u1ed9ng l\u1ef1c h\u1ecdc, gi\u00fap mang \u0111\u1ebfn hi\u1ec7u qu\u1ea3 g\u1ea1t n\u01b0\u1edbc t\u1ed1i \u01b0u cho k\u00ednh \u00f4 t\u00f4. Spoiler l\u1ec7ch t\u1ea1o l\u1ef1c \u00e9p t\u1ed1i \u0111a l\u00ean thanh g\u1ea1t khi ch\u1ea1y \u1edf t\u1ed1c \u0111\u1ed9 cao.<br \/>\n&#8211; B\u1ed9 g\u1ea1t \u0111\u1ed1i x\u1ee9ng s\u1eed d\u1ee5ng lu\u1ed3ng kh\u00f4ng kh\u00ed l\u00e0m t\u0103ng \u0111\u1ed9 ti\u1ebfp x\u00fac gi\u1eefa thanh g\u1ea1t v\u00e0 m\u1eb7t k\u00ednh t\u1ea1o l\u1ef1c \u00e9p l\u1edbn nh\u1ea5t d\u00f9 \u1edf t\u1ed1c \u0111\u1ed9 cao.<br \/>\n&#8211; H\u1ec7 th\u1ed1ng kh\u1edbp n\u1ed1i k\u00e9p \u0111\u1ea3m b\u1ea3o \u0111\u1ed9 an to\u00e0n v\u00e0 ch\u1eafc ch\u1eafn cho thanh g\u1ea1t.<br \/>\n&#8211; Ngo\u00e0i ra, thanh g\u1ea1t c\u00f2n th\u00e1o l\u1eafp d\u1ec5 d\u00e0ng v\u1edbi th\u1eddi gian th\u00e1o l\u1eafp ch\u01b0a \u0111\u1ebfn 30 gi\u00e2y c\u00f9ng tu\u1ed5i th\u1ecd l\u00e2u b\u1ec1n, cho ho\u1ea1t \u0111\u1ed9ng v\u01b0\u1ee3t tr\u1ed9i trong m\u1ecdi \u0111i\u1ec1u ki\u1ec7n th\u1eddi ti\u1ebft.<br \/>\n&#8211; \u1ee8ng d\u1ee5ng: Ph\u00f9 h\u1ee3p v\u1edbi c\u00e1c h\u00e3ng xe Ch\u00e2u \u00c1: Toyota, Honda, Kia, Huyndai, Nissan, Mitsubishi, isuzu, \u2026<\/p>\n<p>#Gat_mua_bosch#gat_mua_advantage#gat_mua_co_xuong_bosch#gat_mua_moc_u<\/p>\n","protected":false},"excerpt":{"rendered":"<p>L\u01afU \u00dd : Qu\u00fd kh\u00e1ch h\u00e0ng vui l\u00f2ng nh\u1eafn tin cho shop qua c\u00f4ng c\u1ee5 chat c\u1ee7a shopee tr\u01b0\u1edbc khi mua h\u00e0ng \u0111\u1ec3 \u0111\u01b0\u1ee3c nh\u00e2n vi\u00ean k\u1ef9 thu\u1eadt t\u01b0 v\u1ea5n h\u1ed7 tr\u1ee3 nh\u00e9. Tr\u00e1nh tr\u01b0\u1eddng h\u1ee3p \u0111\u1eb7t sai m\u00e3 sai k\u00edch th\u01b0\u1edbc \u1ea1 . Xin c\u1ea3m \u01a1n !! G\u1ea1t M\u01b0a Ph\u1ed5 Th\u00f4ng C\u00f3 X\u01b0\u01a1ng BOSCH&hellip;<\/p>\n","protected":false},"featured_media":7088,"comment_status":"closed","ping_status":"open","template":"","meta":[],"product_cat":[117],"product_tag":[],"class_list":{"0":"post-7086","1":"product","2":"type-product","3":"status-publish","4":"has-post-thumbnail","6":"product_brand-bosch-car-service","7":"product_cat-cham-soc-o-to-xe-hoi","9":"first","10":"instock","11":"product-type-simple","12":"col-xs-6 col-sm-4","13":"col-md-3 col-lg-3","14":"un-4-cols"},"_links":{"self":[{"href":"https:\/\/hibucenter.com\/index.php\/wp-json\/wp\/v2\/product\/7086","targetHints":{"allow":["GET"]}}],"collection":[{"href":"https:\/\/hibucenter.com\/index.php\/wp-json\/wp\/v2\/product"}],"about":[{"href":"https:\/\/hibucenter.com\/index.php\/wp-json\/wp\/v2\/types\/product"}],"replies":[{"embeddable":true,"href":"https:\/\/hibucenter.com\/index.php\/wp-json\/wp\/v2\/comments?post=7086"}],"version-history":[{"count":0,"href":"https:\/\/hibucenter.com\/index.php\/wp-json\/wp\/v2\/product\/7086\/revisions"}],"wp:featuredmedia":[{"embeddable":true,"href":"https:\/\/hibucenter.com\/index.php\/wp-json\/wp\/v2\/media\/7088"}],"wp:attachment":[{"href":"https:\/\/hibucenter.com\/index.php\/wp-json\/wp\/v2\/media?parent=7086"}],"wp:term":[{"taxonomy":"product_cat","embeddable":true,"href":"https:\/\/hibucenter.com\/index.php\/wp-json\/wp\/v2\/product_cat?post=7086"},{"taxonomy":"product_tag","embeddable":true,"href":"https:\/\/hibucenter.com\/index.php\/wp-json\/wp\/v2\/product_tag?post=7086"}],"curies":[{"name":"wp","href":"https:\/\/api.w.org\/{rel}","templated":true}]}}