{"id":7080,"date":"2025-04-29T09:44:00","date_gmt":"2025-04-29T02:44:00","guid":{"rendered":"https:\/\/hibucenter.com\/index.php\/product\/bo-4-bugi-double-iridium-bosch-vr7nii33x-tip-14-danh-cho-xe-toyota-vios-altis-mazda-cx5-cx8\/"},"modified":"2025-07-21T10:35:52","modified_gmt":"2025-07-21T03:35:52","slug":"bo-4-bugi-double-iridium-bosch-vr7nii33x-tip-14-danh-cho-xe-toyota-vios-altis-mazda-cx5-cx8","status":"publish","type":"product","link":"https:\/\/hibucenter.com\/index.php\/bo-4-bugi-double-iridium-bosch-vr7nii33x-tip-14-danh-cho-xe-toyota-vios-altis-mazda-cx5-cx8\/","title":{"rendered":"B\u1ed9 4 Bugi Double Iridium BOSCH VR7NII33X T\u00edp 14 D\u00e0nh Cho Xe Toyota Vios, Altis \/ Mazda Cx5, Cx8"},"content":{"rendered":"<p>TH\u00d4NG TIN S\u1ea2N PH\u1ea8M:<br \/>\nCh\u1ee7ng lo\u1ea1i:\u00a0\u00a0Bugi ch\u00e2n d\u00e0i, \u0111i\u1ec7n c\u1ef1c Iridium k\u00e9p (Double Iridium)<br \/>\nM\u00e3 ph\u1ee5 t\u00f9ng Bosch:\u00a00242135529<br \/>\nXu\u1ea5t x\u1ee9:\u00a0Made in GERMANY<br \/>\n\u00a0<br \/>\nTh\u00f4ng s\u1ed1 k\u1ef9 thu\u1eadt:<br \/>\n\u00a0\u00a0\u00a0\u00a0\u00a0\u2666\u00a0\u00a0T\u00edp l\u1ee5c gi\u00e1c:\u00a0\u00a014mm<br \/>\n\u00a0\u00a0\u00a0\u00a0\u00a0\u2666\u00a0\u00a0\u0110\u01b0\u1eddng k\u00ednh ren (R\u0103ng):\u00a012mm<br \/>\n\u00a0\u00a0\u00a0\u00a0\u00a0\u2666\u00a0\u00a0V\u1eadt li\u1ec7u \u0111i\u1ec7n c\u1ef1c d\u01b0\u01a1ng: Iridium<br \/>\n\u00a0\u00a0\u00a0\u00a0\u00a0\u2666\u00a0\u00a0S\u1ed1 \u0111i\u1ec7n c\u1ef1c \u00e2m: 1<\/p>\n<p>\u1ee8ng d\u1ee5ng:<br \/>\n\u00a0\u00a0\u00a0\u00a0\u00a0\u25ba\u00a0\u00a0MAZDA\u00a0CX-5 (2015-nay);<br \/>\n\u00a0\u00a0\u00a0\u00a0\u00a0\u25ba\u00a0\u00a0MAZDA\u00a0CX-8 (2018-nay);<br \/>\n\u00a0\u00a0\u00a0\u00a0\u00a0\u25ba\u00a0\u00a0TOYOTA\u00a0Vios, Corrola Altis (2016-nay).<br \/>\n\u00a0<br \/>\n\u0110\u1eb7c t\u00ednh k\u1ef9 thu\u1eadt s\u1ea3n ph\u1ea9m:<br \/>\n\u00a0\u00a0\u00a0\u00a0\u00a0\u2666\u00a0\u00a0B\u1ec1n h\u01a1n 4 l\u1ea7n so v\u1edbi d\u00f2ng bugi ti\u00eau chu\u1ea9n (l\u00f5i \u0111\u1ed3ng).<br \/>\n\u00a0\u00a0\u00a0\u00a0\u00a0\u2666\u00a0Hi\u1ec7u qu\u1ea3 ho\u1ea1t \u0111\u1ed9ng cao.<br \/>\n\u00a0\u00a0\u00a0\u00a0\u00a0\u2666\u00a0T\u0103ng c\u01b0\u1eddng kh\u1ea3 n\u0103ng \u0111\u00e1nh l\u1eeda.<br \/>\n\u00a0\u00a0\u00a0\u00a0\u00a0\u2666\u00a0Y\u00eau c\u1ea7u \u0111i\u1ec7n \u00e1p th\u1ea5p.<br \/>\n\u00a0\u00a0\u00a0\u00a0\u00a0\u2666\u00a0Kh\u1ea3 n\u0103ng ch\u1ed1ng m\u00f2n cho \u0111\u1ed9 b\u1ec1n cao.<br \/>\n\u00a0\u00a0\u00a0\u00a0\u00a0\u2666\u00a0C\u00f4ng ngh\u1ec7 ch\u00ednh h\u00e3ng cho hi\u1ec7u su\u1ea5t t\u1ed1i \u01b0u.<\/p>\n","protected":false},"excerpt":{"rendered":"<p>TH\u00d4NG TIN S\u1ea2N PH\u1ea8M: Ch\u1ee7ng lo\u1ea1i:\u00a0\u00a0Bugi ch\u00e2n d\u00e0i, \u0111i\u1ec7n c\u1ef1c Iridium k\u00e9p (Double Iridium) M\u00e3 ph\u1ee5 t\u00f9ng Bosch:\u00a00242135529 Xu\u1ea5t x\u1ee9:\u00a0Made in GERMANY \u00a0 Th\u00f4ng s\u1ed1 k\u1ef9 thu\u1eadt: \u00a0\u00a0\u00a0\u00a0\u00a0\u2666\u00a0\u00a0T\u00edp l\u1ee5c gi\u00e1c:\u00a0\u00a014mm \u00a0\u00a0\u00a0\u00a0\u00a0\u2666\u00a0\u00a0\u0110\u01b0\u1eddng k\u00ednh ren (R\u0103ng):\u00a012mm \u00a0\u00a0\u00a0\u00a0\u00a0\u2666\u00a0\u00a0V\u1eadt li\u1ec7u \u0111i\u1ec7n c\u1ef1c d\u01b0\u01a1ng: Iridium \u00a0\u00a0\u00a0\u00a0\u00a0\u2666\u00a0\u00a0S\u1ed1 \u0111i\u1ec7n c\u1ef1c \u00e2m: 1 \u1ee8ng d\u1ee5ng: \u00a0\u00a0\u00a0\u00a0\u00a0\u25ba\u00a0\u00a0MAZDA\u00a0CX-5 (2015-nay); \u00a0\u00a0\u00a0\u00a0\u00a0\u25ba\u00a0\u00a0MAZDA\u00a0CX-8 (2018-nay); \u00a0\u00a0\u00a0\u00a0\u00a0\u25ba\u00a0\u00a0TOYOTA\u00a0Vios, Corrola Altis (2016-nay).&hellip;<\/p>\n","protected":false},"featured_media":7081,"comment_status":"closed","ping_status":"open","template":"","meta":[],"product_cat":[117],"product_tag":[],"class_list":{"0":"post-7080","1":"product","2":"type-product","3":"status-publish","4":"has-post-thumbnail","6":"product_brand-bosch-car-service","7":"product_cat-cham-soc-o-to-xe-hoi","9":"first","10":"instock","11":"product-type-simple","12":"col-xs-6 col-sm-4","13":"col-md-3 col-lg-3","14":"un-4-cols"},"_links":{"self":[{"href":"https:\/\/hibucenter.com\/index.php\/wp-json\/wp\/v2\/product\/7080","targetHints":{"allow":["GET"]}}],"collection":[{"href":"https:\/\/hibucenter.com\/index.php\/wp-json\/wp\/v2\/product"}],"about":[{"href":"https:\/\/hibucenter.com\/index.php\/wp-json\/wp\/v2\/types\/product"}],"replies":[{"embeddable":true,"href":"https:\/\/hibucenter.com\/index.php\/wp-json\/wp\/v2\/comments?post=7080"}],"version-history":[{"count":0,"href":"https:\/\/hibucenter.com\/index.php\/wp-json\/wp\/v2\/product\/7080\/revisions"}],"wp:featuredmedia":[{"embeddable":true,"href":"https:\/\/hibucenter.com\/index.php\/wp-json\/wp\/v2\/media\/7081"}],"wp:attachment":[{"href":"https:\/\/hibucenter.com\/index.php\/wp-json\/wp\/v2\/media?parent=7080"}],"wp:term":[{"taxonomy":"product_cat","embeddable":true,"href":"https:\/\/hibucenter.com\/index.php\/wp-json\/wp\/v2\/product_cat?post=7080"},{"taxonomy":"product_tag","embeddable":true,"href":"https:\/\/hibucenter.com\/index.php\/wp-json\/wp\/v2\/product_tag?post=7080"}],"curies":[{"name":"wp","href":"https:\/\/api.w.org\/{rel}","templated":true}]}}