{"id":7049,"date":"2025-04-29T09:44:00","date_gmt":"2025-04-29T02:44:00","guid":{"rendered":"https:\/\/hibucenter.com\/index.php\/product\/bugi-chan-dai-double-platium-bosch-yr7mpp33-tip-16-danh-cho-xe-hyundai-mercedes\/"},"modified":"2025-07-21T10:35:52","modified_gmt":"2025-07-21T03:35:52","slug":"bugi-chan-dai-double-platium-bosch-yr7mpp33-tip-16-danh-cho-xe-hyundai-mercedes","status":"publish","type":"product","link":"https:\/\/hibucenter.com\/index.php\/bugi-chan-dai-double-platium-bosch-yr7mpp33-tip-16-danh-cho-xe-hyundai-mercedes\/","title":{"rendered":"Bugi Ch\u00e2n D\u00e0i Double Platium BOSCH YR7MPP33 T\u00edp 16 D\u00e0nh Cho Xe Hyundai Mercedes"},"content":{"rendered":"<p>Bugi Ch\u00e2n D\u00e0i Double Platium BOSCH YR7MPP33 T\u00edp 16 D\u00e0nh Cho Xe Hyundai Mercedes<\/p>\n<p> Th\u00f4ng s\u1ed1 k\u1ef9 thu\u1eadt:<br \/>\n&#8211; Ch\u1ee7ng lo\u1ea1i:  Bugi ch\u00e2n d\u00e0i, \u0111i\u1ec7n c\u1ef1c b\u1ea1ch kim k\u00e9p (Double Platium)<br \/>\n&#8211; M\u00e3 ph\u1ee5 t\u00f9ng:<br \/>\n     M\u00e3 OE:   0242135507; 0041593403; 0041591803<br \/>\n     M\u00e3 Bosch:    0242135509<br \/>\n&#8211; Xu\u1ea5t x\u1ee9: Made in Germany<br \/>\n&#8211; T\u00edp l\u1ee5c gi\u00e1c:   16mm<br \/>\n&#8211; \u0110\u01b0\u1eddng k\u00ednh ren (R\u0103ng):  12mm<br \/>\n&#8211; V\u1eadt li\u1ec7u \u0111i\u1ec7n c\u1ef1c d\u01b0\u01a1ng: B\u1ea1ch kim (Platium)<br \/>\n&#8211; S\u1ed1 \u0111i\u1ec7n c\u1ef1c \u00e2m: 1<\/p>\n<p> \u1ee8ng d\u1ee5ng:<br \/>\nMercedes nhi\u1ec1u d\u00f2ng xe:<br \/>\nMERCEDES GLK 280, 300, 350;<br \/>\nMERCEDES X204 \u0111\u1eddi 2008-sau;<br \/>\nMERCEDES C230, 280, 300, 350;<br \/>\nMERCEDES W204 \u0111\u1eddi 2007-2009;<br \/>\nMERCEDES E230, 280, 350, 300;<br \/>\nMERCEDES W211,W212 \u0111\u1eddi 2005-2008.<\/p>\n<p>HYUNDAI i10 1.2 \u0111\u1eddi 2008-sau;<br \/>\nHYUNDAI i20 1.2 \u0111\u1eddi 2008-sau;<br \/>\nHUYNDAI i30 + CW 1.6 \/ 2.0 \u0111\u1eddi 2007-sau;<\/p>\n<p>KIA Cerato\/Forte 1.6\/2.0 \u0111\u1eddi 2007-sau;<\/p>\n<p> \u0110\u1eb7c t\u00ednh k\u1ef9 thu\u1eadt s\u1ea3n ph\u1ea9m: <\/p>\n<p>* B\u1ec1n h\u01a1n 2 l\u1ea7n so v\u1edbi d\u00f2ng bugi ti\u00eau chu\u1ea9n (l\u00f5i \u0111\u1ed3ng).<br \/>\n* Hi\u1ec7u qu\u1ea3 \u0111\u00e1nh l\u1eeda t\u1ed1i \u01b0u.<br \/>\n* \u0110\u1ed9 b\u1ec1n v\u01b0\u1ee3t tr\u1ed9i, kh\u1ea3 n\u0103ng ch\u1ecbu s\u1ef1 s\u1ed1c nhi\u1ec7t, t\u0103ng \u0111\u1ed9 b\u1ec1n.<br \/>\n* C\u00f4ng ngh\u1ec7 ch\u00ednh h\u00e3ng cho hi\u1ec7u su\u1ea5t t\u1ed1i \u01b0u.<\/p>\n","protected":false},"excerpt":{"rendered":"<p>Bugi Ch\u00e2n D\u00e0i Double Platium BOSCH YR7MPP33 T\u00edp 16 D\u00e0nh Cho Xe Hyundai Mercedes Th\u00f4ng s\u1ed1 k\u1ef9 thu\u1eadt: &#8211; Ch\u1ee7ng lo\u1ea1i: Bugi ch\u00e2n d\u00e0i, \u0111i\u1ec7n c\u1ef1c b\u1ea1ch kim k\u00e9p (Double Platium) &#8211; M\u00e3 ph\u1ee5 t\u00f9ng: M\u00e3 OE: 0242135507; 0041593403; 0041591803 M\u00e3 Bosch: 0242135509 &#8211; Xu\u1ea5t x\u1ee9: Made in Germany &#8211; T\u00edp l\u1ee5c gi\u00e1c: 16mm &#8211;&hellip;<\/p>\n","protected":false},"featured_media":7050,"comment_status":"closed","ping_status":"open","template":"","meta":[],"product_cat":[117],"product_tag":[],"class_list":{"0":"post-7049","1":"product","2":"type-product","3":"status-publish","4":"has-post-thumbnail","6":"product_brand-bosch-car-service","7":"product_cat-cham-soc-o-to-xe-hoi","9":"first","10":"instock","11":"product-type-simple","12":"col-xs-6 col-sm-4","13":"col-md-3 col-lg-3","14":"un-4-cols"},"_links":{"self":[{"href":"https:\/\/hibucenter.com\/index.php\/wp-json\/wp\/v2\/product\/7049","targetHints":{"allow":["GET"]}}],"collection":[{"href":"https:\/\/hibucenter.com\/index.php\/wp-json\/wp\/v2\/product"}],"about":[{"href":"https:\/\/hibucenter.com\/index.php\/wp-json\/wp\/v2\/types\/product"}],"replies":[{"embeddable":true,"href":"https:\/\/hibucenter.com\/index.php\/wp-json\/wp\/v2\/comments?post=7049"}],"version-history":[{"count":0,"href":"https:\/\/hibucenter.com\/index.php\/wp-json\/wp\/v2\/product\/7049\/revisions"}],"wp:featuredmedia":[{"embeddable":true,"href":"https:\/\/hibucenter.com\/index.php\/wp-json\/wp\/v2\/media\/7050"}],"wp:attachment":[{"href":"https:\/\/hibucenter.com\/index.php\/wp-json\/wp\/v2\/media?parent=7049"}],"wp:term":[{"taxonomy":"product_cat","embeddable":true,"href":"https:\/\/hibucenter.com\/index.php\/wp-json\/wp\/v2\/product_cat?post=7049"},{"taxonomy":"product_tag","embeddable":true,"href":"https:\/\/hibucenter.com\/index.php\/wp-json\/wp\/v2\/product_tag?post=7049"}],"curies":[{"name":"wp","href":"https:\/\/api.w.org\/{rel}","templated":true}]}}