{"id":7045,"date":"2025-04-29T09:43:07","date_gmt":"2025-04-29T02:43:07","guid":{"rendered":"https:\/\/hibucenter.com\/index.php\/product\/bo-4-bugi-bosch-hgr7dqi-chan-con-ngan-bach-kim-platinum-iridium-ford-mondeo-escape-focus\/"},"modified":"2025-07-21T10:35:52","modified_gmt":"2025-07-21T03:35:52","slug":"bo-4-bugi-bosch-hgr7dqi-chan-con-ngan-bach-kim-platinum-iridium-ford-mondeo-escape-focus","status":"publish","type":"product","link":"https:\/\/hibucenter.com\/index.php\/bo-4-bugi-bosch-hgr7dqi-chan-con-ngan-bach-kim-platinum-iridium-ford-mondeo-escape-focus\/","title":{"rendered":"B\u1ed9 4 Bugi BOSCH HGR7DQI Ch\u00e2n C\u00f4n Ng\u1eafn B\u1ea1ch Kim Platinum &#038; Iridium Ford Mondeo Escape Focus"},"content":{"rendered":"<p>B\u1ed9 4 Bugi BOSCH HGR7DQI Ch\u00e2n C\u00f4n Ng\u1eafn B\u1ea1ch Kim Platinum &#038; Iridium Ford Mondeo Escape Focus<\/p>\n<p><> TH\u00d4NG TIN S\u1ea2N PH\u1ea8M:<br \/>\n&#8211; M\u00e3 s\u1ea3n ph\u1ea9m: HGR7DQI<br \/>\n-T\u00ednh n\u0103ng:  \u0110\u00e1nh l\u1eeda, kh\u1edfi \u0111\u1ed9ng xe<br \/>\n&#8211; D\u00e0nh cho xe FORD &#038; MAZDA<br \/>\n&#8211; Qui c\u00e1ch: v\u1ec9 4 con<br \/>\n&#8211; Th\u01b0\u01a1ng hi\u1ec7u: Bosch<\/p>\n<p><> \u0110\u1eb6C \u0110I\u1ec2M S\u1ea2N PH\u1ea8M:<br \/>\n&#8211; \u0110i\u1ec7n c\u1ef1c trung t\u00e2m \u0111\u01b0\u1ee3c ch\u1ebf t\u1ea1o b\u1eb1ng c\u00f4ng ngh\u1ec7 th\u00eau k\u1ebft gi\u1eefa b\u1ea1ch kim (Platinum) v\u00e0 iridium \u2022 C\u00f4ng ngh\u1ec7 \u0111\u00e1nh l\u1eeda qua khe h\u1edf b\u1ec1 m\u1eb7t mang t\u00ednh \u0111\u1ed9t ph\u00e1<br \/>\n&#8211; B\u1ed1n \u0111i\u1ec7n c\u1ef1c \u00e2m \u0111\u01b0\u1ee3c t\u0103ng c\u01b0\u1eddng ytrium<br \/>\n&#8211; Tu\u1ed5i th\u1ecd cao nh\u1ea5t (\u0111\u1ebfn 100.000 km)<br \/>\n&#8211; Tia \u0111\u00e1nh l\u1eeda m\u1ea1nh nh\u1ea5t, qu\u00e1 tr\u00ecnh \u0111\u1ed1t s\u1ea1ch v\u00e0 hi\u1ec7u qu\u1ea3 nh\u1ea5t<br \/>\n&#8211; C\u00f4ng su\u1ea5t m\u00e3 l\u1ef1c t\u1ed1i \u01b0u m\u00e0 kh\u00f4ng c\u1ea7n t\u0103ng \u0111i\u1ec7n \u00e1p<br \/>\n&#8211; Ch\u1ed1ng m\u00e0i m\u00f2n bugi gi\u00fap k\u00e9o d\u00e0i tu\u1ed5i th\u1ecd t\u1ed1i \u0111a<br \/>\n&#8211; T\u0103ng hi\u1ec7u n\u0103ng kh\u1edfi \u0111\u1ed9ng v\u00e0 ph\u00e1t huy c\u00f4ng su\u1ea5t m\u00e1y<br \/>\n&#8211; Gi\u00fap gi\u1ea3m \u00f4 nhi\u1ec5m, tr\u00e1nh hi\u1ec7n t\u01b0\u1ee3ng m\u1ea5t l\u1eeda<br \/>\n&#8211; T\u1ed1i \u01b0u h\u00f3a ti\u1ebft ki\u1ec7m nhi\u00ean li\u1ec7u v\u00e0 t\u0103ng t\u1ed1c \u0111\u1ed9ng c\u01a1<\/p>\n","protected":false},"excerpt":{"rendered":"<p>B\u1ed9 4 Bugi BOSCH HGR7DQI Ch\u00e2n C\u00f4n Ng\u1eafn B\u1ea1ch Kim Platinum &#038; Iridium Ford Mondeo Escape Focus TH\u00d4NG TIN S\u1ea2N PH\u1ea8M: &#8211; M\u00e3 s\u1ea3n ph\u1ea9m: HGR7DQI -T\u00ednh n\u0103ng: \u0110\u00e1nh l\u1eeda, kh\u1edfi \u0111\u1ed9ng xe &#8211; D\u00e0nh cho xe FORD &#038; MAZDA &#8211; Qui c\u00e1ch: v\u1ec9 4 con &#8211; Th\u01b0\u01a1ng hi\u1ec7u: Bosch \u0110\u1eb6C \u0110I\u1ec2M S\u1ea2N PH\u1ea8M: &#8211;&hellip;<\/p>\n","protected":false},"featured_media":7046,"comment_status":"closed","ping_status":"open","template":"","meta":[],"product_cat":[117],"product_tag":[],"class_list":{"0":"post-7045","1":"product","2":"type-product","3":"status-publish","4":"has-post-thumbnail","6":"product_brand-bosch-car-service","7":"product_cat-cham-soc-o-to-xe-hoi","9":"first","10":"instock","11":"product-type-simple","12":"col-xs-6 col-sm-4","13":"col-md-3 col-lg-3","14":"un-4-cols"},"_links":{"self":[{"href":"https:\/\/hibucenter.com\/index.php\/wp-json\/wp\/v2\/product\/7045","targetHints":{"allow":["GET"]}}],"collection":[{"href":"https:\/\/hibucenter.com\/index.php\/wp-json\/wp\/v2\/product"}],"about":[{"href":"https:\/\/hibucenter.com\/index.php\/wp-json\/wp\/v2\/types\/product"}],"replies":[{"embeddable":true,"href":"https:\/\/hibucenter.com\/index.php\/wp-json\/wp\/v2\/comments?post=7045"}],"version-history":[{"count":0,"href":"https:\/\/hibucenter.com\/index.php\/wp-json\/wp\/v2\/product\/7045\/revisions"}],"wp:featuredmedia":[{"embeddable":true,"href":"https:\/\/hibucenter.com\/index.php\/wp-json\/wp\/v2\/media\/7046"}],"wp:attachment":[{"href":"https:\/\/hibucenter.com\/index.php\/wp-json\/wp\/v2\/media?parent=7045"}],"wp:term":[{"taxonomy":"product_cat","embeddable":true,"href":"https:\/\/hibucenter.com\/index.php\/wp-json\/wp\/v2\/product_cat?post=7045"},{"taxonomy":"product_tag","embeddable":true,"href":"https:\/\/hibucenter.com\/index.php\/wp-json\/wp\/v2\/product_tag?post=7045"}],"curies":[{"name":"wp","href":"https:\/\/api.w.org\/{rel}","templated":true}]}}