{"id":7038,"date":"2025-04-29T09:43:07","date_gmt":"2025-04-29T02:43:07","guid":{"rendered":"https:\/\/hibucenter.com\/index.php\/product\/bugi-chan-ngan-bosch-fr7dc-va-fr7kcx-cho-xe-vios-altis-camry-cerato-mazda-626-323-hyundai-tucson\/"},"modified":"2025-07-21T10:35:52","modified_gmt":"2025-07-21T03:35:52","slug":"bugi-chan-ngan-bosch-fr7dc-va-fr7kcx-cho-xe-vios-altis-camry-cerato-mazda-626-323-hyundai-tucson","status":"publish","type":"product","link":"https:\/\/hibucenter.com\/index.php\/bugi-chan-ngan-bosch-fr7dc-va-fr7kcx-cho-xe-vios-altis-camry-cerato-mazda-626-323-hyundai-tucson\/","title":{"rendered":"Bugi Ch\u00e2n Ng\u1eafn BOSCH Fr7dc+ v\u00e0 FR7KCX+  Cho xe Vios, Altis, Camry, Cerato, Mazda 626\/323, Hyundai Tucson &#8230;"},"content":{"rendered":"<p>Bugi FR7DC+ C\u00f3 th\u1ec3 thay th\u1ebf b\u1eb1ng FR7KCX+, v\u00e0 ng\u01b0\u1ee3c l\u1ea1i. <\/p>\n<p>  TH\u00d4NG TIN S\u1ea2N PH\u1ea8M:<br \/>\n&#8211; Ch\u1ee7ng lo\u1ea1i:  Bugi ch\u00e2n ng\u1eafn, \u0111i\u1ec7n c\u1ef1c h\u1ee3p kim Nikel-Yttrium t\u00edch h\u1ee3p l\u00f5i \u0111\u1ed3ng<br \/>\n&#8211; Xu\u1ea5t x\u1ee9: Made in Russia<br \/>\n&#8211; M\u00e3 ph\u1ee5 t\u00f9ng Bosch :  0242235666<br \/>\n&#8211; T\u00edp l\u1ee5c gi\u00e1c:   16mm<br \/>\n&#8211; \u0110\u01b0\u1eddng k\u00ednh ren (R\u0103ng):  14mm<br \/>\n&#8211; V\u1eadt li\u1ec7u \u0111i\u1ec7n c\u1ef1c d\u01b0\u01a1ng:  NiY \u2013 \u0110\u1ed3ng<br \/>\n&#8211; S\u1ed1 \u0111i\u1ec7n c\u1ef1c \u00e2m: 1<br \/>\nhttps:\/\/cf.shopee.vn\/file\/d6f78472df5b0ad9ebc19ebfd213dffc<br \/>\n \u1ee8NG D\u1ee4NG:<\/p>\n<p>TOYOTA Vios;<br \/>\nTOYOTA Altis \u0111\u1eddi 2005-2014;<br \/>\nTOYOTA Yaris;<br \/>\nTOYOTA Camry;<\/p>\n<p>KIA Carens \u0111\u1eddi 2008-sau;<br \/>\nKIA Rio \u0111\u1eddi 2008-sau;<br \/>\nKIA Forte;<br \/>\nKIA Cerato;<\/p>\n<p>MAZDA 626<br \/>\nMAZDA 323; <\/p>\n<p>NISSAN Sunny; <\/p>\n<p>HYUNDAI Tucson 2.0i JM 4&#215;4 [G4GC] \/ (04-10) <\/p>\n<p> \u0110\u1eb6C T\u00cdNH K\u1ef8 THU\u1eacT S\u1ea2N PH\u1ea8M:<br \/>\n* \u0110\u1ed9 tin c\u1eady cao, t\u0103ng kh\u1ea3 n\u0103ng ch\u1ed1ng m\u00f2n, gi\u00fap k\u00e9o d\u00e0i tu\u1ed5i th\u1ecd ho\u1ea1t \u0111\u1ed9ng.<br \/>\n* C\u1ea3i thi\u1ec7n kh\u1ea3 n\u0103ng kh\u1edfi \u0111\u1ed9ng ngu\u1ed9i, t\u0103ng kh\u1ea3 n\u0103ng \u0111\u1ed1t ch\u00e1y nhi\u00ean li\u1ec7u.<br \/>\n* B\u1ea3o v\u1ec7 ch\u1ed1ng k\u1eb9t bugi trong m\u00e1y, ch\u1ed1ng \u0103n m\u00f2n.<br \/>\n* Tri\u1ec7t nhi\u1ec5u t\u1ed1i \u0111a.<br \/>\n* Tu\u1ed5i th\u1ecd s\u1eed d\u1ee5ng cao, ch\u1ea5t l\u01b0\u1ee3ng t\u01b0\u01a1ng \u0111\u01b0\u01a1ng v\u1edbi s\u1ea3n ph\u1ea9m ch\u00ednh h\u00e3ng.<\/p>\n","protected":false},"excerpt":{"rendered":"<p>Bugi FR7DC+ C\u00f3 th\u1ec3 thay th\u1ebf b\u1eb1ng FR7KCX+, v\u00e0 ng\u01b0\u1ee3c l\u1ea1i. TH\u00d4NG TIN S\u1ea2N PH\u1ea8M: &#8211; Ch\u1ee7ng lo\u1ea1i: Bugi ch\u00e2n ng\u1eafn, \u0111i\u1ec7n c\u1ef1c h\u1ee3p kim Nikel-Yttrium t\u00edch h\u1ee3p l\u00f5i \u0111\u1ed3ng &#8211; Xu\u1ea5t x\u1ee9: Made in Russia &#8211; M\u00e3 ph\u1ee5 t\u00f9ng Bosch : 0242235666 &#8211; T\u00edp l\u1ee5c gi\u00e1c: 16mm &#8211; \u0110\u01b0\u1eddng k\u00ednh ren (R\u0103ng): 14mm &#8211;&hellip;<\/p>\n","protected":false},"featured_media":7040,"comment_status":"closed","ping_status":"open","template":"","meta":[],"product_cat":[117],"product_tag":[],"class_list":{"0":"post-7038","1":"product","2":"type-product","3":"status-publish","4":"has-post-thumbnail","6":"product_brand-bosch-car-service","7":"product_cat-cham-soc-o-to-xe-hoi","9":"first","10":"instock","11":"product-type-simple","12":"col-xs-6 col-sm-4","13":"col-md-3 col-lg-3","14":"un-4-cols"},"_links":{"self":[{"href":"https:\/\/hibucenter.com\/index.php\/wp-json\/wp\/v2\/product\/7038","targetHints":{"allow":["GET"]}}],"collection":[{"href":"https:\/\/hibucenter.com\/index.php\/wp-json\/wp\/v2\/product"}],"about":[{"href":"https:\/\/hibucenter.com\/index.php\/wp-json\/wp\/v2\/types\/product"}],"replies":[{"embeddable":true,"href":"https:\/\/hibucenter.com\/index.php\/wp-json\/wp\/v2\/comments?post=7038"}],"version-history":[{"count":0,"href":"https:\/\/hibucenter.com\/index.php\/wp-json\/wp\/v2\/product\/7038\/revisions"}],"wp:featuredmedia":[{"embeddable":true,"href":"https:\/\/hibucenter.com\/index.php\/wp-json\/wp\/v2\/media\/7040"}],"wp:attachment":[{"href":"https:\/\/hibucenter.com\/index.php\/wp-json\/wp\/v2\/media?parent=7038"}],"wp:term":[{"taxonomy":"product_cat","embeddable":true,"href":"https:\/\/hibucenter.com\/index.php\/wp-json\/wp\/v2\/product_cat?post=7038"},{"taxonomy":"product_tag","embeddable":true,"href":"https:\/\/hibucenter.com\/index.php\/wp-json\/wp\/v2\/product_tag?post=7038"}],"curies":[{"name":"wp","href":"https:\/\/api.w.org\/{rel}","templated":true}]}}