{"id":7019,"date":"2025-04-29T09:43:07","date_gmt":"2025-04-29T02:43:07","guid":{"rendered":"https:\/\/hibucenter.com\/index.php\/product\/bosch-loc-gio-dong-co-a3038-cho-xe-toyota-camry-3-5-11-17-mitsubishi-triton-2-4-15\/"},"modified":"2025-07-21T10:35:53","modified_gmt":"2025-07-21T03:35:53","slug":"bosch-loc-gio-dong-co-a3038-cho-xe-toyota-camry-3-5-11-17-mitsubishi-triton-2-4-15","status":"publish","type":"product","link":"https:\/\/hibucenter.com\/index.php\/bosch-loc-gio-dong-co-a3038-cho-xe-toyota-camry-3-5-11-17-mitsubishi-triton-2-4-15\/","title":{"rendered":"BOSCH L\u1ecdc Gi\u00f3 \u0110\u1ed9ng C\u01a1 A3038 Cho xe Toyota Camry 3.5 (11-17) Mitsubishi Triton 2.4 (15-)."},"content":{"rendered":"<p>L\u01afU \u00dd : Qu\u00fd kh\u00e1ch h\u00e0ng vui l\u00f2ng li\u00ean h\u1ec7 cho shop qua c\u00f4ng c\u1ee5 chat c\u1ee7a shopee tr\u01b0\u1edbc khi mua h\u00e0ng \u0111\u1ec3 \u0111\u01b0\u1ee3c nh\u00e2n vi\u00ean k\u1ef9 thu\u1eadt t\u01b0 v\u1ea5n h\u1ed7 tr\u1ee3 nh\u00e9. Tr\u00e1nh tr\u01b0\u1eddng h\u1ee3p \u0111\u1eb7t sai m\u00e3 sai k\u00edch th\u01b0\u1edbc \u1ea1 . Xin c\u1ea3m \u01a1n !!<\/p>\n<p> TH\u00d4NG TIN S\u1ea2N PH\u1ea8M:<br \/>\n&#8211; C\u00f4ng ngh\u1ec7 s\u1ea3n xu\u1ea5t: Bosch &#8211; Germany<br \/>\n&#8211; M\u00e3 Bosch:   0986AF3038<br \/>\n&#8211; Xu\u1ea5t x\u1ee9: Made in China<br \/>\n&#8211; K\u00edch th\u01b0\u1edbc (D\u00e0i x R\u1ed9ng x Cao):  243,5 x 224 x 55,5  (mm)<\/p>\n<p> \u1ee8ng d\u1ee5ng:<br \/>\n        + TOYOTA Camry 3.5 (11-17),<br \/>\n        + TOYOTA Sienna 3.5 (10-20);<br \/>\n        + MITSUBISHI Triton 2.4 (15-).<br \/>\n        + MITSUBISHI Pajero Sport 2.4 (15-);<br \/>\n        + LEXUS RX350 3.5 (08-19),<br \/>\n        + LEXUS ES350 3.5 (12-18).<\/p>\n<p> \u0110\u1eb7c t\u00ednh k\u1ef9 thu\u1eadt s\u1ea3n ph\u1ea9m:<br \/>\n      \u2666 B\u1ea3o v\u1ec7 \u0111\u1ed9ng c\u01a1 kh\u1ecfi b\u1ee5i b\u1ea9n, s\u1ef1 \u0103n m\u00f2n.<br \/>\n     \u2666 \u0110\u1ea3m b\u1ea3o cung c\u1ea5p l\u01b0\u1ee3ng kh\u00f4ng kh\u00ed s\u1ea1ch.<br \/>\n     \u2666 Gi\u1ea3m ti\u1ebfng \u1ed3n trong qu\u00e1 tr\u00ecnh v\u1eadn h\u00e0nh xe.<\/p>\n<p>     \u25ba Thay m\u1edbi l\u1ecdc gi\u00f3 \u0111\u1ed9ng c\u01a1 m\u1ed7i 15.000 \u2013 20000 km ho\u1eb7c theo khuy\u1ebfn ngh\u1ecb c\u1ee7a nh\u00e0 s\u1ea3n xu\u1ea5t xe.<\/p>\n<p>#loc_gio_dong_co_bosch#loc_dong_co#loc_gio_dong_co_Camry #loc_gio_dong_co_Triton  #hibucenter<\/p>\n","protected":false},"excerpt":{"rendered":"<p>L\u01afU \u00dd : Qu\u00fd kh\u00e1ch h\u00e0ng vui l\u00f2ng li\u00ean h\u1ec7 cho shop qua c\u00f4ng c\u1ee5 chat c\u1ee7a shopee tr\u01b0\u1edbc khi mua h\u00e0ng \u0111\u1ec3 \u0111\u01b0\u1ee3c nh\u00e2n vi\u00ean k\u1ef9 thu\u1eadt t\u01b0 v\u1ea5n h\u1ed7 tr\u1ee3 nh\u00e9. Tr\u00e1nh tr\u01b0\u1eddng h\u1ee3p \u0111\u1eb7t sai m\u00e3 sai k\u00edch th\u01b0\u1edbc \u1ea1 . Xin c\u1ea3m \u01a1n !! TH\u00d4NG TIN S\u1ea2N PH\u1ea8M: &#8211; C\u00f4ng ngh\u1ec7&hellip;<\/p>\n","protected":false},"featured_media":7020,"comment_status":"closed","ping_status":"open","template":"","meta":[],"product_cat":[117],"product_tag":[],"class_list":{"0":"post-7019","1":"product","2":"type-product","3":"status-publish","4":"has-post-thumbnail","6":"product_brand-bosch-car-service","7":"product_cat-cham-soc-o-to-xe-hoi","9":"first","10":"instock","11":"product-type-simple","12":"col-xs-6 col-sm-4","13":"col-md-3 col-lg-3","14":"un-4-cols"},"_links":{"self":[{"href":"https:\/\/hibucenter.com\/index.php\/wp-json\/wp\/v2\/product\/7019","targetHints":{"allow":["GET"]}}],"collection":[{"href":"https:\/\/hibucenter.com\/index.php\/wp-json\/wp\/v2\/product"}],"about":[{"href":"https:\/\/hibucenter.com\/index.php\/wp-json\/wp\/v2\/types\/product"}],"replies":[{"embeddable":true,"href":"https:\/\/hibucenter.com\/index.php\/wp-json\/wp\/v2\/comments?post=7019"}],"version-history":[{"count":0,"href":"https:\/\/hibucenter.com\/index.php\/wp-json\/wp\/v2\/product\/7019\/revisions"}],"wp:featuredmedia":[{"embeddable":true,"href":"https:\/\/hibucenter.com\/index.php\/wp-json\/wp\/v2\/media\/7020"}],"wp:attachment":[{"href":"https:\/\/hibucenter.com\/index.php\/wp-json\/wp\/v2\/media?parent=7019"}],"wp:term":[{"taxonomy":"product_cat","embeddable":true,"href":"https:\/\/hibucenter.com\/index.php\/wp-json\/wp\/v2\/product_cat?post=7019"},{"taxonomy":"product_tag","embeddable":true,"href":"https:\/\/hibucenter.com\/index.php\/wp-json\/wp\/v2\/product_tag?post=7019"}],"curies":[{"name":"wp","href":"https:\/\/api.w.org\/{rel}","templated":true}]}}