{"id":7005,"date":"2025-04-29T09:43:07","date_gmt":"2025-04-29T02:43:07","guid":{"rendered":"https:\/\/hibucenter.com\/index.php\/product\/bosch-gat-mua-aerotwin-euro-set-a154s-kich-thuoc-22-18-danh-cho-xe-chevrolet\/"},"modified":"2025-07-21T10:35:53","modified_gmt":"2025-07-21T03:35:53","slug":"bosch-gat-mua-aerotwin-euro-set-a154s-kich-thuoc-22-18-danh-cho-xe-chevrolet","status":"publish","type":"product","link":"https:\/\/hibucenter.com\/index.php\/bosch-gat-mua-aerotwin-euro-set-a154s-kich-thuoc-22-18-danh-cho-xe-chevrolet\/","title":{"rendered":"BOSCH G\u1ea1t M\u01b0a AeroTwin Euro Set A154S K\u00edch th\u01b0\u1edbc 22\u201d \u2013 18\u201d D\u00e0nh cho Xe CHEVROLET"},"content":{"rendered":"<p>G\u1ea1t M\u01b0a BOSCH AeroTwin Euro Set A154S K\u00edch th\u01b0\u1edbc 22\u201d \u2013 18\u201d D\u00e0nh cho Xe Chevrolet Colorado v\u00e0 Chevrolet Trailblazer<\/p>\n<p>< .> TH\u00d4NG TIN S\u1ea2N PH\u1ea8M:<br \/>\n&#8211; C\u00f4ng ngh\u1ec7 s\u1ea3n xu\u1ea5t:\u00a0 Bosch &#8211; Germany<br \/>\nM\u00e3 ph\u1ee5 t\u00f9ng Bosch: \u00a03397014154<br \/>\nM\u00e3 s\u1ea3n ph\u1ea9m:\u00a0\u00a0A154S<br \/>\nXu\u1ea5t x\u1ee9: Bosch &#8211; China<br \/>\nK\u00edch th\u01b0\u1edbc: 22\u201d \u2013 18\u201d (550mm \u2013 450mm)<\/p>\n<p>< > \u0110\u1eb6C T\u00cdNH K\u1ef8 THU\u1eacT:<br \/>\n \u2022\tL\u00e0 b\u1ed9 2 chi\u1ebfc g\u1ea1t m\u01b0a ri\u00eang bi\u1ec7t gi\u1ed1ng nh\u01b0 nguy\u00ean b\u1ea3n OE theo xe, \u0111\u1eb7c bi\u1ec7t d\u00e0nh cho c\u00e1c d\u00f2ng xe \u00c2u v\u00e0 M\u1ef9.<br \/>\n\u2022\tCung c\u1ea5p hi\u1ec7u qu\u1ea3 g\u1ea1t m\u01b0a t\u1ed1i \u01b0u nh\u1ea5t v\u00e0 k\u00e9o d\u00e0i th\u1eddi gian s\u1eed d\u1ee5ng.<br \/>\n\u2022\tThay th\u1ebf \u0111\u01b0\u1ee3c 99% c\u00e1c d\u00f2ng xe l\u1eafp g\u1ea1t nguy\u00ean b\u1ea3n.<br \/>\n\u2022\tKh\u1ea3 n\u0103ng l\u1eafp \u0111\u1eb7t d\u1ec5 d\u00e0ng, c\u00f3 h\u01b0\u1edbng d\u1eabn l\u1eafp \u0111\u1eb7t ghi tr\u00ean v\u1ecf h\u1ed9p v\u00e0 m\u00e3 QR code k\u1ebft n\u1ed1i video.<\/p>\n<p>< > \u1ee8NG D\u1ee4NG:<br \/>\nCHEVROLET Colorado<br \/>\nCHEVROLET Trailblazer<\/p>\n<p>#cap-gat-mua-Bosch#gat-mua-set#cap-gat-mua-Aero-twin#gat-mua-Aero-twin#Hibucenter#A154s#<\/p>\n","protected":false},"excerpt":{"rendered":"<p>G\u1ea1t M\u01b0a BOSCH AeroTwin Euro Set A154S K\u00edch th\u01b0\u1edbc 22\u201d \u2013 18\u201d D\u00e0nh cho Xe Chevrolet Colorado v\u00e0 Chevrolet Trailblazer < .> TH\u00d4NG TIN S\u1ea2N PH\u1ea8M: &#8211; C\u00f4ng ngh\u1ec7 s\u1ea3n xu\u1ea5t:\u00a0 Bosch &#8211; Germany M\u00e3 ph\u1ee5 t\u00f9ng Bosch: \u00a03397014154 M\u00e3 s\u1ea3n ph\u1ea9m:\u00a0\u00a0A154S Xu\u1ea5t x\u1ee9: Bosch &#8211; China K\u00edch th\u01b0\u1edbc: 22\u201d \u2013 18\u201d (550mm \u2013 450mm)&hellip;<\/p>\n","protected":false},"featured_media":7006,"comment_status":"closed","ping_status":"open","template":"","meta":[],"product_cat":[117],"product_tag":[],"class_list":{"0":"post-7005","1":"product","2":"type-product","3":"status-publish","4":"has-post-thumbnail","6":"product_brand-bosch-car-service","7":"product_cat-cham-soc-o-to-xe-hoi","9":"first","10":"instock","11":"product-type-simple","12":"col-xs-6 col-sm-4","13":"col-md-3 col-lg-3","14":"un-4-cols"},"_links":{"self":[{"href":"https:\/\/hibucenter.com\/index.php\/wp-json\/wp\/v2\/product\/7005","targetHints":{"allow":["GET"]}}],"collection":[{"href":"https:\/\/hibucenter.com\/index.php\/wp-json\/wp\/v2\/product"}],"about":[{"href":"https:\/\/hibucenter.com\/index.php\/wp-json\/wp\/v2\/types\/product"}],"replies":[{"embeddable":true,"href":"https:\/\/hibucenter.com\/index.php\/wp-json\/wp\/v2\/comments?post=7005"}],"version-history":[{"count":0,"href":"https:\/\/hibucenter.com\/index.php\/wp-json\/wp\/v2\/product\/7005\/revisions"}],"wp:featuredmedia":[{"embeddable":true,"href":"https:\/\/hibucenter.com\/index.php\/wp-json\/wp\/v2\/media\/7006"}],"wp:attachment":[{"href":"https:\/\/hibucenter.com\/index.php\/wp-json\/wp\/v2\/media?parent=7005"}],"wp:term":[{"taxonomy":"product_cat","embeddable":true,"href":"https:\/\/hibucenter.com\/index.php\/wp-json\/wp\/v2\/product_cat?post=7005"},{"taxonomy":"product_tag","embeddable":true,"href":"https:\/\/hibucenter.com\/index.php\/wp-json\/wp\/v2\/product_tag?post=7005"}],"curies":[{"name":"wp","href":"https:\/\/api.w.org\/{rel}","templated":true}]}}