{"id":6932,"date":"2025-04-29T09:42:13","date_gmt":"2025-04-29T02:42:13","guid":{"rendered":"https:\/\/hibucenter.com\/index.php\/product\/loc-gio-dong-co-bosch-a2130-danh-xe-kia-cerato-1-6-12-16-forte-1-6-10-13-hyundai-elantra-1-6-06-10-i30-08-11\/"},"modified":"2025-07-21T10:35:53","modified_gmt":"2025-07-21T03:35:53","slug":"loc-gio-dong-co-bosch-a2130-danh-xe-kia-cerato-1-6-12-16-forte-1-6-10-13-hyundai-elantra-1-6-06-10-i30-08-11","status":"publish","type":"product","link":"https:\/\/hibucenter.com\/index.php\/loc-gio-dong-co-bosch-a2130-danh-xe-kia-cerato-1-6-12-16-forte-1-6-10-13-hyundai-elantra-1-6-06-10-i30-08-11\/","title":{"rendered":"L\u1ecdc Gi\u00f3 \u0110\u1ed9ng C\u01a1 BOSCH A2130 D\u00e0nh Xe KIA Cerato 1.6 (12-16), Forte 1.6 (10-13); HYUNDAI Elantra 1.6 (06-10), I30 (08-11)"},"content":{"rendered":"<p>L\u01b0u \u00fd quan tr\u1ecdng  :<br \/>\n1. QU\u00dd KH\u00c1CH VUI L\u00d2NG \u0110O L\u1ea0I K\u00cdCH TH\u01af\u1edaC TR\u01af\u1edaC KHI \u0110\u1eb6T H\u00c0NG<br \/>\n2. Ho\u1eb7c QU\u00dd KH\u00c1CH VUI L\u00d2NG CUNG C\u1ea4P TH\u00d4NG TIN CHI TI\u1ebeT V\u1ec0 XE (NH\u00c3N HI\u1ec6U\/ MODEL \/ N\u0102M S\u1ea2N XU\u1ea4T) ho\u1eb7c CH\u1ee4P \u1ea2NH \u0110\u0102NG KI\u1ec2M G\u1eecI CHO SHOP \u0110\u1ec2 NH\u00c2N VI\u00caN KI\u1ec2M TRA K\u00cdCH TH\u01af\u1edaC CH\u00cdNH X\u00c1C NH\u1ea4T<\/p>\n<p>< > TH\u00d4NG TIN S\u1ea2N PH\u1ea8M :<br \/>\n&#8211; C\u00f4ng ngh\u1ec7 s\u1ea3n xu\u1ea5t:\u00a0Bosch &#8211; Germany<br \/>\n&#8211; M\u00e3 ph\u1ee5 t\u00f9ng:\u00a0\u00a0\u00a00986AF2130 |\u00a0\u00a0Bosch<br \/>\n&#8211; Xu\u1ea5t x\u1ee9:\u00a0Made in China<br \/>\n\u00a0&#8211; K\u00edch th\u01b0\u1edbc (D\u00e0i x R\u1ed9ng x Cao):\u00a0\u00a0189 mm x 198 mm x 48 mm<br \/>\n\u00a0<br \/>\n>>> \u1ee8ng d\u1ee5ng:<br \/>\n\u00a0\u00a0\u00a0\u00a0\u00a0\u2022\u00a0KIA Cerato 1.6 (12-16),<br \/>\n\u00a0\u00a0\u00a0\u00a0\u00a0\u2022\u00a0KIA Forte 1.6 (10-13); <\/p>\n<p>\u00a0\u00a0\u00a0\u00a0\u00a0\u2022\u00a0HYUNDAI Elantra 1.6 (06-10),<br \/>\n\u00a0\u00a0\u00a0\u00a0\u00a0\u2022\u00a0HYUNDAI I30 (08-11)<br \/>\n\u00a0<br \/>\nhttps:\/\/cf.shopee.vn\/file\/vn-11134208-7ras8-m2t30be8y5ty9c<br \/>\n\u0110\u1eb7c t\u00ednh k\u1ef9 thu\u1eadt s\u1ea3n ph\u1ea9m:<br \/>\n\u00a0\u00a0\u00a0\u00a0\u00a0\u00a0\u2666\u00a0B\u1ea3o v\u1ec7 \u0111\u1ed9ng c\u01a1 kh\u1ecfi b\u1ee5i b\u1ea9n, s\u1ef1 \u0103n m\u00f2n.<br \/>\n\u00a0\u00a0\u00a0\u00a0\u00a0\u2666\u00a0\u0110\u1ea3m b\u1ea3o cung c\u1ea5p l\u01b0\u1ee3ng kh\u00f4ng kh\u00ed s\u1ea1ch.<br \/>\n\u00a0\u00a0\u00a0\u00a0\u00a0\u2666\u00a0Gi\u1ea3m ti\u1ebfng \u1ed3n trong qu\u00e1 tr\u00ecnh v\u1eadn h\u00e0nh xe.<br \/>\n\u00a0\u00a0\u00a0\u00a0\u00a0\u25ba\u00a0Thay m\u1edbi l\u1ecdc gi\u00f3 \u0111\u1ed9ng c\u01a1 m\u1ed7i 15.000 \u2013 20000 km ho\u1eb7c theo khuy\u1ebfn ngh\u1ecb c\u1ee7a nh\u00e0 s\u1ea3n xu\u1ea5t xe.<\/p>\n<p>#loc_gio_dong_co#loc_bosch_A2130#loc_gio_dong_co_cerato#loc_gio_dong_co_elantra#hibucenter<\/p>\n","protected":false},"excerpt":{"rendered":"<p>L\u01b0u \u00fd quan tr\u1ecdng : 1. QU\u00dd KH\u00c1CH VUI L\u00d2NG \u0110O L\u1ea0I K\u00cdCH TH\u01af\u1edaC TR\u01af\u1edaC KHI \u0110\u1eb6T H\u00c0NG 2. Ho\u1eb7c QU\u00dd KH\u00c1CH VUI L\u00d2NG CUNG C\u1ea4P TH\u00d4NG TIN CHI TI\u1ebeT V\u1ec0 XE (NH\u00c3N HI\u1ec6U\/ MODEL \/ N\u0102M S\u1ea2N XU\u1ea4T) ho\u1eb7c CH\u1ee4P \u1ea2NH \u0110\u0102NG KI\u1ec2M G\u1eecI CHO SHOP \u0110\u1ec2 NH\u00c2N VI\u00caN KI\u1ec2M TRA K\u00cdCH TH\u01af\u1edaC CH\u00cdNH&hellip;<\/p>\n","protected":false},"featured_media":6934,"comment_status":"closed","ping_status":"open","template":"","meta":[],"product_cat":[117],"product_tag":[],"class_list":{"0":"post-6932","1":"product","2":"type-product","3":"status-publish","4":"has-post-thumbnail","6":"product_brand-bosch-car-service","7":"product_cat-cham-soc-o-to-xe-hoi","9":"first","10":"instock","11":"product-type-simple","12":"col-xs-6 col-sm-4","13":"col-md-3 col-lg-3","14":"un-4-cols"},"_links":{"self":[{"href":"https:\/\/hibucenter.com\/index.php\/wp-json\/wp\/v2\/product\/6932","targetHints":{"allow":["GET"]}}],"collection":[{"href":"https:\/\/hibucenter.com\/index.php\/wp-json\/wp\/v2\/product"}],"about":[{"href":"https:\/\/hibucenter.com\/index.php\/wp-json\/wp\/v2\/types\/product"}],"replies":[{"embeddable":true,"href":"https:\/\/hibucenter.com\/index.php\/wp-json\/wp\/v2\/comments?post=6932"}],"version-history":[{"count":0,"href":"https:\/\/hibucenter.com\/index.php\/wp-json\/wp\/v2\/product\/6932\/revisions"}],"wp:featuredmedia":[{"embeddable":true,"href":"https:\/\/hibucenter.com\/index.php\/wp-json\/wp\/v2\/media\/6934"}],"wp:attachment":[{"href":"https:\/\/hibucenter.com\/index.php\/wp-json\/wp\/v2\/media?parent=6932"}],"wp:term":[{"taxonomy":"product_cat","embeddable":true,"href":"https:\/\/hibucenter.com\/index.php\/wp-json\/wp\/v2\/product_cat?post=6932"},{"taxonomy":"product_tag","embeddable":true,"href":"https:\/\/hibucenter.com\/index.php\/wp-json\/wp\/v2\/product_tag?post=6932"}],"curies":[{"name":"wp","href":"https:\/\/api.w.org\/{rel}","templated":true}]}}