{"id":6917,"date":"2025-04-29T09:42:13","date_gmt":"2025-04-29T02:42:13","guid":{"rendered":"https:\/\/hibucenter.com\/index.php\/product\/bosch-loc-nhot-dong-co-o0371-cho-xe-hyundai-santafe-tucson-kia-sorento-carnival\/"},"modified":"2025-07-21T10:35:53","modified_gmt":"2025-07-21T03:35:53","slug":"bosch-loc-nhot-dong-co-o0371-cho-xe-hyundai-santafe-tucson-kia-sorento-carnival","status":"publish","type":"product","link":"https:\/\/hibucenter.com\/index.php\/bosch-loc-nhot-dong-co-o0371-cho-xe-hyundai-santafe-tucson-kia-sorento-carnival\/","title":{"rendered":"BOSCH  L\u1ecdc Nh\u1edbt \u0110\u1ed9ng C\u01a1 O0371 Cho Xe Hyundai SantaFe, Tucson, Kia Sorento, Carnival"},"content":{"rendered":"<p>L\u1ecdc Nh\u1edbt \u0110\u1ed9ng C\u01a1 BOSCH O0371 Cho Xe Hyundai SantaFe, Tucson, Kia Sorento, Carnival &#8211; Made In Korea | Hibucenter<\/p>\n<p>  QU\u00dd KH\u00c1CH KH\u00d4NG R\u00d5 K\u00cdCH TH\u01af\u1edaC VUI L\u00d2NG LI\u00caN H\u1ec6 CHO SHOP QUA C\u00d4NG C\u1ee4 CHAT C\u1ee6A SHOPEE \u0110\u1ec2 \u0110\u01af\u1ee2C NH\u00c2N VI\u00caN K\u1ef8 THU\u1eacT H\u1ed6 TR\u1ee2 T\u01af V\u1ea4N NH\u00c9  <\/p>\n<p>C\u1ea5u tr\u00fac:\u00a0L\u1ecdc l\u00f5i gi\u1ea5y<br \/>\nC\u00f4ng ngh\u1ec7 s\u1ea3n xu\u1ea5t:\u00a0Bosch &#8211; Germany<br \/>\nXu\u1ea5t x\u1ee9:\u00a0\u00a0Made in KOREA<br \/>\n\u00a0<br \/>\nM\u00e3 tham kh\u1ea3o:<br \/>\n\u00a0\u00a0\u00a0\u00a0\u2248 M\u00e3 OE:\u00a0\u00a0\u00a0\u00a0\u00a0\u00a0\u00a026320 2R000<br \/>\n\u00a0\u00a0\u00a0\u00a0\u2248 M\u00e3 Bosch:\u00a0\u00a00986AF0371<br \/>\n\u00a0<br \/>\nK\u00edch th\u01b0\u1edbc:<br \/>\n\u00a0\u00a0\u00a0\u00a0\u2666 Chi\u1ec1u cao:\u00a0\u00a0144.5   mm<br \/>\n\u00a0\u00a0\u00a0\u00a0\u2666 \u0110\u01b0\u1eddng k\u00ednh:\u00a0\u00a055  mm x  25.5 mm<br \/>\n\u00a0<br \/>\n\u1ee8ng d\u1ee5ng:<br \/>\n\u00a0<br \/>\n\u00a0\u00a0\u00a0\u00a0\u00a0\u2666\u00a0Hyundai SantaFe m\u00e1y d\u1ea7u, \u0111\u1ed9ng c\u01a1 2.2L (2021 &#8211; )<br \/>\n\u00a0\u00a0\u00a0\u00a0\u00a0\u2666\u00a0Hyundai Tucson 2.0<\/p>\n<p>\u00a0\u00a0\u00a0\u00a0\u00a0\u2666\u00a0Kia Sorento 2.2<br \/>\n\u00a0\u00a0\u00a0\u00a0\u00a0\u2666\u00a0Kia Carnival 2.2<br \/>\n\u00a0<br \/>\n\u00a0<br \/>\nhttps:\/\/cf.shopee.vn\/file\/vn-11134208-7qukw-lhpky3ram3ltd5<\/p>\n<p>\u0110\u1eb7c t\u00ednh k\u1ef9 thu\u1eadt s\u1ea3n ph\u1ea9m:<br \/>\n\u21d2 Thay th\u1ebf l\u1ecdc nh\u1edbt \u0111\u1ed9ng c\u01a1 sau kho\u1ea3ng 10,000 km theo \u0111\u1ecbnh k\u1ef3 \u0111\u01b0\u1ee3c khuy\u1ebfn c\u00e1o.<\/p>\n<p>#loc_nhot_bosch#loc_dong_co#loc_nhot_santafe#loc_nhot_tucson#hibucenter<\/p>\n","protected":false},"excerpt":{"rendered":"<p>L\u1ecdc Nh\u1edbt \u0110\u1ed9ng C\u01a1 BOSCH O0371 Cho Xe Hyundai SantaFe, Tucson, Kia Sorento, Carnival &#8211; Made In Korea | Hibucenter QU\u00dd KH\u00c1CH KH\u00d4NG R\u00d5 K\u00cdCH TH\u01af\u1edaC VUI L\u00d2NG LI\u00caN H\u1ec6 CHO SHOP QUA C\u00d4NG C\u1ee4 CHAT C\u1ee6A SHOPEE \u0110\u1ec2 \u0110\u01af\u1ee2C NH\u00c2N VI\u00caN K\u1ef8 THU\u1eacT H\u1ed6 TR\u1ee2 T\u01af V\u1ea4N NH\u00c9 C\u1ea5u tr\u00fac:\u00a0L\u1ecdc l\u00f5i gi\u1ea5y C\u00f4ng ngh\u1ec7&hellip;<\/p>\n","protected":false},"featured_media":6919,"comment_status":"closed","ping_status":"open","template":"","meta":[],"product_cat":[117],"product_tag":[],"class_list":{"0":"post-6917","1":"product","2":"type-product","3":"status-publish","4":"has-post-thumbnail","6":"product_brand-bosch-car-service","7":"product_cat-cham-soc-o-to-xe-hoi","9":"first","10":"instock","11":"product-type-simple","12":"col-xs-6 col-sm-4","13":"col-md-3 col-lg-3","14":"un-4-cols"},"_links":{"self":[{"href":"https:\/\/hibucenter.com\/index.php\/wp-json\/wp\/v2\/product\/6917","targetHints":{"allow":["GET"]}}],"collection":[{"href":"https:\/\/hibucenter.com\/index.php\/wp-json\/wp\/v2\/product"}],"about":[{"href":"https:\/\/hibucenter.com\/index.php\/wp-json\/wp\/v2\/types\/product"}],"replies":[{"embeddable":true,"href":"https:\/\/hibucenter.com\/index.php\/wp-json\/wp\/v2\/comments?post=6917"}],"version-history":[{"count":0,"href":"https:\/\/hibucenter.com\/index.php\/wp-json\/wp\/v2\/product\/6917\/revisions"}],"wp:featuredmedia":[{"embeddable":true,"href":"https:\/\/hibucenter.com\/index.php\/wp-json\/wp\/v2\/media\/6919"}],"wp:attachment":[{"href":"https:\/\/hibucenter.com\/index.php\/wp-json\/wp\/v2\/media?parent=6917"}],"wp:term":[{"taxonomy":"product_cat","embeddable":true,"href":"https:\/\/hibucenter.com\/index.php\/wp-json\/wp\/v2\/product_cat?post=6917"},{"taxonomy":"product_tag","embeddable":true,"href":"https:\/\/hibucenter.com\/index.php\/wp-json\/wp\/v2\/product_tag?post=6917"}],"curies":[{"name":"wp","href":"https:\/\/api.w.org\/{rel}","templated":true}]}}