{"id":6909,"date":"2025-04-29T09:42:13","date_gmt":"2025-04-29T02:42:13","guid":{"rendered":"https:\/\/hibucenter.com\/index.php\/product\/loc-gio-dieu-hoa-tieu-chuan-bosch-ariesto-s5520-santafe-12-19-sedona-carnival-17\/"},"modified":"2025-07-21T10:35:53","modified_gmt":"2025-07-21T03:35:53","slug":"loc-gio-dieu-hoa-tieu-chuan-bosch-ariesto-s5520-santafe-12-19-sedona-carnival-17","status":"publish","type":"product","link":"https:\/\/hibucenter.com\/index.php\/loc-gio-dieu-hoa-tieu-chuan-bosch-ariesto-s5520-santafe-12-19-sedona-carnival-17\/","title":{"rendered":"L\u1ecdc Gi\u00f3 \u0110i\u1ec1u H\u00f2a Ti\u00eau Chu\u1ea9n BOSCH Ariesto S5520 | Santafe (12 &#8211; 19), Sedona \/ Carnival (17 &#8211; ), .."},"content":{"rendered":"<p>L\u1ecdc \u0110i\u1ec1u H\u00f2a Lo\u1ea1i Ti\u00eau Chu\u1ea9n BOSCH Ariesto S5520 Cho Xe Hyundai Santafe, Sonata, Kia Optima\/K5, Sedona\/Carnival..<\/p>\n<p> L\u01b0u \u00fd quan tr\u1ecdng  :<br \/>\n1. QU\u00dd KH\u00c1CH VUI L\u00d2NG \u0110O L\u1ea0I K\u00cdCH TH\u01af\u1edaC TR\u01af\u1edaC KHI \u0110\u1eb6T H\u00c0NG<br \/>\n2. HO\u1eb6C QU\u00dd KH\u00c1CH CUNG C\u1ea4P TH\u00d4NG TIN CHI TI\u1ebeT V\u1ec0 XE (NH\u00c3N HI\u1ec6U\/ MODEL \/ N\u0102M S\u1ea2N XU\u1ea4T) ho\u1eb7c CH\u1ee4P \u1ea2NH \u0110\u0102NG KI\u1ec2M G\u1eecI CHO SHOP \u0110\u1ec2 NH\u00c2N VI\u00caN KI\u1ec2M TRA K\u00cdCH TH\u01af\u1edaC CH\u00cdNH X\u00c1C NH\u1ea4T<br \/>\n\u00a0\u00a0\u00a0\u00a0\u00a0<\/p>\n<p>  TH\u00d4NG TIN S\u1ea2N PH\u1ea8M :<br \/>\nC\u00f4ng ngh\u1ec7 s\u1ea3n xu\u1ea5t:\u00a0Bosch &#8211; Germany<br \/>\nM\u00e3 ph\u1ee5 t\u00f9ng:\u00a0\u00a0\u00a0<br \/>\n\u2248\u00a0M\u00e3 OE:\u00a0\u00a0\u00a0<br \/>\n\u2248\u00a0M\u00e3 Bosch:\u00a0\u00a0\u00a0 0986AF5520<br \/>\nXu\u1ea5t x\u1ee9:\u00a0Bosch &#8211;   Korea<br \/>\n\u00a0<br \/>\nK\u00edch th\u01b0\u1edbc (DxRxC): 225 (mm) x 255 (mm) x 20 (mm)<br \/>\n\u00a0<br \/>\n** \u1ee8ng d\u1ee5ng:<br \/>\n &#8211; KIA Optima\/K5 ( 13 &#8211; 15), Sedona \/ Carnival (17 &#8211; );<br \/>\n &#8211; HYUNDAI Santafe (12 &#8211; 19), Sonata (10 &#8211; 14),<\/p>\n<p>https:\/\/cf.shopee.vn\/file\/vn-11134208-7qukw-lhpky3rado7568<\/p>\n<p>\u0110\u1eb7c t\u00ednh k\u1ef9 thu\u1eadt s\u1ea3n ph\u1ea9m:<br \/>\n    \u00a0\u2666\u00a0\u00a0B\u1ea3o v\u1ec7 h\u00e0nh kh\u00e1ch trong xe kh\u1ecfi c\u00e1c ch\u1ea5t b\u1ee5i b\u1ea9n trong kh\u00f4ng kh\u00ed.<br \/>\n\u00a0\u00a0\u00a0\u00a0\u00a0\u2666\u00a0\u00a0Ng\u0103n ch\u1eb7n kh\u00ed \u0111\u1ed9c, m\u00f9i kh\u00f3 ch\u1ecbu, hi\u1ec7n t\u01b0\u1ee3ng d\u1ecb \u1ee9ng nh\u1edd c\u1ea5u t\u1ea1o b\u1eb1ng than ho\u1ea1t t\u00ednh.<br \/>\n\u00a0\u00a0\u00a0\u00a0\u00a0\u2666\u00a0\u00a0B\u1ea3o v\u1ec7 h\u1ec7 th\u1ed1ng \u0111i\u1ec1u h\u00f2a nhi\u1ec7t \u0111\u1ed9.<br \/>\n\u00a0<br \/>\n\u00a0\u00a0\u00a0\u00a0\u00a0\u25ba\u00a0Thay m\u1edbi l\u1ecdc gi\u00f3 \u0111i\u1ec1u h\u00f2a m\u1ed7i 15.000 km ho\u1eb7c m\u1ed7i n\u0103m.<\/p>\n<p>#loc_dieu_hoa_Bosch#loc_may_lanh_bosch#loc_gio_may_lanh#loc_gio_dieu_hoa<br \/>\n#loc_gio_Accord#loc_gio_civic#loc_gio_hrv#loc_gio_crv<br \/>\n#hibucenter<\/p>\n","protected":false},"excerpt":{"rendered":"<p>L\u1ecdc \u0110i\u1ec1u H\u00f2a Lo\u1ea1i Ti\u00eau Chu\u1ea9n BOSCH Ariesto S5520 Cho Xe Hyundai Santafe, Sonata, Kia Optima\/K5, Sedona\/Carnival.. L\u01b0u \u00fd quan tr\u1ecdng : 1. QU\u00dd KH\u00c1CH VUI L\u00d2NG \u0110O L\u1ea0I K\u00cdCH TH\u01af\u1edaC TR\u01af\u1edaC KHI \u0110\u1eb6T H\u00c0NG 2. HO\u1eb6C QU\u00dd KH\u00c1CH CUNG C\u1ea4P TH\u00d4NG TIN CHI TI\u1ebeT V\u1ec0 XE (NH\u00c3N HI\u1ec6U\/ MODEL \/ N\u0102M S\u1ea2N XU\u1ea4T) ho\u1eb7c&hellip;<\/p>\n","protected":false},"featured_media":6911,"comment_status":"closed","ping_status":"open","template":"","meta":[],"product_cat":[117],"product_tag":[],"class_list":{"0":"post-6909","1":"product","2":"type-product","3":"status-publish","4":"has-post-thumbnail","6":"product_brand-bosch-car-service","7":"product_cat-cham-soc-o-to-xe-hoi","9":"first","10":"instock","11":"product-type-simple","12":"col-xs-6 col-sm-4","13":"col-md-3 col-lg-3","14":"un-4-cols"},"_links":{"self":[{"href":"https:\/\/hibucenter.com\/index.php\/wp-json\/wp\/v2\/product\/6909","targetHints":{"allow":["GET"]}}],"collection":[{"href":"https:\/\/hibucenter.com\/index.php\/wp-json\/wp\/v2\/product"}],"about":[{"href":"https:\/\/hibucenter.com\/index.php\/wp-json\/wp\/v2\/types\/product"}],"replies":[{"embeddable":true,"href":"https:\/\/hibucenter.com\/index.php\/wp-json\/wp\/v2\/comments?post=6909"}],"version-history":[{"count":0,"href":"https:\/\/hibucenter.com\/index.php\/wp-json\/wp\/v2\/product\/6909\/revisions"}],"wp:featuredmedia":[{"embeddable":true,"href":"https:\/\/hibucenter.com\/index.php\/wp-json\/wp\/v2\/media\/6911"}],"wp:attachment":[{"href":"https:\/\/hibucenter.com\/index.php\/wp-json\/wp\/v2\/media?parent=6909"}],"wp:term":[{"taxonomy":"product_cat","embeddable":true,"href":"https:\/\/hibucenter.com\/index.php\/wp-json\/wp\/v2\/product_cat?post=6909"},{"taxonomy":"product_tag","embeddable":true,"href":"https:\/\/hibucenter.com\/index.php\/wp-json\/wp\/v2\/product_tag?post=6909"}],"curies":[{"name":"wp","href":"https:\/\/api.w.org\/{rel}","templated":true}]}}