{"id":6892,"date":"2025-04-29T09:41:15","date_gmt":"2025-04-29T02:41:15","guid":{"rendered":"https:\/\/hibucenter.com\/index.php\/product\/bosch-loc-gio-dieu-hoa-loai-tieu-chuan-ariesto-s5528-cho-xe-kia-carens-cerato-soluto-sportage\/"},"modified":"2025-07-21T10:35:55","modified_gmt":"2025-07-21T03:35:55","slug":"bosch-loc-gio-dieu-hoa-loai-tieu-chuan-ariesto-s5528-cho-xe-kia-carens-cerato-soluto-sportage","status":"publish","type":"product","link":"https:\/\/hibucenter.com\/index.php\/bosch-loc-gio-dieu-hoa-loai-tieu-chuan-ariesto-s5528-cho-xe-kia-carens-cerato-soluto-sportage\/","title":{"rendered":"BOSCH L\u1ecdc Gi\u00f3 \u0110i\u1ec1u H\u00f2a Lo\u1ea1i Ti\u00eau Chu\u1ea9n Ariesto S5528 Cho Xe Kia Carens, Cerato, Soluto, Sportage,.."},"content":{"rendered":"<p>L\u1ecdc \u0110i\u1ec1u H\u00f2a Lo\u1ea1i Ti\u00eau Chu\u1ea9n BOSCH Ariesto S5528 Cho Xe Kia Carens, Cerato, Soluto, Sportage, Hyundai Accent, Tucson,..\/<\/p>\n<p>  L\u01afU \u00dd : Qu\u00fd kh\u00e1ch h\u00e0ng vui l\u00f2ng li\u00ean h\u1ec7 cho shop qua c\u00f4ng c\u1ee5 chat c\u1ee7a shopee tr\u01b0\u1edbc khi mua h\u00e0ng \u0111\u1ec3 \u0111\u01b0\u1ee3c nh\u00e2n vi\u00ean k\u1ef9 thu\u1eadt t\u01b0 v\u1ea5n h\u1ed7 tr\u1ee3 nh\u00e9. Tr\u00e1nh tr\u01b0\u1eddng h\u1ee3p \u0111\u1eb7t sai m\u00e3 sai k\u00edch th\u01b0\u1edbc \u1ea1 . Xin c\u1ea3m \u01a1n !!<\/p>\n<p>< > TH\u00d4NG TIN S\u1ea2N PH\u1ea8M : <\/p>\n<p>C\u00f4ng ngh\u1ec7 s\u1ea3n xu\u1ea5t:\u00a0Bosch &#8211; Germany<br \/>\nM\u00e3 ph\u1ee5 t\u00f9ng:\u00a0\u00a0\u00a0<br \/>\n\u2248\u00a0M\u00e3 OE:\u00a0\u00a0\u00a097133-2E200, 97133-2E210<br \/>\n\u2248\u00a0M\u00e3 Bosch:\u00a0\u00a0\u00a0 0986AF5528<br \/>\nXu\u1ea5t x\u1ee9:\u00a0Bosch &#8211;   Korea<br \/>\n\u00a0<br \/>\nK\u00edch th\u01b0\u1edbc:<br \/>\nD\u00e0i x R\u1ed9ng x Cao:\u00a0 227 (mm) x 201(mm) x 17(mm)<br \/>\n\u00a0<br \/>\n** \u1ee8NG D\u1ee4NG : KIA Carens (06-12), Cerato\/Forte (08 &#8211; 13), Rio (05-17), Soluto (18 &#8211; ), Sportage (10-14); HYUNDAI Accent (11 &#8211; 19), Tucson (09 &#8211; 15).<\/p>\n<p>https:\/\/cf.shopee.vn\/file\/vn-11134208-7qukw-lhsgcf5l0xadc3<br \/>\nhttps:\/\/cf.shopee.vn\/file\/vn-11134208-7qukw-lhsgcf5l3qf942<br \/>\nhttps:\/\/cf.shopee.vn\/file\/vn-11134208-7qukw-lhsgcf5l6jk55b<\/p>\n<p>\u00a0\u00a0\u00a0\u00a0\u00a0<br \/>\n\u0110\u1eb7c t\u00ednh k\u1ef9 thu\u1eadt s\u1ea3n ph\u1ea9m:<br \/>\n    \u00a0\u2666\u00a0\u00a0B\u1ea3o v\u1ec7 h\u00e0nh kh\u00e1ch trong xe kh\u1ecfi c\u00e1c ch\u1ea5t b\u1ee5i b\u1ea9n trong kh\u00f4ng kh\u00ed.<br \/>\n\u00a0\u00a0\u00a0\u00a0\u00a0\u2666\u00a0\u00a0Ng\u0103n ch\u1eb7n kh\u00ed \u0111\u1ed9c, m\u00f9i kh\u00f3 ch\u1ecbu, hi\u1ec7n t\u01b0\u1ee3ng d\u1ecb \u1ee9ng nh\u1edd c\u1ea5u t\u1ea1o b\u1eb1ng than ho\u1ea1t t\u00ednh.<br \/>\n\u00a0\u00a0\u00a0\u00a0\u00a0\u2666\u00a0\u00a0B\u1ea3o v\u1ec7 h\u1ec7 th\u1ed1ng \u0111i\u1ec1u h\u00f2a nhi\u1ec7t \u0111\u1ed9.<br \/>\n\u00a0<br \/>\n\u00a0\u00a0\u00a0\u00a0\u00a0\u25ba\u00a0Thay m\u1edbi l\u1ecdc gi\u00f3 \u0111i\u1ec1u h\u00f2a m\u1ed7i 15.000 km ho\u1eb7c m\u1ed7i n\u0103m.<\/p>\n<p>#loc_dieu_hoa_Bosch#loc_may_lanh_bosch#loc_gio_may_lanh#loc_gio_dieu_hoa<br \/>\n#loc_gio_Accent#loc_gio_Cerato#loc_gio_Carens#loc_gio_Rio#loc_gio_Tucson<br \/>\n#hibucenter<\/p>\n","protected":false},"excerpt":{"rendered":"<p>L\u1ecdc \u0110i\u1ec1u H\u00f2a Lo\u1ea1i Ti\u00eau Chu\u1ea9n BOSCH Ariesto S5528 Cho Xe Kia Carens, Cerato, Soluto, Sportage, Hyundai Accent, Tucson,..\/ L\u01afU \u00dd : Qu\u00fd kh\u00e1ch h\u00e0ng vui l\u00f2ng li\u00ean h\u1ec7 cho shop qua c\u00f4ng c\u1ee5 chat c\u1ee7a shopee tr\u01b0\u1edbc khi mua h\u00e0ng \u0111\u1ec3 \u0111\u01b0\u1ee3c nh\u00e2n vi\u00ean k\u1ef9 thu\u1eadt t\u01b0 v\u1ea5n h\u1ed7 tr\u1ee3 nh\u00e9. Tr\u00e1nh tr\u01b0\u1eddng h\u1ee3p&hellip;<\/p>\n","protected":false},"featured_media":6896,"comment_status":"closed","ping_status":"open","template":"","meta":[],"product_cat":[117],"product_tag":[],"class_list":{"0":"post-6892","1":"product","2":"type-product","3":"status-publish","4":"has-post-thumbnail","6":"product_brand-bosch-car-service","7":"product_cat-cham-soc-o-to-xe-hoi","9":"first","10":"instock","11":"product-type-simple","12":"col-xs-6 col-sm-4","13":"col-md-3 col-lg-3","14":"un-4-cols"},"_links":{"self":[{"href":"https:\/\/hibucenter.com\/index.php\/wp-json\/wp\/v2\/product\/6892","targetHints":{"allow":["GET"]}}],"collection":[{"href":"https:\/\/hibucenter.com\/index.php\/wp-json\/wp\/v2\/product"}],"about":[{"href":"https:\/\/hibucenter.com\/index.php\/wp-json\/wp\/v2\/types\/product"}],"replies":[{"embeddable":true,"href":"https:\/\/hibucenter.com\/index.php\/wp-json\/wp\/v2\/comments?post=6892"}],"version-history":[{"count":0,"href":"https:\/\/hibucenter.com\/index.php\/wp-json\/wp\/v2\/product\/6892\/revisions"}],"wp:featuredmedia":[{"embeddable":true,"href":"https:\/\/hibucenter.com\/index.php\/wp-json\/wp\/v2\/media\/6896"}],"wp:attachment":[{"href":"https:\/\/hibucenter.com\/index.php\/wp-json\/wp\/v2\/media?parent=6892"}],"wp:term":[{"taxonomy":"product_cat","embeddable":true,"href":"https:\/\/hibucenter.com\/index.php\/wp-json\/wp\/v2\/product_cat?post=6892"},{"taxonomy":"product_tag","embeddable":true,"href":"https:\/\/hibucenter.com\/index.php\/wp-json\/wp\/v2\/product_tag?post=6892"}],"curies":[{"name":"wp","href":"https:\/\/api.w.org\/{rel}","templated":true}]}}