{"id":6875,"date":"2025-04-29T09:41:15","date_gmt":"2025-04-29T02:41:15","guid":{"rendered":"https:\/\/hibucenter.com\/index.php\/product\/gat-mua-sau-xe-o-to-bosch-rear-h304-h307-h301-h306-h352-h354-h312-a332h-a334h-danh-cho-nhieu-dong-xe\/"},"modified":"2025-07-21T10:35:55","modified_gmt":"2025-07-21T03:35:55","slug":"gat-mua-sau-xe-o-to-bosch-rear-h304-h307-h301-h306-h352-h354-h312-a332h-a334h-danh-cho-nhieu-dong-xe","status":"publish","type":"product","link":"https:\/\/hibucenter.com\/index.php\/gat-mua-sau-xe-o-to-bosch-rear-h304-h307-h301-h306-h352-h354-h312-a332h-a334h-danh-cho-nhieu-dong-xe\/","title":{"rendered":"G\u1ea1t M\u01b0a Sau Xe \u00d4 t\u00f4 BOSCH Rear H304 H307 H301 H306 H352 H354 H312 A332H A334H D\u00e0nh Cho Nhi\u1ec1u D\u00f2ng Xe"},"content":{"rendered":"<p>G\u1ea1t m\u01b0a sau xe Bosch Rear l\u00e0m s\u1ea1ch k\u00ednh ch\u1eafn gi\u00f3 \u0111\u00e1ng kinh ng\u1ea1c nh\u1edd l\u1edbp ph\u1ee7 \u0111\u1eb7c bi\u1ec7t gi\u00fap v\u1eadn h\u00e0nh \u00eam \u00e1i, b\u1ed9 ph\u1eadn l\u01b0\u1ee1i g\u1ea1t linh ho\u1ea1t \u0111\u1ec3 g\u1ea1t n\u01b0\u1edbc \u00edt ti\u1ebfng \u1ed3n h\u01a1n, tu\u1ed5i th\u1ecd l\u00e2u d\u00e0i.<\/p>\n<p>  TH\u00d4NG S\u1ed0 K\u1ef8 THU\u1eacT:<br \/>\nTh\u01b0\u01a1ng hi\u1ec7u: Bosch<br \/>\nXu\u1ea5t x\u1ee9: China<br \/>\nS\u1ea3n ph\u1ea9m bao g\u1ed3m: 1 g\u1ea1t m\u01b0a sau, trong h\u1ed9p nguy\u00ean b\u1ea3n.<\/p>\n<p>QU\u00dd KH\u00c1CH VUI L\u00d2NG INBOX CHO SHOP TH\u00d4NG TIN \u0110\u1edcI XE, SHOP S\u1ebc KI\u1ec2M TRA CH\u00cdNH X\u00c1C K\u00cdCH TH\u01af\u1edaC G\u1ea0T M\u01afA SAU CHO XE C\u1ee6A M\u00ccNH. V\u00c0 G\u1eecI VIDEO H\u01af\u1edaNG D\u1eaaN L\u1eaeP \u0110\u1eb6T<\/p>\n<p>https:\/\/cf.shopee.vn\/file\/sg-11134202-22110-z2caa5ucjijv27<\/p>\n<p>https:\/\/cf.shopee.vn\/file\/sg-11134202-22100-64jzyuw6w9iv22<\/p>\n<p>https:\/\/cf.shopee.vn\/file\/sg-11134202-22110-cywf7v6cjijv92<\/p>\n<p>  G\u1ea1t m\u01b0a sau A302H : K\u00edch th\u01b0\u1edbc: 12&#8242; 300mm \/ \u1ee8ng d\u1ee5ng: HYUNDAI Santafe (18-)<\/p>\n<p>D\u1ea5u hi\u1ec7u \u0111\u1ec3 bi\u1ebft c\u1ea7n thay l\u01b0\u1ee1i g\u1ea1t n\u01b0\u1edbc?<\/p>\n<p>Khi s\u1eed d\u1ee5ng g\u1ea1t xu\u1ea5t hi\u1ec7n\u00a0c\u00e1c hi\u1ec7n t\u01b0\u1ee3ng sau th\u00ec b\u1ea1n n\u00ean thay g\u1ea1t m\u1edbi cho xe<br \/>\nCao su tr\u00ean l\u01b0\u1ee1i dao b\u1ecb n\u1ee9t ho\u1eb7c h\u1ecfng.<br \/>\nG\u1ea1t n\u01b0\u1edbc c\u1ee7a b\u1ea1n \u0111ang \u0111\u1ec3 l\u1ea1i v\u1ec7t tr\u00ean k\u00ednh ch\u1eafn gi\u00f3 c\u1ee7a b\u1ea1n.<br \/>\nB\u1ea1n \u0111ang nghe qu\u00e1 nhi\u1ec1u ti\u1ebfng r\u00edt.<br \/>\nKhung c\u1ee7a l\u01b0\u1ee1i ki\u1ebfm b\u1ecb cong ho\u1eb7c b\u1ecb h\u01b0 h\u1ecfng.<\/p>\n","protected":false},"excerpt":{"rendered":"<p>G\u1ea1t m\u01b0a sau xe Bosch Rear l\u00e0m s\u1ea1ch k\u00ednh ch\u1eafn gi\u00f3 \u0111\u00e1ng kinh ng\u1ea1c nh\u1edd l\u1edbp ph\u1ee7 \u0111\u1eb7c bi\u1ec7t gi\u00fap v\u1eadn h\u00e0nh \u00eam \u00e1i, b\u1ed9 ph\u1eadn l\u01b0\u1ee1i g\u1ea1t linh ho\u1ea1t \u0111\u1ec3 g\u1ea1t n\u01b0\u1edbc \u00edt ti\u1ebfng \u1ed3n h\u01a1n, tu\u1ed5i th\u1ecd l\u00e2u d\u00e0i. TH\u00d4NG S\u1ed0 K\u1ef8 THU\u1eacT: Th\u01b0\u01a1ng hi\u1ec7u: Bosch Xu\u1ea5t x\u1ee9: China S\u1ea3n ph\u1ea9m bao g\u1ed3m:&hellip;<\/p>\n","protected":false},"featured_media":6879,"comment_status":"closed","ping_status":"open","template":"","meta":[],"product_cat":[117],"product_tag":[],"class_list":{"0":"post-6875","1":"product","2":"type-product","3":"status-publish","4":"has-post-thumbnail","6":"product_brand-bosch-car-service","7":"product_cat-cham-soc-o-to-xe-hoi","9":"first","10":"instock","11":"product-type-simple","12":"col-xs-6 col-sm-4","13":"col-md-3 col-lg-3","14":"un-4-cols"},"_links":{"self":[{"href":"https:\/\/hibucenter.com\/index.php\/wp-json\/wp\/v2\/product\/6875","targetHints":{"allow":["GET"]}}],"collection":[{"href":"https:\/\/hibucenter.com\/index.php\/wp-json\/wp\/v2\/product"}],"about":[{"href":"https:\/\/hibucenter.com\/index.php\/wp-json\/wp\/v2\/types\/product"}],"replies":[{"embeddable":true,"href":"https:\/\/hibucenter.com\/index.php\/wp-json\/wp\/v2\/comments?post=6875"}],"version-history":[{"count":0,"href":"https:\/\/hibucenter.com\/index.php\/wp-json\/wp\/v2\/product\/6875\/revisions"}],"wp:featuredmedia":[{"embeddable":true,"href":"https:\/\/hibucenter.com\/index.php\/wp-json\/wp\/v2\/media\/6879"}],"wp:attachment":[{"href":"https:\/\/hibucenter.com\/index.php\/wp-json\/wp\/v2\/media?parent=6875"}],"wp:term":[{"taxonomy":"product_cat","embeddable":true,"href":"https:\/\/hibucenter.com\/index.php\/wp-json\/wp\/v2\/product_cat?post=6875"},{"taxonomy":"product_tag","embeddable":true,"href":"https:\/\/hibucenter.com\/index.php\/wp-json\/wp\/v2\/product_tag?post=6875"}],"curies":[{"name":"wp","href":"https:\/\/api.w.org\/{rel}","templated":true}]}}