{"id":6833,"date":"2025-04-29T09:41:15","date_gmt":"2025-04-29T02:41:15","guid":{"rendered":"https:\/\/hibucenter.com\/index.php\/product\/bosch-bo-gat-mua-aerotwin-a938s-24-60cm-24-60cm-mercedes-c-class-w204-08-13-cls-class-w218-10-14-e-class-w212\/"},"modified":"2025-07-21T10:35:56","modified_gmt":"2025-07-21T03:35:56","slug":"bosch-bo-gat-mua-aerotwin-a938s-24-60cm-24-60cm-mercedes-c-class-w204-08-13-cls-class-w218-10-14-e-class-w212","status":"publish","type":"product","link":"https:\/\/hibucenter.com\/index.php\/bosch-bo-gat-mua-aerotwin-a938s-24-60cm-24-60cm-mercedes-c-class-w204-08-13-cls-class-w218-10-14-e-class-w212\/","title":{"rendered":"BOSCH B\u1ed9 G\u1ea1t M\u01b0a AeroTwin A938S 24\u201d\/60cm \u2013 24\u201d\/60cm Mercedes C-Class W204 (08-13), CLS-Class W218 (10-14), E-Class W212"},"content":{"rendered":"<p>G\u1ea1t M\u01b0a BOSCH AeroTwin Euro Set A938S K\u00edch th\u01b0\u1edbc 24\u201d\/60cm \u2013 24\u201d\/60cm | D\u00e0nh cho Xe Mercedes Serie C, Serie E<\/p>\n<p>< > TH\u00d4NG TIN S\u1ea2N PH\u1ea8M:<br \/>\nC\u00f4ng ngh\u1ec7 s\u1ea3n xu\u1ea5t:  Bosch &#8211; Germany<br \/>\nM\u00e3 ph\u1ee5 t\u00f9ng Bosch:  3397007854<br \/>\nM\u00e3 s\u1ea3n ph\u1ea9m:   A938S<br \/>\nXu\u1ea5t x\u1ee9: Made in BELGIUM<br \/>\nK\u00edch th\u01b0\u1edbc: 24\u201d \u2013 24\u201d (600mm \u2013 600mm)<\/p>\n<p>https:\/\/cf.shopee.vn\/file\/f2f08b462806adaafebcb68a053b5fb0<br \/>\nhttps:\/\/cf.shopee.vn\/file\/c9178509532844c2634ff8f834e39968<br \/>\n< > \u0110\u1eb7c t\u00ednh k\u1ef9 thu\u1eadt s\u1ea3n ph\u1ea9m:<\/p>\n<p>\u2022\tL\u00e0 b\u1ed9 2 chi\u1ebfc g\u1ea1t m\u01b0a ri\u00eang bi\u1ec7t gi\u1ed1ng nh\u01b0 nguy\u00ean b\u1ea3n OE theo xe, d\u00e0nh cho c\u00e1c d\u00f2ng xe \u00c2u v\u00e0 M\u1ef9.<br \/>\n\u2022\tCung c\u1ea5p hi\u1ec7u qu\u1ea3 g\u1ea1t m\u01b0a t\u1ed1i \u01b0u nh\u1ea5t v\u00e0 k\u00e9o d\u00e0i th\u1eddi gian s\u1eed d\u1ee5ng.<br \/>\n\u2022\tThay th\u1ebf \u0111\u01b0\u1ee3c 99% c\u00e1c d\u00f2ng xe l\u1eafp g\u1ea1t nguy\u00ean b\u1ea3n.<br \/>\n\u2022\tKh\u1ea3 n\u0103ng l\u1eafp \u0111\u1eb7t d\u1ec5 d\u00e0ng, c\u00f3 h\u01b0\u1edbng d\u1eabn l\u1eafp \u0111\u1eb7t ghi tr\u00ean v\u1ecf h\u1ed9p v\u00e0 m\u00e3 QR code k\u1ebft n\u1ed1i video.<\/p>\n<p>< > \u1ee8ng d\u1ee5ng:<br \/>\nMERCEDES-BENZ Serie C \u0111\u1ed9ng c\u01a1 [W204]  \u0111\u1eddi 2008-2013;<br \/>\nMERCEDES-BENZ Serie E \u0111\u1ed9ng c\u01a1 [W212] \u0111\u1eddi 2008-2014.<br \/>\nMERCEDES-BENZ CLS-Class W218 (10-14)<\/p>\n","protected":false},"excerpt":{"rendered":"<p>G\u1ea1t M\u01b0a BOSCH AeroTwin Euro Set A938S K\u00edch th\u01b0\u1edbc 24\u201d\/60cm \u2013 24\u201d\/60cm | D\u00e0nh cho Xe Mercedes Serie C, Serie E < > TH\u00d4NG TIN S\u1ea2N PH\u1ea8M: C\u00f4ng ngh\u1ec7 s\u1ea3n xu\u1ea5t: Bosch &#8211; Germany M\u00e3 ph\u1ee5 t\u00f9ng Bosch: 3397007854 M\u00e3 s\u1ea3n ph\u1ea9m: A938S Xu\u1ea5t x\u1ee9: Made in BELGIUM K\u00edch th\u01b0\u1edbc: 24\u201d \u2013 24\u201d (600mm \u2013&hellip;<\/p>\n","protected":false},"featured_media":6836,"comment_status":"closed","ping_status":"open","template":"","meta":[],"product_cat":[117],"product_tag":[],"class_list":{"0":"post-6833","1":"product","2":"type-product","3":"status-publish","4":"has-post-thumbnail","6":"product_brand-bosch-car-service","7":"product_cat-cham-soc-o-to-xe-hoi","9":"first","10":"instock","11":"product-type-simple","12":"col-xs-6 col-sm-4","13":"col-md-3 col-lg-3","14":"un-4-cols"},"_links":{"self":[{"href":"https:\/\/hibucenter.com\/index.php\/wp-json\/wp\/v2\/product\/6833","targetHints":{"allow":["GET"]}}],"collection":[{"href":"https:\/\/hibucenter.com\/index.php\/wp-json\/wp\/v2\/product"}],"about":[{"href":"https:\/\/hibucenter.com\/index.php\/wp-json\/wp\/v2\/types\/product"}],"replies":[{"embeddable":true,"href":"https:\/\/hibucenter.com\/index.php\/wp-json\/wp\/v2\/comments?post=6833"}],"version-history":[{"count":0,"href":"https:\/\/hibucenter.com\/index.php\/wp-json\/wp\/v2\/product\/6833\/revisions"}],"wp:featuredmedia":[{"embeddable":true,"href":"https:\/\/hibucenter.com\/index.php\/wp-json\/wp\/v2\/media\/6836"}],"wp:attachment":[{"href":"https:\/\/hibucenter.com\/index.php\/wp-json\/wp\/v2\/media?parent=6833"}],"wp:term":[{"taxonomy":"product_cat","embeddable":true,"href":"https:\/\/hibucenter.com\/index.php\/wp-json\/wp\/v2\/product_cat?post=6833"},{"taxonomy":"product_tag","embeddable":true,"href":"https:\/\/hibucenter.com\/index.php\/wp-json\/wp\/v2\/product_tag?post=6833"}],"curies":[{"name":"wp","href":"https:\/\/api.w.org\/{rel}","templated":true}]}}