{"id":6811,"date":"2025-04-29T09:00:05","date_gmt":"2025-04-29T02:00:05","guid":{"rendered":"https:\/\/hibucenter.com\/index.php\/product\/bosch-loc-gio-dong-co-a2412-danh-cho-xe-hyundai-tucson-kia-sportage-rondo-diesel\/"},"modified":"2025-07-21T10:35:56","modified_gmt":"2025-07-21T03:35:56","slug":"bosch-loc-gio-dong-co-a2412-danh-cho-xe-hyundai-tucson-kia-sportage-rondo-diesel","status":"publish","type":"product","link":"https:\/\/hibucenter.com\/index.php\/bosch-loc-gio-dong-co-a2412-danh-cho-xe-hyundai-tucson-kia-sportage-rondo-diesel\/","title":{"rendered":"BOSCH L\u1ecdc Gi\u00f3 \u0110\u1ed9ng c\u01a1 A2412 D\u00e0nh cho Xe Hyundai Tucson, KIA Sportage Rondo Diesel"},"content":{"rendered":"<p>L\u1ecdc Gi\u00f3 \u0110\u1ed9ng c\u01a1 BOSCH A2412 D\u00e0nh cho Xe Hyundai Tucson (09-15), KIA Sportage Rondo Diesel (13-). <\/p>\n<p>  L\u01afU \u00dd : Qu\u00fd kh\u00e1ch h\u00e0ng vui l\u00f2ng li\u00ean h\u1ec7 cho shop qua c\u00f4ng c\u1ee5 chat c\u1ee7a shopee tr\u01b0\u1edbc khi mua h\u00e0ng \u0111\u1ec3 \u0111\u01b0\u1ee3c nh\u00e2n vi\u00ean k\u1ef9 thu\u1eadt t\u01b0 v\u1ea5n h\u1ed7 tr\u1ee3 nh\u00e9. Tr\u00e1nh tr\u01b0\u1eddng h\u1ee3p \u0111\u1eb7t sai m\u00e3 sai k\u00edch th\u01b0\u1edbc \u1ea1 . Xin c\u1ea3m \u01a1n !!<\/p>\n<p>< > TH\u00d4NG TIN S\u1ea2N PH\u1ea8M :<\/p>\n<p>&#8211; C\u00f4ng ngh\u1ec7 s\u1ea3n xu\u1ea5t : Bosch &#8211; Germany<\/p>\n<p>&#8211; Xu\u1ea5t x\u1ee9 China<\/p>\n<p>&#8211; M\u00e3 Bosch: 0986AF2412<\/p>\n<p>&#8211; K\u00edch th\u01b0\u1edbc (d\u00e0i x r\u1ed9ng x cao): 256 x 165 x 54 mm<\/p>\n<p>** \u1ee8NG D\u1ee4NG :<br \/>\n+ HYUNDAI Tucson ix Diesel (09-15)<br \/>\n+ KIA Sportage Rondo Diesel (13-).<br \/>\n( M\u00e3 m\u1edbi. M\u00e3 JS t\u01b0\u01a1ng \u0111\u01b0\u01a1ng A9323 ) <\/p>\n<p>** \u0110\u1eb6C T\u00cdNH K\u1ef8 THU\u1eacT S\u1ea2N PH\u1ea8M:<br \/>\nB\u1ea3o v\u1ec7 h\u00e0nh kh\u00e1ch trong xe kh\u1ecfi c\u00e1c ch\u1ea5t b\u1ee5i b\u1ea9n trong kh\u00f4ng kh\u00ed.<br \/>\nNg\u0103n ch\u1eb7n kh\u00ed \u0111\u1ed9c, m\u00f9i kh\u00f3 ch\u1ecbu, hi\u1ec7n t\u01b0\u1ee3ng d\u1ecb \u1ee9ng nh\u1edd c\u1ea5u t\u1ea1o b\u1eb1ng than ho\u1ea1t t\u00ednh.<br \/>\nB\u1ea3o v\u1ec7 h\u1ec7 th\u1ed1ng \u0111i\u1ec1u h\u00f2a nhi\u1ec7t \u0111\u1ed9.<br \/>\n\u25ba Thay m\u1edbi l\u1ecdc gi\u00f3 \u0111i\u1ec1u h\u00f2a m\u1ed7i 15.000 km ho\u1eb7c m\u1ed7i n\u0103m.<\/p>\n<p>#hibucenter #bosch #a2412 #locgiodongco<\/p>\n","protected":false},"excerpt":{"rendered":"<p>L\u1ecdc Gi\u00f3 \u0110\u1ed9ng c\u01a1 BOSCH A2412 D\u00e0nh cho Xe Hyundai Tucson (09-15), KIA Sportage Rondo Diesel (13-). L\u01afU \u00dd : Qu\u00fd kh\u00e1ch h\u00e0ng vui l\u00f2ng li\u00ean h\u1ec7 cho shop qua c\u00f4ng c\u1ee5 chat c\u1ee7a shopee tr\u01b0\u1edbc khi mua h\u00e0ng \u0111\u1ec3 \u0111\u01b0\u1ee3c nh\u00e2n vi\u00ean k\u1ef9 thu\u1eadt t\u01b0 v\u1ea5n h\u1ed7 tr\u1ee3 nh\u00e9. Tr\u00e1nh tr\u01b0\u1eddng h\u1ee3p \u0111\u1eb7t sai&hellip;<\/p>\n","protected":false},"featured_media":6812,"comment_status":"closed","ping_status":"open","template":"","meta":[],"product_cat":[117],"product_tag":[],"class_list":{"0":"post-6811","1":"product","2":"type-product","3":"status-publish","4":"has-post-thumbnail","6":"product_brand-bosch-car-service","7":"product_cat-cham-soc-o-to-xe-hoi","9":"first","10":"instock","11":"product-type-simple","12":"col-xs-6 col-sm-4","13":"col-md-3 col-lg-3","14":"un-4-cols"},"_links":{"self":[{"href":"https:\/\/hibucenter.com\/index.php\/wp-json\/wp\/v2\/product\/6811","targetHints":{"allow":["GET"]}}],"collection":[{"href":"https:\/\/hibucenter.com\/index.php\/wp-json\/wp\/v2\/product"}],"about":[{"href":"https:\/\/hibucenter.com\/index.php\/wp-json\/wp\/v2\/types\/product"}],"replies":[{"embeddable":true,"href":"https:\/\/hibucenter.com\/index.php\/wp-json\/wp\/v2\/comments?post=6811"}],"version-history":[{"count":0,"href":"https:\/\/hibucenter.com\/index.php\/wp-json\/wp\/v2\/product\/6811\/revisions"}],"wp:featuredmedia":[{"embeddable":true,"href":"https:\/\/hibucenter.com\/index.php\/wp-json\/wp\/v2\/media\/6812"}],"wp:attachment":[{"href":"https:\/\/hibucenter.com\/index.php\/wp-json\/wp\/v2\/media?parent=6811"}],"wp:term":[{"taxonomy":"product_cat","embeddable":true,"href":"https:\/\/hibucenter.com\/index.php\/wp-json\/wp\/v2\/product_cat?post=6811"},{"taxonomy":"product_tag","embeddable":true,"href":"https:\/\/hibucenter.com\/index.php\/wp-json\/wp\/v2\/product_tag?post=6811"}],"curies":[{"name":"wp","href":"https:\/\/api.w.org\/{rel}","templated":true}]}}