{"id":6748,"date":"2025-04-29T09:00:05","date_gmt":"2025-04-29T02:00:05","guid":{"rendered":"https:\/\/hibucenter.com\/index.php\/product\/bosch-loc-gio-dieu-hoa-than-hoat-tinh-c5093-danh-cho-xe-toyota-camryvios-yaris\/"},"modified":"2025-07-21T10:35:56","modified_gmt":"2025-07-21T03:35:56","slug":"bosch-loc-gio-dieu-hoa-than-hoat-tinh-c5093-danh-cho-xe-toyota-camryvios-yaris","status":"publish","type":"product","link":"https:\/\/hibucenter.com\/index.php\/bosch-loc-gio-dieu-hoa-than-hoat-tinh-c5093-danh-cho-xe-toyota-camryvios-yaris\/","title":{"rendered":"BOSCH L\u1ecdc Gi\u00f3 \u0110i\u1ec1u H\u00f2a Than Ho\u1ea1t T\u00ednh C5093 D\u00e0nh cho Xe Toyota Camry,Vios, Yaris,&#8230;.."},"content":{"rendered":"<p>L\u1ecdc Gi\u00f3 \u0110i\u1ec1u H\u00f2a Than Ho\u1ea1t T\u00ednh BOSCH C5093 D\u00e0nh cho Xe Toyota Camry (01 &#8211; 06)Vios (02 &#8211; 13), Yaris ( 99 &#8211; 05), .<\/p>\n<p>  L\u01afU \u00dd : Qu\u00fd kh\u00e1ch h\u00e0ng vui l\u00f2ng li\u00ean h\u1ec7 cho shop qua c\u00f4ng c\u1ee5 chat c\u1ee7a shopee tr\u01b0\u1edbc khi mua h\u00e0ng \u0111\u1ec3 \u0111\u01b0\u1ee3c nh\u00e2n vi\u00ean k\u1ef9 thu\u1eadt t\u01b0 v\u1ea5n h\u1ed7 tr\u1ee3 nh\u00e9. Tr\u00e1nh tr\u01b0\u1eddng h\u1ee3p \u0111\u1eb7t sai m\u00e3 sai k\u00edch th\u01b0\u1edbc \u1ea1!! Xin c\u1ea3m \u01a1n !!<\/p>\n<p>TH\u00d4NG S\u1ed0 S\u1ea2N PH\u1ea8M:<br \/>\n> C\u00f4ng ngh\u1ec7 s\u1ea3n xu\u1ea5t:\u00a0Bosch &#8211; Germany<br \/>\n> M\u00e3 ph\u1ee5 t\u00f9ng:\u00a0\u00a0\u00a0<br \/>\n\u2248\u00a0M\u00e3 OE:\u00a0\u00a0\u00a0\u00a0\u00a0\u00a0\u00a087139-06040; 87139-08030; 87139-47010; 87139-49010<br \/>\n\u2248\u00a0M\u00e3 Bosch:\u00a0\u00a0\u00a00986AF5093<br \/>\n> Xu\u1ea5t x\u1ee9:\u00a0Bosch &#8211; THAILAND<br \/>\n> K\u00edch th\u01b0\u1edbc (DxRxC): 215 (mm) x 215 (mm) x 17 (mm)<\/p>\n<p>https:\/\/cf.shopee.vn\/file\/vn-11134208-7qukw-ljupgnhqtyiq9d<br \/>\nhttps:\/\/cf.shopee.vn\/file\/vn-11134208-7qukw-ljupgnhqvd36bb<br \/>\nhttps:\/\/cf.shopee.vn\/file\/vn-11134208-7qukw-ljupgnhqwrnmd2<\/p>\n<p>** \u1ee8NG D\u1ee4NG : <\/p>\n<p> TOYOTA Camry (01 &#8211; 06), Land Cruiser Parado ( 02 &#8211; 09), Vios (02 &#8211; 13), Yaris ( 99 &#8211; 05).<\/p>\n<p> \u0110\u1eb6C T\u00cdNH K\u1ef8 THU\u1eacT S\u1ea2N PH\u1ea8M:<br \/>\n\u00a0\u00a0\u00a0\u00a0\u00a0\u2666\u00a0B\u1ea3o v\u1ec7 h\u00e0nh kh\u00e1ch trong xe kh\u1ecfi c\u00e1c ch\u1ea5t b\u1ee5i b\u1ea9n trong kh\u00f4ng kh\u00ed.<br \/>\n\u00a0\u00a0\u00a0\u00a0\u00a0\u2666\u00a0Ng\u0103n ch\u1eb7n kh\u00ed \u0111\u1ed9c, m\u00f9i kh\u00f3 ch\u1ecbu, hi\u1ec7n t\u01b0\u1ee3ng d\u1ecb \u1ee9ng nh\u1edd c\u1ea5u t\u1ea1o b\u1eb1ng than ho\u1ea1t t\u00ednh.<br \/>\n\u00a0\u00a0\u00a0\u00a0\u00a0\u2666\u00a0B\u1ea3o v\u1ec7 h\u1ec7 th\u1ed1ng \u0111i\u1ec1u h\u00f2a nhi\u1ec7t \u0111\u1ed9.<br \/>\n\u00a0\u00a0\u00a0\u00a0\u00a0\u25ba\u00a0Thay m\u1edbi l\u1ecdc gi\u00f3 \u0111i\u1ec1u h\u00f2a m\u1ed7i 15.000 km ho\u1eb7c m\u1ed7i n\u0103m.<\/p>\n<p>(*) HibuCenter xin cam k\u1ebft b\u00e1n t\u1ea5t c\u1ea3 s\u1ea3n ph\u1ea9m BOSCH Ch\u00ednh H\u00e3ng &#8211; Uy T\u00edn &#8211; Ch\u1ea5t L\u01b0\u1ee3ng.<\/p>\n<p>#LocDieuHoaBosch #LocDieuHoaBoschXeOto #LocDieuHoaBoschXeHoi #LocDieuHoaBoschC5093Xehoi #LocDieuHoaVios#loc_dieu_hoa_camry #LocGioBosch #Innova#Fortuner#Camry#Vios#Yaris<\/p>\n","protected":false},"excerpt":{"rendered":"<p>L\u1ecdc Gi\u00f3 \u0110i\u1ec1u H\u00f2a Than Ho\u1ea1t T\u00ednh BOSCH C5093 D\u00e0nh cho Xe Toyota Camry (01 &#8211; 06)Vios (02 &#8211; 13), Yaris ( 99 &#8211; 05), . L\u01afU \u00dd : Qu\u00fd kh\u00e1ch h\u00e0ng vui l\u00f2ng li\u00ean h\u1ec7 cho shop qua c\u00f4ng c\u1ee5 chat c\u1ee7a shopee tr\u01b0\u1edbc khi mua h\u00e0ng \u0111\u1ec3 \u0111\u01b0\u1ee3c nh\u00e2n vi\u00ean k\u1ef9 thu\u1eadt t\u01b0&hellip;<\/p>\n","protected":false},"featured_media":6752,"comment_status":"closed","ping_status":"open","template":"","meta":[],"product_cat":[117],"product_tag":[],"class_list":{"0":"post-6748","1":"product","2":"type-product","3":"status-publish","4":"has-post-thumbnail","6":"product_brand-bosch-car-service","7":"product_cat-cham-soc-o-to-xe-hoi","9":"first","10":"instock","11":"product-type-simple","12":"col-xs-6 col-sm-4","13":"col-md-3 col-lg-3","14":"un-4-cols"},"_links":{"self":[{"href":"https:\/\/hibucenter.com\/index.php\/wp-json\/wp\/v2\/product\/6748","targetHints":{"allow":["GET"]}}],"collection":[{"href":"https:\/\/hibucenter.com\/index.php\/wp-json\/wp\/v2\/product"}],"about":[{"href":"https:\/\/hibucenter.com\/index.php\/wp-json\/wp\/v2\/types\/product"}],"replies":[{"embeddable":true,"href":"https:\/\/hibucenter.com\/index.php\/wp-json\/wp\/v2\/comments?post=6748"}],"version-history":[{"count":0,"href":"https:\/\/hibucenter.com\/index.php\/wp-json\/wp\/v2\/product\/6748\/revisions"}],"wp:featuredmedia":[{"embeddable":true,"href":"https:\/\/hibucenter.com\/index.php\/wp-json\/wp\/v2\/media\/6752"}],"wp:attachment":[{"href":"https:\/\/hibucenter.com\/index.php\/wp-json\/wp\/v2\/media?parent=6748"}],"wp:term":[{"taxonomy":"product_cat","embeddable":true,"href":"https:\/\/hibucenter.com\/index.php\/wp-json\/wp\/v2\/product_cat?post=6748"},{"taxonomy":"product_tag","embeddable":true,"href":"https:\/\/hibucenter.com\/index.php\/wp-json\/wp\/v2\/product_tag?post=6748"}],"curies":[{"name":"wp","href":"https:\/\/api.w.org\/{rel}","templated":true}]}}