{"id":6658,"date":"2025-04-29T08:58:23","date_gmt":"2025-04-29T01:58:23","guid":{"rendered":"https:\/\/hibucenter.com\/index.php\/product\/bugi-chan-dai-double-iridium-bosch-fr7nii33x-cho-xe-grand-vitara-innova-2-0-land-cruiser-lx570-gx460-ls460\/"},"modified":"2025-07-21T10:35:57","modified_gmt":"2025-07-21T03:35:57","slug":"bugi-chan-dai-double-iridium-bosch-fr7nii33x-cho-xe-grand-vitara-innova-2-0-land-cruiser-lx570-gx460-ls460","status":"publish","type":"product","link":"https:\/\/hibucenter.com\/index.php\/bugi-chan-dai-double-iridium-bosch-fr7nii33x-cho-xe-grand-vitara-innova-2-0-land-cruiser-lx570-gx460-ls460\/","title":{"rendered":"Bugi Ch\u00e2n D\u00e0i Double Iridium BOSCH Fr7Nii33X Cho Xe Grand Vitara, Innova 2.0, Land Cruiser, LX570, GX460 , LS460  .."},"content":{"rendered":"<p>Bugi Ch\u00e2n D\u00e0i Double Iridium BOSCH Fr7Nii33X Cho Xe Grand Vitara, Innova 2.0, Land Cruiser, LX570, GX460 , LS460  ..<\/p>\n<p> Th\u00f4ng s\u1ed1 k\u1ef9 thu\u1eadt:<br \/>\n&#8211; Ch\u1ee7ng lo\u1ea1i:  Bugi ch\u00e2n d\u00e0i, \u0111i\u1ec7n c\u1ef1c Iridium k\u00e9p (Double Iridium)<br \/>\n&#8211; M\u00e3 ph\u1ee5 t\u00f9ng:<br \/>\n     M\u00e3 OE: 22401AA731 ; 9004851185 ; 9091901191<br \/>\n     M\u00e3 Bosch:   0242236593<br \/>\n&#8211; Xu\u1ea5t x\u1ee9: Made in Germany<br \/>\n&#8211; T\u00edp l\u1ee5c gi\u00e1c:   16mm<br \/>\n&#8211; \u0110\u01b0\u1eddng k\u00ednh ren (R\u0103ng):  14mm<br \/>\n&#8211; V\u1eadt li\u1ec7u \u0111i\u1ec7n c\u1ef1c d\u01b0\u01a1ng: Iridium<br \/>\n&#8211; S\u1ed1 \u0111i\u1ec7n c\u1ef1c \u00e2m: 1<br \/>\nhttps:\/\/cf.shopee.vn\/file\/7ec9a61b0d1651aed60553613abbd0ec<br \/>\n \u1ee8ng d\u1ee5ng:<br \/>\nSUZUKI Grand Vitara 2.4 4&#215;4 \u0111\u1eddi 2008\u2013sau;<\/p>\n<p>TOYOTA d\u00f9ng \u0111\u1ed9ng c\u01a1 1TRFE, 1URFE, 2TRFE, 3RZFE, 3URFE;<br \/>\nTOYOTA Hiace 2.7 \u0111\u1eddi 2005-2013;<br \/>\nTOYOTA Hiace Van 2.0i \u0111\u1eddi 2004-sau;<br \/>\nTOYOTA Innova 2.0;<br \/>\nTOYOTA Land Cruiser 4.0, 4.6, 5.7;<br \/>\nTOYOTA Land Cruiser Prado 2.7, 4.0;<\/p>\n<p>LEXUS GX460 4.6i 4&#215;4  [1URFE]  \u0111\u1eddi 2009-sau;<br \/>\nLEXUS LS460 4.6i  [1URFE]  \u0111\u1eddi 2006-sau;<br \/>\nLEXUS LX570 5.7 4WD  [3URFE]  \u0111\u1eddi 2007-sau;<\/p>\n<p>BMW 325xi;<br \/>\nBMW 525xi.<\/p>\n<p> \u0110\u1eb7c t\u00ednh k\u1ef9 thu\u1eadt s\u1ea3n ph\u1ea9m: <\/p>\n<p>* B\u1ec1n h\u01a1n 4 l\u1ea7n so v\u1edbi d\u00f2ng bugi ti\u00eau chu\u1ea9n (l\u00f5i \u0111\u1ed3ng).<br \/>\n* Hi\u1ec7u qu\u1ea3 ho\u1ea1t \u0111\u1ed9ng cao.<br \/>\n* T\u0103ng c\u01b0\u1eddng kh\u1ea3 n\u0103ng \u0111\u00e1nh l\u1eeda.<br \/>\n* Y\u00eau c\u1ea7u \u0111i\u1ec7n \u00e1p th\u1ea5p.<br \/>\n* Kh\u1ea3 n\u0103ng ch\u1ed1ng m\u00f2n cho \u0111\u1ed9 b\u1ec1n cao.<br \/>\n* C\u00f4ng ngh\u1ec7 ch\u00ednh h\u00e3ng cho hi\u1ec7u su\u1ea5t t\u1ed1i \u01b0u.<\/p>\n","protected":false},"excerpt":{"rendered":"<p>Bugi Ch\u00e2n D\u00e0i Double Iridium BOSCH Fr7Nii33X Cho Xe Grand Vitara, Innova 2.0, Land Cruiser, LX570, GX460 , LS460 .. Th\u00f4ng s\u1ed1 k\u1ef9 thu\u1eadt: &#8211; Ch\u1ee7ng lo\u1ea1i: Bugi ch\u00e2n d\u00e0i, \u0111i\u1ec7n c\u1ef1c Iridium k\u00e9p (Double Iridium) &#8211; M\u00e3 ph\u1ee5 t\u00f9ng: M\u00e3 OE: 22401AA731 ; 9004851185 ; 9091901191 M\u00e3 Bosch: 0242236593 &#8211; Xu\u1ea5t x\u1ee9: Made in&hellip;<\/p>\n","protected":false},"featured_media":6660,"comment_status":"closed","ping_status":"open","template":"","meta":[],"product_cat":[117],"product_tag":[],"class_list":{"0":"post-6658","1":"product","2":"type-product","3":"status-publish","4":"has-post-thumbnail","6":"product_brand-bosch-car-service","7":"product_cat-cham-soc-o-to-xe-hoi","9":"first","10":"instock","11":"product-type-simple","12":"col-xs-6 col-sm-4","13":"col-md-3 col-lg-3","14":"un-4-cols"},"_links":{"self":[{"href":"https:\/\/hibucenter.com\/index.php\/wp-json\/wp\/v2\/product\/6658","targetHints":{"allow":["GET"]}}],"collection":[{"href":"https:\/\/hibucenter.com\/index.php\/wp-json\/wp\/v2\/product"}],"about":[{"href":"https:\/\/hibucenter.com\/index.php\/wp-json\/wp\/v2\/types\/product"}],"replies":[{"embeddable":true,"href":"https:\/\/hibucenter.com\/index.php\/wp-json\/wp\/v2\/comments?post=6658"}],"version-history":[{"count":0,"href":"https:\/\/hibucenter.com\/index.php\/wp-json\/wp\/v2\/product\/6658\/revisions"}],"wp:featuredmedia":[{"embeddable":true,"href":"https:\/\/hibucenter.com\/index.php\/wp-json\/wp\/v2\/media\/6660"}],"wp:attachment":[{"href":"https:\/\/hibucenter.com\/index.php\/wp-json\/wp\/v2\/media?parent=6658"}],"wp:term":[{"taxonomy":"product_cat","embeddable":true,"href":"https:\/\/hibucenter.com\/index.php\/wp-json\/wp\/v2\/product_cat?post=6658"},{"taxonomy":"product_tag","embeddable":true,"href":"https:\/\/hibucenter.com\/index.php\/wp-json\/wp\/v2\/product_tag?post=6658"}],"curies":[{"name":"wp","href":"https:\/\/api.w.org\/{rel}","templated":true}]}}