{"id":6608,"date":"2025-04-29T08:58:23","date_gmt":"2025-04-29T01:58:23","guid":{"rendered":"https:\/\/hibucenter.com\/index.php\/product\/loc-dieu-hoa-cao-cap-bosch-aeristo-premium-ap-t07-camry-06-14-altis-08-14-fortuner-05-16\/"},"modified":"2025-07-21T10:35:57","modified_gmt":"2025-07-21T03:35:57","slug":"loc-dieu-hoa-cao-cap-bosch-aeristo-premium-ap-t07-camry-06-14-altis-08-14-fortuner-05-16","status":"publish","type":"product","link":"https:\/\/hibucenter.com\/index.php\/loc-dieu-hoa-cao-cap-bosch-aeristo-premium-ap-t07-camry-06-14-altis-08-14-fortuner-05-16\/","title":{"rendered":"L\u1ecdc \u0110i\u1ec1u H\u00f2a Cao C\u1ea5p BOSCH Aeristo Premium AP-T07 | Camry (06-14), Altis (08-14), Fortuner (05-16).."},"content":{"rendered":"<p>L\u01b0u \u00fd quan tr\u1ecdng  :<br \/>\n1. QU\u00dd KH\u00c1CH VUI L\u00d2NG \u0110O L\u1ea0I K\u00cdCH TH\u01af\u1edaC TR\u01af\u1edaC KHI \u0110\u1eb6T H\u00c0NG<br \/>\n2. HO\u1eb6C QU\u00dd KH\u00c1CH CUNG C\u1ea4P TH\u00d4NG TIN CHI TI\u1ebeT V\u1ec0 XE (NH\u00c3N HI\u1ec6U\/ MODEL \/ N\u0102M S\u1ea2N XU\u1ea4T) ho\u1eb7c CH\u1ee4P \u1ea2NH \u0110\u0102NG KI\u1ec2M G\u1eecI CHO SHOP \u0110\u1ec2 NH\u00c2N VI\u00caN KI\u1ec2M TRA K\u00cdCH TH\u01af\u1edaC CH\u00cdNH X\u00c1C NH\u1ea4T<\/p>\n<p> TH\u00d4NG TIN S\u1ea2N PH\u1ea8M:<br \/>\nC\u00f4ng ngh\u1ec7 s\u1ea3n xu\u1ea5t:\u00a0Bosch &#8211; Germany<br \/>\nM\u00e3 ph\u1ee5 t\u00f9ng:\u00a0\u00a0\u00a0<br \/>\n\u2248\u00a0M\u00e3 OE:\u00a0\u00a0\u00a0<br \/>\n\u2248\u00a0M\u00e3 Bosch:\u00a0\u00a0\u00a0  0986AF7009<br \/>\nXu\u1ea5t x\u1ee9:\u00a0Bosch &#8211;  Thailand<br \/>\n\u00a0<br \/>\nK\u00edch th\u01b0\u1edbc:<br \/>\nD\u00e0i x R\u1ed9ng x Cao:\u00a0  215 (mm) x 194 (mm) x 29 (mm)<\/p>\n<p>  \u1ee8NG D\u1ee4NG :<br \/>\nTOYOTA Camry (06 &#8211; 14),<br \/>\nTOYOTA Altis (08 &#8211; 14),<br \/>\nTOYOTA Fortuner (05 &#8211; 12),<br \/>\nTOYOTA Hilux (04 &#8211; 16), I<br \/>\nTOYOTA Innova (06 &#8211; 16),<br \/>\nTOYOTA Land Cruiser (07 &#8211; 15),<br \/>\nTOYOTA Vios (13 -); <\/p>\n<p>LEXUS ES200 (15 &#8211; 18),<br \/>\nLEXUS ES250 (15 &#8211; 18),<br \/>\nLEXUS GS250 (11 &#8211; 15),<br \/>\nLEXUS GS350 (05 &#8211; 11),<br \/>\nLEXUS GX460 (09 -),<br \/>\nLEXUS LX570 (07 &#8211; ),<br \/>\nLEXUS NX200t (14 &#8211; ),<br \/>\nLEXUS LX570 (07),<br \/>\nLEXUS LS460 (08)&#8230;.<\/p>\n<p>https:\/\/cf.shopee.vn\/file\/vn-11134208-7ras8-m36c8m46ei2400<br \/>\nhttps:\/\/cf.shopee.vn\/file\/vn-11134208-7qukw-lezk4m9fohg760<br \/>\n&#8211; L\u1edbp ch\u1ed1ng d\u1ecb \u1ee9ng l\u00e0m cho c\u00e1c ch\u1ea5t g\u00e2y d\u1ecb \u1ee9ng tr\u1edf n\u00ean v\u00f4 h\u1ea1i v\u0129nh vi\u1ec5n v\u00e0 lo\u1ea1i b\u1ecf vi khu\u1ea9n<br \/>\n-Than ho\u1ea1t t\u00ednh h\u1ea5p th\u1ee5 kh\u00ed \u0111\u1ed9c h\u1ea1i v\u00e0 m\u00f9i kh\u00f3 ch\u1ecbu<br \/>\n-S\u1ee3i nh\u1ecf si\u00eau m\u1ecbn l\u1ecdc c\u00e1c h\u1ea1t b\u1ee5i m\u1ecbn (\u0111\u1ebfn 2,5\u00b5m), b\u1ed3 h\u00f3ng v\u00e0 ph\u1ea5n hoa<br \/>\n-Gi\u1ea3m c\u1eb7n b\u00e1m b\u1ea3o v\u1ec7 \u0111i\u1ec1u h\u00f2a, kh\u00f4ng kh\u00ed trong l\u00e0nh h\u01a1n trong khoang h\u00e0nh kh\u00e1ch<\/p>\n<p>https:\/\/cf.shopee.vn\/file\/vn-11134208-7qukw-lez8jnubkmdz0f<\/p>\n<p>\u00a0<br \/>\nhttps:\/\/cf.shopee.vn\/file\/vn-11134208-7qukw-lez8jnubm0yf01<\/p>\n<p>\u00a0\u00a0\u00a0\u00a0<br \/>\nhttps:\/\/cf.shopee.vn\/file\/vn-11134208-7qukw-lezk4m9fn2vrf8<br \/>\n\u00a0<br \/>\n\u0110\u1eb7c t\u00ednh k\u1ef9 thu\u1eadt s\u1ea3n ph\u1ea9m:<br \/>\n     \u2666 L\u1ecdc gi\u00f3 m\u00e1y l\u1ea1nh d\u00f2ng cao c\u1ea5p l\u1ecdc b\u1ee5i m\u1ecbn PM 2.5<br \/>\n\u00a0\u00a0\u00a0\u00a0\u00a0\u2666\u00a0B\u1ea3o v\u1ec7 h\u00e0nh kh\u00e1ch trong xe kh\u1ecfi c\u00e1c ch\u1ea5t b\u1ee5i b\u1ea9n trong kh\u00f4ng kh\u00ed, ch\u1ea5t g\u00e2y d\u1ecb \u1ee9ng nh\u01b0 vi khu\u1ea9n, ph\u1ea5n hoa, b\u00e0o t\u1eed v\u00e0 c\u00e1c h\u1ea1t kh\u00f4ng mong mu\u1ed1n kh\u00e1c x\u00e2m nh\u1eadp v\u00e0o xe h\u01a1i<br \/>\n\u00a0\u00a0\u00a0\u00a0\u00a0\u2666\u00a0Ng\u0103n ch\u1eb7n kh\u00ed \u0111\u1ed9c, m\u00f9i kh\u00f3 ch\u1ecbu, hi\u1ec7n t\u01b0\u1ee3ng d\u1ecb \u1ee9ng nh\u1edd c\u1ea5u t\u1ea1o b\u1eb1ng than ho\u1ea1t t\u00ednh.<br \/>\n\u00a0\u00a0\u00a0\u00a0\u00a0\u2666\u00a0B\u1ea3o v\u1ec7 h\u1ec7 th\u1ed1ng \u0111i\u1ec1u h\u00f2a nhi\u1ec7t \u0111\u1ed9.<br \/>\n\u00a0\u00a0\u00a0\u00a0\u00a0\u25ba\u00a0Thay m\u1edbi l\u1ecdc gi\u00f3 \u0111i\u1ec1u h\u00f2a m\u1ed7i 15.000 km ho\u1eb7c m\u1ed7i n\u0103m.<\/p>\n<p>#Loc_gio_dieu_hoa#loc_dieu_hoa_fortuner#loc_dieu_hoa_vios#loc_dieu_hoa_camry<\/p>\n","protected":false},"excerpt":{"rendered":"<p>L\u01b0u \u00fd quan tr\u1ecdng : 1. QU\u00dd KH\u00c1CH VUI L\u00d2NG \u0110O L\u1ea0I K\u00cdCH TH\u01af\u1edaC TR\u01af\u1edaC KHI \u0110\u1eb6T H\u00c0NG 2. HO\u1eb6C QU\u00dd KH\u00c1CH CUNG C\u1ea4P TH\u00d4NG TIN CHI TI\u1ebeT V\u1ec0 XE (NH\u00c3N HI\u1ec6U\/ MODEL \/ N\u0102M S\u1ea2N XU\u1ea4T) ho\u1eb7c CH\u1ee4P \u1ea2NH \u0110\u0102NG KI\u1ec2M G\u1eecI CHO SHOP \u0110\u1ec2 NH\u00c2N VI\u00caN KI\u1ec2M TRA K\u00cdCH TH\u01af\u1edaC CH\u00cdNH X\u00c1C NH\u1ea4T&hellip;<\/p>\n","protected":false},"featured_media":6614,"comment_status":"closed","ping_status":"open","template":"","meta":[],"product_cat":[117],"product_tag":[],"class_list":{"0":"post-6608","1":"product","2":"type-product","3":"status-publish","4":"has-post-thumbnail","6":"product_brand-bosch-car-service","7":"product_cat-cham-soc-o-to-xe-hoi","9":"first","10":"instock","11":"product-type-simple","12":"col-xs-6 col-sm-4","13":"col-md-3 col-lg-3","14":"un-4-cols"},"_links":{"self":[{"href":"https:\/\/hibucenter.com\/index.php\/wp-json\/wp\/v2\/product\/6608","targetHints":{"allow":["GET"]}}],"collection":[{"href":"https:\/\/hibucenter.com\/index.php\/wp-json\/wp\/v2\/product"}],"about":[{"href":"https:\/\/hibucenter.com\/index.php\/wp-json\/wp\/v2\/types\/product"}],"replies":[{"embeddable":true,"href":"https:\/\/hibucenter.com\/index.php\/wp-json\/wp\/v2\/comments?post=6608"}],"version-history":[{"count":0,"href":"https:\/\/hibucenter.com\/index.php\/wp-json\/wp\/v2\/product\/6608\/revisions"}],"wp:featuredmedia":[{"embeddable":true,"href":"https:\/\/hibucenter.com\/index.php\/wp-json\/wp\/v2\/media\/6614"}],"wp:attachment":[{"href":"https:\/\/hibucenter.com\/index.php\/wp-json\/wp\/v2\/media?parent=6608"}],"wp:term":[{"taxonomy":"product_cat","embeddable":true,"href":"https:\/\/hibucenter.com\/index.php\/wp-json\/wp\/v2\/product_cat?post=6608"},{"taxonomy":"product_tag","embeddable":true,"href":"https:\/\/hibucenter.com\/index.php\/wp-json\/wp\/v2\/product_tag?post=6608"}],"curies":[{"name":"wp","href":"https:\/\/api.w.org\/{rel}","templated":true}]}}