{"id":6589,"date":"2025-04-29T08:57:18","date_gmt":"2025-04-29T01:57:18","guid":{"rendered":"https:\/\/hibucenter.com\/index.php\/product\/bosch-gat-mua-a969s-set-22-2\/"},"modified":"2025-07-21T10:35:57","modified_gmt":"2025-07-21T03:35:57","slug":"bosch-gat-mua-a969s-set-22-2","status":"publish","type":"product","link":"https:\/\/hibucenter.com\/index.php\/bosch-gat-mua-a969s-set-22-2\/","title":{"rendered":"BOSCH G\u1ea1t M\u01b0a A969S Set 22&#8243; &#038; 22&#8243;: MERC SLC &#8211; Class (W172) (15-), SLK &#8211; Class (W171) (07 &#8211; 10 );&#8230;."},"content":{"rendered":"<p>L\u01afU \u00dd : Qu\u00fd kh\u00e1ch h\u00e0ng kh\u00f4ng r\u00f5 k\u00edch th\u01b0\u1edbc vui l\u00f2ng li\u00ean h\u1ec7 cho shop qua c\u00f4ng c\u1ee5 chat c\u1ee7a shopee tr\u01b0\u1edbc khi mua h\u00e0ng \u0111\u1ec3 \u0111\u01b0\u1ee3c nh\u00e2n vi\u00ean k\u1ef9 thu\u1eadt t\u01b0 v\u1ea5n h\u1ed7 tr\u1ee3 nh\u00e9. Tr\u00e1nh tr\u01b0\u1eddng h\u1ee3p \u0111\u1eb7t sai m\u00e3 sai k\u00edch th\u01b0\u1edbc \u1ea1 . Xin c\u1ea3m \u01a1n !!<\/p>\n<p>< > TH\u00d4NG TIN S\u1ea2N PH\u1ea8M:<\/p>\n<p>* Bosch AEROTWIN EURO<br \/>\n&#8211; K\u00edch th\u01b0\u1edbc : 22&#8243; &#038; 22&#8243; \u00a055cm &#8211; 550mm<br \/>\n&#8211; M\u00e3 ph\u1ee5 t\u00f9ng :  A969S | 3397118969<br \/>\n&#8211; Ch\u1ea5t li\u1ec7u: X\u01b0\u01a1ng m\u1ec1m<br \/>\n&#8211; L\u01b0\u1ee1i g\u1ea1t: Cao su cao c\u1ea5p<br \/>\n&#8211; Th\u01b0\u01a1ng hi\u1ec7u: Bosch<br \/>\n&#8211; Xu\u1ea5t x\u1ee9: Ch\u00e2u \u00c2u<br \/>\n&#8211; T\u00ecnh tr\u1ea1ng: M\u1edbi 100%<\/p>\n<p>https:\/\/cf.shopee.vn\/file\/vn-11134208-7r98o-lz4l8sl1fp9d64<\/p>\n<p>\u00a0G\u1ea1t m\u01b0a Bosch \u0111\u01b0\u1ee3c thi\u1ebft k\u1ebf th\u00f4ng minh v\u00e0 th\u1eed nghi\u1ec7m nghi\u00eam ng\u1eb7t<br \/>\n&#8211; C\u1ea7n g\u1ea1t n\u01b0\u1edbc Bosch \u0111\u01b0\u1ee3c ch\u1ebf t\u1ea1o b\u1eb1ng cao su t\u1ed5ng h\u1ee3p c\u00f3 tu\u1ed5i th\u1ecd r\u1ea5t cao, thanh \u0111\u1ee1 b\u1eb1ng h\u1ee3p kim c\u00f3 t\u00ednh \u0111\u00e0n h\u1ed3i t\u1ed1t gi\u00fap cho b\u1ec1 m\u1eb7t ti\u1ebfp x\u00fac c\u1ee7a l\u01b0\u1ee1i cao su lu\u00f4n lu\u00f4n ti\u1ebfp x\u00fac v\u1edbi k\u00ednh ch\u1eafn gi\u00f3 m\u1ed9t l\u1ef1c c\u1ea7n thi\u1ebft \u0111\u1ec3 \u0111\u1ea3m b\u1ea3o g\u1ea1t s\u1ea1ch nh\u1eefng ch\u1ea5t b\u1ea9n v\u00e0 n\u01b0\u1edbc \u0111\u1ecdng l\u1ea1i tr\u00ean k\u00ednh xe.<br \/>\n&#8211; C\u1ea1nh qu\u00e9t c\u0169ng c\u1ee7a cao su v\u1eeba c\u00f3 t\u00e1c d\u1ee5ng ch\u1ed1ng m\u00f2n v\u1eeba c\u00f3 kh\u1ea3 n\u0103ng qu\u00e9t s\u1ea1ch nh\u1eefng h\u1ea1t \u1ea9m nh\u1ecf nh\u1ea5t gi\u00fap qu\u00e9t s\u1ea1ch m\u1eb7t k\u00ednh trong khi duy tr\u00ec tu\u1ed5i th\u1ecd d\u00e0i l\u00e2u h\u01a1n c\u1ea3 c\u00e1c lo\u1ea1i g\u1ea1t n\u01b0\u1edbc th\u00f4ng th\u01b0\u1eddng.<br \/>\n&#8211; L\u1edbp ph\u1ee7 NANO tr\u00ean l\u01b0\u1ee1i g\u1ea1t cao su l\u00e0m chuy\u1ec3n \u0111\u1ed9ng g\u1ea1t qu\u00e9t nh\u1eb9 nh\u00e0ng uy\u1ec3n chuy\u1ec3n.<br \/>\n&#8211; Kh\u1edbp n\u1ed1i \u0111\u01b0\u1ee3c b\u1ea3o v\u1ec7 ch\u1ed1ng \u0103n m\u00f2n v\u00e0 tia t\u1eed ngo\u1ea1i gi\u00fap h\u1ec7 th\u1ed1ng v\u1eadn h\u00e0nh t\u1ed1t trong m\u1ecdi th\u1eddi ti\u1ebft. l\u1eafp \u0111\u1eb7t r\u1ea5t d\u1ec5 d\u00e0ng v\u00e0 thu\u1eadn ti\u1ec7n.<br \/>\n&#8211; C\u00f4ng ngh\u1ec7 Bosch Evodium Vertebrae t\u1ea1o \u00e1p l\u1ef1c \u0111\u1ed3ng \u0111\u1ec1u cho g\u1ea1t hi\u1ec7u qu\u1ea3 cao<br \/>\n&#8211; G\u1ea1t m\u01b0a Bosch c\u00f3 nhi\u1ec1u size t\u1eeb 12inch-28inch ph\u00f9 h\u1ee3p cho nhi\u1ec1u lo\u1ea1i xe.<\/p>\n<p>#gatmuaBOSCHA969S#gatmuaotoMERC SLC-Class(W172)(15-)<\/p>\n","protected":false},"excerpt":{"rendered":"<p>L\u01afU \u00dd : Qu\u00fd kh\u00e1ch h\u00e0ng kh\u00f4ng r\u00f5 k\u00edch th\u01b0\u1edbc vui l\u00f2ng li\u00ean h\u1ec7 cho shop qua c\u00f4ng c\u1ee5 chat c\u1ee7a shopee tr\u01b0\u1edbc khi mua h\u00e0ng \u0111\u1ec3 \u0111\u01b0\u1ee3c nh\u00e2n vi\u00ean k\u1ef9 thu\u1eadt t\u01b0 v\u1ea5n h\u1ed7 tr\u1ee3 nh\u00e9. Tr\u00e1nh tr\u01b0\u1eddng h\u1ee3p \u0111\u1eb7t sai m\u00e3 sai k\u00edch th\u01b0\u1edbc \u1ea1 . Xin c\u1ea3m \u01a1n !! < > TH\u00d4NG&hellip;<\/p>\n","protected":false},"featured_media":6429,"comment_status":"closed","ping_status":"open","template":"","meta":[],"product_cat":[117],"product_tag":[],"class_list":{"0":"post-6589","1":"product","2":"type-product","3":"status-publish","4":"has-post-thumbnail","6":"product_brand-bosch-car-service","7":"product_cat-cham-soc-o-to-xe-hoi","9":"first","10":"instock","11":"product-type-simple","12":"col-xs-6 col-sm-4","13":"col-md-3 col-lg-3","14":"un-4-cols"},"_links":{"self":[{"href":"https:\/\/hibucenter.com\/index.php\/wp-json\/wp\/v2\/product\/6589","targetHints":{"allow":["GET"]}}],"collection":[{"href":"https:\/\/hibucenter.com\/index.php\/wp-json\/wp\/v2\/product"}],"about":[{"href":"https:\/\/hibucenter.com\/index.php\/wp-json\/wp\/v2\/types\/product"}],"replies":[{"embeddable":true,"href":"https:\/\/hibucenter.com\/index.php\/wp-json\/wp\/v2\/comments?post=6589"}],"version-history":[{"count":0,"href":"https:\/\/hibucenter.com\/index.php\/wp-json\/wp\/v2\/product\/6589\/revisions"}],"wp:featuredmedia":[{"embeddable":true,"href":"https:\/\/hibucenter.com\/index.php\/wp-json\/wp\/v2\/media\/6429"}],"wp:attachment":[{"href":"https:\/\/hibucenter.com\/index.php\/wp-json\/wp\/v2\/media?parent=6589"}],"wp:term":[{"taxonomy":"product_cat","embeddable":true,"href":"https:\/\/hibucenter.com\/index.php\/wp-json\/wp\/v2\/product_cat?post=6589"},{"taxonomy":"product_tag","embeddable":true,"href":"https:\/\/hibucenter.com\/index.php\/wp-json\/wp\/v2\/product_tag?post=6589"}],"curies":[{"name":"wp","href":"https:\/\/api.w.org\/{rel}","templated":true}]}}