{"id":6556,"date":"2025-04-29T08:56:13","date_gmt":"2025-04-29T01:56:13","guid":{"rendered":"https:\/\/hibucenter.com\/index.php\/product\/bosch-loc-gio-dong-co-s0296-cho-xe-toyota-land-cruiser-4-6-4-7-5-7-lexus-lx570-2\/"},"modified":"2025-07-21T10:36:01","modified_gmt":"2025-07-21T03:36:01","slug":"bosch-loc-gio-dong-co-s0296-cho-xe-toyota-land-cruiser-4-6-4-7-5-7-lexus-lx570-2","status":"publish","type":"product","link":"https:\/\/hibucenter.com\/index.php\/bosch-loc-gio-dong-co-s0296-cho-xe-toyota-land-cruiser-4-6-4-7-5-7-lexus-lx570-2\/","title":{"rendered":"BOSCH  L\u1ecdc Gi\u00f3 \u0110\u1ed9ng C\u01a1 S0296 Cho xe TOYOTA Land Cruiser 4.6, 4.7, 5.7, LEXUS LX570"},"content":{"rendered":"<p>L\u1ecdc Gi\u00f3 \u0110\u1ed9ng C\u01a1 BOSCH F026400296 (S0296) Cho xe TOYOTA Land Cruiser 4.6, 4.7, 5.7 (07-21); LEXUS LX570 (07-21)<\/p>\n<p>  L\u01afU \u00dd : Qu\u00fd kh\u00e1ch h\u00e0ng vui l\u00f2ng li\u00ean h\u1ec7 cho shop qua c\u00f4ng c\u1ee5 chat c\u1ee7a shopee tr\u01b0\u1edbc khi mua h\u00e0ng \u0111\u1ec3 \u0111\u01b0\u1ee3c nh\u00e2n vi\u00ean k\u1ef9 thu\u1eadt t\u01b0 v\u1ea5n h\u1ed7 tr\u1ee3 nh\u00e9. Tr\u00e1nh tr\u01b0\u1eddng h\u1ee3p \u0111\u1eb7t sai m\u00e3 sai k\u00edch th\u01b0\u1edbc \u1ea1!! Xin c\u1ea3m \u01a1n !!<\/p>\n<p> TH\u00d4NG TIN S\u1ea2N PH\u1ea8M:<br \/>\n&#8211; C\u00f4ng ngh\u1ec7 s\u1ea3n xu\u1ea5t:\u00a0Bosch &#8211; Germany<br \/>\n&#8211; M\u00e3 Bosch:   F026400296<br \/>\n&#8211; Xu\u1ea5t x\u1ee9:\u00a0Made in China<br \/>\n&#8211; K\u00edch th\u01b0\u1edbc (D\u00e0i x R\u1ed9ng x Cao):  315 x 296 x 52 (mm)<br \/>\n\u00a0<br \/>\n \u1ee8ng d\u1ee5ng:<br \/>\n        + TOYOTA Land Cruiser 4.6, 4.7, 5.7 (07-21);<\/p>\n<p>        + LEXUS LX570 (07-21)<\/p>\n<p>https:\/\/cf.shopee.vn\/file\/vn-11134208-7r98o-lqcrvof76o1j67<\/p>\n<p> \u0110\u1eb7c t\u00ednh k\u1ef9 thu\u1eadt s\u1ea3n ph\u1ea9m:<br \/>\n\u00a0\u00a0\u00a0\u00a0\u00a0\u00a0\u2666\u00a0B\u1ea3o v\u1ec7 \u0111\u1ed9ng c\u01a1 kh\u1ecfi b\u1ee5i b\u1ea9n, s\u1ef1 \u0103n m\u00f2n.<br \/>\n\u00a0\u00a0\u00a0\u00a0\u00a0\u2666\u00a0\u0110\u1ea3m b\u1ea3o cung c\u1ea5p l\u01b0\u1ee3ng kh\u00f4ng kh\u00ed s\u1ea1ch.<br \/>\n\u00a0\u00a0\u00a0\u00a0\u00a0\u2666\u00a0Gi\u1ea3m ti\u1ebfng \u1ed3n trong qu\u00e1 tr\u00ecnh v\u1eadn h\u00e0nh xe.<\/p>\n<p>\u00a0\u00a0\u00a0\u00a0\u00a0\u25ba\u00a0Thay m\u1edbi l\u1ecdc gi\u00f3 \u0111\u1ed9ng c\u01a1 m\u1ed7i 15.000 \u2013 20000 km ho\u1eb7c theo khuy\u1ebfn ngh\u1ecb c\u1ee7a nh\u00e0 s\u1ea3n xu\u1ea5t xe.<\/p>\n<p>#loc_gio_dong_co_bosch_F026400296#loc_dong_co_S0296<br \/>\n#loc_gio_dong_co_TOYOTA_Land_Cruiser#loc_gio_dong_co_LEXUS_LX570<br \/>\n #hibucenter<\/p>\n","protected":false},"excerpt":{"rendered":"<p>L\u1ecdc Gi\u00f3 \u0110\u1ed9ng C\u01a1 BOSCH F026400296 (S0296) Cho xe TOYOTA Land Cruiser 4.6, 4.7, 5.7 (07-21); LEXUS LX570 (07-21) L\u01afU \u00dd : Qu\u00fd kh\u00e1ch h\u00e0ng vui l\u00f2ng li\u00ean h\u1ec7 cho shop qua c\u00f4ng c\u1ee5 chat c\u1ee7a shopee tr\u01b0\u1edbc khi mua h\u00e0ng \u0111\u1ec3 \u0111\u01b0\u1ee3c nh\u00e2n vi\u00ean k\u1ef9 thu\u1eadt t\u01b0 v\u1ea5n h\u1ed7 tr\u1ee3 nh\u00e9. Tr\u00e1nh tr\u01b0\u1eddng h\u1ee3p&hellip;<\/p>\n","protected":false},"featured_media":6172,"comment_status":"closed","ping_status":"open","template":"","meta":[],"product_cat":[117],"product_tag":[],"class_list":{"0":"post-6556","1":"product","2":"type-product","3":"status-publish","4":"has-post-thumbnail","6":"product_brand-bosch-car-service","7":"product_cat-cham-soc-o-to-xe-hoi","9":"first","10":"instock","11":"product-type-simple","12":"col-xs-6 col-sm-4","13":"col-md-3 col-lg-3","14":"un-4-cols"},"_links":{"self":[{"href":"https:\/\/hibucenter.com\/index.php\/wp-json\/wp\/v2\/product\/6556","targetHints":{"allow":["GET"]}}],"collection":[{"href":"https:\/\/hibucenter.com\/index.php\/wp-json\/wp\/v2\/product"}],"about":[{"href":"https:\/\/hibucenter.com\/index.php\/wp-json\/wp\/v2\/types\/product"}],"replies":[{"embeddable":true,"href":"https:\/\/hibucenter.com\/index.php\/wp-json\/wp\/v2\/comments?post=6556"}],"version-history":[{"count":0,"href":"https:\/\/hibucenter.com\/index.php\/wp-json\/wp\/v2\/product\/6556\/revisions"}],"wp:featuredmedia":[{"embeddable":true,"href":"https:\/\/hibucenter.com\/index.php\/wp-json\/wp\/v2\/media\/6172"}],"wp:attachment":[{"href":"https:\/\/hibucenter.com\/index.php\/wp-json\/wp\/v2\/media?parent=6556"}],"wp:term":[{"taxonomy":"product_cat","embeddable":true,"href":"https:\/\/hibucenter.com\/index.php\/wp-json\/wp\/v2\/product_cat?post=6556"},{"taxonomy":"product_tag","embeddable":true,"href":"https:\/\/hibucenter.com\/index.php\/wp-json\/wp\/v2\/product_tag?post=6556"}],"curies":[{"name":"wp","href":"https:\/\/api.w.org\/{rel}","templated":true}]}}