{"id":6546,"date":"2025-04-29T08:55:09","date_gmt":"2025-04-29T01:55:09","guid":{"rendered":"https:\/\/hibucenter.com\/index.php\/product\/loc-dau-nhot-dong-co-bosch-0986af0372-danh-cho-xe-kia-carvinal-3-5-2021-hibucenter-2\/"},"modified":"2025-07-21T10:36:01","modified_gmt":"2025-07-21T03:36:01","slug":"loc-dau-nhot-dong-co-bosch-0986af0372-danh-cho-xe-kia-carvinal-3-5-2021-hibucenter-2","status":"publish","type":"product","link":"https:\/\/hibucenter.com\/index.php\/loc-dau-nhot-dong-co-bosch-0986af0372-danh-cho-xe-kia-carvinal-3-5-2021-hibucenter-2\/","title":{"rendered":"L\u1ecdc D\u1ea7u Nh\u1edbt \u0110\u1ed9ng C\u01a1 Bosch 0986AF0372 D\u00e0nh Cho Xe KIA Carvinal 3.5 ( 2021-) | Hibucenter"},"content":{"rendered":"<p>QU\u00dd KH\u00c1CH KH\u00d4NG R\u00d5 K\u00cdCH TH\u01af\u1edaC VUI L\u00d2NG LI\u00caN H\u1ec6 CHO SHOP QUA C\u00d4NG C\u1ee4 CHAT C\u1ee6A SHOPEE \u0110\u1ec2 \u0110\u01af\u1ee2C NH\u00c2N VI\u00caN K\u1ef8 THU\u1eacT H\u1ed6 TR\u1ee2 T\u01af V\u1ea4N NH\u00c9  <\/p>\n<p><> TH\u00d4NG TIN S\u1ea2N PH\u1ea8M :<br \/>\n&#8211; H\u00e3ng s\u1ea3n xu\u1ea5t : Bosch<br \/>\n&#8211; M\u00e3 s\u1ea3n ph\u1ea9m : 0986AF0372\u00a0<br \/>\n&#8211; Xu\u1ea5t x\u1ee9 : H\u00e0n Qu\u1ed1c<\/p>\n<p>K\u00edch Th\u01b0\u1edbc:  Cao 136 59 mm<\/p>\n<p>\u1ee8NG D\u1ee4NG :<br \/>\nKIA Carvinal 3.5 ( 2021-)<\/p>\n<p>https:\/\/cf.shopee.vn\/file\/vn-11134208-7r98o-lsm6lqlaptqc8d<br \/>\nhttps:\/\/cf.shopee.vn\/file\/vn-11134208-7r98o-lsm6lqlar8as5a<\/p>\n<p>\u0110\u1eb7c t\u00ednh k\u1ef9 thu\u1eadt s\u1ea3n ph\u1ea9m:<br \/>\n\u00a0\u00a0\u00a0\u00a0\u00a0\u00a0\u2666\u00a0B\u1ea3o v\u1ec7 \u0111\u1ed9ng c\u01a1 kh\u1ecfi b\u1ee5i b\u1ea9n, s\u1ef1 \u0103n m\u00f2n.<br \/>\n\u00a0\u00a0\u00a0\u00a0\u00a0\u2666\u00a0\u0110\u1ea3m b\u1ea3o cung c\u1ea5p l\u01b0\u1ee3ng kh\u00f4ng kh\u00ed s\u1ea1ch.<br \/>\n\u00a0\u00a0\u00a0\u00a0\u00a0\u2666\u00a0Gi\u1ea3m ti\u1ebfng \u1ed3n trong qu\u00e1 tr\u00ecnh v\u1eadn h\u00e0nh xe.<\/p>\n<p>\u00a0\u00a0\u00a0\u00a0\u00a0\u25ba\u00a0Thay m\u1edbi l\u1ecdc gi\u00f3 \u0111\u1ed9ng c\u01a1 m\u1ed7i 15.000 \u2013 20000 km ho\u1eb7c theo khuy\u1ebfn ngh\u1ecb c\u1ee7a nh\u00e0 s\u1ea3n xu\u1ea5t xe.<\/p>\n<p>#loc_nhot_dong_co_bosch_O0372#Loc_nhot_dong_co_KIA Carvinal#hibucenter<\/p>\n","protected":false},"excerpt":{"rendered":"<p>QU\u00dd KH\u00c1CH KH\u00d4NG R\u00d5 K\u00cdCH TH\u01af\u1edaC VUI L\u00d2NG LI\u00caN H\u1ec6 CHO SHOP QUA C\u00d4NG C\u1ee4 CHAT C\u1ee6A SHOPEE \u0110\u1ec2 \u0110\u01af\u1ee2C NH\u00c2N VI\u00caN K\u1ef8 THU\u1eacT H\u1ed6 TR\u1ee2 T\u01af V\u1ea4N NH\u00c9 TH\u00d4NG TIN S\u1ea2N PH\u1ea8M : &#8211; H\u00e3ng s\u1ea3n xu\u1ea5t : Bosch &#8211; M\u00e3 s\u1ea3n ph\u1ea9m : 0986AF0372\u00a0 &#8211; Xu\u1ea5t x\u1ee9 : H\u00e0n Qu\u1ed1c K\u00edch Th\u01b0\u1edbc: Cao&hellip;<\/p>\n","protected":false},"featured_media":6094,"comment_status":"closed","ping_status":"open","template":"","meta":[],"product_cat":[117],"product_tag":[],"class_list":{"0":"post-6546","1":"product","2":"type-product","3":"status-publish","4":"has-post-thumbnail","6":"product_brand-bosch-car-service","7":"product_cat-cham-soc-o-to-xe-hoi","9":"first","10":"instock","11":"product-type-simple","12":"col-xs-6 col-sm-4","13":"col-md-3 col-lg-3","14":"un-4-cols"},"_links":{"self":[{"href":"https:\/\/hibucenter.com\/index.php\/wp-json\/wp\/v2\/product\/6546","targetHints":{"allow":["GET"]}}],"collection":[{"href":"https:\/\/hibucenter.com\/index.php\/wp-json\/wp\/v2\/product"}],"about":[{"href":"https:\/\/hibucenter.com\/index.php\/wp-json\/wp\/v2\/types\/product"}],"replies":[{"embeddable":true,"href":"https:\/\/hibucenter.com\/index.php\/wp-json\/wp\/v2\/comments?post=6546"}],"version-history":[{"count":0,"href":"https:\/\/hibucenter.com\/index.php\/wp-json\/wp\/v2\/product\/6546\/revisions"}],"wp:featuredmedia":[{"embeddable":true,"href":"https:\/\/hibucenter.com\/index.php\/wp-json\/wp\/v2\/media\/6094"}],"wp:attachment":[{"href":"https:\/\/hibucenter.com\/index.php\/wp-json\/wp\/v2\/media?parent=6546"}],"wp:term":[{"taxonomy":"product_cat","embeddable":true,"href":"https:\/\/hibucenter.com\/index.php\/wp-json\/wp\/v2\/product_cat?post=6546"},{"taxonomy":"product_tag","embeddable":true,"href":"https:\/\/hibucenter.com\/index.php\/wp-json\/wp\/v2\/product_tag?post=6546"}],"curies":[{"name":"wp","href":"https:\/\/api.w.org\/{rel}","templated":true}]}}